{"id":10142,"date":"2019-03-26T11:27:13","date_gmt":"2019-03-26T15:27:13","guid":{"rendered":"https:\/\/www.sansin.com\/?page_id=10142"},"modified":"2024-08-16T15:52:58","modified_gmt":"2024-08-16T19:52:58","slug":"projet-du-mois","status":"publish","type":"page","link":"https:\/\/www.sansin.com\/fr\/outils\/projet-du-mois\/","title":{"rendered":"Projet du Mois"},"content":{"rendered":"\n<div class=\"wp-block-query is-layout-flow wp-block-query-is-layout-flow\"><ul class=\"wp-block-post-template is-layout-flow wp-block-post-template-is-layout-flow\"><li class=\"wp-block-post post-25575 post type-post status-publish format-standard has-post-thumbnail hentry category-projet-du-mois\">\n\n<div class=\"wp-block-columns is-layout-flex wp-container-core-columns-is-layout-9d6595d7 wp-block-columns-is-layout-flex\">\n<div class=\"wp-block-column is-layout-flow wp-block-column-is-layout-flow\" style=\"flex-basis:15%\"><figure class=\"wp-block-post-featured-image\"><a href=\"https:\/\/www.sansin.com\/fr\/un-refuge-paisible-a-loree-de-la-foret\/\" target=\"_self\"  ><img decoding=\"async\" width=\"1140\" height=\"765\" src=\"https:\/\/www.sansin.com\/wp-content\/uploads\/potm-mar-2026-main2.png\" class=\"attachment-post-thumbnail size-post-thumbnail wp-post-image\" alt=\"Un refuge paisible \u00e0 l\u2019or\u00e9e de la for\u00eat\" style=\"object-fit:cover;\" srcset=\"https:\/\/www.sansin.com\/wp-content\/uploads\/potm-mar-2026-main2.png 1140w, https:\/\/www.sansin.com\/wp-content\/uploads\/potm-mar-2026-main2-300x201.png 300w, https:\/\/www.sansin.com\/wp-content\/uploads\/potm-mar-2026-main2-1024x687.png 1024w, https:\/\/www.sansin.com\/wp-content\/uploads\/potm-mar-2026-main2-768x515.png 768w, https:\/\/www.sansin.com\/wp-content\/uploads\/potm-mar-2026-main2-150x101.png 150w\" sizes=\"(max-width: 1140px) 100vw, 1140px\" \/><\/a><\/figure><\/div>\n\n\n\n<div class=\"wp-block-column is-layout-flow wp-block-column-is-layout-flow\" style=\"flex-basis:80%\"><h2 class=\"wp-block-post-title\"><a href=\"https:\/\/www.sansin.com\/fr\/un-refuge-paisible-a-loree-de-la-foret\/\" target=\"_self\" >Un refuge paisible \u00e0 l\u2019or\u00e9e de la for\u00eat<\/a><\/h2>\n\n<div class=\"wp-block-post-excerpt\"><p class=\"wp-block-post-excerpt__excerpt\">Mars 2026 &#8212;&#8211; Situ\u00e9e \u00e0 l\u2019or\u00e9e d\u2019une prairie et encadr\u00e9e par une pin\u00e8de sereine, la \u00ab Pointed Dog House \u00bb de Johnson Architects est un magnifique exemple de design moderne ancr\u00e9 dans l\u2019harmonie avec la nature. Situ\u00e9e \u00e0 Winthrop, dans l\u2019\u00c9tat de Washington \u2014 une r\u00e9gion caract\u00e9ris\u00e9e par des hivers froids et des \u00e9t\u00e9s chauds\u2026 <\/p><\/div><\/div>\n<\/div>\n\n<\/li><li class=\"wp-block-post post-25417 post type-post status-publish format-standard has-post-thumbnail hentry category-projet-du-mois\">\n\n<div class=\"wp-block-columns is-layout-flex wp-container-core-columns-is-layout-9d6595d7 wp-block-columns-is-layout-flex\">\n<div class=\"wp-block-column is-layout-flow wp-block-column-is-layout-flow\" style=\"flex-basis:15%\"><figure class=\"wp-block-post-featured-image\"><a href=\"https:\/\/www.sansin.com\/fr\/concu-par-la-nature-faconne-pour-harvard\/\" target=\"_self\"  ><img decoding=\"async\" width=\"1140\" height=\"765\" src=\"https:\/\/www.sansin.com\/wp-content\/uploads\/potm-feb-2026-main.png\" class=\"attachment-post-thumbnail size-post-thumbnail wp-post-image\" alt=\"Con\u00e7u par la nature, fa\u00e7onn\u00e9 pour Harvard\" style=\"object-fit:cover;\" srcset=\"https:\/\/www.sansin.com\/wp-content\/uploads\/potm-feb-2026-main.png 1140w, https:\/\/www.sansin.com\/wp-content\/uploads\/potm-feb-2026-main-300x201.png 300w, https:\/\/www.sansin.com\/wp-content\/uploads\/potm-feb-2026-main-1024x687.png 1024w, https:\/\/www.sansin.com\/wp-content\/uploads\/potm-feb-2026-main-768x515.png 768w, https:\/\/www.sansin.com\/wp-content\/uploads\/potm-feb-2026-main-150x101.png 150w\" sizes=\"(max-width: 1140px) 100vw, 1140px\" \/><\/a><\/figure><\/div>\n\n\n\n<div class=\"wp-block-column is-layout-flow wp-block-column-is-layout-flow\" style=\"flex-basis:80%\"><h2 class=\"wp-block-post-title\"><a href=\"https:\/\/www.sansin.com\/fr\/concu-par-la-nature-faconne-pour-harvard\/\" target=\"_self\" >Con\u00e7u par la nature, fa\u00e7onn\u00e9 pour Harvard<\/a><\/h2>\n\n<div class=\"wp-block-post-excerpt\"><p class=\"wp-block-post-excerpt__excerpt\">F\u00e9vrier 2026 &#8212;&#8211; Nich\u00e9e au coeur de Boston, la David Rubenstein Treehouse de l\u2019universit\u00e9 Harvard incarne con\u00e7u par Studio Gang une approche avant-gardiste en mati\u00e8re de conception durable. Cette structure de 465 m\u00b2 associe le bois massif \u00e0 un b\u00e9ton innovant \u00e0 faible teneur en carbone pour cr\u00e9er un environnement serein et connect\u00e9 \u00e0 la\u2026 <\/p><\/div><\/div>\n<\/div>\n\n<\/li><li class=\"wp-block-post post-25328 post type-post status-publish format-standard has-post-thumbnail hentry category-projet-du-mois\">\n\n<div class=\"wp-block-columns is-layout-flex wp-container-core-columns-is-layout-9d6595d7 wp-block-columns-is-layout-flex\">\n<div class=\"wp-block-column is-layout-flow wp-block-column-is-layout-flow\" style=\"flex-basis:15%\"><figure class=\"wp-block-post-featured-image\"><a href=\"https:\/\/www.sansin.com\/fr\/une-residence-en-colombie-britannique-qui-marie-architecture-et-natures\/\" target=\"_self\"  ><img decoding=\"async\" width=\"1140\" height=\"765\" src=\"https:\/\/www.sansin.com\/wp-content\/uploads\/potm-jan-2026-main.png\" class=\"attachment-post-thumbnail size-post-thumbnail wp-post-image\" alt=\"UNE R\u00c9SIDENCE EN COLOMBIE-BRITANNIQUE QUI MARIE ARCHITECTURE ET NATURES\" style=\"object-fit:cover;\" srcset=\"https:\/\/www.sansin.com\/wp-content\/uploads\/potm-jan-2026-main.png 1140w, https:\/\/www.sansin.com\/wp-content\/uploads\/potm-jan-2026-main-300x201.png 300w, https:\/\/www.sansin.com\/wp-content\/uploads\/potm-jan-2026-main-1024x687.png 1024w, https:\/\/www.sansin.com\/wp-content\/uploads\/potm-jan-2026-main-768x515.png 768w, https:\/\/www.sansin.com\/wp-content\/uploads\/potm-jan-2026-main-150x101.png 150w\" sizes=\"(max-width: 1140px) 100vw, 1140px\" \/><\/a><\/figure><\/div>\n\n\n\n<div class=\"wp-block-column is-layout-flow wp-block-column-is-layout-flow\" style=\"flex-basis:80%\"><h2 class=\"wp-block-post-title\"><a href=\"https:\/\/www.sansin.com\/fr\/une-residence-en-colombie-britannique-qui-marie-architecture-et-natures\/\" target=\"_self\" >UNE R\u00c9SIDENCE EN COLOMBIE-BRITANNIQUE QUI MARIE ARCHITECTURE ET NATURES<\/a><\/h2>\n\n<div class=\"wp-block-post-excerpt\"><p class=\"wp-block-post-excerpt__excerpt\">Janvier 2026 &#8212;&#8211; Situ\u00e9 sur l\u2019\u00eele de North Pender, en Colombie-Britannique, Clam Bay illustre l\u2019harmonie entre l\u2019architecture et la nature. Con\u00e7u par Blue Sky Architecture, ce projet s\u2019int\u00e8gre naturellement aux lignes des collines bois\u00e9es et du littoral. Le toit est construit \u00e0 partir de chevrons en lamell\u00e9-coll\u00e9 de sapin de Douglas, dispos\u00e9s avec pr\u00e9cision afin\u2026 <\/p><\/div><\/div>\n<\/div>\n\n<\/li><li class=\"wp-block-post post-25270 post type-post status-publish format-standard has-post-thumbnail hentry category-projet-du-mois\">\n\n<div class=\"wp-block-columns is-layout-flex wp-container-core-columns-is-layout-9d6595d7 wp-block-columns-is-layout-flex\">\n<div class=\"wp-block-column is-layout-flow wp-block-column-is-layout-flow\" style=\"flex-basis:15%\"><figure class=\"wp-block-post-featured-image\"><a href=\"https:\/\/www.sansin.com\/fr\/retraite-alpine-tranquille\/\" target=\"_self\"  ><img decoding=\"async\" width=\"1140\" height=\"765\" src=\"https:\/\/www.sansin.com\/wp-content\/uploads\/potm-dec-2025-main-1.png\" class=\"attachment-post-thumbnail size-post-thumbnail wp-post-image\" alt=\"Retraite Alpine Tranquille\" style=\"object-fit:cover;\" srcset=\"https:\/\/www.sansin.com\/wp-content\/uploads\/potm-dec-2025-main-1.png 1140w, https:\/\/www.sansin.com\/wp-content\/uploads\/potm-dec-2025-main-1-300x201.png 300w, https:\/\/www.sansin.com\/wp-content\/uploads\/potm-dec-2025-main-1-1024x687.png 1024w, https:\/\/www.sansin.com\/wp-content\/uploads\/potm-dec-2025-main-1-768x515.png 768w, https:\/\/www.sansin.com\/wp-content\/uploads\/potm-dec-2025-main-1-150x101.png 150w\" sizes=\"(max-width: 1140px) 100vw, 1140px\" \/><\/a><\/figure><\/div>\n\n\n\n<div class=\"wp-block-column is-layout-flow wp-block-column-is-layout-flow\" style=\"flex-basis:80%\"><h2 class=\"wp-block-post-title\"><a href=\"https:\/\/www.sansin.com\/fr\/retraite-alpine-tranquille\/\" target=\"_self\" >Retraite Alpine Tranquille<\/a><\/h2>\n\n<div class=\"wp-block-post-excerpt\"><p class=\"wp-block-post-excerpt__excerpt\">D\u00e9cembre 2025 &#8212;&#8211; Revelstoke Mountain Retreat is nestled at the foot of Mount Mackenzie in Revelstoke, British Columbia. This private retreat demonstrates craftmanship while radiating warmth in its alpine setting. The quality timber supplied by Canadian Timberframes compliment the mountains and towering evergreen forest. The interior and exterior timbers\u2019 character is enhanced and protected with\u2026 <\/p><\/div><\/div>\n<\/div>\n\n<\/li><li class=\"wp-block-post post-25109 post type-post status-publish format-standard has-post-thumbnail hentry category-projet-du-mois\">\n\n<div class=\"wp-block-columns is-layout-flex wp-container-core-columns-is-layout-9d6595d7 wp-block-columns-is-layout-flex\">\n<div class=\"wp-block-column is-layout-flow wp-block-column-is-layout-flow\" style=\"flex-basis:15%\"><figure class=\"wp-block-post-featured-image\"><a href=\"https:\/\/www.sansin.com\/fr\/couleur-de-lannee-2026\/\" target=\"_self\"  ><img decoding=\"async\" width=\"1140\" height=\"765\" src=\"https:\/\/www.sansin.com\/wp-content\/uploads\/POTM-Nov-2026-main-2.png\" class=\"attachment-post-thumbnail size-post-thumbnail wp-post-image\" alt=\"COULEUR DE L\u2019ANN\u00c9E 2026\" style=\"object-fit:cover;\" srcset=\"https:\/\/www.sansin.com\/wp-content\/uploads\/POTM-Nov-2026-main-2.png 1140w, https:\/\/www.sansin.com\/wp-content\/uploads\/POTM-Nov-2026-main-2-300x201.png 300w, https:\/\/www.sansin.com\/wp-content\/uploads\/POTM-Nov-2026-main-2-1024x687.png 1024w, https:\/\/www.sansin.com\/wp-content\/uploads\/POTM-Nov-2026-main-2-768x515.png 768w, https:\/\/www.sansin.com\/wp-content\/uploads\/POTM-Nov-2026-main-2-150x101.png 150w\" sizes=\"(max-width: 1140px) 100vw, 1140px\" \/><\/a><\/figure><\/div>\n\n\n\n<div class=\"wp-block-column is-layout-flow wp-block-column-is-layout-flow\" style=\"flex-basis:80%\"><h2 class=\"wp-block-post-title\"><a href=\"https:\/\/www.sansin.com\/fr\/couleur-de-lannee-2026\/\" target=\"_self\" >COULEUR DE L\u2019ANN\u00c9E 2026<\/a><\/h2>\n\n<div class=\"wp-block-post-excerpt\"><p class=\"wp-block-post-excerpt__excerpt\">Sansin a le plaisir d\u2019annoncer que WoodForce Mist Gray WF-02 est sa couleur de l\u2019ann\u00e9e 2026. WoodForce Mist Gray est une couleur douce et naturelle qui offre une pr\u00e9sence apaisante. WoodForce Mist Gray allie une esth\u00e9tique vintage \u00e0 un charme intemporel, facilitant la transition vers un aspect bois patin\u00e9 prot\u00e9g\u00e9. \u00ab L\u2019esth\u00e9tique du bois vintage\u2026 <\/p><\/div><\/div>\n<\/div>\n\n<\/li><li class=\"wp-block-post post-25072 post type-post status-publish format-standard has-post-thumbnail hentry category-projet-du-mois\">\n\n<div class=\"wp-block-columns is-layout-flex wp-container-core-columns-is-layout-9d6595d7 wp-block-columns-is-layout-flex\">\n<div class=\"wp-block-column is-layout-flow wp-block-column-is-layout-flow\" style=\"flex-basis:15%\"><figure class=\"wp-block-post-featured-image\"><a href=\"https:\/\/www.sansin.com\/fr\/sansin-donne-un-nouveau-souffle-a-un-chalet-de-montagne-canadien\/\" target=\"_self\"  ><img decoding=\"async\" width=\"1140\" height=\"765\" src=\"https:\/\/www.sansin.com\/wp-content\/uploads\/POTM-Oct-2025-main.png\" class=\"attachment-post-thumbnail size-post-thumbnail wp-post-image\" alt=\"Sansin Donne un Nouveau Souffle \u00e0 un Chalet de Montagne Canadien\" style=\"object-fit:cover;\" srcset=\"https:\/\/www.sansin.com\/wp-content\/uploads\/POTM-Oct-2025-main.png 1140w, https:\/\/www.sansin.com\/wp-content\/uploads\/POTM-Oct-2025-main-300x201.png 300w, https:\/\/www.sansin.com\/wp-content\/uploads\/POTM-Oct-2025-main-1024x687.png 1024w, https:\/\/www.sansin.com\/wp-content\/uploads\/POTM-Oct-2025-main-768x515.png 768w, https:\/\/www.sansin.com\/wp-content\/uploads\/POTM-Oct-2025-main-150x101.png 150w\" sizes=\"(max-width: 1140px) 100vw, 1140px\" \/><\/a><\/figure><\/div>\n\n\n\n<div class=\"wp-block-column is-layout-flow wp-block-column-is-layout-flow\" style=\"flex-basis:80%\"><h2 class=\"wp-block-post-title\"><a href=\"https:\/\/www.sansin.com\/fr\/sansin-donne-un-nouveau-souffle-a-un-chalet-de-montagne-canadien\/\" target=\"_self\" >Sansin Donne un Nouveau Souffle \u00e0 un Chalet de Montagne Canadien<\/a><\/h2>\n\n<div class=\"wp-block-post-excerpt\"><p class=\"wp-block-post-excerpt__excerpt\">Octobre 2025 &#8212;&#8211; Iron Lotus Painting Ltd., partenaire de Sansin, a r\u00e9cemment achev\u00e9 la restauration compl\u00e8te de l\u2019ext\u00e9rieur du Monashee Lodge de Canadian Mountain Holidays. Le lodge \u00e9tait auparavant recouvert d\u2019un rev\u00eatement \u00e0 base de solvant. Afin d\u2019adh\u00e9rer \u00e0 l\u2019ancien rev\u00eatement et d\u2019ajouter de la durabilit\u00e9 et de l\u2019esth\u00e9tique, ils ont choisi le syst\u00e8me de\u2026 <\/p><\/div><\/div>\n<\/div>\n\n<\/li><li class=\"wp-block-post post-24521 post type-post status-publish format-standard has-post-thumbnail hentry category-projet-du-mois\">\n\n<div class=\"wp-block-columns is-layout-flex wp-container-core-columns-is-layout-9d6595d7 wp-block-columns-is-layout-flex\">\n<div class=\"wp-block-column is-layout-flow wp-block-column-is-layout-flow\" style=\"flex-basis:15%\"><figure class=\"wp-block-post-featured-image\"><a href=\"https:\/\/www.sansin.com\/fr\/une-unite-de-bois-massif-qui-redefinit-les-possibilites\/\" target=\"_self\"  ><img decoding=\"async\" width=\"1140\" height=\"765\" src=\"https:\/\/www.sansin.com\/wp-content\/uploads\/potm-sep-2025-main2.png\" class=\"attachment-post-thumbnail size-post-thumbnail wp-post-image\" alt=\"Une unit\u00e9 de bois massif qui red\u00e9finit les possibilit\u00e9s\" style=\"object-fit:cover;\" srcset=\"https:\/\/www.sansin.com\/wp-content\/uploads\/potm-sep-2025-main2.png 1140w, https:\/\/www.sansin.com\/wp-content\/uploads\/potm-sep-2025-main2-300x201.png 300w, https:\/\/www.sansin.com\/wp-content\/uploads\/potm-sep-2025-main2-1024x687.png 1024w, https:\/\/www.sansin.com\/wp-content\/uploads\/potm-sep-2025-main2-768x515.png 768w, https:\/\/www.sansin.com\/wp-content\/uploads\/potm-sep-2025-main2-150x101.png 150w\" sizes=\"(max-width: 1140px) 100vw, 1140px\" \/><\/a><\/figure><\/div>\n\n\n\n<div class=\"wp-block-column is-layout-flow wp-block-column-is-layout-flow\" style=\"flex-basis:80%\"><h2 class=\"wp-block-post-title\"><a href=\"https:\/\/www.sansin.com\/fr\/une-unite-de-bois-massif-qui-redefinit-les-possibilites\/\" target=\"_self\" >Une unit\u00e9 de bois massif qui red\u00e9finit les possibilit\u00e9s<\/a><\/h2>\n\n<div class=\"wp-block-post-excerpt\"><p class=\"wp-block-post-excerpt__excerpt\">Septembre2025 &#8212;&#8211; Nich\u00e9 \u00e0 San Diego, le Tetra I de Polythaus est une preuve de concept frappante : une unit\u00e9 d\u2019habitation accessoire (ADU) de 50 m\u00b2 issue d\u2019une approche innovante en mati\u00e8re de conception et d\u2019efficacit\u00e9 de construction. Co-fond\u00e9e par Daniel Lopez-Perez et Celine Vargas, Polyhaus a \u00e9t\u00e9 lanc\u00e9e avec une mission simple mais ambitieuse\u2026 <\/p><\/div><\/div>\n<\/div>\n\n<\/li><li class=\"wp-block-post post-24780 post type-post status-publish format-standard has-post-thumbnail hentry category-projet-du-mois\">\n\n<div class=\"wp-block-columns is-layout-flex wp-container-core-columns-is-layout-9d6595d7 wp-block-columns-is-layout-flex\">\n<div class=\"wp-block-column is-layout-flow wp-block-column-is-layout-flow\" style=\"flex-basis:15%\"><figure class=\"wp-block-post-featured-image\"><a href=\"https:\/\/www.sansin.com\/fr\/naturellement-elegant-rehausse-par-sansin\/\" target=\"_self\"  ><img decoding=\"async\" width=\"1140\" height=\"765\" src=\"https:\/\/www.sansin.com\/wp-content\/uploads\/potm-aug-2025-main.png\" class=\"attachment-post-thumbnail size-post-thumbnail wp-post-image\" alt=\"Naturellement \u00e9l\u00e9gant, rehauss\u00e9 par Sansin\" style=\"object-fit:cover;\" srcset=\"https:\/\/www.sansin.com\/wp-content\/uploads\/potm-aug-2025-main.png 1140w, https:\/\/www.sansin.com\/wp-content\/uploads\/potm-aug-2025-main-300x201.png 300w, https:\/\/www.sansin.com\/wp-content\/uploads\/potm-aug-2025-main-1024x687.png 1024w, https:\/\/www.sansin.com\/wp-content\/uploads\/potm-aug-2025-main-768x515.png 768w, https:\/\/www.sansin.com\/wp-content\/uploads\/potm-aug-2025-main-150x101.png 150w\" sizes=\"(max-width: 1140px) 100vw, 1140px\" \/><\/a><\/figure><\/div>\n\n\n\n<div class=\"wp-block-column is-layout-flow wp-block-column-is-layout-flow\" style=\"flex-basis:80%\"><h2 class=\"wp-block-post-title\"><a href=\"https:\/\/www.sansin.com\/fr\/naturellement-elegant-rehausse-par-sansin\/\" target=\"_self\" >Naturellement \u00e9l\u00e9gant, rehauss\u00e9 par Sansin<\/a><\/h2>\n\n<div class=\"wp-block-post-excerpt\"><p class=\"wp-block-post-excerpt__excerpt\">Ao\u00fbt 2025 &#8212;&#8211; Precision Coat KP-12 est une sous-couche protectrice p\u00e9n\u00e9trante pour le bois de construction, le bois lamell\u00e9 dimensionnel et les composants en bois d\u2019ing\u00e9nierie comme le CLT, qui am\u00e9liore la stabilit\u00e9 dimensionnelle et prot\u00e8ge le bois de la d\u00e9gradation par les UV et de l\u2019absorption de l\u2019humidit\u00e9. L\u2019utilisation de Precision Coat KP-12 am\u00e9liore\u2026 <\/p><\/div><\/div>\n<\/div>\n\n<\/li><li class=\"wp-block-post post-24415 post type-post status-publish format-standard has-post-thumbnail hentry category-projet-du-mois\">\n\n<div class=\"wp-block-columns is-layout-flex wp-container-core-columns-is-layout-9d6595d7 wp-block-columns-is-layout-flex\">\n<div class=\"wp-block-column is-layout-flow wp-block-column-is-layout-flow\" style=\"flex-basis:15%\"><figure class=\"wp-block-post-featured-image\"><a href=\"https:\/\/www.sansin.com\/fr\/le-charme-du-village-rencontre-la-protection-durable-de-sansin\/\" target=\"_self\"  ><img decoding=\"async\" width=\"1140\" height=\"765\" src=\"https:\/\/www.sansin.com\/wp-content\/uploads\/potm-july-2025-main.png\" class=\"attachment-post-thumbnail size-post-thumbnail wp-post-image\" alt=\"Le charme du village rencontre la protection durable de Sansin\" style=\"object-fit:cover;\" srcset=\"https:\/\/www.sansin.com\/wp-content\/uploads\/potm-july-2025-main.png 1140w, https:\/\/www.sansin.com\/wp-content\/uploads\/potm-july-2025-main-300x201.png 300w, https:\/\/www.sansin.com\/wp-content\/uploads\/potm-july-2025-main-1024x687.png 1024w, https:\/\/www.sansin.com\/wp-content\/uploads\/potm-july-2025-main-768x515.png 768w, https:\/\/www.sansin.com\/wp-content\/uploads\/potm-july-2025-main-150x101.png 150w\" sizes=\"(max-width: 1140px) 100vw, 1140px\" \/><\/a><\/figure><\/div>\n\n\n\n<div class=\"wp-block-column is-layout-flow wp-block-column-is-layout-flow\" style=\"flex-basis:80%\"><h2 class=\"wp-block-post-title\"><a href=\"https:\/\/www.sansin.com\/fr\/le-charme-du-village-rencontre-la-protection-durable-de-sansin\/\" target=\"_self\" >Le charme du village rencontre la protection durable de Sansin<\/a><\/h2>\n\n<div class=\"wp-block-post-excerpt\"><p class=\"wp-block-post-excerpt__excerpt\">Juillet 2025 &#8212;&#8211; Dans le d\u00e9veloppement n\u00e9erlandais de De Plukhoeve, M3 Architects a con\u00e7u les maisons pour am\u00e9liorer l\u2019ambiance du village existant gr\u00e2ce \u00e0 des formes et des proportions distingu\u00e9es. Chaque r\u00e9sidence comprend une maison principale, une extension et une annexe distinctes, unifi\u00e9es par un toit en pente pro\u00e9minent. Afin de pr\u00e9server la beaut\u00e9 naturelle\u2026 <\/p><\/div><\/div>\n<\/div>\n\n<\/li><li class=\"wp-block-post post-23247 post type-post status-publish format-standard has-post-thumbnail hentry category-projet-du-mois\">\n\n<div class=\"wp-block-columns is-layout-flex wp-container-core-columns-is-layout-9d6595d7 wp-block-columns-is-layout-flex\">\n<div class=\"wp-block-column is-layout-flow wp-block-column-is-layout-flow\" style=\"flex-basis:15%\"><figure class=\"wp-block-post-featured-image\"><a href=\"https:\/\/www.sansin.com\/fr\/un-luxueux-havre-hawaien-protege-par-les-revetements-du-bois-sansin\/\" target=\"_self\"  ><img decoding=\"async\" width=\"1140\" height=\"765\" src=\"https:\/\/www.sansin.com\/wp-content\/uploads\/potm-apr-2025-main.png\" class=\"attachment-post-thumbnail size-post-thumbnail wp-post-image\" alt=\"Un luxueux havre hawa\u00efen prot\u00e9g\u00e9 par les rev\u00eatements du bois Sansin\" style=\"object-fit:cover;\" srcset=\"https:\/\/www.sansin.com\/wp-content\/uploads\/potm-apr-2025-main.png 1140w, https:\/\/www.sansin.com\/wp-content\/uploads\/potm-apr-2025-main-300x201.png 300w, https:\/\/www.sansin.com\/wp-content\/uploads\/potm-apr-2025-main-1024x687.png 1024w, https:\/\/www.sansin.com\/wp-content\/uploads\/potm-apr-2025-main-768x515.png 768w, https:\/\/www.sansin.com\/wp-content\/uploads\/potm-apr-2025-main-150x101.png 150w\" sizes=\"(max-width: 1140px) 100vw, 1140px\" \/><\/a><\/figure><\/div>\n\n\n\n<div class=\"wp-block-column is-layout-flow wp-block-column-is-layout-flow\" style=\"flex-basis:80%\"><h2 class=\"wp-block-post-title\"><a href=\"https:\/\/www.sansin.com\/fr\/un-luxueux-havre-hawaien-protege-par-les-revetements-du-bois-sansin\/\" target=\"_self\" >Un luxueux havre hawa\u00efen prot\u00e9g\u00e9 par les rev\u00eatements du bois Sansin<\/a><\/h2>\n\n<div class=\"wp-block-post-excerpt\"><p class=\"wp-block-post-excerpt__excerpt\">Situ\u00e9 sur une colline rocheuse surplombant la baie de Hanalei sur la c\u00f4te nord de Kaua\u2019i, le luxueux h\u00f4tel 1 relie de mani\u00e8re transparente les clients \u00e0 un environnement naturel \u00e9poustouflant. Plus de 30 000 pieds carr\u00e9s d\u2019espace int\u00e9rieur ont \u00e9t\u00e9 transf\u00e9r\u00e9s \u00e0 l\u2019ext\u00e9rieur pour cette r\u00e9novation, con\u00e7ue par Lake Flato Architects. Fraserwood, partenaire de\u2026 <\/p><\/div><\/div>\n<\/div>\n\n<\/li><\/ul>\n\n<nav class=\"aligncenter wp-block-query-pagination\" aria-label=\"Pagination\">\n<div class=\"wp-block-query-pagination aligncenter is-layout-flex wp-block-query-pagination-is-layout-flex\">\n\n<div class=\"wp-block-query-pagination-numbers\"><span aria-label=\"Page 1\" aria-current=\"page\" class=\"page-numbers current\">1<\/span>\n<a aria-label=\"Page 2\" class=\"page-numbers\" href=\"?query-92-page=2\">2<\/a>\n<a aria-label=\"Page 3\" class=\"page-numbers\" href=\"?query-92-page=3\">3<\/a>\n<span class=\"page-numbers dots\">\u2026<\/span>\n<a aria-label=\"Page 5\" class=\"page-numbers\" href=\"?query-92-page=5\">5<\/a><\/div>\n\n<a href=\"\/fr\/wp-json\/wp\/v2\/pages\/10142?query-92-page=2\" class=\"wp-block-query-pagination-next\">Page suivante<\/a><\/div>\n<\/nav><\/div>\n","protected":false},"excerpt":{"rendered":"","protected":false},"author":4,"featured_media":0,"parent":4843,"menu_order":0,"comment_status":"closed","ping_status":"closed","template":"","meta":{"footnotes":""},"class_list":["post-10142","page","type-page","status-publish"],"aioseo_notices":[],"_links":{"self":[{"href":"https:\/\/www.sansin.com\/fr\/wp-json\/wp\/v2\/pages\/10142","targetHints":{"allow":["GET"]}}],"collection":[{"href":"https:\/\/www.sansin.com\/fr\/wp-json\/wp\/v2\/pages"}],"about":[{"href":"https:\/\/www.sansin.com\/fr\/wp-json\/wp\/v2\/types\/page"}],"author":[{"embeddable":true,"href":"https:\/\/www.sansin.com\/fr\/wp-json\/wp\/v2\/users\/4"}],"replies":[{"embeddable":true,"href":"https:\/\/www.sansin.com\/fr\/wp-json\/wp\/v2\/comments?post=10142"}],"version-history":[{"count":0,"href":"https:\/\/www.sansin.com\/fr\/wp-json\/wp\/v2\/pages\/10142\/revisions"}],"up":[{"embeddable":true,"href":"https:\/\/www.sansin.com\/fr\/wp-json\/wp\/v2\/pages\/4843"}],"wp:attachment":[{"href":"https:\/\/www.sansin.com\/fr\/wp-json\/wp\/v2\/media?parent=10142"}],"curies":[{"name":"wp","href":"https:\/\/api.w.org\/{rel}","templated":true}]}}