{"id":10321,"date":"2020-05-14T13:47:44","date_gmt":"2020-05-14T17:47:44","guid":{"rendered":"https:\/\/www.sansin.com\/?page_id=10321"},"modified":"2024-08-16T16:09:13","modified_gmt":"2024-08-16T20:09:13","slug":"communique-de-presse","status":"publish","type":"page","link":"https:\/\/www.sansin.com\/fr\/a-propos-de-sansin\/communique-de-presse\/","title":{"rendered":"Communiqu\u00e9 de Presse"},"content":{"rendered":"\n<div class=\"wp-block-query is-layout-flow wp-block-query-is-layout-flow\"><ul class=\"wp-block-post-template is-layout-flow wp-block-post-template-is-layout-flow\"><li class=\"wp-block-post post-24504 post type-post status-publish format-standard hentry category-communiques-de-presse\">\n<h2 class=\"wp-block-post-title\"><a href=\"https:\/\/www.sansin.com\/fr\/sansin-elargit-sa-distribution-mondiale-avec-7-nouveaux-distributeurs-independants\/\" target=\"_self\" >SANSIN \u00c9LARGIT SA DISTRIBUTION MONDIALE AVEC 7 NOUVEAUX DISTRIBUTEURS IND\u00c9PENDANTS<\/a><\/h2>\n\n<div class=\"wp-block-post-date\"><time datetime=\"2025-09-09T14:37:23-04:00\">9 septembre 2025<\/time><\/div>\n\n<div class=\"wp-block-post-excerpt\"><p class=\"wp-block-post-excerpt__excerpt\">West Warwick, Rhode Island \u2013 10 septembre 2025 \u2013 La soci\u00e9t\u00e9 Sansin Corporation, leader dans le domaine des produits de protection du bois haute performance et respectueux de l&rsquo;environnement, a ajout\u00e9 sept distributeurs ind\u00e9pendants aux \u00c9tats-Unis, au Canada et dans les Cara\u00efbes \u00e0 son r\u00e9seau de distribution en pleine expansion. \u00ab Ces nouveaux distributeurs ont\u2026 <\/p><\/div>\n<\/li><li class=\"wp-block-post post-20729 post type-post status-publish format-standard hentry category-communiques-de-presse\">\n<h2 class=\"wp-block-post-title\"><a href=\"https:\/\/www.sansin.com\/fr\/les-produits-de-finitions-de-sansin-sont-maintenant-disponibles-pour-les-clients-du-sud-ouest-du-quebec-offerts-chez-pro-pin\/\" target=\"_self\" >Les produits de finitions de Sansin sont maintenant disponibles pour les clients du sud-ouest du Qu\u00e9bec, offerts chez Pro-Pin<\/a><\/h2>\n\n<div class=\"wp-block-post-date\"><time datetime=\"2024-02-13T07:48:00-05:00\">13 f\u00e9vrier 2024<\/time><\/div>\n\n<div class=\"wp-block-post-excerpt\"><p class=\"wp-block-post-excerpt__excerpt\">Strathroy, Ontario, Canada &#8211; 13 f\u00e9vrier 2024 &#8211; The Sansin Corporation, un chef de file mondial en mati\u00e8re de protection du bois \u00e9cologique et performante qui fait ressortir la beaut\u00e9 du bois, est heureuse d&rsquo;accueillir Pro-Pin au sein de son r\u00e9seau de distribution. Ouvert au public depuis 2007, Pro-Pin (324A Chemin Industriel, Gatineau, Qu\u00e9bec) est\u2026 <\/p><\/div>\n<\/li><li class=\"wp-block-post post-20731 post type-post status-publish format-standard hentry category-communiques-de-presse\">\n<h2 class=\"wp-block-post-title\"><a href=\"https:\/\/www.sansin.com\/fr\/peinture-jonquiere-offre-les-finitions-de-bois-dhaute-performance-et-faible-teneur-en-cov-de-sansin-aux-proprietaires-et-entrepreneurs-de-laregion-du-saguenay-lac-saint-jean\/\" target=\"_self\" >Peinture Jonqui\u00e8re Offre les Finitions de Bois d\u2019Haute Performance et Faible Teneur en COV de Sansin aux Propri\u00e9taires et Entrepreneurs de laR\u00e9gion du Saguenay Lac Saint-Jean<\/a><\/h2>\n\n<div class=\"wp-block-post-date\"><time datetime=\"2020-05-12T19:56:00-04:00\">12 mai 2020<\/time><\/div>\n\n<div class=\"wp-block-post-excerpt\"><p class=\"wp-block-post-excerpt__excerpt\">Strathroy, Ontario, Canada \u2013 May 12, 2020 \u2013 Sansin Corporation, un chef de file mondial en mati\u00e8re de protection du bois \u00e9cologique et haute performance, a ajout\u00e9 un autre concessionnaire de premier plan \u00e0 son r\u00e9seau nord-am\u00e9ricain. La gamme compl\u00e8te de finis pour bois \u00e9cologique pour l\u2019int\u00e9rieur et l\u2019ext\u00e9rieur de Sansin est maintenant offerte aux\u2026 <\/p><\/div>\n<\/li><\/ul>\n\n<\/div>\n\n\n\n<p><\/p>\n","protected":false},"excerpt":{"rendered":"","protected":false},"author":4,"featured_media":0,"parent":4748,"menu_order":3,"comment_status":"closed","ping_status":"closed","template":"","meta":{"footnotes":""},"class_list":["post-10321","page","type-page","status-publish"],"aioseo_notices":[],"_links":{"self":[{"href":"https:\/\/www.sansin.com\/fr\/wp-json\/wp\/v2\/pages\/10321","targetHints":{"allow":["GET"]}}],"collection":[{"href":"https:\/\/www.sansin.com\/fr\/wp-json\/wp\/v2\/pages"}],"about":[{"href":"https:\/\/www.sansin.com\/fr\/wp-json\/wp\/v2\/types\/page"}],"author":[{"embeddable":true,"href":"https:\/\/www.sansin.com\/fr\/wp-json\/wp\/v2\/users\/4"}],"replies":[{"embeddable":true,"href":"https:\/\/www.sansin.com\/fr\/wp-json\/wp\/v2\/comments?post=10321"}],"version-history":[{"count":0,"href":"https:\/\/www.sansin.com\/fr\/wp-json\/wp\/v2\/pages\/10321\/revisions"}],"up":[{"embeddable":true,"href":"https:\/\/www.sansin.com\/fr\/wp-json\/wp\/v2\/pages\/4748"}],"wp:attachment":[{"href":"https:\/\/www.sansin.com\/fr\/wp-json\/wp\/v2\/media?parent=10321"}],"curies":[{"name":"wp","href":"https:\/\/api.w.org\/{rel}","templated":true}]}}