{"id":14059,"date":"2022-01-17T17:07:41","date_gmt":"2022-01-17T22:07:41","guid":{"rendered":"https:\/\/v3.sansin.com\/?page_id=14059"},"modified":"2022-01-17T17:12:57","modified_gmt":"2022-01-17T22:12:57","slug":"produits-ignifuges","status":"publish","type":"page","link":"https:\/\/www.sansin.com\/fr\/interieurs\/produits-ignifuges\/","title":{"rendered":"Produits Ignifuges"},"content":{"rendered":"\n<div class=\"wp-block-image\"><figure class=\"alignright\"><img decoding=\"async\" width=\"420\" height=\"315\" src=\"https:\/\/www.sansin.com\/wp-content\/uploads\/fire-retardant.jpg\" alt=\"\" class=\"wp-image-8586\" srcset=\"https:\/\/www.sansin.com\/wp-content\/uploads\/fire-retardant.jpg 420w, https:\/\/www.sansin.com\/wp-content\/uploads\/fire-retardant-150x113.jpg 150w, https:\/\/www.sansin.com\/wp-content\/uploads\/fire-retardant-300x225.jpg 300w\" sizes=\"(max-width: 420px) 100vw, 420px\" \/><\/figure><\/div>\n\n\n\n<h2 class=\"wp-block-heading\">The world\u2019s first &lsquo;Class A&rsquo; flame spread protection in one coat.<\/h2>\n\n\n\n<p>La popularit\u00e9 du bois en tant que mat\u00e9riau de construction ne cessant de cro\u00eetre &#8211; tant pour les projets de construction r\u00e9sidentielle que pour les immeubles \u00e0 plusieurs \u00e9tages &#8211; les architectes et les entrepreneurs attendaient avec impatience un rev\u00eatement pour le bois qui offre une protection contre le feu tout en mettant en valeur la beaut\u00e9 du bois. Bien que le bois ait des propri\u00e9t\u00e9s naturelles de surchauffe, Sansin offre une protection contre les flammes de classe \u00ab&nbsp;A&nbsp;\u00bb et \u00ab&nbsp;B&nbsp;\u00bb.<\/p>\n\n\n\n<p><a href=\"\/fr?p=8782\" title=\"FIRESTOP99\">FireStop99<\/a>\u00a0est une finition claire, \u00e0 faible teneur en COV, de couleur bois, con\u00e7ue pour \u00eatre intumescente en pr\u00e9sence de chaleur et de flammes. FireStop99 est le nec plus ultra en mati\u00e8re de protection contre la propagation des flammes dans une belle finition int\u00e9rieure en bois et offre une protection contre la propagation des flammes de \u00ab\u00a0Classe A\u00a0\u00bb conforme \u00e0 la norme ASTM E84 et \u00e0 la norme canadienne CAN\/ULC S-102-M88.<\/p>\n\n\n\n<p><a href=\"\/fr?p=8778\" title=\"FIRESTOP97\">FireStop97<\/a>\u00a0offre la m\u00eame protection contre la propagation des flammes en une seule couche, mais est disponible dans une finition de couleur unie. FireStop97 est disponible dans des tons de bois blancs, pastels ou clairs et offre une protection contre la propagation des flammes de \u00ab\u00a0Classe A\u00a0\u00bb conforme \u00e0 la norme ASTM E84 et \u00e0 la norme canadienne CAN\/ULC S-102-M88.<\/p>\n\n\n\n<h2 class=\"section-heading wp-block-heading\">PRODUITS<\/h2>\n\n\n\n<hr class=\"wp-block-separator is-style-default\"\/>\n\n\n\n<div class=\"wp-block-columns is-layout-flex wp-container-core-columns-is-layout-9d6595d7 wp-block-columns-is-layout-flex\">\n<div class=\"wp-block-column is-layout-flow wp-block-column-is-layout-flow\">\n<div class=\"wp-block-image\"><figure class=\"aligncenter size-full is-resized\"><img decoding=\"async\" src=\"https:\/\/www.sansin.com\/wp-content\/uploads\/\/firestop97-large-150x150.jpg\" alt=\"FireStop97\" class=\"wp-image-8779\" width=\"150\" height=\"150\" srcset=\"https:\/\/www.sansin.com\/wp-content\/uploads\/firestop97-large-150x150.jpg 150w, https:\/\/www.sansin.com\/wp-content\/uploads\/firestop97-large-100x100.jpg 100w, https:\/\/www.sansin.com\/wp-content\/uploads\/firestop97-large.jpg 300w\" sizes=\"(max-width: 150px) 100vw, 150px\" \/><\/figure><\/div>\n\n\n\n<p class=\"product-title\">FireStop97<\/p>\n\n\n\n<div class=\"wp-block-group product-grey-box\"><div class=\"wp-block-group__inner-container is-layout-flow wp-block-group-is-layout-flow\">\n<p class=\"product-headline\">FireStop97 : protection contre l\u2019incendie opaque en une couche.<\/p>\n\n\n\n<p><strong><a href=\"https:\/\/www.sansin.com\/product\/firestop-97\/\" title=\"https:\/\/www.sansin.com\/product\/firestop-97\/\"><\/a><strong><strong><a href=\"https:\/\/www.sansin.com\/fr\/produit\/firestop-97\/\">VOIR LE PRODUIT >><\/a><\/strong><\/strong><\/strong><\/p>\n<\/div><\/div>\n\n\n\n<p><\/p>\n<\/div>\n\n\n\n<div class=\"wp-block-column is-layout-flow wp-block-column-is-layout-flow\">\n<div class=\"wp-block-image\"><figure class=\"aligncenter size-full is-resized\"><img decoding=\"async\" src=\"https:\/\/www.sansin.com\/wp-content\/uploads\/\/firestop99-large-150x150.jpg\" alt=\"FireStop99\" class=\"wp-image-8785\" width=\"150\" height=\"150\" srcset=\"https:\/\/www.sansin.com\/wp-content\/uploads\/firestop99-large-150x150.jpg 150w, https:\/\/www.sansin.com\/wp-content\/uploads\/firestop99-large-100x100.jpg 100w, https:\/\/www.sansin.com\/wp-content\/uploads\/firestop99-large.jpg 300w\" sizes=\"(max-width: 150px) 100vw, 150px\" \/><\/figure><\/div>\n\n\n\n<p class=\"product-title\">FireStop99<\/p>\n\n\n\n<div class=\"wp-block-group product-grey-box\"><div class=\"wp-block-group__inner-container is-layout-flow wp-block-group-is-layout-flow\">\n<p class=\"product-headline\">FireStop99 : protection ignifuge transparente pour le bois.<\/p>\n\n\n\n<p><strong><a href=\"https:\/\/www.sansin.com\/product\/firestop-99\/\" title=\"https:\/\/www.sansin.com\/product\/firestop-99\/\"><\/a><strong><strong><a href=\"https:\/\/www.sansin.com\/fr\/produit\/firestop-99\/\">VOIR LE PRODUIT >><\/a><\/strong><\/strong><\/strong><\/p>\n<\/div><\/div>\n\n\n\n<p><\/p>\n<\/div>\n\n\n\n<div class=\"wp-block-column is-layout-flow wp-block-column-is-layout-flow\"><\/div>\n\n\n\n<div class=\"wp-block-column is-layout-flow wp-block-column-is-layout-flow\"><\/div>\n<\/div>\n","protected":false},"excerpt":{"rendered":"<p>The world\u2019s first &lsquo;Class A&rsquo; flame spread protection in one coat. La popularit\u00e9 du bois en tant que mat\u00e9riau de construction ne cessant de cro\u00eetre &#8211; tant pour les projets de construction r\u00e9sidentielle que pour les immeubles \u00e0 plusieurs \u00e9tages &#8211; les architectes et les entrepreneurs attendaient avec impatience un rev\u00eatement pour le bois qui &#8230; <a title=\"Produits Ignifuges\" class=\"read-more\" href=\"https:\/\/www.sansin.com\/fr\/interieurs\/produits-ignifuges\/\" aria-label=\"En savoir plus sur Produits Ignifuges\">Lire plus<\/a><\/p>\n","protected":false},"author":4,"featured_media":0,"parent":4779,"menu_order":0,"comment_status":"closed","ping_status":"closed","template":"","meta":{"footnotes":""},"class_list":["post-14059","page","type-page","status-publish"],"aioseo_notices":[],"_links":{"self":[{"href":"https:\/\/www.sansin.com\/fr\/wp-json\/wp\/v2\/pages\/14059","targetHints":{"allow":["GET"]}}],"collection":[{"href":"https:\/\/www.sansin.com\/fr\/wp-json\/wp\/v2\/pages"}],"about":[{"href":"https:\/\/www.sansin.com\/fr\/wp-json\/wp\/v2\/types\/page"}],"author":[{"embeddable":true,"href":"https:\/\/www.sansin.com\/fr\/wp-json\/wp\/v2\/users\/4"}],"replies":[{"embeddable":true,"href":"https:\/\/www.sansin.com\/fr\/wp-json\/wp\/v2\/comments?post=14059"}],"version-history":[{"count":0,"href":"https:\/\/www.sansin.com\/fr\/wp-json\/wp\/v2\/pages\/14059\/revisions"}],"up":[{"embeddable":true,"href":"https:\/\/www.sansin.com\/fr\/wp-json\/wp\/v2\/pages\/4779"}],"wp:attachment":[{"href":"https:\/\/www.sansin.com\/fr\/wp-json\/wp\/v2\/media?parent=14059"}],"curies":[{"name":"wp","href":"https:\/\/api.w.org\/{rel}","templated":true}]}}