{"id":21746,"date":"2024-05-02T16:11:03","date_gmt":"2024-05-02T20:11:03","guid":{"rendered":"https:\/\/www.sansin.com\/?page_id=21746"},"modified":"2024-05-02T16:13:19","modified_gmt":"2024-05-02T20:13:19","slug":"club-1986","status":"publish","type":"page","link":"https:\/\/www.sansin.com\/fr\/club-1986\/","title":{"rendered":"Club 1986"},"content":{"rendered":"<div class=\"gb-container gb-container-d0814c3c\">\n<div class=\"gb-container gb-container-d7283d5c\">\n\n<h2 class=\"wp-block-heading\">Lancement du programme de fid\u00e9lisation Club 1986 de Sansin<\/h2>\n\n\n\n<p>La soci\u00e9t\u00e9 Sansin est heureuse d&rsquo;annoncer le Club 1986, un programme de fid\u00e9lisation exclusif offert aux membres de la BC Log &amp; Timber Building Industry Association (BCLTBIA) et de l&rsquo;International Log Builders Association (ILBA). Le Club 1986 est con\u00e7u pour rassembler les constructeurs de maisons en bois rond, les charpentiers et les experts en rev\u00eatement Sansin afin de s&rsquo;assurer que vos projets re\u00e7oivent la meilleure protection pour le bois.<\/p>\n\n\n\n<h2 class=\"wp-block-heading\">Qu&rsquo;est-ce que le Club 1986 ?<\/h2>\n\n\n\n<p>Le Club 1986 &#8211; nomm\u00e9 d&rsquo;apr\u00e8s l&rsquo;ann\u00e9e de fondation de Sansin &#8211; est un prestigieux programme de fid\u00e9lit\u00e9 con\u00e7u pour soutenir votre construction en bois avec des rev\u00eatements durables, durables et magnifiques pour le bois provenant des d\u00e9taillants participants. Le Club 1986 est exclusivement r\u00e9serv\u00e9 aux membres en r\u00e8gle des principales associations de l&rsquo;industrie du bois : BCLTBIA ou ILBA. La carte vous permet de b\u00e9n\u00e9ficier d&rsquo;une r\u00e9duction chez votre revendeur Sansin local.<\/p>\n\n\n\n<p>Peu importe o\u00f9 vous construisez, vous pouvez rencontrer un d\u00e9taillant Sansin certifi\u00e9 Club 1986 et recevoir l&rsquo;expertise et le service de rev\u00eatement professionnel du Club 1986.<\/p>\n\n\n\n<h2 class=\"wp-block-heading\">Comment puis-je m&rsquo;inscrire ?<\/h2>\n\n\n\n<p>Les participants \u00e0 la conf\u00e9rence annuelle de la BCLTBIA et \u00e0 la conf\u00e9rence annuelle de l&rsquo;ILBA peuvent demander leur Club 1986 personnalis\u00e9 au stand de Sansin. Une fois la demande approuv\u00e9e, vous recevrez votre carte du Club 1986 par la poste. Les cartes du Club 1986 expireront le 31 d\u00e9cembre de chaque ann\u00e9e.<\/p>\n\n\n\n<p>Vous pouvez demander \u00e0 participer au Club 1986 ici : https:\/\/www.sansin.com\/club1986\/<\/p>\n\n\n\n<p>Sansin examinera votre demande d&rsquo;adh\u00e9sion au Club 1986 dans les 30 jours suivant votre demande.<\/p>\n\n\n\n<p>Vous serez ensuite mis en contact avec un d\u00e9taillant Sansin participant pour r\u00e9pondre \u00e0 vos besoins en mati\u00e8re de rev\u00eatement de bois.<\/p>\n\n\n\n<h2 class=\"wp-block-heading\">Vous avez des questions ?<\/h2>\n\n\n\n<p>Si vous avez des questions sur le Club 1986, veuillez nous contacter \u00e0 l&rsquo;adresse <a href=\"mailto:club1986@sansin.com\">club1986@sansin.com<\/a>.<\/p>\n\n\n\n<p>Le Club 1986 contribuera \u00e0 \u00e9tablir des relations au sein de l&rsquo;industrie du bois et vous offrira un moyen rentable d&rsquo;acheter des produits de protection pour le bois tr\u00e8s performants, durables et esth\u00e9tiques aupr\u00e8s de notre vaste r\u00e9seau de distributeurs.<\/p>\n\n\n\n<div class=\"wp-block-buttons is-content-justification-left is-layout-flex wp-container-core-buttons-is-layout-fdcfc74e wp-block-buttons-is-layout-flex\">\n<div class=\"wp-block-button\"><a class=\"wp-block-button__link wp-element-button\" href=\"https:\/\/www.sansin.com\/fr\/club-1986\/inscription-club-1986\/\">Inscription Club 1986<\/a><\/div>\n<\/div>\n\n<\/div>\n\n<div class=\"gb-container gb-container-19ab1dd1\">\n\n<figure class=\"gb-block-image gb-block-image-ec6b8533\"><img decoding=\"async\" width=\"400\" height=\"252\" class=\"gb-image gb-image-ec6b8533\" src=\"https:\/\/www.sansin.com\/wp-content\/uploads\/club1986-card1.png\" srcset=\"https:\/\/www.sansin.com\/wp-content\/uploads\/club1986-card1.png 400w, https:\/\/www.sansin.com\/wp-content\/uploads\/club1986-card1-300x189.png 300w, https:\/\/www.sansin.com\/wp-content\/uploads\/club1986-card1-150x95.png 150w\" sizes=\"(max-width: 400px) 100vw, 400px\" \/><\/figure>\n\n\n\n<figure class=\"gb-block-image gb-block-image-9c50fa0e\"><img decoding=\"async\" width=\"400\" height=\"252\" class=\"gb-image gb-image-9c50fa0e\" src=\"https:\/\/www.sansin.com\/wp-content\/uploads\/club1986-card2.png\" srcset=\"https:\/\/www.sansin.com\/wp-content\/uploads\/club1986-card2.png 400w, https:\/\/www.sansin.com\/wp-content\/uploads\/club1986-card2-300x189.png 300w, https:\/\/www.sansin.com\/wp-content\/uploads\/club1986-card2-150x95.png 150w\" sizes=\"(max-width: 400px) 100vw, 400px\" \/><\/figure>\n\n<\/div>\n<\/div>","protected":false},"excerpt":{"rendered":"<p>Lancement du programme de fid\u00e9lisation Club 1986 de Sansin La soci\u00e9t\u00e9 Sansin est heureuse d&rsquo;annoncer le Club 1986, un programme de fid\u00e9lisation exclusif offert aux membres de la BC Log &amp; Timber Building Industry Association (BCLTBIA) et de l&rsquo;International Log Builders Association (ILBA). Le Club 1986 est con\u00e7u pour rassembler les constructeurs de maisons en &#8230; <a title=\"Club 1986\" class=\"read-more\" href=\"https:\/\/www.sansin.com\/fr\/club-1986\/\" aria-label=\"En savoir plus sur Club 1986\">Lire plus<\/a><\/p>\n","protected":false},"author":4,"featured_media":0,"parent":0,"menu_order":0,"comment_status":"closed","ping_status":"closed","template":"","meta":{"footnotes":""},"class_list":["post-21746","page","type-page","status-publish"],"aioseo_notices":[],"_links":{"self":[{"href":"https:\/\/www.sansin.com\/fr\/wp-json\/wp\/v2\/pages\/21746","targetHints":{"allow":["GET"]}}],"collection":[{"href":"https:\/\/www.sansin.com\/fr\/wp-json\/wp\/v2\/pages"}],"about":[{"href":"https:\/\/www.sansin.com\/fr\/wp-json\/wp\/v2\/types\/page"}],"author":[{"embeddable":true,"href":"https:\/\/www.sansin.com\/fr\/wp-json\/wp\/v2\/users\/4"}],"replies":[{"embeddable":true,"href":"https:\/\/www.sansin.com\/fr\/wp-json\/wp\/v2\/comments?post=21746"}],"version-history":[{"count":0,"href":"https:\/\/www.sansin.com\/fr\/wp-json\/wp\/v2\/pages\/21746\/revisions"}],"wp:attachment":[{"href":"https:\/\/www.sansin.com\/fr\/wp-json\/wp\/v2\/media?parent=21746"}],"curies":[{"name":"wp","href":"https:\/\/api.w.org\/{rel}","templated":true}]}}