{"id":4733,"date":"2014-07-02T20:08:29","date_gmt":"2014-07-02T20:08:29","guid":{"rendered":"http:\/\/www.sansin.com\/?page_id=4733"},"modified":"2024-03-22T12:11:27","modified_gmt":"2024-03-22T16:11:27","slug":"protection-du-bois-naturally-perfect","status":"publish","type":"page","link":"https:\/\/www.sansin.com\/fr\/","title":{"rendered":"Protection du bois Naturally Perfect<sup>&reg;<\/sup>"},"content":{"rendered":"\n<div class=\"gb-grid-wrapper gb-grid-wrapper-444ce0b1 gb-query-loop-wrapper\">\n<div class=\"gb-grid-column gb-grid-column-b5af22bf gb-query-loop-item post-25598 post type-post status-publish format-standard has-post-thumbnail hentry category-projet-du-mois\"><div class=\"gb-container gb-container-b5af22bf\">\n<figure class=\"gb-block-image gb-block-image-d2fe56d5\"><img decoding=\"async\" width=\"1140\" height=\"765\" src=\"https:\/\/www.sansin.com\/wp-content\/uploads\/potm-apr-2026-main.png\" class=\"gb-image-d2fe56d5\" alt=\"April 2026 POTM\" srcset=\"https:\/\/www.sansin.com\/wp-content\/uploads\/potm-apr-2026-main.png 1140w, https:\/\/www.sansin.com\/wp-content\/uploads\/potm-apr-2026-main-300x201.png 300w, https:\/\/www.sansin.com\/wp-content\/uploads\/potm-apr-2026-main-1024x687.png 1024w, https:\/\/www.sansin.com\/wp-content\/uploads\/potm-apr-2026-main-768x515.png 768w, https:\/\/www.sansin.com\/wp-content\/uploads\/potm-apr-2026-main-150x101.png 150w\" sizes=\"(max-width: 1140px) 100vw, 1140px\" \/><\/figure>\n\n<p class=\"gb-headline gb-headline-392a2c96 gb-headline-text\">Un espace de rassemblement ancr\u00e9 dans le bois<\/p>\n\n<p class=\"gb-headline gb-headline-c08cdf6a gb-headline-text\"><time class=\"entry-date published\" datetime=\"2026-04-22T15:37:34-04:00\">22 avril 2026<\/time><\/p>\n\n<a class=\"wp-block-read-more\" href=\"https:\/\/www.sansin.com\/fr\/un-espace-de-rassemblement-ancre-dans-le-bois\/\" target=\"_self\">Lire la suite<span class=\"screen-reader-text\">\u00a0: Un espace de rassemblement ancr\u00e9 dans le bois<\/span><\/a>\n<\/div><\/div>\n\n<div class=\"gb-grid-column gb-grid-column-b5af22bf gb-query-loop-item post-25575 post type-post status-publish format-standard has-post-thumbnail hentry category-projet-du-mois\"><div class=\"gb-container gb-container-b5af22bf\">\n<figure class=\"gb-block-image gb-block-image-d2fe56d5\"><img decoding=\"async\" width=\"1140\" height=\"765\" src=\"https:\/\/www.sansin.com\/wp-content\/uploads\/potm-mar-2026-main2.png\" class=\"gb-image-d2fe56d5\" alt=\"2026 March POTM\" srcset=\"https:\/\/www.sansin.com\/wp-content\/uploads\/potm-mar-2026-main2.png 1140w, https:\/\/www.sansin.com\/wp-content\/uploads\/potm-mar-2026-main2-300x201.png 300w, https:\/\/www.sansin.com\/wp-content\/uploads\/potm-mar-2026-main2-1024x687.png 1024w, https:\/\/www.sansin.com\/wp-content\/uploads\/potm-mar-2026-main2-768x515.png 768w, https:\/\/www.sansin.com\/wp-content\/uploads\/potm-mar-2026-main2-150x101.png 150w\" sizes=\"(max-width: 1140px) 100vw, 1140px\" \/><\/figure>\n\n<p class=\"gb-headline gb-headline-392a2c96 gb-headline-text\">Un refuge paisible \u00e0 l\u2019or\u00e9e de la for\u00eat<\/p>\n\n<p class=\"gb-headline gb-headline-c08cdf6a gb-headline-text\"><time class=\"entry-date published\" datetime=\"2026-03-30T10:28:27-04:00\">30 mars 2026<\/time><\/p>\n\n<a class=\"wp-block-read-more\" href=\"https:\/\/www.sansin.com\/fr\/un-refuge-paisible-a-loree-de-la-foret\/\" target=\"_self\">Lire la suite<span class=\"screen-reader-text\">\u00a0: Un refuge paisible \u00e0 l\u2019or\u00e9e de la for\u00eat<\/span><\/a>\n<\/div><\/div>\n<\/div>\n\n\n\n<div class=\"wp-block-group has-background\" style=\"background-color:#f1f1f1\"><div class=\"wp-block-group__inner-container is-layout-flow wp-block-group-is-layout-flow\"><div class=\"wp-block-image\">\n<figure class=\"alignright size-full\"><img decoding=\"async\" width=\"180\" height=\"120\" src=\"https:\/\/www.sansin.com\/wp-content\/uploads\/home_paintbrush-1.jpg\" alt=\"\" class=\"wp-image-13670\" srcset=\"https:\/\/www.sansin.com\/wp-content\/uploads\/home_paintbrush-1.jpg 180w, https:\/\/www.sansin.com\/wp-content\/uploads\/home_paintbrush-1-150x100.jpg 150w\" sizes=\"(max-width: 180px) 100vw, 180px\" \/><\/figure>\n<\/div>\n\n\n<h3 class=\"wp-block-heading\">Vous avez besoin de conseils concernant la pr\u00e9paration et l\u2019application?<\/h3>\n\n\n\n<p>Avec Wood Finishes de Sansin, les huiles et les r\u00e9sines naturelles modifi\u00e9es sont transport\u00e9es profond\u00e9ment dans la structure cellulaire du bois en utilisant l\u2019un des miracles de la nature : l\u2019eau. Nos finitions \u00e0 base d\u2019eau p\u00e9n\u00e8trent dans le bois pour une protection en profondeur. D\u00e9couvrez quelques astuces pour la pr\u00e9paration et l\u2019application <a href=\"\/fr\/a-propos-de-sansin\/sansin-une-longueur-davance\/\"><strong>EN SAVOIR PLUS &gt;&gt;<\/strong><\/a><\/p>\n<\/div><\/div>\n\n\n\n<div style=\"height:25px\" aria-hidden=\"true\" class=\"wp-block-spacer\"><\/div>\n\n\n\n<div class=\"wp-block-columns is-layout-flex wp-container-core-columns-is-layout-9d6595d7 wp-block-columns-is-layout-flex\">\n<div class=\"wp-block-column has-background is-layout-flow wp-block-column-is-layout-flow\" style=\"background-color:#f1f1f1\">\n<div class=\"wp-block-group\"><div class=\"wp-block-group__inner-container is-layout-flow wp-block-group-is-layout-flow\">\n<div class=\"wp-block-columns no-bottom-margin is-layout-flex wp-container-core-columns-is-layout-9d6595d7 wp-block-columns-is-layout-flex\">\n<div class=\"wp-block-column is-layout-flow wp-block-column-is-layout-flow\" style=\"flex-basis:66.66%\">\n<h4 class=\"wp-block-heading\">Wood Sealer<\/h4>\n\n\n\n<p>Fini durable \u00e0 deux couches r\u00e9sistant aux intemp\u00e9ries, aux UV et \u00e0 l\u2019usure.<br><a href=\"https:\/\/www.sansin.com\/fr\/produit\/wood-sealer\/\"><strong>EN SAVOIR PLUS &gt;&gt;<\/strong><\/a><\/p>\n<\/div>\n\n\n\n<div class=\"wp-block-column is-layout-flow wp-block-column-is-layout-flow\" style=\"flex-basis:33.33%\">\n<figure class=\"wp-block-image size-full\"><img decoding=\"async\" width=\"94\" height=\"113\" src=\"https:\/\/www.sansin.com\/wp-content\/uploads\/home-box-product-wood-sealer.png\" alt=\"\" class=\"wp-image-13673\"\/><\/figure>\n<\/div>\n<\/div>\n<\/div><\/div>\n<\/div>\n\n\n\n<div class=\"wp-block-column has-background is-layout-flow wp-block-column-is-layout-flow\" style=\"background-color:#f1f1f1\">\n<div class=\"wp-block-group\"><div class=\"wp-block-group__inner-container is-layout-flow wp-block-group-is-layout-flow\">\n<div class=\"wp-block-columns no-bottom-margin is-layout-flex wp-container-core-columns-is-layout-9d6595d7 wp-block-columns-is-layout-flex\">\n<div class=\"wp-block-column is-layout-flow wp-block-column-is-layout-flow\" style=\"flex-basis:66.66%\">\n<h4 class=\"wp-block-heading\">Classic<\/h4>\n\n\n\n<p>Finition p\u00e9n\u00e9trante sp\u00e9cialement formul\u00e9e pour les maisons en bois rond et les charpentes en bois.<br><a href=\"\/fr\/produit\/classic\/\"><strong>EN SAVOIR PLUS >><\/strong><\/a><\/p>\n<\/div>\n\n\n\n<div class=\"wp-block-column is-layout-flow wp-block-column-is-layout-flow\" style=\"flex-basis:33.33%\">\n<figure class=\"wp-block-image size-full\"><img decoding=\"async\" width=\"94\" height=\"118\" src=\"https:\/\/www.sansin.com\/wp-content\/uploads\/home-box-product-classic-1.png\" alt=\"Classic\" class=\"wp-image-13622\"\/><\/figure>\n<\/div>\n<\/div>\n<\/div><\/div>\n<\/div>\n\n\n\n<div class=\"wp-block-column has-background is-layout-flow wp-block-column-is-layout-flow\" style=\"background-color:#f1f1f1\">\n<div class=\"wp-block-group\"><div class=\"wp-block-group__inner-container is-layout-flow wp-block-group-is-layout-flow\">\n<div class=\"wp-block-columns no-bottom-margin is-layout-flex wp-container-core-columns-is-layout-9d6595d7 wp-block-columns-is-layout-flex\">\n<div class=\"wp-block-column is-layout-flow wp-block-column-is-layout-flow\" style=\"flex-basis:66.66%\">\n<h4 class=\"wp-block-heading\">ENS<\/h4>\n\n\n\n<p>Finition durable et esth\u00e9tique \u00e0 deux couches avec une protection UV solide, une excellente adh\u00e9rence et une r\u00e9sistance \u00e0 l\u2019usure.<br><a href=\"https:\/\/www.sansin.com\/fr\/produit\/ens\/\"><strong>EN SAVOIR PLUS &gt;&gt;<\/strong><\/a><\/p>\n<\/div>\n\n\n\n<div class=\"wp-block-column is-layout-flow wp-block-column-is-layout-flow\" style=\"flex-basis:33.33%\">\n<figure class=\"wp-block-image size-full\"><img decoding=\"async\" width=\"94\" height=\"112\" src=\"https:\/\/www.sansin.com\/wp-content\/uploads\/home-box-product-ens.png\" alt=\"ENS can\" class=\"wp-image-13410\"\/><\/figure>\n<\/div>\n<\/div>\n<\/div><\/div>\n<\/div>\n<\/div>\n","protected":false},"excerpt":{"rendered":"<p>Vous avez besoin de conseils concernant la pr\u00e9paration et l\u2019application? Avec Wood Finishes de Sansin, les huiles et les r\u00e9sines naturelles modifi\u00e9es sont transport\u00e9es profond\u00e9ment dans la structure cellulaire du bois en utilisant l\u2019un des miracles de la nature : l\u2019eau. Nos finitions \u00e0 base d\u2019eau p\u00e9n\u00e8trent dans le bois pour une protection en profondeur. &#8230; <a title=\"Protection du bois Naturally Perfect&reg;\" class=\"read-more\" href=\"https:\/\/www.sansin.com\/fr\/\" aria-label=\"En savoir plus sur Protection du bois Naturally Perfect&reg;\">Lire plus<\/a><\/p>\n","protected":false},"author":2,"featured_media":0,"parent":0,"menu_order":1,"comment_status":"closed","ping_status":"closed","template":"","meta":{"footnotes":""},"class_list":["post-4733","page","type-page","status-publish"],"aioseo_notices":[],"_links":{"self":[{"href":"https:\/\/www.sansin.com\/fr\/wp-json\/wp\/v2\/pages\/4733","targetHints":{"allow":["GET"]}}],"collection":[{"href":"https:\/\/www.sansin.com\/fr\/wp-json\/wp\/v2\/pages"}],"about":[{"href":"https:\/\/www.sansin.com\/fr\/wp-json\/wp\/v2\/types\/page"}],"author":[{"embeddable":true,"href":"https:\/\/www.sansin.com\/fr\/wp-json\/wp\/v2\/users\/2"}],"replies":[{"embeddable":true,"href":"https:\/\/www.sansin.com\/fr\/wp-json\/wp\/v2\/comments?post=4733"}],"version-history":[{"count":0,"href":"https:\/\/www.sansin.com\/fr\/wp-json\/wp\/v2\/pages\/4733\/revisions"}],"wp:attachment":[{"href":"https:\/\/www.sansin.com\/fr\/wp-json\/wp\/v2\/media?parent=4733"}],"curies":[{"name":"wp","href":"https:\/\/api.w.org\/{rel}","templated":true}]}}