{"id":4737,"date":"2014-07-02T20:32:25","date_gmt":"2014-07-02T20:32:25","guid":{"rendered":"http:\/\/www.sansin.com\/?page_id=4737"},"modified":"2021-12-31T14:02:45","modified_gmt":"2021-12-31T19:02:45","slug":"environnement","status":"publish","type":"page","link":"https:\/\/www.sansin.com\/fr\/environnement\/","title":{"rendered":"Environnement"},"content":{"rendered":"\n<div class=\"wp-block-image\"><figure class=\"alignright\"><img decoding=\"async\" src=\"https:\/\/www.sansin.com\/wp-content\/uploads\/environment1.jpg\" alt=\"Environment\" class=\"wp-image-5028\"\/><\/figure><\/div>\n\n\n\n<h2 class=\"wp-block-heading\">Nous sommes \u00e9cologiques de nature. <\/h2>\n\n\n\n<p>Depuis plus de 30 ans, Sansin innove dans le domaine des teintures et des agents d\u2019\u00e9tanch\u00e9it\u00e9 \u00e9cologiques. Nos produits exclusifs \u00e0 base d&rsquo;eau s\u2019inspirent d\u2019une tradition mill\u00e9naire consistant \u00e0 utiliser des \u00e9l\u00e9ments m\u00eames de la nature, comme les r\u00e9sines et les gommes des duramens, pour assurer une protection durable. Nous continuons \u00e0 cr\u00e9er des mat\u00e9riaux et des processus novateurs qui r\u00e9duisent les effets de nos rev\u00eatements sur l\u2019environnement. Notre histoire prouve sans ambigu\u00eft\u00e9 que le choix de l\u2019\u00e9cologie est r\u00e9ellement compatible avec l\u2019am\u00e9lioration de l\u2019efficacit\u00e9.<\/p>\n\n\n\n<h2 class=\"wp-block-heading\">DES PRODUITS NOVATEURS SANS DANGER NI POUR VOUS, NI POUR L&rsquo;ENVIRONNEMENT.<\/h2>\n\n\n\n<p>Nos rev\u00eatements, nos mastics et nos agents d\u2019\u00e9tanch\u00e9it\u00e9 novateurs pour bois constituent, pour nos clients, des alternatives \u00e9cologiques aux produits \u00e0 base de solvant. Mais ce n\u2019est pas tout. Dans notre centre de recherche et d\u00e9veloppement, nous cherchons \u00e0 am\u00e9liorer sans cesse l\u2019efficacit\u00e9 de nos produits tout en r\u00e9duisant leur effet sur l\u2019environnement.<\/p>\n\n\n\n<p>Nos rev\u00eatements pour bois sont faits d\u2019une pr\u00e9paration \u00e0 base d\u2019alkyde et d\u2019eau qui r\u00e9unit les avantages des produits \u00e0 l\u2019huile et des produits \u00e0 l\u2019eau et ne contient quasiment pas de produits toxiques pour l\u2019environnement, comme les COV (compos\u00e9s organiques volatils), qui sont des facteurs de smog et de diminution de l\u2019ozone.<\/p>\n\n\n\n<p>Quelle que soit leur couleur, nos produits sont \u00ab verts \u00bb! Plut\u00f4t que d\u2019int\u00e9grer des colorants toxiques \u00e0 nos teintures et \u00e0 nos agents d\u2019\u00e9tanch\u00e9it\u00e9, nous avons tir\u00e9 parti de la nanotechnologie pour cr\u00e9er les Microfines de Sansin, des pigments purs moulus si finement qu\u2019ils produisent une couleur incroyablement vivante et durable capable de p\u00e9n\u00e9trer en profondeur dans le bois.<\/p>\n\n\n\n<h2 class=\"wp-block-heading\">R\u00c9DUIRE LE GASPILLAGE PAR L&rsquo;INNOVATION CONTINUE.<\/h2>\n\n\n\n<p>Chez Sansin, nous cherchons constamment \u00e0 r\u00e9duire le gaspillage, et nous g\u00e9rons nos d\u00e9chets de mani\u00e8re responsable. Par exemple, nous nous sommes dot\u00e9s d&rsquo;un syst\u00e8me exclusif de recyclage de l&rsquo;eau de rin\u00e7age selon lequel nos syst\u00e8mes de nettoyage de production r\u00e9cup\u00e8rent et r\u00e9utilisent les mati\u00e8res premi\u00e8res normalement destin\u00e9es \u00e0 l&rsquo;\u00e9limination. En perfectionnant r\u00e9guli\u00e8rement nos installations et nos mesures op\u00e9rationnelles, par exemple avec le programme Sansin Second Nature, nous visons les \u00e9conomies d&rsquo;\u00e9nergie, la r\u00e9duction du gaspillage et le recyclage des d\u00e9chets, et nous parvenons \u00e0 r\u00e9duire encore davantage notre empreinte \u00e9cologique.<\/p>\n\n\n\n<h2 class=\"wp-block-heading\">L\u2019\u00c9COLOGIE? CE N&rsquo;EST PAS SUFFISANT! SOYONS ECO2\u2026<\/h2>\n\n\n\n<p>Nous sommes particuli\u00e8rement fiers de notre nouvelle marque\u00a0<a href=\"\/?p=4885\">Eco2<\/a>\u2122, une teinture pour bois enti\u00e8rement faite de produits Sansin recycl\u00e9s pour l\u2019ext\u00e9rieur ou l\u2019int\u00e9rieur. Ces produits ont sp\u00e9cialement \u00e9t\u00e9 con\u00e7us pour prot\u00e9ger et embellir les surfaces ext\u00e9rieures comme les parements, les terrasses, le bois d\u2019\u0153uvre et la menuiserie. Consultez tous les d\u00e9tails sur\u00a0<a href=\"\/?p=4885\">Eco2.<\/a><\/p>\n\n\n\n<h2 class=\"wp-block-heading\">UN PR\u00c9SENT \u00c9COLOGIQUE POUR UN AVENIR ENCORE PLUS VIABLE.<\/h2>\n\n\n\n<p>Nous avons la passion du bois et nous faisons tout pour le prot\u00e9ger. Pour nous, l\u2019environnement occupe une place de choix. Notre mission consiste \u00e0 am\u00e9liorer sans cesse nos produits et les pratiques environnementales de notre entreprise. Dans le cadre du programme Sansin Second Nature, nous mettons sur pied des initiatives, comme les \u00e9nergies vertes alternatives et les proc\u00e9d\u00e9s industriels intelligents, qui nous rapprochent de notre objectif : parvenir \u00e0 des moyens de production viables sans produire aucun d\u00e9chet.<\/p>\n","protected":false},"excerpt":{"rendered":"<p>Nous sommes \u00e9cologiques de nature. Depuis plus de 30 ans, Sansin innove dans le domaine des teintures et des agents d\u2019\u00e9tanch\u00e9it\u00e9 \u00e9cologiques. Nos produits exclusifs \u00e0 base d&rsquo;eau s\u2019inspirent d\u2019une tradition mill\u00e9naire consistant \u00e0 utiliser des \u00e9l\u00e9ments m\u00eames de la nature, comme les r\u00e9sines et les gommes des duramens, pour assurer une protection durable. Nous &#8230; <a title=\"Environnement\" class=\"read-more\" href=\"https:\/\/www.sansin.com\/fr\/environnement\/\" aria-label=\"En savoir plus sur Environnement\">Lire plus<\/a><\/p>\n","protected":false},"author":2,"featured_media":0,"parent":0,"menu_order":2,"comment_status":"closed","ping_status":"closed","template":"","meta":{"footnotes":""},"class_list":["post-4737","page","type-page","status-publish"],"aioseo_notices":[],"_links":{"self":[{"href":"https:\/\/www.sansin.com\/fr\/wp-json\/wp\/v2\/pages\/4737","targetHints":{"allow":["GET"]}}],"collection":[{"href":"https:\/\/www.sansin.com\/fr\/wp-json\/wp\/v2\/pages"}],"about":[{"href":"https:\/\/www.sansin.com\/fr\/wp-json\/wp\/v2\/types\/page"}],"author":[{"embeddable":true,"href":"https:\/\/www.sansin.com\/fr\/wp-json\/wp\/v2\/users\/2"}],"replies":[{"embeddable":true,"href":"https:\/\/www.sansin.com\/fr\/wp-json\/wp\/v2\/comments?post=4737"}],"version-history":[{"count":0,"href":"https:\/\/www.sansin.com\/fr\/wp-json\/wp\/v2\/pages\/4737\/revisions"}],"wp:attachment":[{"href":"https:\/\/www.sansin.com\/fr\/wp-json\/wp\/v2\/media?parent=4737"}],"curies":[{"name":"wp","href":"https:\/\/api.w.org\/{rel}","templated":true}]}}