{"id":4748,"date":"2014-07-03T01:51:03","date_gmt":"2014-07-03T01:51:03","guid":{"rendered":"http:\/\/www.sansin.com\/?page_id=4748"},"modified":"2021-12-31T13:59:12","modified_gmt":"2021-12-31T18:59:12","slug":"a-propos-de-sansin","status":"publish","type":"page","link":"https:\/\/www.sansin.com\/fr\/a-propos-de-sansin\/","title":{"rendered":"\u00c0 Propos De Sansin"},"content":{"rendered":"\n<div class=\"wp-block-image\"><figure class=\"alignright\"><img decoding=\"async\" src=\"https:\/\/www.sansin.com\/wp-content\/uploads\/main_aboutus.jpg\" alt=\"About Sansin\" class=\"wp-image-5026\"\/><\/figure><\/div>\n\n\n\n<h2 class=\"wp-block-heading\">Protection du bois naturally perfect.<\/h2>\n\n\n\n<p>Sansin est le chef de file mondial de la protection \u00e9cologique du bois. Depuis 1986, nous nous effor\u00e7ons de cr\u00e9er les rev\u00eatements \u00e0 l&rsquo;eau les plus efficaces et les plus esth\u00e9tiques qui soient.<\/p>\n\n\n\n<p>Notre programme novateur de recherche et d\u00e9veloppement nous a propuls\u00e9s au premier rang des solutions de rechange \u00e9cologiques aux rev\u00eatements et aux traitements conventionnels du bois. Distribu\u00e9s par un r\u00e9seau de plus en plus important \u00e0 travers le Canada, les \u00c9tats-Unis, l\u2019Europe de l\u2019Ouest et la Russie, les produits Enviro Stain de Sansin s\u2019imposent chaque jour davantage comme une \u00e9vidence aux clients qui exigent ce qui se fait de mieux en mati\u00e8re d\u2019efficacit\u00e9 et d\u2019esth\u00e9tique pour leur demeure.<\/p>\n\n\n\n<p>Jour apr\u00e8s jour, notre passion pour notre travail nous pousse \u00e0 rechercher des moyens de mieux prot\u00e9ger le bois.<\/p>\n\n\n\n<p>Jour apr\u00e8s jour, nous collaborons avec nos clients pour mieux r\u00e9pondre \u00e0 leurs besoins et les anticiper.<\/p>\n\n\n\n<p>Et jour apr\u00e8s jour, nous remplissons la promesse d\u2019une protection parfaite pour votre bois, naturellement.<\/p>\n","protected":false},"excerpt":{"rendered":"<p>Protection du bois naturally perfect. Sansin est le chef de file mondial de la protection \u00e9cologique du bois. Depuis 1986, nous nous effor\u00e7ons de cr\u00e9er les rev\u00eatements \u00e0 l&rsquo;eau les plus efficaces et les plus esth\u00e9tiques qui soient. Notre programme novateur de recherche et d\u00e9veloppement nous a propuls\u00e9s au premier rang des solutions de rechange &#8230; <a title=\"\u00c0 Propos De Sansin\" class=\"read-more\" href=\"https:\/\/www.sansin.com\/fr\/a-propos-de-sansin\/\" aria-label=\"En savoir plus sur \u00c0 Propos De Sansin\">Lire plus<\/a><\/p>\n","protected":false},"author":2,"featured_media":0,"parent":0,"menu_order":12,"comment_status":"closed","ping_status":"closed","template":"","meta":{"footnotes":""},"class_list":["post-4748","page","type-page","status-publish"],"aioseo_notices":[],"_links":{"self":[{"href":"https:\/\/www.sansin.com\/fr\/wp-json\/wp\/v2\/pages\/4748","targetHints":{"allow":["GET"]}}],"collection":[{"href":"https:\/\/www.sansin.com\/fr\/wp-json\/wp\/v2\/pages"}],"about":[{"href":"https:\/\/www.sansin.com\/fr\/wp-json\/wp\/v2\/types\/page"}],"author":[{"embeddable":true,"href":"https:\/\/www.sansin.com\/fr\/wp-json\/wp\/v2\/users\/2"}],"replies":[{"embeddable":true,"href":"https:\/\/www.sansin.com\/fr\/wp-json\/wp\/v2\/comments?post=4748"}],"version-history":[{"count":0,"href":"https:\/\/www.sansin.com\/fr\/wp-json\/wp\/v2\/pages\/4748\/revisions"}],"wp:attachment":[{"href":"https:\/\/www.sansin.com\/fr\/wp-json\/wp\/v2\/media?parent=4748"}],"curies":[{"name":"wp","href":"https:\/\/api.w.org\/{rel}","templated":true}]}}