{"id":4761,"date":"2013-07-16T19:05:32","date_gmt":"2013-07-16T19:05:32","guid":{"rendered":"http:\/\/www.sansin.com\/?page_id=4761"},"modified":"2021-12-24T11:57:32","modified_gmt":"2021-12-24T16:57:32","slug":"terrasses","status":"publish","type":"page","link":"https:\/\/www.sansin.com\/fr\/exterieurs\/terrasses\/","title":{"rendered":"Terrasses"},"content":{"rendered":"\n<div class=\"wp-block-image\"><figure class=\"alignright\"><img decoding=\"async\" src=\"https:\/\/www.sansin.com\/wp-content\/uploads\/main_photo_decks.jpg\" alt=\"Decks\" class=\"wp-image-2939\"\/><\/figure><\/div>\n\n\n\n<h2 class=\"wp-block-heading\">Embellissez votre terrasse gr\u00e2ce au produit p\u00e9n\u00e9trant Enviro Stain de Sansin.<\/h2>\n\n\n\n<p>Lorsque vous choisissez un rev\u00eatement pour une terrasse, vous devez d&rsquo;abord penser au r\u00e9sultat recherch\u00e9. Les produits SDF et Dec de Sansin donnent tous deux un magnifique fini mat facile \u00e0 entretenir et qui laisse le bois bien respirer. Pour un fini plus brillant et une protection anti-UV extr\u00eame, utilisez ENS de Sansin seul ou en couche de finition.<\/p>\n\n\n\n<p>Que vous rafraichissiez votre terrasse ou que vous en prot\u00e9giez une nouvelle, la gamme de produits pour terrasse Sansin tient sa promesse, et ce, sous n&rsquo;importe quel ciel. Dans un climat marqu\u00e9 par quatre saisons et de fr\u00e9quents cycles de gel et de d\u00e9gel, le pouvoir p\u00e9n\u00e9trant de Dec et de SDF vous garantit beaut\u00e9 exceptionnelle, durabilit\u00e9 et facilit\u00e9 d&rsquo;entretien. Pour une protection anti-UV renforc\u00e9e, finissez par ENS afin de rallonger la fr\u00e9quence d&rsquo;entretien, surtout dans les climats m\u00e9ridionaux. ENS est \u00e9galement efficace seul. Vous appr\u00e9cierez son fini sublime, sa durabilit\u00e9 l\u00e9gendaire et ses qualit\u00e9s hydrofuges m\u00eame sur des bois exotiques comme le peroba jaune ou le jatoba.<\/p>\n\n\n\n<h2 class=\"wp-block-heading\">Une protection qui ne fendille pas, ne s&rsquo;\u00e9caille pas et ne cloque pas.<\/h2>\n\n\n\n<p>Laissez-vous inspirer par la galerie de photos ci-dessous qui donnent des exemples de superbes terrasses prot\u00e9g\u00e9es par les produits Dec, SDF et ENS de Sansin.<\/p>\n\n\n\n<h2 class=\"section-heading wp-block-heading\">PRODUITS<\/h2>\n\n\n\n<hr class=\"wp-block-separator is-style-default\"\/>\n\n\n\n<div class=\"wp-block-columns is-layout-flex wp-container-core-columns-is-layout-9d6595d7 wp-block-columns-is-layout-flex\">\n<div class=\"wp-block-column is-layout-flow wp-block-column-is-layout-flow\">\n<div class=\"wp-block-image\"><figure class=\"aligncenter size-full is-resized\"><img decoding=\"async\" src=\"https:\/\/www.sansin.com\/wp-content\/uploads\/\/lg_dec-1-150x150.jpg\" alt=\"Dec can\" class=\"wp-image-11341\" width=\"150\" height=\"150\" srcset=\"https:\/\/www.sansin.com\/wp-content\/uploads\/lg_dec-1-150x150.jpg 150w, https:\/\/www.sansin.com\/wp-content\/uploads\/lg_dec-1-100x100.jpg 100w, https:\/\/www.sansin.com\/wp-content\/uploads\/lg_dec-1.jpg 300w\" sizes=\"(max-width: 150px) 100vw, 150px\" \/><\/figure><\/div>\n\n\n\n<p class=\"product-title\">Dec<\/p>\n\n\n\n<div class=\"wp-block-group product-grey-box\"><div class=\"wp-block-group__inner-container is-layout-flow wp-block-group-is-layout-flow\">\n<p class=\"product-headline\">Dec de Sansin : protection en deux couches \u00e0 p\u00e9n\u00e9tration profonde<\/p>\n\n\n\n<p><strong><a href=\"https:\/\/www.sansin.com\/product\/dec\/\" title=\"DEC\"><strong><a href=\"https:\/\/www.sansin.com\/fr\/produit\/dec\/\">VOIR LE PRODUIT >><\/a><\/strong><\/a><\/strong><\/p>\n<\/div><\/div>\n<\/div>\n\n\n\n<div class=\"wp-block-column is-layout-flow wp-block-column-is-layout-flow\">\n<div class=\"wp-block-image\"><figure class=\"aligncenter size-full is-resized\"><img decoding=\"async\" src=\"https:\/\/www.sansin.com\/wp-content\/uploads\/\/ardera_large_v2-150x150.jpg\" alt=\"\" class=\"wp-image-8427\" width=\"150\" height=\"150\" srcset=\"https:\/\/www.sansin.com\/wp-content\/uploads\/ardera_large_v2-150x150.jpg 150w, https:\/\/www.sansin.com\/wp-content\/uploads\/ardera_large_v2-100x100.jpg 100w, https:\/\/www.sansin.com\/wp-content\/uploads\/ardera_large_v2.jpg 300w\" sizes=\"(max-width: 150px) 100vw, 150px\" \/><\/figure><\/div>\n\n\n\n<p class=\"has-text-align-left product-title\">Ardera<\/p>\n\n\n\n<div class=\"wp-block-group product-grey-box\"><div class=\"wp-block-group__inner-container is-layout-flow wp-block-group-is-layout-flow\">\n<p class=\"product-headline\">Ardera de Sansin : magnifique rev\u00eatement au lustre sup\u00e9rieur pour tous vos projets, nouveaux ou anciens.<\/p>\n\n\n\n<p><strong><a href=\"https:\/\/www.sansin.com\/product\/ardera\/\" title=\"ARDERA\"><strong><a href=\"https:\/\/www.sansin.com\/fr\/produit\/ardera\/\">VOIR LE PRODUIT >><\/a><\/strong><\/a><\/strong><\/p>\n<\/div><\/div>\n<\/div>\n\n\n\n<div class=\"wp-block-column is-layout-flow wp-block-column-is-layout-flow\">\n<div class=\"wp-block-image\"><figure class=\"aligncenter size-full is-resized\"><img decoding=\"async\" src=\"https:\/\/www.sansin.com\/wp-content\/uploads\/\/ens-large-150x150.jpg\" alt=\"ENS\" class=\"wp-image-8502\" width=\"150\" height=\"150\" srcset=\"https:\/\/www.sansin.com\/wp-content\/uploads\/ens-large-150x150.jpg 150w, https:\/\/www.sansin.com\/wp-content\/uploads\/ens-large-100x100.jpg 100w, https:\/\/www.sansin.com\/wp-content\/uploads\/ens-large.jpg 300w\" sizes=\"(max-width: 150px) 100vw, 150px\" \/><\/figure><\/div>\n\n\n\n<p class=\"product-title\">ENS<\/p>\n\n\n\n<div class=\"wp-block-group product-grey-box\"><div class=\"wp-block-group__inner-container is-layout-flow wp-block-group-is-layout-flow\">\n<p class=\"product-headline\">ENS de Sansin : un fini esth\u00e9tique de qualit\u00e9 sup\u00e9rieure pour tout type de projet, neuf ou ancien.<\/p>\n\n\n\n<p><strong><a href=\"https:\/\/www.sansin.com\/product\/ens\/\" title=\"ENS\"><strong><a href=\"https:\/\/www.sansin.com\/fr\/produit\/ens\/\">VOIR LE PRODUIT >><\/a><\/strong><\/a><\/strong><\/p>\n<\/div><\/div>\n<\/div>\n\n\n\n<div class=\"wp-block-column is-layout-flow wp-block-column-is-layout-flow\">\n<div class=\"wp-block-image\"><figure class=\"aligncenter size-full is-resized\"><img decoding=\"async\" src=\"https:\/\/www.sansin.com\/wp-content\/uploads\/\/eos_large-1-150x150.jpg\" alt=\"EOS can\" class=\"wp-image-11322\" width=\"150\" height=\"150\" srcset=\"https:\/\/www.sansin.com\/wp-content\/uploads\/eos_large-1-150x150.jpg 150w, https:\/\/www.sansin.com\/wp-content\/uploads\/eos_large-1-100x100.jpg 100w, https:\/\/www.sansin.com\/wp-content\/uploads\/eos_large-1.jpg 300w\" sizes=\"(max-width: 150px) 100vw, 150px\" \/><\/figure><\/div>\n\n\n\n<p class=\"product-title\">EOS<\/p>\n\n\n\n<div class=\"wp-block-group product-grey-box\"><div class=\"wp-block-group__inner-container is-layout-flow wp-block-group-is-layout-flow\">\n<p class=\"product-headline\">EOS de Sansin : superbe rev\u00eatement \u00e0 l\u2019eau pour bois en une ou deux couches.<\/p>\n\n\n\n<p><strong><a href=\"https:\/\/www.sansin.com\/product\/eos\/\" title=\"EOS\"><strong><a href=\"https:\/\/www.sansin.com\/fr\/produit\/eos\/\">VOIR LE PRODUIT >><\/a><\/strong><\/a><\/strong><\/p>\n<\/div><\/div>\n<\/div>\n<\/div>\n\n\n\n<div class=\"wp-block-columns is-layout-flex wp-container-core-columns-is-layout-9d6595d7 wp-block-columns-is-layout-flex\">\n<div class=\"wp-block-column is-layout-flow wp-block-column-is-layout-flow\">\n<div class=\"wp-block-image\"><figure class=\"aligncenter size-full is-resized\"><img decoding=\"async\" src=\"https:\/\/www.sansin.com\/wp-content\/uploads\/\/sdf-large-150x150.jpg\" alt=\"SDF\" class=\"wp-image-8507\" width=\"150\" height=\"150\" srcset=\"https:\/\/www.sansin.com\/wp-content\/uploads\/sdf-large-150x150.jpg 150w, https:\/\/www.sansin.com\/wp-content\/uploads\/sdf-large-100x100.jpg 100w, https:\/\/www.sansin.com\/wp-content\/uploads\/sdf-large.jpg 300w\" sizes=\"(max-width: 150px) 100vw, 150px\" \/><\/figure><\/div>\n\n\n\n<p class=\"product-title\">SDF<\/p>\n\n\n\n<div class=\"wp-block-group product-grey-box\"><div class=\"wp-block-group__inner-container is-layout-flow wp-block-group-is-layout-flow\">\n<p class=\"product-headline\">SDF de Sansin : rev\u00eatement p\u00e9n\u00e9trant en une couche pour le bois ext\u00e9rieur.<\/p>\n\n\n\n<p><strong><a href=\"https:\/\/www.sansin.com\/product\/sdf\/\" title=\"SDF\"><strong><a href=\"https:\/\/www.sansin.com\/fr\/produit\/sdf\/\">VOIR LE PRODUIT >><\/a><\/strong><\/a><\/strong><\/p>\n<\/div><\/div>\n<\/div>\n\n\n\n<div class=\"wp-block-column is-layout-flow wp-block-column-is-layout-flow\"><div class=\"wp-block-image\">\n<figure class=\"aligncenter size-full is-resized\"><img decoding=\"async\" width=\"150\" height=\"150\" src=\"https:\/\/www.sansin.com\/wp-content\/uploads\/\/sdf-large-150x150.jpg\" alt=\"SDF\" class=\"wp-image-8507\" style=\"width:150px;height:150px\" srcset=\"https:\/\/www.sansin.com\/wp-content\/uploads\/sdf-large-150x150.jpg 150w, https:\/\/www.sansin.com\/wp-content\/uploads\/sdf-large-100x100.jpg 100w, https:\/\/www.sansin.com\/wp-content\/uploads\/sdf-large.jpg 300w\" sizes=\"(max-width: 150px) 100vw, 150px\" \/><\/figure>\n<\/div>\n\n\n<p class=\"product-title\">SDF Topcoat<\/p>\n\n\n\n<div class=\"wp-block-group product-grey-box\"><div class=\"wp-block-group__inner-container is-layout-flow wp-block-group-is-layout-flow\">\n<p class=\"product-headline\">SDF Topcoat de Sansin : une protection am\u00e9lior\u00e9e dans un fini satin\u00e9.<\/p>\n\n\n\n<p><strong><a href=\"https:\/\/www.sansin.com\/product\/sdf\/\" title=\"SDF\"><strong><a href=\"https:\/\/www.sansin.com\/fr\/produit\/sdf-top-coat\/\">VOIR LE PRODUIT >><\/a><\/strong><\/a><\/strong><\/p>\n<\/div><\/div>\n<\/div>\n\n\n\n<div class=\"wp-block-column is-layout-flow wp-block-column-is-layout-flow\"><\/div>\n\n\n\n<div class=\"wp-block-column is-layout-flow wp-block-column-is-layout-flow\"><\/div>\n<\/div>\n\n\n\n<h2 class=\"section-heading wp-block-heading\">GALERIE DE PHOTOS<\/h2>\n\n\n\n<hr class=\"wp-block-separator is-style-default\"\/>\n\n\n\n<figure class=\"wp-block-gallery columns-6 is-cropped wp-block-gallery-1 is-layout-flex wp-block-gallery-is-layout-flex\"><ul class=\"blocks-gallery-grid\"><li class=\"blocks-gallery-item\"><figure><a href=\"https:\/\/www.sansin.com\/wp-content\/uploads\/EXT-Dec-ETerra1.jpg\"><img decoding=\"async\" width=\"800\" height=\"600\" src=\"https:\/\/www.sansin.com\/wp-content\/uploads\/EXT-Dec-ETerra1.jpg\" alt=\"Dec\" data-id=\"12534\" data-full-url=\"https:\/\/www.sansin.com\/wp-content\/uploads\/EXT-Dec-ETerra1.jpg\" data-link=\"https:\/\/www.sansin.com\/ext-dec-eterra1\/\" class=\"wp-image-12535\" srcset=\"https:\/\/www.sansin.com\/wp-content\/uploads\/EXT-Dec-ETerra1.jpg 800w, https:\/\/www.sansin.com\/wp-content\/uploads\/EXT-Dec-ETerra1-150x113.jpg 150w, https:\/\/www.sansin.com\/wp-content\/uploads\/EXT-Dec-ETerra1-300x225.jpg 300w, https:\/\/www.sansin.com\/wp-content\/uploads\/EXT-Dec-ETerra1-768x576.jpg 768w\" sizes=\"(max-width: 800px) 100vw, 800px\" \/><\/a><\/figure><\/li><li class=\"blocks-gallery-item\"><figure><a href=\"https:\/\/www.sansin.com\/wp-content\/uploads\/EXT-ENS-loghomeMontereyRed.jpg\"><img decoding=\"async\" width=\"800\" height=\"600\" src=\"https:\/\/www.sansin.com\/wp-content\/uploads\/EXT-ENS-loghomeMontereyRed.jpg\" alt=\"log home\" data-id=\"13031\" data-full-url=\"https:\/\/www.sansin.com\/wp-content\/uploads\/EXT-ENS-loghomeMontereyRed.jpg\" data-link=\"https:\/\/www.sansin.com\/ext-ens-loghomemontereyred\/\" class=\"wp-image-13032\" srcset=\"https:\/\/www.sansin.com\/wp-content\/uploads\/EXT-ENS-loghomeMontereyRed.jpg 800w, https:\/\/www.sansin.com\/wp-content\/uploads\/EXT-ENS-loghomeMontereyRed-150x113.jpg 150w, https:\/\/www.sansin.com\/wp-content\/uploads\/EXT-ENS-loghomeMontereyRed-300x225.jpg 300w, https:\/\/www.sansin.com\/wp-content\/uploads\/EXT-ENS-loghomeMontereyRed-768x576.jpg 768w\" sizes=\"(max-width: 800px) 100vw, 800px\" \/><\/a><\/figure><\/li><li class=\"blocks-gallery-item\"><figure><a href=\"https:\/\/www.sansin.com\/wp-content\/uploads\/EXT-Classic-Loghome5.jpg\"><img decoding=\"async\" width=\"800\" height=\"600\" src=\"https:\/\/www.sansin.com\/wp-content\/uploads\/EXT-Classic-Loghome5.jpg\" alt=\"Classic Loghome\" data-id=\"13029\" data-full-url=\"https:\/\/www.sansin.com\/wp-content\/uploads\/EXT-Classic-Loghome5.jpg\" data-link=\"https:\/\/www.sansin.com\/ext-classic-loghome5\/\" class=\"wp-image-13030\" srcset=\"https:\/\/www.sansin.com\/wp-content\/uploads\/EXT-Classic-Loghome5.jpg 800w, https:\/\/www.sansin.com\/wp-content\/uploads\/EXT-Classic-Loghome5-150x113.jpg 150w, https:\/\/www.sansin.com\/wp-content\/uploads\/EXT-Classic-Loghome5-300x225.jpg 300w, https:\/\/www.sansin.com\/wp-content\/uploads\/EXT-Classic-Loghome5-768x576.jpg 768w\" sizes=\"(max-width: 800px) 100vw, 800px\" \/><\/a><\/figure><\/li><li class=\"blocks-gallery-item\"><figure><a href=\"https:\/\/www.sansin.com\/wp-content\/uploads\/EXT-Dec-Espresso5yrs.jpg\"><img decoding=\"async\" width=\"800\" height=\"600\" src=\"https:\/\/www.sansin.com\/wp-content\/uploads\/EXT-Dec-Espresso5yrs.jpg\" alt=\"DEC Espresso\" data-id=\"13025\" data-full-url=\"https:\/\/www.sansin.com\/wp-content\/uploads\/EXT-Dec-Espresso5yrs.jpg\" data-link=\"https:\/\/www.sansin.com\/ext-dec-espresso5yrs\/\" class=\"wp-image-13026\" srcset=\"https:\/\/www.sansin.com\/wp-content\/uploads\/EXT-Dec-Espresso5yrs.jpg 800w, https:\/\/www.sansin.com\/wp-content\/uploads\/EXT-Dec-Espresso5yrs-150x113.jpg 150w, https:\/\/www.sansin.com\/wp-content\/uploads\/EXT-Dec-Espresso5yrs-300x225.jpg 300w, https:\/\/www.sansin.com\/wp-content\/uploads\/EXT-Dec-Espresso5yrs-768x576.jpg 768w\" sizes=\"(max-width: 800px) 100vw, 800px\" \/><\/a><\/figure><\/li><li class=\"blocks-gallery-item\"><figure><a href=\"https:\/\/www.sansin.com\/wp-content\/uploads\/EXT-Dec-GeorgianBasy.jpg\"><img decoding=\"async\" width=\"800\" height=\"600\" src=\"https:\/\/www.sansin.com\/wp-content\/uploads\/EXT-Dec-GeorgianBasy.jpg\" alt=\"Georgian Bay\" data-id=\"13023\" data-full-url=\"https:\/\/www.sansin.com\/wp-content\/uploads\/EXT-Dec-GeorgianBasy.jpg\" data-link=\"https:\/\/www.sansin.com\/ext-dec-georgianbasy\/\" class=\"wp-image-13024\" srcset=\"https:\/\/www.sansin.com\/wp-content\/uploads\/EXT-Dec-GeorgianBasy.jpg 800w, https:\/\/www.sansin.com\/wp-content\/uploads\/EXT-Dec-GeorgianBasy-150x113.jpg 150w, https:\/\/www.sansin.com\/wp-content\/uploads\/EXT-Dec-GeorgianBasy-300x225.jpg 300w, https:\/\/www.sansin.com\/wp-content\/uploads\/EXT-Dec-GeorgianBasy-768x576.jpg 768w\" sizes=\"(max-width: 800px) 100vw, 800px\" \/><\/a><\/figure><\/li><li class=\"blocks-gallery-item\"><figure><a href=\"https:\/\/www.sansin.com\/wp-content\/uploads\/EXT-Dec-Muskoka.jpg\"><img decoding=\"async\" width=\"800\" height=\"600\" src=\"https:\/\/www.sansin.com\/wp-content\/uploads\/EXT-Dec-Muskoka.jpg\" alt=\"Dec Muskoka\" data-id=\"13021\" data-full-url=\"https:\/\/www.sansin.com\/wp-content\/uploads\/EXT-Dec-Muskoka.jpg\" data-link=\"https:\/\/www.sansin.com\/ext-dec-muskoka\/\" class=\"wp-image-13022\" srcset=\"https:\/\/www.sansin.com\/wp-content\/uploads\/EXT-Dec-Muskoka.jpg 800w, https:\/\/www.sansin.com\/wp-content\/uploads\/EXT-Dec-Muskoka-150x113.jpg 150w, https:\/\/www.sansin.com\/wp-content\/uploads\/EXT-Dec-Muskoka-300x225.jpg 300w, https:\/\/www.sansin.com\/wp-content\/uploads\/EXT-Dec-Muskoka-768x576.jpg 768w\" sizes=\"(max-width: 800px) 100vw, 800px\" \/><\/a><\/figure><\/li><\/ul><\/figure>\n","protected":false},"excerpt":{"rendered":"<p>Embellissez votre terrasse gr\u00e2ce au produit p\u00e9n\u00e9trant Enviro Stain de Sansin. Lorsque vous choisissez un rev\u00eatement pour une terrasse, vous devez d&rsquo;abord penser au r\u00e9sultat recherch\u00e9. Les produits SDF et Dec de Sansin donnent tous deux un magnifique fini mat facile \u00e0 entretenir et qui laisse le bois bien respirer. Pour un fini plus brillant &#8230; <a title=\"Terrasses\" class=\"read-more\" href=\"https:\/\/www.sansin.com\/fr\/exterieurs\/terrasses\/\" aria-label=\"En savoir plus sur Terrasses\">Lire plus<\/a><\/p>\n","protected":false},"author":6,"featured_media":0,"parent":4752,"menu_order":2,"comment_status":"closed","ping_status":"closed","template":"","meta":{"footnotes":""},"class_list":["post-4761","page","type-page","status-publish"],"aioseo_notices":[],"_links":{"self":[{"href":"https:\/\/www.sansin.com\/fr\/wp-json\/wp\/v2\/pages\/4761","targetHints":{"allow":["GET"]}}],"collection":[{"href":"https:\/\/www.sansin.com\/fr\/wp-json\/wp\/v2\/pages"}],"about":[{"href":"https:\/\/www.sansin.com\/fr\/wp-json\/wp\/v2\/types\/page"}],"author":[{"embeddable":true,"href":"https:\/\/www.sansin.com\/fr\/wp-json\/wp\/v2\/users\/6"}],"replies":[{"embeddable":true,"href":"https:\/\/www.sansin.com\/fr\/wp-json\/wp\/v2\/comments?post=4761"}],"version-history":[{"count":0,"href":"https:\/\/www.sansin.com\/fr\/wp-json\/wp\/v2\/pages\/4761\/revisions"}],"up":[{"embeddable":true,"href":"https:\/\/www.sansin.com\/fr\/wp-json\/wp\/v2\/pages\/4752"}],"wp:attachment":[{"href":"https:\/\/www.sansin.com\/fr\/wp-json\/wp\/v2\/media?parent=4761"}],"curies":[{"name":"wp","href":"https:\/\/api.w.org\/{rel}","templated":true}]}}