{"id":4765,"date":"2013-07-16T19:07:44","date_gmt":"2013-07-16T19:07:44","guid":{"rendered":"http:\/\/www.sansin.com\/?page_id=4765"},"modified":"2023-12-05T16:40:26","modified_gmt":"2023-12-05T21:40:26","slug":"mobilier","status":"publish","type":"page","link":"https:\/\/www.sansin.com\/fr\/exterieurs\/mobilier\/","title":{"rendered":"Mobilier"},"content":{"rendered":"<div class=\"wp-block-image\">\n<figure class=\"alignright size-large is-resized\"><img decoding=\"async\" width=\"1024\" height=\"768\" src=\"https:\/\/www.sansin.com\/wp-content\/uploads\/muskoka-011-1024x768.jpg\" alt=\"Muskoka chairs\" class=\"wp-image-4685\" style=\"width:512px;height:384px\"\/><\/figure>\n<\/div>\n\n\n<h2 class=\"wp-block-heading\">Une protection parfaite pour votre mobilier de jardin, naturellement<\/h2>\n\n\n\n<p>Rien ne fera vibrer davantage votre terrasse que des meubles prot\u00e9g\u00e9s par de magnifiques rev\u00eatements. Le choix offert par Sansin est exceptionnel. Classic p\u00e9n\u00e8tre le bois en profondeur pour donner un fini lisse sup\u00e9rieur aux meubles en teck. SDF est un magnifique rev\u00eatement p\u00e9n\u00e9trant en une couche, facile \u00e0 appliquer et \u00e0 entretenir. Quant au produit isolant ENS, il s\u2019applique en deux couches et assure une protection anti-UV exceptionnelle. Les deux agents p\u00e9n\u00e9trants que sont SDF et Classic donnent un riche fini mat. Dans les deux cas, ENS peut servir de couche de finition. Il poss\u00e8de un somptueux fini lustr\u00e9 qui amplifiera le fil du bois si vous choisissez des produits transparents ou qui le cachera si vous les prenez opaques.<\/p>\n\n\n\n<h2 class=\"wp-block-heading\">Une palette de pr\u00e8s de 100 couleurs \u00e9poustouflantes<\/h2>\n\n\n\n<p>Laissez-vous inspirer par la galerie de photos ci-dessous qui donnent des exemples de superbes meubles prot\u00e9g\u00e9s par les produits Enviro Stain de Sansin ou consultez les <a href=\"https:\/\/www.sansin.com\/fr\/couleurs\/\">couleurs<\/a> afin de trouver des id\u00e9es pour votre projet!<\/p>\n\n\n\n<h2 class=\"wp-block-heading section-heading\">PRODUITS<\/h2>\n\n\n\n<hr class=\"wp-block-separator has-css-opacity is-style-default\"\/>\n\n\n\n<div class=\"wp-block-columns is-layout-flex wp-container-core-columns-is-layout-9d6595d7 wp-block-columns-is-layout-flex\">\n<div class=\"wp-block-column is-layout-flow wp-block-column-is-layout-flow\">\n<div class=\"wp-block-image\"><figure class=\"aligncenter size-full is-resized\"><img decoding=\"async\" src=\"https:\/\/www.sansin.com\/wp-content\/uploads\/\/sdf-large-150x150.jpg\" alt=\"SDF\" class=\"wp-image-8507\" width=\"150\" height=\"150\" srcset=\"https:\/\/www.sansin.com\/wp-content\/uploads\/sdf-large-150x150.jpg 150w, https:\/\/www.sansin.com\/wp-content\/uploads\/sdf-large-100x100.jpg 100w, https:\/\/www.sansin.com\/wp-content\/uploads\/sdf-large.jpg 300w\" sizes=\"(max-width: 150px) 100vw, 150px\" \/><\/figure><\/div>\n\n\n\n<p class=\"product-title\">SDF<\/p>\n\n\n\n<div class=\"wp-block-group product-grey-box\"><div class=\"wp-block-group__inner-container is-layout-flow wp-block-group-is-layout-flow\">\n<p class=\"product-headline\">SDF de Sansin : rev\u00eatement p\u00e9n\u00e9trant en une couche pour le bois ext\u00e9rieur.<\/p>\n\n\n\n<p><strong><a href=\"https:\/\/www.sansin.com\/product\/sdf\/\" title=\"SDF\"><strong><a href=\"https:\/\/www.sansin.com\/fr\/produit\/sdf\/\">VOIR LE PRODUIT >><\/a><\/strong><\/a><\/strong><\/p>\n<\/div><\/div>\n<\/div>\n\n\n\n<div class=\"wp-block-column is-layout-flow wp-block-column-is-layout-flow\"><div class=\"wp-block-image\">\n<figure class=\"aligncenter size-full is-resized\"><img decoding=\"async\" width=\"150\" height=\"150\" src=\"https:\/\/www.sansin.com\/wp-content\/uploads\/\/sdf-large-150x150.jpg\" alt=\"SDF\" class=\"wp-image-8507\" style=\"width:150px;height:150px\" srcset=\"https:\/\/www.sansin.com\/wp-content\/uploads\/sdf-large-150x150.jpg 150w, https:\/\/www.sansin.com\/wp-content\/uploads\/sdf-large-100x100.jpg 100w, https:\/\/www.sansin.com\/wp-content\/uploads\/sdf-large.jpg 300w\" sizes=\"(max-width: 150px) 100vw, 150px\" \/><\/figure>\n<\/div>\n\n\n<p class=\"product-title\">SDF Topcoat<\/p>\n\n\n\n<div class=\"wp-block-group product-grey-box\"><div class=\"wp-block-group__inner-container is-layout-flow wp-block-group-is-layout-flow\">\n<p class=\"product-headline\">SDF Topcoat de Sansin : une protection am\u00e9lior\u00e9e dans un fini satin\u00e9.<\/p>\n\n\n\n<p><strong><a href=\"https:\/\/www.sansin.com\/product\/sdf\/\" title=\"SDF\"><strong><a href=\"https:\/\/www.sansin.com\/fr\/produit\/sdf-top-coat\/\">VOIR LE PRODUIT >><\/a><\/strong><\/a><\/strong><\/p>\n<\/div><\/div>\n<\/div>\n\n\n\n<div class=\"wp-block-column is-layout-flow wp-block-column-is-layout-flow\">\n<div class=\"wp-block-image\"><figure class=\"aligncenter size-full is-resized\"><img decoding=\"async\" src=\"https:\/\/www.sansin.com\/wp-content\/uploads\/WEB-RESI-300.jpg\" alt=\"Resolution 1\" class=\"wp-image-7149\" width=\"150\" height=\"150\" srcset=\"https:\/\/www.sansin.com\/wp-content\/uploads\/WEB-RESI-300.jpg 300w, https:\/\/www.sansin.com\/wp-content\/uploads\/WEB-RESI-300-150x150.jpg 150w, https:\/\/www.sansin.com\/wp-content\/uploads\/WEB-RESI-300-100x100.jpg 100w\" sizes=\"(max-width: 150px) 100vw, 150px\" \/><\/figure><\/div>\n\n\n\n<p class=\"product-title\">Resolution 1<\/p>\n\n\n\n<div class=\"wp-block-group product-grey-box\"><div class=\"wp-block-group__inner-container is-layout-flow wp-block-group-is-layout-flow\">\n<p class=\"product-headline\">Resolution: High-performance penetrating finish for dry wood.<\/p>\n\n\n\n<p>The primer step in the Resolution system \u2013 a penetrating high solids finish that fills wood grain with UV and moisture protection.<\/p>\n\n\n\n<p><strong><a href=\"https:\/\/www.sansin.com\/product\/resolution-i\/\" title=\"RESOLUTION I\">VIEW PRODUCT &gt;&gt;<\/a><\/strong><\/p>\n<\/div><\/div>\n<\/div>\n\n\n\n<div class=\"wp-block-column is-layout-flow wp-block-column-is-layout-flow\">\n<div class=\"wp-block-image\"><figure class=\"aligncenter size-full is-resized\"><img decoding=\"async\" src=\"https:\/\/www.sansin.com\/wp-content\/uploads\/WEB-RESII-300.jpg\" alt=\"Resolution II\" class=\"wp-image-7151\" width=\"150\" height=\"150\" srcset=\"https:\/\/www.sansin.com\/wp-content\/uploads\/WEB-RESII-300.jpg 300w, https:\/\/www.sansin.com\/wp-content\/uploads\/WEB-RESII-300-150x150.jpg 150w, https:\/\/www.sansin.com\/wp-content\/uploads\/WEB-RESII-300-100x100.jpg 100w\" sizes=\"(max-width: 150px) 100vw, 150px\" \/><\/figure><\/div>\n\n\n\n<p class=\"product-title\">Resolution II<\/p>\n\n\n\n<div class=\"wp-block-group product-grey-box\"><div class=\"wp-block-group__inner-container is-layout-flow wp-block-group-is-layout-flow\">\n<p class=\"product-headline\">Resolution: Crystal clear ultra-tough finishing system.<\/p>\n\n\n\n<p>The 2nd step in the Resolution finishing system. Resolution II is a crystal-clear low-VOC finish available in gloss or satin formulas.<\/p>\n\n\n\n<p><strong><a href=\"https:\/\/www.sansin.com\/product\/resolution-ii\/\" title=\"RESOLUTION II\">VIEW PRODUCT &gt;&gt;<\/a><\/strong><\/p>\n<\/div><\/div>\n<\/div>\n<\/div>\n\n\n\n<div class=\"wp-block-columns is-layout-flex wp-container-core-columns-is-layout-9d6595d7 wp-block-columns-is-layout-flex\">\n<div class=\"wp-block-column is-layout-flow wp-block-column-is-layout-flow\">\n<div class=\"wp-block-image\"><figure class=\"aligncenter size-full is-resized\"><img decoding=\"async\" src=\"https:\/\/www.sansin.com\/wp-content\/uploads\/\/ens-large-150x150.jpg\" alt=\"ENS\" class=\"wp-image-8502\" width=\"150\" height=\"150\" srcset=\"https:\/\/www.sansin.com\/wp-content\/uploads\/ens-large-150x150.jpg 150w, https:\/\/www.sansin.com\/wp-content\/uploads\/ens-large-100x100.jpg 100w, https:\/\/www.sansin.com\/wp-content\/uploads\/ens-large.jpg 300w\" sizes=\"(max-width: 150px) 100vw, 150px\" \/><\/figure><\/div>\n\n\n\n<p class=\"product-title\">ENS<\/p>\n\n\n\n<div class=\"wp-block-group product-grey-box\"><div class=\"wp-block-group__inner-container is-layout-flow wp-block-group-is-layout-flow\">\n<p class=\"product-headline\">ENS de Sansin : un fini esth\u00e9tique de qualit\u00e9 sup\u00e9rieure pour tout type de projet, neuf ou ancien.<\/p>\n\n\n\n<p><strong><a href=\"https:\/\/www.sansin.com\/product\/ens\/\" title=\"ENS\"><strong><a href=\"https:\/\/www.sansin.com\/fr\/produit\/ens\/\">VOIR LE PRODUIT >><\/a><\/strong><\/a><\/strong><\/p>\n<\/div><\/div>\n<\/div>\n\n\n\n<div class=\"wp-block-column is-layout-flow wp-block-column-is-layout-flow\"><div class=\"wp-block-image\">\n<figure class=\"aligncenter size-full is-resized\"><img decoding=\"async\" width=\"150\" height=\"150\" src=\"https:\/\/www.sansin.com\/wp-content\/uploads\/\/ens-large-150x150.jpg\" alt=\"ENS\" class=\"wp-image-8502\" style=\"width:150px;height:150px\" srcset=\"https:\/\/www.sansin.com\/wp-content\/uploads\/ens-large-150x150.jpg 150w, https:\/\/www.sansin.com\/wp-content\/uploads\/ens-large-100x100.jpg 100w, https:\/\/www.sansin.com\/wp-content\/uploads\/ens-large.jpg 300w\" sizes=\"(max-width: 150px) 100vw, 150px\" \/><\/figure>\n<\/div>\n\n\n<p class=\"product-title\">ENS Natural TopCoat<\/p>\n\n\n\n<div class=\"wp-block-group product-grey-box\"><div class=\"wp-block-group__inner-container is-layout-flow wp-block-group-is-layout-flow\">\n<p class=\"product-headline\">ENS Naturals Topcoat de Sansin : couche de finition transparente pour bois aux tons naturels.<\/p>\n\n\n\n<p><strong><a href=\"https:\/\/www.sansin.com\/product\/ens-naturals-top-coat\/\" title=\"ENS NATURALS TOP COAT\"><strong><a href=\"https:\/\/www.sansin.com\/fr\/produit\/ens-naturals-top-coat\/\">VOIR LE PRODUIT >><\/a><\/strong><\/a><\/strong><\/p>\n<\/div><\/div>\n<\/div>\n\n\n\n<div class=\"wp-block-column is-layout-flow wp-block-column-is-layout-flow\">\n<div class=\"wp-block-image\"><figure class=\"aligncenter size-full is-resized\"><img decoding=\"async\" src=\"https:\/\/www.sansin.com\/wp-content\/uploads\/\/ens-large-150x150.jpg\" alt=\"ENS\" class=\"wp-image-8502\" width=\"150\" height=\"150\" srcset=\"https:\/\/www.sansin.com\/wp-content\/uploads\/ens-large-150x150.jpg 150w, https:\/\/www.sansin.com\/wp-content\/uploads\/ens-large-100x100.jpg 100w, https:\/\/www.sansin.com\/wp-content\/uploads\/ens-large.jpg 300w\" sizes=\"(max-width: 150px) 100vw, 150px\" \/><\/figure><\/div>\n\n\n\n<p class=\"product-title\">ENS Optimum Clear<\/p>\n\n\n\n<div class=\"wp-block-group product-grey-box\"><div class=\"wp-block-group__inner-container is-layout-flow wp-block-group-is-layout-flow\">\n<p class=\"product-headline\">Couche de finition transparente \u00e0 efficacit\u00e9 maximale.<\/p>\n\n\n\n<p><strong><a href=\"https:\/\/www.sansin.com\/product\/ens-optimum-clear\/\" title=\"ENS OPTIMUM CLEAR\"><strong><a href=\"https:\/\/www.sansin.com\/fr\/produit\/ens-optimum-clear\/\">VOIR LE PRODUIT >><\/a><\/strong><\/a><\/strong><\/p>\n<\/div><\/div>\n<\/div>\n\n\n\n<div class=\"wp-block-column is-layout-flow wp-block-column-is-layout-flow\">\n<div class=\"wp-block-image\"><figure class=\"aligncenter size-full is-resized\"><img decoding=\"async\" src=\"https:\/\/www.sansin.com\/wp-content\/uploads\/\/ardera_large_v2-150x150.jpg\" alt=\"\" class=\"wp-image-8427\" width=\"150\" height=\"150\" srcset=\"https:\/\/www.sansin.com\/wp-content\/uploads\/ardera_large_v2-150x150.jpg 150w, https:\/\/www.sansin.com\/wp-content\/uploads\/ardera_large_v2-100x100.jpg 100w, https:\/\/www.sansin.com\/wp-content\/uploads\/ardera_large_v2.jpg 300w\" sizes=\"(max-width: 150px) 100vw, 150px\" \/><\/figure><\/div>\n\n\n\n<p class=\"has-text-align-left product-title\">Ardera<\/p>\n\n\n\n<div class=\"wp-block-group product-grey-box\"><div class=\"wp-block-group__inner-container is-layout-flow wp-block-group-is-layout-flow\">\n<p class=\"product-headline\">Ardera de Sansin : magnifique rev\u00eatement au lustre sup\u00e9rieur pour tous vos projets, nouveaux ou anciens.<\/p>\n\n\n\n<p><strong><a href=\"https:\/\/www.sansin.com\/product\/ardera\/\" title=\"ARDERA\"><strong><a href=\"https:\/\/www.sansin.com\/fr\/produit\/ardera\/\">VOIR LE PRODUIT >><\/a><\/strong><\/a><\/strong><\/p>\n<\/div><\/div>\n<\/div>\n<\/div>\n\n\n\n<div class=\"wp-block-columns is-layout-flex wp-container-core-columns-is-layout-9d6595d7 wp-block-columns-is-layout-flex\">\n<div class=\"wp-block-column is-layout-flow wp-block-column-is-layout-flow\">\n<div class=\"wp-block-image\"><figure class=\"aligncenter size-full is-resized\"><img decoding=\"async\" src=\"https:\/\/www.sansin.com\/wp-content\/uploads\/\/classic_123_large-150x150.jpg\" alt=\"\" class=\"wp-image-8757\" width=\"150\" height=\"150\" srcset=\"https:\/\/www.sansin.com\/wp-content\/uploads\/classic_123_large-150x150.jpg 150w, https:\/\/www.sansin.com\/wp-content\/uploads\/classic_123_large-100x100.jpg 100w, https:\/\/www.sansin.com\/wp-content\/uploads\/classic_123_large.jpg 300w\" sizes=\"(max-width: 150px) 100vw, 150px\" \/><\/figure><\/div>\n\n\n\n<p class=\"product-title\">Classic<\/p>\n\n\n\n<div class=\"wp-block-group product-grey-box\"><div class=\"wp-block-group__inner-container is-layout-flow wp-block-group-is-layout-flow\">\n<p class=\"product-headline\">Sp\u00e9cialement con\u00e7u pour les structures de grumes et les charpentes en bois.<\/p>\n\n\n\n<p><strong><a href=\"https:\/\/www.sansin.com\/product\/classic\/\" title=\"CLASSIC 1\u00b72\u00b73\"><strong><a href=\"https:\/\/www.sansin.com\/fr\/product\/classic\/\">VOIR LE PRODUIT >><\/a><\/strong><\/a><\/strong><\/p>\n<\/div><\/div>\n<\/div>\n\n\n\n<div class=\"wp-block-column is-layout-flow wp-block-column-is-layout-flow\"><div class=\"wp-block-image\">\n<figure class=\"aligncenter size-full is-resized\"><img decoding=\"async\" width=\"150\" height=\"150\" src=\"https:\/\/www.sansin.com\/wp-content\/uploads\/\/classic_3_large-150x150.jpg\" alt=\"Classic 3\" class=\"wp-image-8501\" style=\"width:150px;height:150px\" srcset=\"https:\/\/www.sansin.com\/wp-content\/uploads\/classic_3_large-150x150.jpg 150w, https:\/\/www.sansin.com\/wp-content\/uploads\/classic_3_large-100x100.jpg 100w, https:\/\/www.sansin.com\/wp-content\/uploads\/classic_3_large.jpg 300w\" sizes=\"(max-width: 150px) 100vw, 150px\" \/><\/figure>\n<\/div>\n\n\n<p class=\"product-title\">Classic TopCoat<\/p>\n\n\n\n<div class=\"wp-block-group product-grey-box\"><div class=\"wp-block-group__inner-container is-layout-flow wp-block-group-is-layout-flow\">\n<p class=\"product-headline\">Rev\u00eatement hautement hydrofuge et couche d\u2019entretien<\/p>\n\n\n\n<p><strong><a href=\"https:\/\/www.sansin.com\/product\/classic-top-coat\/\" title=\"CLASSIC NATURALS TOPCOAT\"><strong><a href=\"https:\/\/www.sansin.com\/fr\/product\/classic-top-coat\/\">VOIR LE PRODUIT >><\/a><\/strong><\/a><\/strong><\/p>\n<\/div><\/div>\n<\/div>\n\n\n\n<div class=\"wp-block-column is-layout-flow wp-block-column-is-layout-flow\">\n<div class=\"wp-block-image\"><figure class=\"aligncenter size-full is-resized\"><img decoding=\"async\" src=\"https:\/\/www.sansin.com\/wp-content\/uploads\/\/eos_large-1-150x150.jpg\" alt=\"EOS can\" class=\"wp-image-11322\" width=\"150\" height=\"150\" srcset=\"https:\/\/www.sansin.com\/wp-content\/uploads\/eos_large-1-150x150.jpg 150w, https:\/\/www.sansin.com\/wp-content\/uploads\/eos_large-1-100x100.jpg 100w, https:\/\/www.sansin.com\/wp-content\/uploads\/eos_large-1.jpg 300w\" sizes=\"(max-width: 150px) 100vw, 150px\" \/><\/figure><\/div>\n\n\n\n<p class=\"product-title\">EOS<\/p>\n\n\n\n<div class=\"wp-block-group product-grey-box\"><div class=\"wp-block-group__inner-container is-layout-flow wp-block-group-is-layout-flow\">\n<p class=\"product-headline\">EOS de Sansin : superbe rev\u00eatement \u00e0 l\u2019eau pour bois en une ou deux couches.<\/p>\n\n\n\n<p><strong><a href=\"https:\/\/www.sansin.com\/product\/eos\/\" title=\"EOS\"><strong><a href=\"https:\/\/www.sansin.com\/fr\/produit\/eos\/\">VOIR LE PRODUIT >><\/a><\/strong><\/a><\/strong><\/p>\n<\/div><\/div>\n<\/div>\n\n\n\n<div class=\"wp-block-column is-layout-flow wp-block-column-is-layout-flow\"><\/div>\n<\/div>\n\n\n\n<h2 class=\"wp-block-heading section-heading\">GALERIE DE PHOTOS<\/h2>\n\n\n\n<hr class=\"wp-block-separator has-css-opacity is-style-default\"\/>\n\n\n\n<div class=\"wp-block-columns is-layout-flex wp-container-core-columns-is-layout-9d6595d7 wp-block-columns-is-layout-flex\">\n<div class=\"wp-block-column is-layout-flow wp-block-column-is-layout-flow\">\n<figure class=\"wp-block-gallery columns-2 wp-block-gallery-1 is-layout-flex wp-block-gallery-is-layout-flex\"><ul class=\"blocks-gallery-grid\"><li class=\"blocks-gallery-item\"><figure><a href=\"https:\/\/www.sansin.com\/wp-content\/uploads\/ENS_Muskoka-Chairs.jpg\"><img decoding=\"async\" width=\"800\" height=\"600\" src=\"https:\/\/www.sansin.com\/wp-content\/uploads\/ENS_Muskoka-Chairs.jpg\" alt=\"Muskoka Chairs\" data-id=\"4647\" data-full-url=\"https:\/\/www.sansin.com\/wp-content\/uploads\/ENS_Muskoka-Chairs.jpg\" data-link=\"https:\/\/www.sansin.com\/ens_muskoka-chairs\/\" class=\"wp-image-5636\" srcset=\"https:\/\/www.sansin.com\/wp-content\/uploads\/ENS_Muskoka-Chairs.jpg 800w, https:\/\/www.sansin.com\/wp-content\/uploads\/ENS_Muskoka-Chairs-150x113.jpg 150w, https:\/\/www.sansin.com\/wp-content\/uploads\/ENS_Muskoka-Chairs-300x225.jpg 300w\" sizes=\"(max-width: 800px) 100vw, 800px\" \/><\/a><\/figure><\/li><li class=\"blocks-gallery-item\"><figure><a href=\"https:\/\/www.sansin.com\/wp-content\/uploads\/ENS_Table-Chairs.jpg\"><img decoding=\"async\" width=\"800\" height=\"600\" src=\"https:\/\/www.sansin.com\/wp-content\/uploads\/ENS_Table-Chairs.jpg\" alt=\"Table and Chairs\" data-id=\"4646\" data-full-url=\"https:\/\/www.sansin.com\/wp-content\/uploads\/ENS_Table-Chairs.jpg\" data-link=\"https:\/\/www.sansin.com\/ens_table-chairs\/\" class=\"wp-image-5635\" srcset=\"https:\/\/www.sansin.com\/wp-content\/uploads\/ENS_Table-Chairs.jpg 800w, https:\/\/www.sansin.com\/wp-content\/uploads\/ENS_Table-Chairs-150x113.jpg 150w, https:\/\/www.sansin.com\/wp-content\/uploads\/ENS_Table-Chairs-300x225.jpg 300w\" sizes=\"(max-width: 800px) 100vw, 800px\" \/><\/a><\/figure><\/li><\/ul><\/figure>\n<\/div>\n\n\n\n<div class=\"wp-block-column is-layout-flow wp-block-column-is-layout-flow\"><\/div>\n<\/div>\n","protected":false},"excerpt":{"rendered":"<p>Une protection parfaite pour votre mobilier de jardin, naturellement Rien ne fera vibrer davantage votre terrasse que des meubles prot\u00e9g\u00e9s par de magnifiques rev\u00eatements. Le choix offert par Sansin est exceptionnel. Classic p\u00e9n\u00e8tre le bois en profondeur pour donner un fini lisse sup\u00e9rieur aux meubles en teck. SDF est un magnifique rev\u00eatement p\u00e9n\u00e9trant en une &#8230; <a title=\"Mobilier\" class=\"read-more\" href=\"https:\/\/www.sansin.com\/fr\/exterieurs\/mobilier\/\" aria-label=\"En savoir plus sur Mobilier\">Lire plus<\/a><\/p>\n","protected":false},"author":6,"featured_media":0,"parent":4752,"menu_order":3,"comment_status":"closed","ping_status":"closed","template":"","meta":{"footnotes":""},"class_list":["post-4765","page","type-page","status-publish"],"aioseo_notices":[],"_links":{"self":[{"href":"https:\/\/www.sansin.com\/fr\/wp-json\/wp\/v2\/pages\/4765","targetHints":{"allow":["GET"]}}],"collection":[{"href":"https:\/\/www.sansin.com\/fr\/wp-json\/wp\/v2\/pages"}],"about":[{"href":"https:\/\/www.sansin.com\/fr\/wp-json\/wp\/v2\/types\/page"}],"author":[{"embeddable":true,"href":"https:\/\/www.sansin.com\/fr\/wp-json\/wp\/v2\/users\/6"}],"replies":[{"embeddable":true,"href":"https:\/\/www.sansin.com\/fr\/wp-json\/wp\/v2\/comments?post=4765"}],"version-history":[{"count":0,"href":"https:\/\/www.sansin.com\/fr\/wp-json\/wp\/v2\/pages\/4765\/revisions"}],"up":[{"embeddable":true,"href":"https:\/\/www.sansin.com\/fr\/wp-json\/wp\/v2\/pages\/4752"}],"wp:attachment":[{"href":"https:\/\/www.sansin.com\/fr\/wp-json\/wp\/v2\/media?parent=4765"}],"curies":[{"name":"wp","href":"https:\/\/api.w.org\/{rel}","templated":true}]}}