{"id":4771,"date":"2013-07-16T19:11:55","date_gmt":"2013-07-16T19:11:55","guid":{"rendered":"http:\/\/www.sansin.com\/protection-des-terrasses-et-des-bois-exterieurs\/fascia-windows-doors\/"},"modified":"2021-12-24T12:11:36","modified_gmt":"2021-12-24T17:11:36","slug":"corniches-fenetres-et-portes","status":"publish","type":"page","link":"https:\/\/www.sansin.com\/fr\/exterieurs\/corniches-fenetres-et-portes\/","title":{"rendered":"CORNICHES, FEN\u00caTRES ET PORTES"},"content":{"rendered":"\n<div class=\"wp-block-image\"><figure class=\"alignright\"><img decoding=\"async\" src=\"https:\/\/www.sansin.com\/wp-content\/uploads\/main_photo_fascia.jpg\" alt=\"Fascia, Windows, and Doors\" class=\"wp-image-2941\"\/><\/figure><\/div>\n\n\n\n<h2 class=\"wp-block-heading\">Une protection durable et r\u00e9sistante pour vos corniches, vos fen\u00eatres et vos portes<\/h2>\n\n\n\n<p>Pourquoi dissimuler le charme de votre bois sous un parement d\u2019aluminium lorsque vous pouvez compter sur l\u2019efficacit\u00e9 et l\u2019aspect \u00e9prouv\u00e9s des rev\u00eatements protecteurs de Sansin? Que vous optiez pour KP-11 ou Foundation \u00e0 l\u2019\u00e9tape de la fabrication ou pour un rev\u00eatement tr\u00e8s p\u00e9n\u00e9trant comme SDF ou Classic sur le chantier, vous obtiendrez la protection et la beaut\u00e9 naturelles que votre travail m\u00e9rite. Dans les deux cas, ENS peut servir de couche de finition. Il poss\u00e8de un somptueux fini lustr\u00e9 qui amplifiera le fil du bois si vous choisissez des produits transparents ou qui le cachera si vous les prenez opaques.<\/p>\n\n\n\n<h2 class=\"wp-block-heading\">Une protection contre les d\u00e9g\u00e2ts de la moisissure et des rayons ultra-violets<\/h2>\n\n\n\n<p>Quel que soit le rev\u00eatement choisi, votre maison profitera de ce qui se fait de mieux et de plus beau en mati\u00e8re de protection du bois. Faites d\u00e9filer la fen\u00eatre jusqu\u2019\u00e0 l\u2019aper\u00e7u de notre gamme de produits pour le bois d\u2019ext\u00e9rieur, ou laissez-vous inspirer par la galerie de photos ci-dessous qui donnent des exemples de projets prot\u00e9g\u00e9s par les produits Foundation, SDF, Classic ou ENS de Sansin.<\/p>\n\n\n\n<h2 class=\"section-heading wp-block-heading\">PRODUITS<\/h2>\n\n\n\n<hr class=\"wp-block-separator is-style-default\"\/>\n\n\n\n<div class=\"wp-block-columns is-layout-flex wp-container-core-columns-is-layout-9d6595d7 wp-block-columns-is-layout-flex\">\n<div class=\"wp-block-column is-layout-flow wp-block-column-is-layout-flow\">\n<div class=\"wp-block-image\"><figure class=\"aligncenter size-full is-resized\"><img decoding=\"async\" src=\"https:\/\/www.sansin.com\/wp-content\/uploads\/\/ardera_large_v2-150x150.jpg\" alt=\"\" class=\"wp-image-8427\" width=\"150\" height=\"150\" srcset=\"https:\/\/www.sansin.com\/wp-content\/uploads\/ardera_large_v2-150x150.jpg 150w, https:\/\/www.sansin.com\/wp-content\/uploads\/ardera_large_v2-100x100.jpg 100w, https:\/\/www.sansin.com\/wp-content\/uploads\/ardera_large_v2.jpg 300w\" sizes=\"(max-width: 150px) 100vw, 150px\" \/><\/figure><\/div>\n\n\n\n<p class=\"has-text-align-left product-title\">Ardera<\/p>\n\n\n\n<div class=\"wp-block-group product-grey-box\"><div class=\"wp-block-group__inner-container is-layout-flow wp-block-group-is-layout-flow\">\n<p class=\"product-headline\">Ardera de Sansin : magnifique rev\u00eatement au lustre sup\u00e9rieur pour tous vos projets, nouveaux ou anciens.<\/p>\n\n\n\n<p><strong><a href=\"https:\/\/www.sansin.com\/product\/ardera\/\" title=\"ARDERA\"><strong><a href=\"https:\/\/www.sansin.com\/fr\/produit\/ardera\/\">VOIR LE PRODUIT >><\/a><\/strong><\/a><\/strong><\/p>\n<\/div><\/div>\n<\/div>\n\n\n\n<div class=\"wp-block-column is-layout-flow wp-block-column-is-layout-flow\">\n<div class=\"wp-block-image\"><figure class=\"aligncenter size-full is-resized\"><img decoding=\"async\" src=\"https:\/\/www.sansin.com\/wp-content\/uploads\/\/ens-large-150x150.jpg\" alt=\"ENS\" class=\"wp-image-8502\" width=\"150\" height=\"150\" srcset=\"https:\/\/www.sansin.com\/wp-content\/uploads\/ens-large-150x150.jpg 150w, https:\/\/www.sansin.com\/wp-content\/uploads\/ens-large-100x100.jpg 100w, https:\/\/www.sansin.com\/wp-content\/uploads\/ens-large.jpg 300w\" sizes=\"(max-width: 150px) 100vw, 150px\" \/><\/figure><\/div>\n\n\n\n<p class=\"product-title\">ENS<\/p>\n\n\n\n<div class=\"wp-block-group product-grey-box\"><div class=\"wp-block-group__inner-container is-layout-flow wp-block-group-is-layout-flow\">\n<p class=\"product-headline\">ENS de Sansin : un fini esth\u00e9tique de qualit\u00e9 sup\u00e9rieure pour tout type de projet, neuf ou ancien.<\/p>\n\n\n\n<p><strong><a href=\"https:\/\/www.sansin.com\/product\/ens\/\" title=\"ENS\"><strong><a href=\"https:\/\/www.sansin.com\/fr\/produit\/ens\/\">VOIR LE PRODUIT >><\/a><\/strong><\/a><\/strong><\/p>\n<\/div><\/div>\n<\/div>\n\n\n\n<div class=\"wp-block-column is-layout-flow wp-block-column-is-layout-flow\">\n<div class=\"wp-block-image\"><figure class=\"aligncenter size-full is-resized\"><img decoding=\"async\" src=\"https:\/\/www.sansin.com\/wp-content\/uploads\/\/ens-large-150x150.jpg\" alt=\"ENS\" class=\"wp-image-8502\" width=\"150\" height=\"150\" srcset=\"https:\/\/www.sansin.com\/wp-content\/uploads\/ens-large-150x150.jpg 150w, https:\/\/www.sansin.com\/wp-content\/uploads\/ens-large-100x100.jpg 100w, https:\/\/www.sansin.com\/wp-content\/uploads\/ens-large.jpg 300w\" sizes=\"(max-width: 150px) 100vw, 150px\" \/><\/figure><\/div>\n\n\n\n<p class=\"product-title\">ENS Optimum Clear<\/p>\n\n\n\n<div class=\"wp-block-group product-grey-box\"><div class=\"wp-block-group__inner-container is-layout-flow wp-block-group-is-layout-flow\">\n<p class=\"product-headline\">Couche de finition transparente \u00e0 efficacit\u00e9 maximale.<\/p>\n\n\n\n<p><strong><a href=\"https:\/\/www.sansin.com\/product\/ens-optimum-clear\/\" title=\"ENS OPTIMUM CLEAR\"><strong><a href=\"https:\/\/www.sansin.com\/fr\/produit\/ens-optimum-clear\/\">VOIR LE PRODUIT >><\/a><\/strong><\/a><\/strong><\/p>\n<\/div><\/div>\n<\/div>\n\n\n\n<div class=\"wp-block-column is-layout-flow wp-block-column-is-layout-flow\">\n<div class=\"wp-block-image\"><figure class=\"aligncenter size-full is-resized\"><img decoding=\"async\" src=\"https:\/\/www.sansin.com\/wp-content\/uploads\/\/eos_large-1-150x150.jpg\" alt=\"EOS can\" class=\"wp-image-11322\" width=\"150\" height=\"150\" srcset=\"https:\/\/www.sansin.com\/wp-content\/uploads\/eos_large-1-150x150.jpg 150w, https:\/\/www.sansin.com\/wp-content\/uploads\/eos_large-1-100x100.jpg 100w, https:\/\/www.sansin.com\/wp-content\/uploads\/eos_large-1.jpg 300w\" sizes=\"(max-width: 150px) 100vw, 150px\" \/><\/figure><\/div>\n\n\n\n<p class=\"product-title\">EOS<\/p>\n\n\n\n<div class=\"wp-block-group product-grey-box\"><div class=\"wp-block-group__inner-container is-layout-flow wp-block-group-is-layout-flow\">\n<p class=\"product-headline\">EOS de Sansin : superbe rev\u00eatement \u00e0 l\u2019eau pour bois en une ou deux couches.<\/p>\n\n\n\n<p><strong><a href=\"https:\/\/www.sansin.com\/product\/eos\/\" title=\"EOS\"><strong><a href=\"https:\/\/www.sansin.com\/fr\/produit\/eos\/\">VOIR LE PRODUIT >><\/a><\/strong><\/a><\/strong><\/p>\n<\/div><\/div>\n<\/div>\n<\/div>\n\n\n\n<div class=\"wp-block-columns is-layout-flex wp-container-core-columns-is-layout-9d6595d7 wp-block-columns-is-layout-flex\">\n<div class=\"wp-block-column is-layout-flow wp-block-column-is-layout-flow\">\n<div class=\"wp-block-image\"><figure class=\"aligncenter size-full is-resized\"><img decoding=\"async\" src=\"https:\/\/www.sansin.com\/wp-content\/uploads\/\/foundation-large-150x150.jpg\" alt=\"Foundation\" class=\"wp-image-8485\" width=\"150\" height=\"150\" srcset=\"https:\/\/www.sansin.com\/wp-content\/uploads\/foundation-large-150x150.jpg 150w, https:\/\/www.sansin.com\/wp-content\/uploads\/foundation-large-100x100.jpg 100w, https:\/\/www.sansin.com\/wp-content\/uploads\/foundation-large.jpg 300w\" sizes=\"(max-width: 150px) 100vw, 150px\" \/><\/figure><\/div>\n\n\n\n<p class=\"product-title\">Foundation<\/p>\n\n\n\n<div class=\"wp-block-group product-grey-box\"><div class=\"wp-block-group__inner-container is-layout-flow wp-block-group-is-layout-flow\">\n<p class=\"product-headline\">Foundation de Sansin : couche de fond p\u00e9n\u00e9trante qui renforce la couche de finition.<\/p>\n\n\n\n<p><strong><a href=\"https:\/\/www.sansin.com\/product\/foundation\/\" title=\"FOUNDATION\"><strong><a href=\"https:\/\/www.sansin.com\/fr\/produit\/foundation\/\">VOIR LE PRODUIT >><\/a><\/strong><\/a><\/strong><\/p>\n<\/div><\/div>\n<\/div>\n\n\n\n<div class=\"wp-block-column is-layout-flow wp-block-column-is-layout-flow\">\n<div class=\"wp-block-image\"><figure class=\"aligncenter size-full is-resized\"><img decoding=\"async\" src=\"https:\/\/www.sansin.com\/wp-content\/uploads\/\/Resolution_1_2-Can-300-150x150.jpg\" alt=\"Resolution\" class=\"wp-image-8811\" width=\"150\" height=\"150\" srcset=\"https:\/\/www.sansin.com\/wp-content\/uploads\/Resolution_1_2-Can-300-150x150.jpg 150w, https:\/\/www.sansin.com\/wp-content\/uploads\/Resolution_1_2-Can-300-100x100.jpg 100w, https:\/\/www.sansin.com\/wp-content\/uploads\/Resolution_1_2-Can-300.jpg 300w\" sizes=\"(max-width: 150px) 100vw, 150px\" \/><\/figure><\/div>\n\n\n\n<p class=\"product-title\">Resolution<\/p>\n\n\n\n<div class=\"wp-block-group product-grey-box\"><div class=\"wp-block-group__inner-container is-layout-flow wp-block-group-is-layout-flow\">\n<p class=\"product-headline\">Resolution : syst\u00e8me de finition pour le bois \u00e0 haute performance.<\/p>\n\n\n\n<p><strong><a href=\"https:\/\/www.sansin.com\/product\/resolution\/\" title=\"RESOLUTION\"><strong><a href=\"https:\/\/www.sansin.com\/fr\/produit\/resolution\/\">VOIR LE PRODUIT >><\/a><\/strong><\/a><\/strong><\/p>\n<\/div><\/div>\n<\/div>\n\n\n\n<div class=\"wp-block-column is-layout-flow wp-block-column-is-layout-flow\">\n<div class=\"wp-block-image\"><figure class=\"aligncenter size-full is-resized\"><img decoding=\"async\" src=\"https:\/\/www.sansin.com\/wp-content\/uploads\/\/sdf-large-150x150.jpg\" alt=\"SDF\" class=\"wp-image-8507\" width=\"150\" height=\"150\" srcset=\"https:\/\/www.sansin.com\/wp-content\/uploads\/sdf-large-150x150.jpg 150w, https:\/\/www.sansin.com\/wp-content\/uploads\/sdf-large-100x100.jpg 100w, https:\/\/www.sansin.com\/wp-content\/uploads\/sdf-large.jpg 300w\" sizes=\"(max-width: 150px) 100vw, 150px\" \/><\/figure><\/div>\n\n\n\n<p class=\"product-title\">SDF<\/p>\n\n\n\n<div class=\"wp-block-group product-grey-box\"><div class=\"wp-block-group__inner-container is-layout-flow wp-block-group-is-layout-flow\">\n<p class=\"product-headline\">SDF de Sansin : rev\u00eatement p\u00e9n\u00e9trant en une couche pour le bois ext\u00e9rieur.<\/p>\n\n\n\n<p><strong><a href=\"https:\/\/www.sansin.com\/product\/sdf\/\" title=\"SDF\"><strong><a href=\"https:\/\/www.sansin.com\/fr\/produit\/sdf\/\">VOIR LE PRODUIT >><\/a><\/strong><\/a><\/strong><\/p>\n<\/div><\/div>\n<\/div>\n\n\n\n<div class=\"wp-block-column is-layout-flow wp-block-column-is-layout-flow\"><\/div>\n<\/div>\n\n\n\n<h2 class=\"section-heading wp-block-heading\">GALERIE DE PHOTOS<\/h2>\n\n\n\n<hr class=\"wp-block-separator is-style-default\"\/>\n\n\n\n<figure class=\"wp-block-gallery columns-6 is-cropped wp-block-gallery-1 is-layout-flex wp-block-gallery-is-layout-flex\"><ul class=\"blocks-gallery-grid\"><li class=\"blocks-gallery-item\"><figure><a href=\"https:\/\/www.sansin.com\/wp-content\/uploads\/EXT-SDF-Lindwoodhome.jpg\"><img decoding=\"async\" width=\"800\" height=\"600\" src=\"https:\/\/www.sansin.com\/wp-content\/uploads\/EXT-SDF-Lindwoodhome.jpg\" alt=\"Lind wood home\" data-id=\"13061\" data-full-url=\"https:\/\/www.sansin.com\/wp-content\/uploads\/EXT-SDF-Lindwoodhome.jpg\" data-link=\"https:\/\/www.sansin.com\/ext-sdf-lindwoodhome\/\" class=\"wp-image-13062\" srcset=\"https:\/\/www.sansin.com\/wp-content\/uploads\/EXT-SDF-Lindwoodhome.jpg 800w, https:\/\/www.sansin.com\/wp-content\/uploads\/EXT-SDF-Lindwoodhome-150x113.jpg 150w, https:\/\/www.sansin.com\/wp-content\/uploads\/EXT-SDF-Lindwoodhome-300x225.jpg 300w, https:\/\/www.sansin.com\/wp-content\/uploads\/EXT-SDF-Lindwoodhome-768x576.jpg 768w\" sizes=\"(max-width: 800px) 100vw, 800px\" \/><\/a><\/figure><\/li><li class=\"blocks-gallery-item\"><figure><a href=\"https:\/\/www.sansin.com\/wp-content\/uploads\/EXT-ENS-Banserhome2.jpg\"><img decoding=\"async\" width=\"800\" height=\"600\" src=\"https:\/\/www.sansin.com\/wp-content\/uploads\/EXT-ENS-Banserhome2.jpg\" alt=\"Banserhome 2\" data-id=\"12983\" data-full-url=\"https:\/\/www.sansin.com\/wp-content\/uploads\/EXT-ENS-Banserhome2.jpg\" data-link=\"https:\/\/www.sansin.com\/ext-ens-banserhome2\/\" class=\"wp-image-12984\" srcset=\"https:\/\/www.sansin.com\/wp-content\/uploads\/EXT-ENS-Banserhome2.jpg 800w, https:\/\/www.sansin.com\/wp-content\/uploads\/EXT-ENS-Banserhome2-150x113.jpg 150w, https:\/\/www.sansin.com\/wp-content\/uploads\/EXT-ENS-Banserhome2-300x225.jpg 300w, https:\/\/www.sansin.com\/wp-content\/uploads\/EXT-ENS-Banserhome2-768x576.jpg 768w\" sizes=\"(max-width: 800px) 100vw, 800px\" \/><\/a><\/figure><\/li><li class=\"blocks-gallery-item\"><figure><a href=\"https:\/\/www.sansin.com\/wp-content\/uploads\/EXT-ENS-Banserhome1.jpg\"><img decoding=\"async\" width=\"800\" height=\"600\" src=\"https:\/\/www.sansin.com\/wp-content\/uploads\/EXT-ENS-Banserhome1.jpg\" alt=\"Banser home 1\" data-id=\"12529\" data-full-url=\"https:\/\/www.sansin.com\/wp-content\/uploads\/EXT-ENS-Banserhome1.jpg\" data-link=\"https:\/\/www.sansin.com\/ext-ens-banserhome1\/\" class=\"wp-image-12530\" srcset=\"https:\/\/www.sansin.com\/wp-content\/uploads\/EXT-ENS-Banserhome1.jpg 800w, https:\/\/www.sansin.com\/wp-content\/uploads\/EXT-ENS-Banserhome1-150x113.jpg 150w, https:\/\/www.sansin.com\/wp-content\/uploads\/EXT-ENS-Banserhome1-300x225.jpg 300w, https:\/\/www.sansin.com\/wp-content\/uploads\/EXT-ENS-Banserhome1-768x576.jpg 768w\" sizes=\"(max-width: 800px) 100vw, 800px\" \/><\/a><\/figure><\/li><li class=\"blocks-gallery-item\"><figure><a href=\"https:\/\/www.sansin.com\/wp-content\/uploads\/EXT-ENS-loghomeMontereyRed.jpg\"><img decoding=\"async\" width=\"800\" height=\"600\" src=\"https:\/\/www.sansin.com\/wp-content\/uploads\/EXT-ENS-loghomeMontereyRed.jpg\" alt=\"log home\" data-id=\"13031\" data-full-url=\"https:\/\/www.sansin.com\/wp-content\/uploads\/EXT-ENS-loghomeMontereyRed.jpg\" data-link=\"https:\/\/www.sansin.com\/ext-ens-loghomemontereyred\/\" class=\"wp-image-13032\" srcset=\"https:\/\/www.sansin.com\/wp-content\/uploads\/EXT-ENS-loghomeMontereyRed.jpg 800w, https:\/\/www.sansin.com\/wp-content\/uploads\/EXT-ENS-loghomeMontereyRed-150x113.jpg 150w, https:\/\/www.sansin.com\/wp-content\/uploads\/EXT-ENS-loghomeMontereyRed-300x225.jpg 300w, https:\/\/www.sansin.com\/wp-content\/uploads\/EXT-ENS-loghomeMontereyRed-768x576.jpg 768w\" sizes=\"(max-width: 800px) 100vw, 800px\" \/><\/a><\/figure><\/li><li class=\"blocks-gallery-item\"><figure><a href=\"https:\/\/www.sansin.com\/wp-content\/uploads\/EXT-SDF-Greenhome1.jpg\"><img decoding=\"async\" width=\"800\" height=\"600\" src=\"https:\/\/www.sansin.com\/wp-content\/uploads\/EXT-SDF-Greenhome1.jpg\" alt=\"Green Home 1\" data-id=\"12539\" data-full-url=\"https:\/\/www.sansin.com\/wp-content\/uploads\/EXT-SDF-Greenhome1.jpg\" data-link=\"https:\/\/www.sansin.com\/ext-sdf-greenhome1\/\" class=\"wp-image-12540\" srcset=\"https:\/\/www.sansin.com\/wp-content\/uploads\/EXT-SDF-Greenhome1.jpg 800w, https:\/\/www.sansin.com\/wp-content\/uploads\/EXT-SDF-Greenhome1-150x113.jpg 150w, https:\/\/www.sansin.com\/wp-content\/uploads\/EXT-SDF-Greenhome1-300x225.jpg 300w, https:\/\/www.sansin.com\/wp-content\/uploads\/EXT-SDF-Greenhome1-768x576.jpg 768w\" sizes=\"(max-width: 800px) 100vw, 800px\" \/><\/a><\/figure><\/li><li class=\"blocks-gallery-item\"><figure><a href=\"https:\/\/www.sansin.com\/wp-content\/uploads\/SDF_KP11-Garage-Door.jpg\"><img decoding=\"async\" width=\"800\" height=\"600\" src=\"https:\/\/www.sansin.com\/wp-content\/uploads\/SDF_KP11-Garage-Door.jpg\" alt=\"garage door\" data-id=\"4649\" data-full-url=\"https:\/\/www.sansin.com\/wp-content\/uploads\/SDF_KP11-Garage-Door.jpg\" data-link=\"https:\/\/www.sansin.com\/sdf_kp11-garage-door\/\" class=\"wp-image-5638\" srcset=\"https:\/\/www.sansin.com\/wp-content\/uploads\/SDF_KP11-Garage-Door.jpg 800w, https:\/\/www.sansin.com\/wp-content\/uploads\/SDF_KP11-Garage-Door-150x113.jpg 150w, https:\/\/www.sansin.com\/wp-content\/uploads\/SDF_KP11-Garage-Door-300x225.jpg 300w\" sizes=\"(max-width: 800px) 100vw, 800px\" \/><\/a><\/figure><\/li><li class=\"blocks-gallery-item\"><figure><a href=\"https:\/\/www.sansin.com\/wp-content\/uploads\/Classic_SDF_Garage-Doors.jpg\"><img decoding=\"async\" width=\"800\" height=\"600\" src=\"https:\/\/www.sansin.com\/wp-content\/uploads\/Classic_SDF_Garage-Doors.jpg\" alt=\"Garage door\" data-id=\"4648\" data-full-url=\"https:\/\/www.sansin.com\/wp-content\/uploads\/Classic_SDF_Garage-Doors.jpg\" data-link=\"https:\/\/www.sansin.com\/classic_sdf_garage-doors\/\" class=\"wp-image-5637\" srcset=\"https:\/\/www.sansin.com\/wp-content\/uploads\/Classic_SDF_Garage-Doors.jpg 800w, https:\/\/www.sansin.com\/wp-content\/uploads\/Classic_SDF_Garage-Doors-150x113.jpg 150w, https:\/\/www.sansin.com\/wp-content\/uploads\/Classic_SDF_Garage-Doors-300x225.jpg 300w\" sizes=\"(max-width: 800px) 100vw, 800px\" \/><\/a><\/figure><\/li><\/ul><\/figure>\n","protected":false},"excerpt":{"rendered":"<p>Une protection durable et r\u00e9sistante pour vos corniches, vos fen\u00eatres et vos portes Pourquoi dissimuler le charme de votre bois sous un parement d\u2019aluminium lorsque vous pouvez compter sur l\u2019efficacit\u00e9 et l\u2019aspect \u00e9prouv\u00e9s des rev\u00eatements protecteurs de Sansin? Que vous optiez pour KP-11 ou Foundation \u00e0 l\u2019\u00e9tape de la fabrication ou pour un rev\u00eatement tr\u00e8s &#8230; <a title=\"CORNICHES, FEN\u00caTRES ET PORTES\" class=\"read-more\" href=\"https:\/\/www.sansin.com\/fr\/exterieurs\/corniches-fenetres-et-portes\/\" aria-label=\"En savoir plus sur CORNICHES, FEN\u00caTRES ET PORTES\">Lire plus<\/a><\/p>\n","protected":false},"author":6,"featured_media":0,"parent":4752,"menu_order":4,"comment_status":"closed","ping_status":"closed","template":"","meta":{"footnotes":""},"class_list":["post-4771","page","type-page","status-publish"],"aioseo_notices":[],"_links":{"self":[{"href":"https:\/\/www.sansin.com\/fr\/wp-json\/wp\/v2\/pages\/4771","targetHints":{"allow":["GET"]}}],"collection":[{"href":"https:\/\/www.sansin.com\/fr\/wp-json\/wp\/v2\/pages"}],"about":[{"href":"https:\/\/www.sansin.com\/fr\/wp-json\/wp\/v2\/types\/page"}],"author":[{"embeddable":true,"href":"https:\/\/www.sansin.com\/fr\/wp-json\/wp\/v2\/users\/6"}],"replies":[{"embeddable":true,"href":"https:\/\/www.sansin.com\/fr\/wp-json\/wp\/v2\/comments?post=4771"}],"version-history":[{"count":0,"href":"https:\/\/www.sansin.com\/fr\/wp-json\/wp\/v2\/pages\/4771\/revisions"}],"up":[{"embeddable":true,"href":"https:\/\/www.sansin.com\/fr\/wp-json\/wp\/v2\/pages\/4752"}],"wp:attachment":[{"href":"https:\/\/www.sansin.com\/fr\/wp-json\/wp\/v2\/media?parent=4771"}],"curies":[{"name":"wp","href":"https:\/\/api.w.org\/{rel}","templated":true}]}}