{"id":4775,"date":"2013-07-30T17:17:36","date_gmt":"2013-07-30T17:17:36","guid":{"rendered":"http:\/\/www.sansin.com\/protection-des-terrasses-et-des-bois-exterieurs\/sealers\/"},"modified":"2022-01-21T16:17:07","modified_gmt":"2022-01-21T21:17:07","slug":"isolation-du-bois","status":"publish","type":"page","link":"https:\/\/www.sansin.com\/fr\/exterieurs\/isolation-du-bois\/","title":{"rendered":"ISOLATION DU BOIS"},"content":{"rendered":"\n<div class=\"wp-block-image\"><figure class=\"alignright\"><img decoding=\"async\" src=\"https:\/\/www.sansin.com\/wp-content\/uploads\/main_photo_sealers.jpg\" alt=\"Wood Sealers\" class=\"wp-image-2950\"\/><\/figure><\/div>\n\n\n\n<h2 class=\"wp-block-heading\">Pour l\u2019isolation et la protection du bois non trait\u00e9 et de la ma\u00e7onnerie<\/h2>\n\n\n\n<p>Le bois argent\u00e9 blanchi sous l\u2019effet du climat est une v\u00e9ritable splendeur. Mais il n\u2019en reste pas moins qu\u2019il faut le prot\u00e9ger contre les effets de l\u2019eau et des rayons ultra-violets. Dans cette optique, Sansin a cr\u00e9\u00e9 un produit \u00e9cologique d\u2019isolation du bois qui repousse \u00e9nergiquement la pluie et l\u2019eau tout en laissant le bois respirer et blanchir uniform\u00e9ment. Voil\u00e0 qui est parfait pour une vari\u00e9t\u00e9 de surfaces comme les terrasses, les parements et les bardeaux.<\/p>\n\n\n\n<p>Sansin s\u2019engage \u00e0 prot\u00e9ger votre maison dans ses moindres recoins. L\u2019eau peut provoquer des fentes et des t\u00e2ches en s\u2019infiltrant dans les mat\u00e9riaux, m\u00eame s\u2019ils ne sont pas organiques comme le b\u00e9ton et la ma\u00e7onnerie. Sansin a donc cr\u00e9\u00e9 un agent d\u2019\u00e9tanch\u00e9it\u00e9 sp\u00e9cialement con\u00e7u pour prot\u00e9ger des rigueurs du climat les ouvrages de surface en b\u00e9ton et en ma\u00e7onnerie nouveaux ou anciens. Convient \u00e0 une vaste gamme de surfaces comme les murs et les chemin\u00e9es de brique, le stucco, les tuiles de couverture, le b\u00e9ton et la ma\u00e7onnerie.<\/p>\n\n\n\n<h2 class=\"section-heading wp-block-heading\">PRODUITS<\/h2>\n\n\n\n<hr class=\"wp-block-separator is-style-default\"\/>\n\n\n\n<div class=\"wp-block-columns is-layout-flex wp-container-core-columns-is-layout-9d6595d7 wp-block-columns-is-layout-flex\">\n<div class=\"wp-block-column is-layout-flow wp-block-column-is-layout-flow\">\n<div class=\"wp-block-image\"><figure class=\"aligncenter size-medium is-resized\"><img decoding=\"async\" src=\"https:\/\/www.sansin.com\/wp-content\/uploads\/\/lg_AQUA-GARD-150x150.jpg\" alt=\"AQUA-GARD bottle\" class=\"wp-image-11131\" width=\"150\" height=\"150\" srcset=\"https:\/\/www.sansin.com\/wp-content\/uploads\/lg_AQUA-GARD-150x150.jpg 150w, https:\/\/www.sansin.com\/wp-content\/uploads\/lg_AQUA-GARD-300x300.jpg 300w, https:\/\/www.sansin.com\/wp-content\/uploads\/lg_AQUA-GARD-100x100.jpg 100w, https:\/\/www.sansin.com\/wp-content\/uploads\/lg_AQUA-GARD.jpg 430w\" sizes=\"(max-width: 150px) 100vw, 150px\" \/><\/figure><\/div>\n\n\n\n<p class=\"product-title\">Aqua-Gard<\/p>\n\n\n\n<div class=\"wp-block-group product-grey-box\"><div class=\"wp-block-group__inner-container is-layout-flow wp-block-group-is-layout-flow\">\n<p class=\"product-headline\">Aqua-Gard de Sansin : une couche de protection pour le b\u00e9ton et la ma\u00e7onnerie.<\/p>\n\n\n\n<p><strong><a href=\"https:\/\/www.sansin.com\/product\/aqua-gard\/\" title=\"AQUA-GARD\"><strong><a href=\"https:\/\/www.sansin.com\/fr\/produit\/aqua-gard\/\">VOIR LE PRODUIT >><\/a><\/strong><\/a><\/strong><\/p>\n<\/div><\/div>\n<\/div>\n\n\n\n<div class=\"wp-block-column is-layout-flow wp-block-column-is-layout-flow\">\n<div class=\"wp-block-image\"><figure class=\"aligncenter size-full is-resized\"><img decoding=\"async\" src=\"https:\/\/www.sansin.com\/wp-content\/uploads\/END-SEAL-product.jpg\" alt=\"END SEALER\" class=\"wp-image-10172\" width=\"150\" height=\"150\" srcset=\"https:\/\/www.sansin.com\/wp-content\/uploads\/END-SEAL-product.jpg 300w, https:\/\/www.sansin.com\/wp-content\/uploads\/END-SEAL-product-150x150.jpg 150w, https:\/\/www.sansin.com\/wp-content\/uploads\/END-SEAL-product-100x100.jpg 100w\" sizes=\"(max-width: 150px) 100vw, 150px\" \/><\/figure><\/div>\n\n\n\n<p class=\"product-title\">End Seal<\/p>\n\n\n\n<div class=\"wp-block-group product-grey-box\"><div class=\"wp-block-group__inner-container is-layout-flow wp-block-group-is-layout-flow\">\n<p class=\"product-headline\">One coat system that controls moisture movement in wood.<\/p>\n\n\n\n<p><\/p>\n\n\n\n<p><strong><a href=\"https:\/\/www.sansin.com\/product\/end-sealer\/\" title=\"END SEAL\">VIEW PRODUCT &gt;&gt;<\/a><\/strong><\/p>\n<\/div><\/div>\n<\/div>\n\n\n\n<div class=\"wp-block-column is-layout-flow wp-block-column-is-layout-flow\">\n<div class=\"wp-block-image\"><figure class=\"aligncenter size-full is-resized\"><img decoding=\"async\" src=\"https:\/\/www.sansin.com\/wp-content\/uploads\/\/foundation-large-150x150.jpg\" alt=\"Foundation\" class=\"wp-image-8485\" width=\"150\" height=\"150\" srcset=\"https:\/\/www.sansin.com\/wp-content\/uploads\/foundation-large-150x150.jpg 150w, https:\/\/www.sansin.com\/wp-content\/uploads\/foundation-large-100x100.jpg 100w, https:\/\/www.sansin.com\/wp-content\/uploads\/foundation-large.jpg 300w\" sizes=\"(max-width: 150px) 100vw, 150px\" \/><\/figure><\/div>\n\n\n\n<p class=\"product-title\">Foundation<\/p>\n\n\n\n<div class=\"wp-block-group product-grey-box\"><div class=\"wp-block-group__inner-container is-layout-flow wp-block-group-is-layout-flow\">\n<p class=\"product-headline\">Foundation de Sansin : couche de fond p\u00e9n\u00e9trante qui renforce la couche de finition.<\/p>\n\n\n\n<p><strong><a href=\"https:\/\/www.sansin.com\/product\/foundation\/\" title=\"FOUNDATION\"><strong><a href=\"https:\/\/www.sansin.com\/fr\/produit\/foundation\/\">VOIR LE PRODUIT >><\/a><\/strong><\/a><\/strong><\/p>\n<\/div><\/div>\n<\/div>\n\n\n\n<div class=\"wp-block-column is-layout-flow wp-block-column-is-layout-flow\">\n<div class=\"wp-block-image\"><figure class=\"aligncenter size-full is-resized\"><img decoding=\"async\" src=\"https:\/\/www.sansin.com\/wp-content\/uploads\/\/Protect-A-Cut-combo-large-150x150.jpg\" alt=\"\" class=\"wp-image-8802\" width=\"150\" height=\"150\" srcset=\"https:\/\/www.sansin.com\/wp-content\/uploads\/Protect-A-Cut-combo-large-150x150.jpg 150w, https:\/\/www.sansin.com\/wp-content\/uploads\/Protect-A-Cut-combo-large-100x100.jpg 100w, https:\/\/www.sansin.com\/wp-content\/uploads\/Protect-A-Cut-combo-large.jpg 300w\" sizes=\"(max-width: 150px) 100vw, 150px\" \/><\/figure><\/div>\n\n\n\n<p class=\"product-title\">Protect-A-Cut<\/p>\n\n\n\n<div class=\"wp-block-group product-grey-box\"><div class=\"wp-block-group__inner-container is-layout-flow wp-block-group-is-layout-flow\">\n<p class=\"product-headline\">Rev\u00eatement protecteur r\u00e9sistant \u00e0 l\u2019eau pour les extr\u00e9mit\u00e9s du bois trait\u00e9 sous pression.<\/p>\n\n\n\n<p><strong><a href=\"https:\/\/www.sansin.com\/product\/protect-a-cut\/\" title=\"PROTECT-A-CUT\"><strong><a href=\"https:\/\/www.sansin.com\/fr\/produit\/protect-a-cut\/\">VOIR LE PRODUIT >><\/a><\/strong><\/a><\/strong><\/p>\n<\/div><\/div>\n<\/div>\n<\/div>\n\n\n\n<div class=\"wp-block-columns is-layout-flex wp-container-core-columns-is-layout-9d6595d7 wp-block-columns-is-layout-flex\">\n<div class=\"wp-block-column is-layout-flow wp-block-column-is-layout-flow\">\n<div class=\"wp-block-image\"><figure class=\"aligncenter size-full is-resized\"><img decoding=\"async\" src=\"https:\/\/www.sansin.com\/wp-content\/uploads\/\/roof-tec-large-150x150.jpg\" alt=\"Roof-Tec\" class=\"wp-image-8497\" width=\"150\" height=\"150\" srcset=\"https:\/\/www.sansin.com\/wp-content\/uploads\/roof-tec-large-150x150.jpg 150w, https:\/\/www.sansin.com\/wp-content\/uploads\/roof-tec-large-100x100.jpg 100w, https:\/\/www.sansin.com\/wp-content\/uploads\/roof-tec-large.jpg 300w\" sizes=\"(max-width: 150px) 100vw, 150px\" \/><\/figure><\/div>\n\n\n\n<p class=\"product-title\">Roof-Tec<\/p>\n\n\n\n<div class=\"wp-block-group product-grey-box\"><div class=\"wp-block-group__inner-container is-layout-flow wp-block-group-is-layout-flow\">\n<p class=\"product-headline\">Roof-Tec de Sansin : fini \u00e0 deux couches qui prolonge la vie et la beaut\u00e9 des toits de bardeaux de c\u00e8dre.<\/p>\n\n\n\n<p><strong><a href=\"https:\/\/www.sansin.com\/product\/roof-tec\/\" title=\"ROOF-TEC\"><strong><a href=\"https:\/\/www.sansin.com\/fr\/produit\/roof-tec\/\">VOIR LE PRODUIT >><\/a><\/strong><\/a><\/strong><\/p>\n<\/div><\/div>\n<\/div>\n\n\n\n<div class=\"wp-block-column is-layout-flow wp-block-column-is-layout-flow\"><div class=\"wp-block-image\">\n<figure class=\"aligncenter size-full is-resized\"><img decoding=\"async\" width=\"150\" height=\"150\" src=\"https:\/\/www.sansin.com\/wp-content\/uploads\/\/stain-blocking-300-150x150.jpg\" alt=\"Stain Blocking Primer\" class=\"wp-image-9580\" style=\"width:150px;height:150px\" srcset=\"https:\/\/www.sansin.com\/wp-content\/uploads\/stain-blocking-300-150x150.jpg 150w, https:\/\/www.sansin.com\/wp-content\/uploads\/stain-blocking-300-100x100.jpg 100w, https:\/\/www.sansin.com\/wp-content\/uploads\/stain-blocking-300.jpg 300w\" sizes=\"(max-width: 150px) 100vw, 150px\" \/><\/figure>\n<\/div>\n\n\n<p class=\"product-title\">Stain Blocking Primer<\/p>\n\n\n\n<div class=\"wp-block-group product-grey-box\"><div class=\"wp-block-group__inner-container is-layout-flow wp-block-group-is-layout-flow\">\n<p class=\"product-headline\">Un appr\u00eat hybride \u00e0 base d\u2019eau, p\u00e9n\u00e9trant, aqueux, \u00e0 faible COV.<\/p>\n\n\n\n<p><\/p>\n\n\n\n<p><strong><a href=\"https:\/\/www.sansin.com\/fr\/produit\/stain-blocking-primer\/\"><\/a><strong><a href=\"https:\/\/www.sansin.com\/fr\/produit\/stain-blocking-primer\/\" data-type=\"product\" data-id=\"14049\">VOIR LE PRODUIT >><\/a><\/strong><\/strong><\/p>\n<\/div><\/div>\n<\/div>\n\n\n\n<div class=\"wp-block-column is-layout-flow wp-block-column-is-layout-flow\">\n<div class=\"wp-block-image\"><figure class=\"aligncenter size-full is-resized\"><img decoding=\"async\" src=\"https:\/\/www.sansin.com\/wp-content\/uploads\/\/woodforce_300-150x150.jpg\" alt=\"WOODFORCE\" class=\"wp-image-12747\" width=\"150\" height=\"150\" srcset=\"https:\/\/www.sansin.com\/wp-content\/uploads\/woodforce_300-150x150.jpg 150w, https:\/\/www.sansin.com\/wp-content\/uploads\/woodforce_300-100x100.jpg 100w, https:\/\/www.sansin.com\/wp-content\/uploads\/woodforce_300.jpg 300w\" sizes=\"(max-width: 150px) 100vw, 150px\" \/><\/figure><\/div>\n\n\n\n<p class=\"product-title\">Woodforce<\/p>\n\n\n\n<div class=\"wp-block-group product-grey-box\"><div class=\"wp-block-group__inner-container is-layout-flow wp-block-group-is-layout-flow\">\n<p class=\"product-headline\">Finition haute performance \u00e0 tr\u00e8s faible teneur en COV pour un look naturellement patin\u00e9.<\/p>\n\n\n\n<p><strong><strong><a href=\"https:\/\/www.sansin.com\/fr\/produit\/woodforce\/\">VOIR LE PRODUIT >><\/a><\/strong><\/strong><\/p>\n<\/div><\/div>\n<\/div>\n\n\n\n<div class=\"wp-block-column is-layout-flow wp-block-column-is-layout-flow\">\n<div class=\"wp-block-image\"><figure class=\"aligncenter size-full is-resized\"><img decoding=\"async\" src=\"https:\/\/www.sansin.com\/wp-content\/uploads\/\/Wood-Sealer-large-150x150.jpg\" alt=\"Wood Sealer\" class=\"wp-image-8482\" width=\"150\" height=\"150\" srcset=\"https:\/\/www.sansin.com\/wp-content\/uploads\/Wood-Sealer-large-150x150.jpg 150w, https:\/\/www.sansin.com\/wp-content\/uploads\/Wood-Sealer-large-100x100.jpg 100w, https:\/\/www.sansin.com\/wp-content\/uploads\/Wood-Sealer-large.jpg 300w\" sizes=\"(max-width: 150px) 100vw, 150px\" \/><\/figure><\/div>\n\n\n\n<p class=\"product-title\">Wood Sealer<\/p>\n\n\n\n<div class=\"wp-block-group product-grey-box\"><div class=\"wp-block-group__inner-container is-layout-flow wp-block-group-is-layout-flow\">\n<p class=\"product-headline\">Wood Sealer de Sansin : protection sup\u00e9rieure donnant un aspect de bois de gr\u00e8ve vieilli naturellement.<\/p>\n\n\n\n<p><strong><a href=\"https:\/\/www.sansin.com\/product\/wood-sealer\/\" title=\"WOOD SEALER\"><strong><a href=\"https:\/\/www.sansin.com\/fr\/produit\/wood-sealer\/\">VOIR LE PRODUIT >><\/a><\/strong><\/a><\/strong><\/p>\n<\/div><\/div>\n<\/div>\n<\/div>\n\n\n\n<h2 class=\"section-heading wp-block-heading\">GALERIE DE PHOTOS<\/h2>\n\n\n\n<hr class=\"wp-block-separator is-style-default\"\/>\n\n\n\n<figure class=\"wp-block-gallery columns-6 is-cropped wp-block-gallery-1 is-layout-flex wp-block-gallery-is-layout-flex\"><ul class=\"blocks-gallery-grid\"><li class=\"blocks-gallery-item\"><figure><a href=\"https:\/\/www.sansin.com\/wp-content\/uploads\/CLEAN-Sealer-Tower4yrs.jpg\"><img decoding=\"async\" width=\"800\" height=\"600\" src=\"https:\/\/www.sansin.com\/wp-content\/uploads\/CLEAN-Sealer-Tower4yrs.jpg\" alt=\"Sealer Tower\" data-id=\"13068\" data-full-url=\"https:\/\/www.sansin.com\/wp-content\/uploads\/CLEAN-Sealer-Tower4yrs.jpg\" data-link=\"https:\/\/www.sansin.com\/clean-sealer-tower4yrs\/\" class=\"wp-image-13069\" srcset=\"https:\/\/www.sansin.com\/wp-content\/uploads\/CLEAN-Sealer-Tower4yrs.jpg 800w, https:\/\/www.sansin.com\/wp-content\/uploads\/CLEAN-Sealer-Tower4yrs-150x113.jpg 150w, https:\/\/www.sansin.com\/wp-content\/uploads\/CLEAN-Sealer-Tower4yrs-300x225.jpg 300w, https:\/\/www.sansin.com\/wp-content\/uploads\/CLEAN-Sealer-Tower4yrs-768x576.jpg 768w\" sizes=\"(max-width: 800px) 100vw, 800px\" \/><\/a><\/figure><\/li><li class=\"blocks-gallery-item\"><figure><a href=\"https:\/\/www.sansin.com\/wp-content\/uploads\/CLEAN-Sealer-Netherlands4yrs.jpg\"><img decoding=\"async\" width=\"800\" height=\"600\" src=\"https:\/\/www.sansin.com\/wp-content\/uploads\/CLEAN-Sealer-Netherlands4yrs.jpg\" alt=\"Sealer Netherland\" data-id=\"13070\" data-full-url=\"https:\/\/www.sansin.com\/wp-content\/uploads\/CLEAN-Sealer-Netherlands4yrs.jpg\" data-link=\"https:\/\/www.sansin.com\/clean-sealer-netherlands4yrs\/\" class=\"wp-image-13071\" srcset=\"https:\/\/www.sansin.com\/wp-content\/uploads\/CLEAN-Sealer-Netherlands4yrs.jpg 800w, https:\/\/www.sansin.com\/wp-content\/uploads\/CLEAN-Sealer-Netherlands4yrs-150x113.jpg 150w, https:\/\/www.sansin.com\/wp-content\/uploads\/CLEAN-Sealer-Netherlands4yrs-300x225.jpg 300w, https:\/\/www.sansin.com\/wp-content\/uploads\/CLEAN-Sealer-Netherlands4yrs-768x576.jpg 768w\" sizes=\"(max-width: 800px) 100vw, 800px\" \/><\/a><\/figure><\/li><li class=\"blocks-gallery-item\"><figure><a href=\"https:\/\/www.sansin.com\/wp-content\/uploads\/CLEAN-Sealer-Netherland4yrs.jpg\"><img decoding=\"async\" width=\"800\" height=\"600\" src=\"https:\/\/www.sansin.com\/wp-content\/uploads\/CLEAN-Sealer-Netherland4yrs.jpg\" alt=\"Sealer Netherlands\" data-id=\"13072\" data-full-url=\"https:\/\/www.sansin.com\/wp-content\/uploads\/CLEAN-Sealer-Netherland4yrs.jpg\" data-link=\"https:\/\/www.sansin.com\/clean-sealer-netherland4yrs\/\" class=\"wp-image-13073\" srcset=\"https:\/\/www.sansin.com\/wp-content\/uploads\/CLEAN-Sealer-Netherland4yrs.jpg 800w, https:\/\/www.sansin.com\/wp-content\/uploads\/CLEAN-Sealer-Netherland4yrs-150x113.jpg 150w, https:\/\/www.sansin.com\/wp-content\/uploads\/CLEAN-Sealer-Netherland4yrs-300x225.jpg 300w, https:\/\/www.sansin.com\/wp-content\/uploads\/CLEAN-Sealer-Netherland4yrs-768x576.jpg 768w\" sizes=\"(max-width: 800px) 100vw, 800px\" \/><\/a><\/figure><\/li><li class=\"blocks-gallery-item\"><figure><a href=\"https:\/\/www.sansin.com\/wp-content\/uploads\/CLEAN-Sealer-Netherland.2-4yrs.jpg\"><img decoding=\"async\" width=\"800\" height=\"600\" src=\"https:\/\/www.sansin.com\/wp-content\/uploads\/CLEAN-Sealer-Netherland.2-4yrs.jpg\" alt=\"Sealer Netherland\" data-id=\"13074\" data-full-url=\"https:\/\/www.sansin.com\/wp-content\/uploads\/CLEAN-Sealer-Netherland.2-4yrs.jpg\" data-link=\"https:\/\/www.sansin.com\/clean-sealer-netherland-2-4yrs\/\" class=\"wp-image-13075\" srcset=\"https:\/\/www.sansin.com\/wp-content\/uploads\/CLEAN-Sealer-Netherland.2-4yrs.jpg 800w, https:\/\/www.sansin.com\/wp-content\/uploads\/CLEAN-Sealer-Netherland.2-4yrs-150x113.jpg 150w, https:\/\/www.sansin.com\/wp-content\/uploads\/CLEAN-Sealer-Netherland.2-4yrs-300x225.jpg 300w, https:\/\/www.sansin.com\/wp-content\/uploads\/CLEAN-Sealer-Netherland.2-4yrs-768x576.jpg 768w\" sizes=\"(max-width: 800px) 100vw, 800px\" \/><\/a><\/figure><\/li><li class=\"blocks-gallery-item\"><figure><a href=\"https:\/\/www.sansin.com\/wp-content\/uploads\/CLEAN-Sealer-Deck5yrsStepsuntreated.jpg\"><img decoding=\"async\" width=\"800\" height=\"600\" src=\"https:\/\/www.sansin.com\/wp-content\/uploads\/CLEAN-Sealer-Deck5yrsStepsuntreated.jpg\" alt=\"Sealer deck\" data-id=\"13076\" data-full-url=\"https:\/\/www.sansin.com\/wp-content\/uploads\/CLEAN-Sealer-Deck5yrsStepsuntreated.jpg\" data-link=\"https:\/\/www.sansin.com\/clean-sealer-deck5yrsstepsuntreated\/\" class=\"wp-image-13077\" srcset=\"https:\/\/www.sansin.com\/wp-content\/uploads\/CLEAN-Sealer-Deck5yrsStepsuntreated.jpg 800w, https:\/\/www.sansin.com\/wp-content\/uploads\/CLEAN-Sealer-Deck5yrsStepsuntreated-150x113.jpg 150w, https:\/\/www.sansin.com\/wp-content\/uploads\/CLEAN-Sealer-Deck5yrsStepsuntreated-300x225.jpg 300w, https:\/\/www.sansin.com\/wp-content\/uploads\/CLEAN-Sealer-Deck5yrsStepsuntreated-768x576.jpg 768w\" sizes=\"(max-width: 800px) 100vw, 800px\" \/><\/a><\/figure><\/li><li class=\"blocks-gallery-item\"><figure><a href=\"https:\/\/www.sansin.com\/wp-content\/uploads\/CLEAN-Sealer-cedar12yrs3yrcycles.jpg\"><img decoding=\"async\" width=\"800\" height=\"600\" src=\"https:\/\/www.sansin.com\/wp-content\/uploads\/CLEAN-Sealer-cedar12yrs3yrcycles.jpg\" alt=\"Sealer cedar\" data-id=\"13078\" data-full-url=\"https:\/\/www.sansin.com\/wp-content\/uploads\/CLEAN-Sealer-cedar12yrs3yrcycles.jpg\" data-link=\"https:\/\/www.sansin.com\/clean-sealer-cedar12yrs3yrcycles\/\" class=\"wp-image-13079\" srcset=\"https:\/\/www.sansin.com\/wp-content\/uploads\/CLEAN-Sealer-cedar12yrs3yrcycles.jpg 800w, https:\/\/www.sansin.com\/wp-content\/uploads\/CLEAN-Sealer-cedar12yrs3yrcycles-150x113.jpg 150w, https:\/\/www.sansin.com\/wp-content\/uploads\/CLEAN-Sealer-cedar12yrs3yrcycles-300x225.jpg 300w, https:\/\/www.sansin.com\/wp-content\/uploads\/CLEAN-Sealer-cedar12yrs3yrcycles-768x576.jpg 768w\" sizes=\"(max-width: 800px) 100vw, 800px\" \/><\/a><\/figure><\/li><\/ul><\/figure>\n\n\n\n<p><\/p>\n","protected":false},"excerpt":{"rendered":"<p>Pour l\u2019isolation et la protection du bois non trait\u00e9 et de la ma\u00e7onnerie Le bois argent\u00e9 blanchi sous l\u2019effet du climat est une v\u00e9ritable splendeur. Mais il n\u2019en reste pas moins qu\u2019il faut le prot\u00e9ger contre les effets de l\u2019eau et des rayons ultra-violets. Dans cette optique, Sansin a cr\u00e9\u00e9 un produit \u00e9cologique d\u2019isolation du &#8230; <a title=\"ISOLATION DU BOIS\" class=\"read-more\" href=\"https:\/\/www.sansin.com\/fr\/exterieurs\/isolation-du-bois\/\" aria-label=\"En savoir plus sur ISOLATION DU BOIS\">Lire plus<\/a><\/p>\n","protected":false},"author":6,"featured_media":0,"parent":4752,"menu_order":5,"comment_status":"closed","ping_status":"closed","template":"","meta":{"footnotes":""},"class_list":["post-4775","page","type-page","status-publish"],"aioseo_notices":[],"_links":{"self":[{"href":"https:\/\/www.sansin.com\/fr\/wp-json\/wp\/v2\/pages\/4775","targetHints":{"allow":["GET"]}}],"collection":[{"href":"https:\/\/www.sansin.com\/fr\/wp-json\/wp\/v2\/pages"}],"about":[{"href":"https:\/\/www.sansin.com\/fr\/wp-json\/wp\/v2\/types\/page"}],"author":[{"embeddable":true,"href":"https:\/\/www.sansin.com\/fr\/wp-json\/wp\/v2\/users\/6"}],"replies":[{"embeddable":true,"href":"https:\/\/www.sansin.com\/fr\/wp-json\/wp\/v2\/comments?post=4775"}],"version-history":[{"count":0,"href":"https:\/\/www.sansin.com\/fr\/wp-json\/wp\/v2\/pages\/4775\/revisions"}],"up":[{"embeddable":true,"href":"https:\/\/www.sansin.com\/fr\/wp-json\/wp\/v2\/pages\/4752"}],"wp:attachment":[{"href":"https:\/\/www.sansin.com\/fr\/wp-json\/wp\/v2\/media?parent=4775"}],"curies":[{"name":"wp","href":"https:\/\/api.w.org\/{rel}","templated":true}]}}