{"id":4779,"date":"2013-07-24T23:30:13","date_gmt":"2013-07-24T23:30:13","guid":{"rendered":"http:\/\/www.sansin.com\/interior-2\/"},"modified":"2021-12-30T15:49:27","modified_gmt":"2021-12-30T20:49:27","slug":"interieurs","status":"publish","type":"page","link":"https:\/\/www.sansin.com\/fr\/interieurs\/","title":{"rendered":"Int\u00e9rieurs"},"content":{"rendered":"\n<div class=\"wp-block-image\"><figure class=\"alignright\"><img decoding=\"async\" src=\"https:\/\/www.sansin.com\/wp-content\/uploads\/main_photo_interiors.jpg\" alt=\"Interiors\" class=\"wp-image-2945\"\/><\/figure><\/div>\n\n\n\n<h2 class=\"wp-block-heading\">Ne vous contentez pas d\u2019une protection ordinaire : optez pour la beaut\u00e9 in\u00e9gal\u00e9e de Sansin.<\/h2>\n\n\n\n<p>Con\u00e7u selon les normes rigoureuses respect\u00e9es par les ma\u00eetres menuisiers et les architectes, Purity de Sansin est r\u00e9put\u00e9 pour sa somptuosit\u00e9 et la transparence de ses couleurs. Ce qui ne l\u2019emp\u00eache pas d\u2019assurer une protection durable contre l\u2019usure, les odeurs et la coloration.<\/p>\n\n\n\n<p>Qu\u2019il s\u2019agisse d\u2019armoires, d\u2019\u00e9tag\u00e8res, de planchers, de plafonds ou de murs, il existe un produit Purity Interior qui r\u00e9pond \u00e0 vos besoins. En fonction de la surface \u00e0 prot\u00e9ger, de l\u2019effet recherch\u00e9 et de l\u2019intensit\u00e9 de l\u2019utilisation pr\u00e9vue, vous pourrez opter pour un rev\u00eatement transparent, teint\u00e9 ou opaque; un lustre mat, satin\u00e9 ou brillant et une protection pour bois nu ou de finition. Et dans tous les cas, le produit r\u00e9pondra aux besoins sp\u00e9cifiques de votre projet.<\/p>\n\n\n\n<h2 class=\"wp-block-heading\">Respirez mieux.<\/h2>\n\n\n\n<p>Purity de Sansin vous donne la protection que votre maison m\u00e9rite, sans l\u2019effet n\u00e9faste des solvants. Nombre de rev\u00eatements int\u00e9rieurs d\u00e9gagent des vapeurs toxiques que personne ne souhaite respirer! Avec les produits Purity Interior 0-VOC Stain et Gel Stain, vous obtiendrez le r\u00e9sultat recherch\u00e9, sans odeurs ou presque. Et puisque nous utilisons des pigments purs, la couleur de votre rev\u00eatement Purity Interior sera fabuleuse, tout \u00e7a, pratiquement sans COV, ce qui est loin d\u2019\u00eatre le cas des rev\u00eatements avec colorants.<\/p>\n\n\n\n<h2 class=\"wp-block-heading\">Quelles zones de votre maison devriez-vous prot\u00e9ger?<\/h2>\n\n\n\n<p>Faites d\u00e9filer la fen\u00eatre jusqu\u2019\u00e0 l\u2019aper\u00e7u de notre gamme de produits pour le bois d\u2019ext\u00e9rieur, ou laissez-vous inspirer par la galerie de photos ci-dessous qui donnent des exemples de superbes projets int\u00e9rieurs prot\u00e9g\u00e9s par les produits Enviro Stain de Sansin.<\/p>\n\n\n\n<h2 class=\"section-heading wp-block-heading\">PRODUITS<\/h2>\n\n\n\n<hr class=\"wp-block-separator is-style-default\"\/>\n\n\n\n<div class=\"wp-block-columns is-layout-flex wp-container-core-columns-is-layout-9d6595d7 wp-block-columns-is-layout-flex\">\n<div class=\"wp-block-column is-layout-flow wp-block-column-is-layout-flow\">\n<div class=\"wp-block-image\"><figure class=\"aligncenter size-full is-resized\"><img decoding=\"async\" src=\"https:\/\/www.sansin.com\/wp-content\/uploads\/\/firestop97-large-150x150.jpg\" alt=\"FireStop97\" class=\"wp-image-8779\" width=\"150\" height=\"150\" srcset=\"https:\/\/www.sansin.com\/wp-content\/uploads\/firestop97-large-150x150.jpg 150w, https:\/\/www.sansin.com\/wp-content\/uploads\/firestop97-large-100x100.jpg 100w, https:\/\/www.sansin.com\/wp-content\/uploads\/firestop97-large.jpg 300w\" sizes=\"(max-width: 150px) 100vw, 150px\" \/><\/figure><\/div>\n\n\n\n<p class=\"product-title\">FireStop97<\/p>\n\n\n\n<div class=\"wp-block-group product-grey-box\"><div class=\"wp-block-group__inner-container is-layout-flow wp-block-group-is-layout-flow\">\n<p class=\"product-headline\">FireStop97 : protection contre l\u2019incendie opaque en une couche.<\/p>\n\n\n\n<p><strong><a href=\"https:\/\/www.sansin.com\/product\/firestop-97\/\" title=\"https:\/\/www.sansin.com\/product\/firestop-97\/\"><\/a><strong><strong><a href=\"https:\/\/www.sansin.com\/fr\/produit\/firestop-97\/\">VOIR LE PRODUIT >><\/a><\/strong><\/strong><\/strong><\/p>\n<\/div><\/div>\n\n\n\n<p><\/p>\n<\/div>\n\n\n\n<div class=\"wp-block-column is-layout-flow wp-block-column-is-layout-flow\">\n<div class=\"wp-block-image\"><figure class=\"aligncenter size-full is-resized\"><img decoding=\"async\" src=\"https:\/\/www.sansin.com\/wp-content\/uploads\/\/firestop99-large-150x150.jpg\" alt=\"FireStop99\" class=\"wp-image-8785\" width=\"150\" height=\"150\" srcset=\"https:\/\/www.sansin.com\/wp-content\/uploads\/firestop99-large-150x150.jpg 150w, https:\/\/www.sansin.com\/wp-content\/uploads\/firestop99-large-100x100.jpg 100w, https:\/\/www.sansin.com\/wp-content\/uploads\/firestop99-large.jpg 300w\" sizes=\"(max-width: 150px) 100vw, 150px\" \/><\/figure><\/div>\n\n\n\n<p class=\"product-title\">FireStop99<\/p>\n\n\n\n<div class=\"wp-block-group product-grey-box\"><div class=\"wp-block-group__inner-container is-layout-flow wp-block-group-is-layout-flow\">\n<p class=\"product-headline\">FireStop99 : protection ignifuge transparente pour le bois.<\/p>\n\n\n\n<p><strong><a href=\"https:\/\/www.sansin.com\/product\/firestop-99\/\" title=\"https:\/\/www.sansin.com\/product\/firestop-99\/\"><\/a><strong><strong><a href=\"https:\/\/www.sansin.com\/fr\/produit\/firestop-99\/\">VOIR LE PRODUIT >><\/a><\/strong><\/strong><\/strong><\/p>\n<\/div><\/div>\n\n\n\n<p><\/p>\n<\/div>\n\n\n\n<div class=\"wp-block-column is-layout-flow wp-block-column-is-layout-flow\">\n<div class=\"wp-block-image\"><figure class=\"aligncenter size-full is-resized\"><img decoding=\"async\" src=\"https:\/\/www.sansin.com\/wp-content\/uploads\/\/lg_purity_stain-2-150x150.jpg\" alt=\"Purity Stain can\" class=\"wp-image-11337\" width=\"150\" height=\"150\" srcset=\"https:\/\/www.sansin.com\/wp-content\/uploads\/lg_purity_stain-2-150x150.jpg 150w, https:\/\/www.sansin.com\/wp-content\/uploads\/lg_purity_stain-2-300x300.jpg 300w, https:\/\/www.sansin.com\/wp-content\/uploads\/lg_purity_stain-2-100x100.jpg 100w, https:\/\/www.sansin.com\/wp-content\/uploads\/lg_purity_stain-2.jpg 430w\" sizes=\"(max-width: 150px) 100vw, 150px\" \/><\/figure><\/div>\n\n\n\n<p class=\"product-title\">Purity Clear<\/p>\n\n\n\n<div class=\"wp-block-group product-grey-box\"><div class=\"wp-block-group__inner-container is-layout-flow wp-block-group-is-layout-flow\">\n<p class=\"product-headline\">Fini en deux couches qui r\u00e9v\u00e8le la chaleur naturelle du bois.<\/p>\n\n\n\n<p><strong><a href=\"https:\/\/www.sansin.com\/product\/purity-clear\/\" title=\"PURITY CLEAR\"><strong><a href=\"https:\/\/www.sansin.com\/fr\/produit\/purity-clear\/\">VOIR LE PRODUIT >><\/a><\/strong><\/a><\/strong><\/p>\n<\/div><\/div>\n<\/div>\n\n\n\n<div class=\"wp-block-column is-layout-flow wp-block-column-is-layout-flow\">\n<div class=\"wp-block-image\"><figure class=\"aligncenter size-full is-resized\"><img decoding=\"async\" src=\"https:\/\/www.sansin.com\/wp-content\/uploads\/\/floor-large-150x150.jpg\" alt=\"Purity Floor\" class=\"wp-image-8504\" width=\"150\" height=\"150\" srcset=\"https:\/\/www.sansin.com\/wp-content\/uploads\/floor-large-150x150.jpg 150w, https:\/\/www.sansin.com\/wp-content\/uploads\/floor-large-100x100.jpg 100w, https:\/\/www.sansin.com\/wp-content\/uploads\/floor-large.jpg 300w\" sizes=\"(max-width: 150px) 100vw, 150px\" \/><\/figure><\/div>\n\n\n\n<p class=\"product-title\">Purity Floor<\/p>\n\n\n\n<div class=\"wp-block-group product-grey-box\"><div class=\"wp-block-group__inner-container is-layout-flow wp-block-group-is-layout-flow\">\n<p class=\"product-headline\">Rev\u00eatement ultra-r\u00e9sistant pour planchers, de cat\u00e9gorie gymnase.<\/p>\n\n\n\n<p><strong><a href=\"https:\/\/www.sansin.com\/product\/purity-floor\/\" title=\"PURITY FLOOR\"><strong><a href=\"https:\/\/www.sansin.com\/fr\/produit\/purity-floor\/\">VOIR LE PRODUIT >><\/a><\/strong><\/a><\/strong><\/p>\n<\/div><\/div>\n\n\n\n<p><\/p>\n<\/div>\n<\/div>\n\n\n\n<div class=\"wp-block-columns is-layout-flex wp-container-core-columns-is-layout-9d6595d7 wp-block-columns-is-layout-flex\">\n<div class=\"wp-block-column is-layout-flow wp-block-column-is-layout-flow\">\n<div class=\"wp-block-image\"><figure class=\"aligncenter size-full is-resized\"><img decoding=\"async\" src=\"https:\/\/www.sansin.com\/wp-content\/uploads\/\/glacier-large-150x150.jpg\" alt=\"Purity Glacier\" class=\"wp-image-8505\" width=\"150\" height=\"150\" srcset=\"https:\/\/www.sansin.com\/wp-content\/uploads\/glacier-large-150x150.jpg 150w, https:\/\/www.sansin.com\/wp-content\/uploads\/glacier-large-100x100.jpg 100w, https:\/\/www.sansin.com\/wp-content\/uploads\/glacier-large.jpg 300w\" sizes=\"(max-width: 150px) 100vw, 150px\" \/><\/figure><\/div>\n\n\n\n<p class=\"product-title\">Purity Glacier<\/p>\n\n\n\n<div class=\"wp-block-group product-grey-box\"><div class=\"wp-block-group__inner-container is-layout-flow wp-block-group-is-layout-flow\">\n<p class=\"product-headline\">Rev\u00eatement transparent pour surfaces int\u00e9rieures en bois expos\u00e9es \u00e0 l&rsquo;usure.<\/p>\n\n\n\n<p><strong><a href=\"https:\/\/www.sansin.com\/product\/purity-glacier\/\" title=\"PURITY GLACIER\"><strong><a href=\"https:\/\/www.sansin.com\/fr\/produit\/purity-glacier\/\">VOIR LE PRODUIT >><\/a><\/strong><\/a><\/strong><\/p>\n<\/div><\/div>\n<\/div>\n\n\n\n<div class=\"wp-block-column is-layout-flow wp-block-column-is-layout-flow\">\n<div class=\"wp-block-image\"><figure class=\"aligncenter size-full is-resized\"><img decoding=\"async\" src=\"https:\/\/www.sansin.com\/wp-content\/uploads\/\/lg_purity-natures-oil-1-150x150.jpg\" alt=\"Purity Nature's Oil an\" class=\"wp-image-11330\" width=\"150\" height=\"150\" srcset=\"https:\/\/www.sansin.com\/wp-content\/uploads\/lg_purity-natures-oil-1-150x150.jpg 150w, https:\/\/www.sansin.com\/wp-content\/uploads\/lg_purity-natures-oil-1-100x100.jpg 100w, https:\/\/www.sansin.com\/wp-content\/uploads\/lg_purity-natures-oil-1.jpg 300w\" sizes=\"(max-width: 150px) 100vw, 150px\" \/><\/figure><\/div>\n\n\n\n<p class=\"product-title\">Purity Nature&rsquo;s Oil<\/p>\n\n\n\n<div class=\"wp-block-group product-grey-box\"><div class=\"wp-block-group__inner-container is-layout-flow wp-block-group-is-layout-flow\">\n<p class=\"product-headline\">Huile p\u00e9n\u00e9trante pour armoires et int\u00e9rieurs.<\/p>\n\n\n\n<p><strong><a href=\"https:\/\/www.sansin.com\/product\/purity-natures-oil\/\" title=\"PURITY NATURE\u2019S OIL\"><strong><a href=\"https:\/\/www.sansin.com\/fr\/produit\/purity-natures-oil\/\">VOIR LE PRODUIT >><\/a><\/strong><\/a><\/strong><\/p>\n<\/div><\/div>\n\n\n\n<p><\/p>\n<\/div>\n\n\n\n<div class=\"wp-block-column is-layout-flow wp-block-column-is-layout-flow\">\n<div class=\"wp-block-image\"><figure class=\"aligncenter size-full is-resized\"><img decoding=\"async\" src=\"https:\/\/www.sansin.com\/wp-content\/uploads\/\/stain-large-150x150.jpg\" alt=\"Purity Stain\" class=\"wp-image-8506\" width=\"150\" height=\"150\" srcset=\"https:\/\/www.sansin.com\/wp-content\/uploads\/stain-large-150x150.jpg 150w, https:\/\/www.sansin.com\/wp-content\/uploads\/stain-large-100x100.jpg 100w, https:\/\/www.sansin.com\/wp-content\/uploads\/stain-large.jpg 300w\" sizes=\"(max-width: 150px) 100vw, 150px\" \/><\/figure><\/div>\n\n\n\n<p class=\"product-title\">Purity Stain<\/p>\n\n\n\n<div class=\"wp-block-group product-grey-box\"><div class=\"wp-block-group__inner-container is-layout-flow wp-block-group-is-layout-flow\">\n<p class=\"product-headline\">Somptueuse teinture p\u00e9n\u00e9trante pour bois int\u00e9rieur.<\/p>\n\n\n\n<p><strong><a href=\"https:\/\/www.sansin.com\/product\/purity-stain\/\" title=\"PURITY STAIN\"><strong><a href=\"https:\/\/www.sansin.com\/fr\/produit\/0-voc-stain\/\">VOIR LE PRODUIT >><\/a><\/strong><\/a><\/strong><\/p>\n<\/div><\/div>\n<\/div>\n\n\n\n<div class=\"wp-block-column is-layout-flow wp-block-column-is-layout-flow\">\n<div class=\"wp-block-image\"><figure class=\"aligncenter size-full is-resized\"><img decoding=\"async\" src=\"https:\/\/www.sansin.com\/wp-content\/uploads\/\/lg_voc-gel-stain-1-150x150.jpg\" alt=\"PURITY 0-VOC GEL STAIN can\" class=\"wp-image-11332\" width=\"150\" height=\"150\" srcset=\"https:\/\/www.sansin.com\/wp-content\/uploads\/lg_voc-gel-stain-1-150x150.jpg 150w, https:\/\/www.sansin.com\/wp-content\/uploads\/lg_voc-gel-stain-1-100x100.jpg 100w, https:\/\/www.sansin.com\/wp-content\/uploads\/lg_voc-gel-stain-1.jpg 300w\" sizes=\"(max-width: 150px) 100vw, 150px\" \/><\/figure><\/div>\n\n\n\n<p class=\"product-title\">Purity 0-VOC Gel Stain<\/p>\n\n\n\n<div class=\"wp-block-group product-grey-box\"><div class=\"wp-block-group__inner-container is-layout-flow wp-block-group-is-layout-flow\">\n<p class=\"product-headline\">Teinture en gel p\u00e9n\u00e9trante pour bois int\u00e9rieur.<\/p>\n\n\n\n<p><strong><a href=\"https:\/\/www.sansin.com\/product\/0-voc-gel-stain\/\" title=\"PURITY 0-VOC GEL STAIN\"><strong><a href=\"https:\/\/www.sansin.com\/fr\/produit\/0-voc-gel-stain\/\">VOIR LE PRODUIT >><\/a><\/strong><\/a><\/strong><\/p>\n<\/div><\/div>\n\n\n\n<p><\/p>\n<\/div>\n<\/div>\n\n\n\n<div class=\"wp-block-columns is-layout-flex wp-container-core-columns-is-layout-9d6595d7 wp-block-columns-is-layout-flex\">\n<div class=\"wp-block-column is-layout-flow wp-block-column-is-layout-flow\">\n<div class=\"wp-block-image\"><figure class=\"aligncenter size-full is-resized\"><img decoding=\"async\" src=\"https:\/\/www.sansin.com\/wp-content\/uploads\/\/Resolution_1_2-Can-300-150x150.jpg\" alt=\"Resolution\" class=\"wp-image-8811\" width=\"150\" height=\"150\" srcset=\"https:\/\/www.sansin.com\/wp-content\/uploads\/Resolution_1_2-Can-300-150x150.jpg 150w, https:\/\/www.sansin.com\/wp-content\/uploads\/Resolution_1_2-Can-300-100x100.jpg 100w, https:\/\/www.sansin.com\/wp-content\/uploads\/Resolution_1_2-Can-300.jpg 300w\" sizes=\"(max-width: 150px) 100vw, 150px\" \/><\/figure><\/div>\n\n\n\n<p class=\"product-title\">Resolution<\/p>\n\n\n\n<div class=\"wp-block-group product-grey-box\"><div class=\"wp-block-group__inner-container is-layout-flow wp-block-group-is-layout-flow\">\n<p class=\"product-headline\">Resolution : syst\u00e8me de finition pour le bois \u00e0 haute performance.<\/p>\n\n\n\n<p><strong><a href=\"https:\/\/www.sansin.com\/product\/resolution\/\" title=\"RESOLUTION\"><strong><a href=\"https:\/\/www.sansin.com\/fr\/produit\/resolution\/\">VOIR LE PRODUIT >><\/a><\/strong><\/a><\/strong><\/p>\n<\/div><\/div>\n<\/div>\n\n\n\n<div class=\"wp-block-column is-layout-flow wp-block-column-is-layout-flow\"><\/div>\n\n\n\n<div class=\"wp-block-column is-layout-flow wp-block-column-is-layout-flow\"><\/div>\n\n\n\n<div class=\"wp-block-column is-layout-flow wp-block-column-is-layout-flow\"><\/div>\n<\/div>\n\n\n\n<h2 class=\"section-heading wp-block-heading\">GALERIE DE PHOTOS<\/h2>\n\n\n\n<hr class=\"wp-block-separator is-style-default\"\/>\n\n\n\n<figure class=\"wp-block-gallery columns-6 wp-block-gallery-1 is-layout-flex wp-block-gallery-is-layout-flex\"><ul class=\"blocks-gallery-grid\"><li class=\"blocks-gallery-item\"><figure><a href=\"https:\/\/www.sansin.com\/wp-content\/uploads\/DPR-CONSTRUCTION-PURITY-INTERIOR-WIDE.jpg\"><img decoding=\"async\" width=\"300\" height=\"169\" src=\"https:\/\/www.sansin.com\/wp-content\/uploads\/\/DPR-CONSTRUCTION-PURITY-INTERIOR-WIDE-300x169.jpg\" alt=\"Sansin Purity Interior Clear\" data-id=\"9972\" data-full-url=\"https:\/\/www.sansin.com\/wp-content\/uploads\/DPR-CONSTRUCTION-PURITY-INTERIOR-WIDE.jpg\" data-link=\"https:\/\/www.sansin.com\/?attachment_id=9972#main\" class=\"wp-image-9972\" srcset=\"https:\/\/www.sansin.com\/wp-content\/uploads\/DPR-CONSTRUCTION-PURITY-INTERIOR-WIDE-300x169.jpg 300w, https:\/\/www.sansin.com\/wp-content\/uploads\/DPR-CONSTRUCTION-PURITY-INTERIOR-WIDE-150x84.jpg 150w, https:\/\/www.sansin.com\/wp-content\/uploads\/DPR-CONSTRUCTION-PURITY-INTERIOR-WIDE-768x432.jpg 768w, https:\/\/www.sansin.com\/wp-content\/uploads\/DPR-CONSTRUCTION-PURITY-INTERIOR-WIDE.jpg 1000w\" sizes=\"(max-width: 300px) 100vw, 300px\" \/><\/a><\/figure><\/li><li class=\"blocks-gallery-item\"><figure><a href=\"https:\/\/www.sansin.com\/wp-content\/uploads\/INT-Floor-UBC.jpg\"><img decoding=\"async\" width=\"300\" height=\"225\" src=\"https:\/\/www.sansin.com\/wp-content\/uploads\/\/INT-Floor-UBC-300x225.jpg\" alt=\"\" data-id=\"13095\" data-full-url=\"https:\/\/www.sansin.com\/wp-content\/uploads\/INT-Floor-UBC.jpg\" data-link=\"https:\/\/www.sansin.com\/int-floor-ubc\/\" class=\"wp-image-13095\" srcset=\"https:\/\/www.sansin.com\/wp-content\/uploads\/INT-Floor-UBC-300x225.jpg 300w, https:\/\/www.sansin.com\/wp-content\/uploads\/INT-Floor-UBC-150x113.jpg 150w, https:\/\/www.sansin.com\/wp-content\/uploads\/INT-Floor-UBC-768x576.jpg 768w, https:\/\/www.sansin.com\/wp-content\/uploads\/INT-Floor-UBC.jpg 800w\" sizes=\"(max-width: 300px) 100vw, 300px\" \/><\/a><\/figure><\/li><li class=\"blocks-gallery-item\"><figure><a href=\"https:\/\/www.sansin.com\/wp-content\/uploads\/INT-Clear-Westshore.jpg\"><img decoding=\"async\" width=\"300\" height=\"225\" src=\"https:\/\/www.sansin.com\/wp-content\/uploads\/\/INT-Clear-Westshore-300x225.jpg\" alt=\"Westshore\" data-id=\"13099\" data-full-url=\"https:\/\/www.sansin.com\/wp-content\/uploads\/INT-Clear-Westshore.jpg\" data-link=\"https:\/\/www.sansin.com\/int-clear-westshore\/\" class=\"wp-image-13099\" srcset=\"https:\/\/www.sansin.com\/wp-content\/uploads\/INT-Clear-Westshore-300x225.jpg 300w, https:\/\/www.sansin.com\/wp-content\/uploads\/INT-Clear-Westshore-150x113.jpg 150w, https:\/\/www.sansin.com\/wp-content\/uploads\/INT-Clear-Westshore-768x576.jpg 768w, https:\/\/www.sansin.com\/wp-content\/uploads\/INT-Clear-Westshore.jpg 800w\" sizes=\"(max-width: 300px) 100vw, 300px\" \/><\/a><\/figure><\/li><li class=\"blocks-gallery-item\"><figure><a href=\"https:\/\/www.sansin.com\/wp-content\/uploads\/INT-Stain-loghome2.jpg\"><img decoding=\"async\" width=\"300\" height=\"225\" src=\"https:\/\/www.sansin.com\/wp-content\/uploads\/\/INT-Stain-loghome2-300x225.jpg\" alt=\"Loghome\" data-id=\"13101\" data-full-url=\"https:\/\/www.sansin.com\/wp-content\/uploads\/INT-Stain-loghome2.jpg\" data-link=\"https:\/\/www.sansin.com\/int-stain-loghome2\/\" class=\"wp-image-13101\" srcset=\"https:\/\/www.sansin.com\/wp-content\/uploads\/INT-Stain-loghome2-300x225.jpg 300w, https:\/\/www.sansin.com\/wp-content\/uploads\/INT-Stain-loghome2-150x113.jpg 150w, https:\/\/www.sansin.com\/wp-content\/uploads\/INT-Stain-loghome2-768x576.jpg 768w, https:\/\/www.sansin.com\/wp-content\/uploads\/INT-Stain-loghome2.jpg 800w\" sizes=\"(max-width: 300px) 100vw, 300px\" \/><\/a><\/figure><\/li><li class=\"blocks-gallery-item\"><figure><a href=\"https:\/\/www.sansin.com\/wp-content\/uploads\/INT-Stain-Bullock2.jpg\"><img decoding=\"async\" width=\"300\" height=\"225\" src=\"https:\/\/www.sansin.com\/wp-content\/uploads\/\/INT-Stain-Bullock2-300x225.jpg\" alt=\"Bullock\" data-id=\"13105\" data-full-url=\"https:\/\/www.sansin.com\/wp-content\/uploads\/INT-Stain-Bullock2.jpg\" data-link=\"https:\/\/www.sansin.com\/int-stain-bullock2\/\" class=\"wp-image-13105\" srcset=\"https:\/\/www.sansin.com\/wp-content\/uploads\/INT-Stain-Bullock2-300x225.jpg 300w, https:\/\/www.sansin.com\/wp-content\/uploads\/INT-Stain-Bullock2-150x113.jpg 150w, https:\/\/www.sansin.com\/wp-content\/uploads\/INT-Stain-Bullock2-768x576.jpg 768w, https:\/\/www.sansin.com\/wp-content\/uploads\/INT-Stain-Bullock2.jpg 800w\" sizes=\"(max-width: 300px) 100vw, 300px\" \/><\/a><\/figure><\/li><li class=\"blocks-gallery-item\"><figure><a href=\"https:\/\/www.sansin.com\/wp-content\/uploads\/INT-Glacier-modernhome1.jpg\"><img decoding=\"async\" width=\"300\" height=\"225\" src=\"https:\/\/www.sansin.com\/wp-content\/uploads\/\/INT-Glacier-modernhome1-300x225.jpg\" alt=\"Glacier\" data-id=\"13110\" data-full-url=\"https:\/\/www.sansin.com\/wp-content\/uploads\/INT-Glacier-modernhome1.jpg\" data-link=\"https:\/\/www.sansin.com\/int-glacier-modernhome1\/\" class=\"wp-image-13110\" srcset=\"https:\/\/www.sansin.com\/wp-content\/uploads\/INT-Glacier-modernhome1-300x225.jpg 300w, https:\/\/www.sansin.com\/wp-content\/uploads\/INT-Glacier-modernhome1-150x113.jpg 150w, https:\/\/www.sansin.com\/wp-content\/uploads\/INT-Glacier-modernhome1-768x576.jpg 768w, https:\/\/www.sansin.com\/wp-content\/uploads\/INT-Glacier-modernhome1.jpg 800w\" sizes=\"(max-width: 300px) 100vw, 300px\" \/><\/a><\/figure><\/li><\/ul><\/figure>\n\n\n\n<p><\/p>\n","protected":false},"excerpt":{"rendered":"<p>Ne vous contentez pas d\u2019une protection ordinaire : optez pour la beaut\u00e9 in\u00e9gal\u00e9e de Sansin. Con\u00e7u selon les normes rigoureuses respect\u00e9es par les ma\u00eetres menuisiers et les architectes, Purity de Sansin est r\u00e9put\u00e9 pour sa somptuosit\u00e9 et la transparence de ses couleurs. Ce qui ne l\u2019emp\u00eache pas d\u2019assurer une protection durable contre l\u2019usure, les odeurs &#8230; <a title=\"Int\u00e9rieurs\" class=\"read-more\" href=\"https:\/\/www.sansin.com\/fr\/interieurs\/\" aria-label=\"En savoir plus sur Int\u00e9rieurs\">Lire plus<\/a><\/p>\n","protected":false},"author":6,"featured_media":0,"parent":0,"menu_order":5,"comment_status":"closed","ping_status":"closed","template":"","meta":{"footnotes":""},"class_list":["post-4779","page","type-page","status-publish"],"aioseo_notices":[],"_links":{"self":[{"href":"https:\/\/www.sansin.com\/fr\/wp-json\/wp\/v2\/pages\/4779","targetHints":{"allow":["GET"]}}],"collection":[{"href":"https:\/\/www.sansin.com\/fr\/wp-json\/wp\/v2\/pages"}],"about":[{"href":"https:\/\/www.sansin.com\/fr\/wp-json\/wp\/v2\/types\/page"}],"author":[{"embeddable":true,"href":"https:\/\/www.sansin.com\/fr\/wp-json\/wp\/v2\/users\/6"}],"replies":[{"embeddable":true,"href":"https:\/\/www.sansin.com\/fr\/wp-json\/wp\/v2\/comments?post=4779"}],"version-history":[{"count":0,"href":"https:\/\/www.sansin.com\/fr\/wp-json\/wp\/v2\/pages\/4779\/revisions"}],"wp:attachment":[{"href":"https:\/\/www.sansin.com\/fr\/wp-json\/wp\/v2\/media?parent=4779"}],"curies":[{"name":"wp","href":"https:\/\/api.w.org\/{rel}","templated":true}]}}