{"id":4788,"date":"2013-07-18T02:54:23","date_gmt":"2013-07-18T02:54:23","guid":{"rendered":"http:\/\/www.sansin.com\/protection-pour-linterieur\/floors\/"},"modified":"2022-01-21T15:35:35","modified_gmt":"2022-01-21T20:35:35","slug":"planchers","status":"publish","type":"page","link":"https:\/\/www.sansin.com\/fr\/interieurs\/planchers\/","title":{"rendered":"PLANCHERS"},"content":{"rendered":"\n<div class=\"wp-block-image\"><figure class=\"alignright\"><img decoding=\"async\" src=\"https:\/\/www.sansin.com\/wp-content\/uploads\/main_photo_floors.jpg\" alt=\"Interiors\" class=\"wp-image-2942\"\/><\/figure><\/div>\n\n\n\n<h2 class=\"wp-block-heading\">La nouvelle norme en mati\u00e8re de protection de sols, splendide et ultra-robuste<\/h2>\n\n\n\n<p>Que vous rafraichissiez votre plancher ou que vous en prot\u00e9giez un neuf, Purity Floor de Sansin est d\u2019une efficacit\u00e9 exceptionnelle. Pour obtenir la teinte souhait\u00e9e, commencez par appliquer une couche de fond de Purity 0-VOC Stain ou de Gel Stain en choisissant l\u2019un des nombreux tons pour int\u00e9rieur de Sansin. Recouvrez-la ensuite de deux ou trois couches de Purity Floor pour obtenir un fini transparent ultra-robuste qui r\u00e9v\u00e8le litt\u00e9ralement le fil et le caract\u00e8re de votre plancher de bois.<\/p>\n\n\n\n<h2 class=\"wp-block-heading\">Une protection durable con\u00e7ue pour les gymnases<\/h2>\n\n\n\n<p>Comptez sur Purity Floor pour r\u00e9sister \u00e0 l\u2019humidit\u00e9 et aux produits chimiques, par exemple pr\u00e8s des salles de bain ou des entr\u00e9es, et m\u00eame contre les liquides br\u00fblants et les d\u00e9versements. Id\u00e9al pour les zones \u00e0 circulation intense sujettes \u00e0 l\u2019usure.<\/p>\n\n\n\n<p>Faites d\u00e9filer la fen\u00eatre jusqu\u2019\u00e0 l\u2019aper\u00e7u de notre gamme de produits pour le bois d\u2019int\u00e9rieur, ou laissez-vous inspirer par la galerie de photos ci-dessous qui donnent des exemples de superbes planchers prot\u00e9g\u00e9s par les produits Enviro Stain de Sansin.Scroll down for an overview of our family of interior wood protection products or get inspired by browsing the Photo Gallery below for examples of beautiful floor projects featuring Sansin Enviro Stains.<\/p>\n\n\n\n<h2 class=\"section-heading wp-block-heading\">PRODUITS<\/h2>\n\n\n\n<hr class=\"wp-block-separator is-style-default\"\/>\n\n\n\n<div class=\"wp-block-columns is-layout-flex wp-container-core-columns-is-layout-9d6595d7 wp-block-columns-is-layout-flex\">\n<div class=\"wp-block-column is-layout-flow wp-block-column-is-layout-flow\">\n<div class=\"wp-block-image\"><figure class=\"aligncenter size-full is-resized\"><img decoding=\"async\" src=\"https:\/\/www.sansin.com\/wp-content\/uploads\/\/floor-large-150x150.jpg\" alt=\"Purity Floor\" class=\"wp-image-8504\" width=\"150\" height=\"150\" srcset=\"https:\/\/www.sansin.com\/wp-content\/uploads\/floor-large-150x150.jpg 150w, https:\/\/www.sansin.com\/wp-content\/uploads\/floor-large-100x100.jpg 100w, https:\/\/www.sansin.com\/wp-content\/uploads\/floor-large.jpg 300w\" sizes=\"(max-width: 150px) 100vw, 150px\" \/><\/figure><\/div>\n\n\n\n<p class=\"product-title\">Purity Floor<\/p>\n\n\n\n<div class=\"wp-block-group product-grey-box\"><div class=\"wp-block-group__inner-container is-layout-flow wp-block-group-is-layout-flow\">\n<p class=\"product-headline\">Rev\u00eatement ultra-r\u00e9sistant pour planchers, de cat\u00e9gorie gymnase.<\/p>\n\n\n\n<p><strong><a href=\"https:\/\/www.sansin.com\/product\/purity-floor\/\" title=\"PURITY FLOOR\"><strong><a href=\"https:\/\/www.sansin.com\/fr\/produit\/purity-floor\/\">VOIR LE PRODUIT >><\/a><\/strong><\/a><\/strong><\/p>\n<\/div><\/div>\n\n\n\n<p><\/p>\n<\/div>\n\n\n\n<div class=\"wp-block-column is-layout-flow wp-block-column-is-layout-flow\">\n<div class=\"wp-block-image\"><figure class=\"aligncenter size-full is-resized\"><img decoding=\"async\" src=\"https:\/\/www.sansin.com\/wp-content\/uploads\/\/lg_purity-natures-oil-1-150x150.jpg\" alt=\"Purity Nature's Oil an\" class=\"wp-image-11330\" width=\"150\" height=\"150\" srcset=\"https:\/\/www.sansin.com\/wp-content\/uploads\/lg_purity-natures-oil-1-150x150.jpg 150w, https:\/\/www.sansin.com\/wp-content\/uploads\/lg_purity-natures-oil-1-100x100.jpg 100w, https:\/\/www.sansin.com\/wp-content\/uploads\/lg_purity-natures-oil-1.jpg 300w\" sizes=\"(max-width: 150px) 100vw, 150px\" \/><\/figure><\/div>\n\n\n\n<p class=\"product-title\">Purity Nature&rsquo;s Oil<\/p>\n\n\n\n<div class=\"wp-block-group product-grey-box\"><div class=\"wp-block-group__inner-container is-layout-flow wp-block-group-is-layout-flow\">\n<p class=\"product-headline\">Huile p\u00e9n\u00e9trante pour armoires et int\u00e9rieurs.<\/p>\n\n\n\n<p><strong><a href=\"https:\/\/www.sansin.com\/product\/purity-natures-oil\/\" title=\"PURITY NATURE\u2019S OIL\"><strong><a href=\"https:\/\/www.sansin.com\/fr\/produit\/purity-natures-oil\/\">VOIR LE PRODUIT >><\/a><\/strong><\/a><\/strong><\/p>\n<\/div><\/div>\n\n\n\n<p><\/p>\n<\/div>\n\n\n\n<div class=\"wp-block-column is-layout-flow wp-block-column-is-layout-flow\">\n<div class=\"wp-block-image\"><figure class=\"aligncenter size-full is-resized\"><img decoding=\"async\" src=\"https:\/\/www.sansin.com\/wp-content\/uploads\/\/stain-large-150x150.jpg\" alt=\"Purity Stain\" class=\"wp-image-8506\" width=\"150\" height=\"150\" srcset=\"https:\/\/www.sansin.com\/wp-content\/uploads\/stain-large-150x150.jpg 150w, https:\/\/www.sansin.com\/wp-content\/uploads\/stain-large-100x100.jpg 100w, https:\/\/www.sansin.com\/wp-content\/uploads\/stain-large.jpg 300w\" sizes=\"(max-width: 150px) 100vw, 150px\" \/><\/figure><\/div>\n\n\n\n<p class=\"product-title\">Purity Stain<\/p>\n\n\n\n<div class=\"wp-block-group product-grey-box\"><div class=\"wp-block-group__inner-container is-layout-flow wp-block-group-is-layout-flow\">\n<p class=\"product-headline\">Somptueuse teinture p\u00e9n\u00e9trante pour bois int\u00e9rieur.<\/p>\n\n\n\n<p><strong><a href=\"https:\/\/www.sansin.com\/product\/purity-stain\/\" title=\"PURITY STAIN\"><strong><a href=\"https:\/\/www.sansin.com\/fr\/produit\/0-voc-stain\/\">VOIR LE PRODUIT >><\/a><\/strong><\/a><\/strong><\/p>\n<\/div><\/div>\n<\/div>\n\n\n\n<div class=\"wp-block-column is-layout-flow wp-block-column-is-layout-flow\">\n<div class=\"wp-block-image\"><figure class=\"aligncenter size-full is-resized\"><img decoding=\"async\" src=\"https:\/\/www.sansin.com\/wp-content\/uploads\/\/lg_voc-gel-stain-1-150x150.jpg\" alt=\"PURITY 0-VOC GEL STAIN can\" class=\"wp-image-11332\" width=\"150\" height=\"150\" srcset=\"https:\/\/www.sansin.com\/wp-content\/uploads\/lg_voc-gel-stain-1-150x150.jpg 150w, https:\/\/www.sansin.com\/wp-content\/uploads\/lg_voc-gel-stain-1-100x100.jpg 100w, https:\/\/www.sansin.com\/wp-content\/uploads\/lg_voc-gel-stain-1.jpg 300w\" sizes=\"(max-width: 150px) 100vw, 150px\" \/><\/figure><\/div>\n\n\n\n<p class=\"product-title\">Purity 0-VOC Gel Stain<\/p>\n\n\n\n<div class=\"wp-block-group product-grey-box\"><div class=\"wp-block-group__inner-container is-layout-flow wp-block-group-is-layout-flow\">\n<p class=\"product-headline\">Teinture en gel p\u00e9n\u00e9trante pour bois int\u00e9rieur.<\/p>\n\n\n\n<p><strong><a href=\"https:\/\/www.sansin.com\/product\/0-voc-gel-stain\/\" title=\"PURITY 0-VOC GEL STAIN\"><strong><a href=\"https:\/\/www.sansin.com\/fr\/produit\/0-voc-gel-stain\/\">VOIR LE PRODUIT >><\/a><\/strong><\/a><\/strong><\/p>\n<\/div><\/div>\n\n\n\n<p><\/p>\n<\/div>\n<\/div>\n\n\n\n<h2 class=\"section-heading wp-block-heading\">GALERIE DE PHOTOS<\/h2>\n\n\n\n<hr class=\"wp-block-separator is-style-default\"\/>\n\n\n\n<div class=\"wp-block-columns is-layout-flex wp-container-core-columns-is-layout-9d6595d7 wp-block-columns-is-layout-flex\">\n<div class=\"wp-block-column is-layout-flow wp-block-column-is-layout-flow\">\n<figure class=\"wp-block-gallery columns-3 is-cropped wp-block-gallery-1 is-layout-flex wp-block-gallery-is-layout-flex\"><ul class=\"blocks-gallery-grid\"><li class=\"blocks-gallery-item\"><figure><a href=\"https:\/\/www.sansin.com\/wp-content\/uploads\/INT-Floor-UBC.jpg\"><img decoding=\"async\" width=\"800\" height=\"600\" src=\"https:\/\/www.sansin.com\/wp-content\/uploads\/INT-Floor-UBC.jpg\" alt=\"UBC Floor\" data-id=\"13095\" data-full-url=\"https:\/\/www.sansin.com\/wp-content\/uploads\/INT-Floor-UBC.jpg\" data-link=\"https:\/\/www.sansin.com\/int-floor-ubc\/\" class=\"wp-image-13096\" srcset=\"https:\/\/www.sansin.com\/wp-content\/uploads\/INT-Floor-UBC.jpg 800w, https:\/\/www.sansin.com\/wp-content\/uploads\/INT-Floor-UBC-150x113.jpg 150w, https:\/\/www.sansin.com\/wp-content\/uploads\/INT-Floor-UBC-300x225.jpg 300w, https:\/\/www.sansin.com\/wp-content\/uploads\/INT-Floor-UBC-768x576.jpg 768w\" sizes=\"(max-width: 800px) 100vw, 800px\" \/><\/a><\/figure><\/li><li class=\"blocks-gallery-item\"><figure><a href=\"https:\/\/www.sansin.com\/wp-content\/uploads\/INT-Stain-loghome2.jpg\"><img decoding=\"async\" width=\"800\" height=\"600\" src=\"https:\/\/www.sansin.com\/wp-content\/uploads\/INT-Stain-loghome2.jpg\" alt=\"Loghome\" data-id=\"13101\" data-full-url=\"https:\/\/www.sansin.com\/wp-content\/uploads\/INT-Stain-loghome2.jpg\" data-link=\"https:\/\/www.sansin.com\/int-stain-loghome2\/\" class=\"wp-image-13102\" srcset=\"https:\/\/www.sansin.com\/wp-content\/uploads\/INT-Stain-loghome2.jpg 800w, https:\/\/www.sansin.com\/wp-content\/uploads\/INT-Stain-loghome2-150x113.jpg 150w, https:\/\/www.sansin.com\/wp-content\/uploads\/INT-Stain-loghome2-300x225.jpg 300w, https:\/\/www.sansin.com\/wp-content\/uploads\/INT-Stain-loghome2-768x576.jpg 768w\" sizes=\"(max-width: 800px) 100vw, 800px\" \/><\/a><\/figure><\/li><li class=\"blocks-gallery-item\"><figure><a href=\"https:\/\/www.sansin.com\/wp-content\/uploads\/INT-Clear-Westshore.jpg\"><img decoding=\"async\" width=\"800\" height=\"600\" src=\"https:\/\/www.sansin.com\/wp-content\/uploads\/INT-Clear-Westshore.jpg\" alt=\"Westshore\" data-id=\"13099\" data-full-url=\"https:\/\/www.sansin.com\/wp-content\/uploads\/INT-Clear-Westshore.jpg\" data-link=\"https:\/\/www.sansin.com\/int-clear-westshore\/\" class=\"wp-image-13100\" srcset=\"https:\/\/www.sansin.com\/wp-content\/uploads\/INT-Clear-Westshore.jpg 800w, https:\/\/www.sansin.com\/wp-content\/uploads\/INT-Clear-Westshore-150x113.jpg 150w, https:\/\/www.sansin.com\/wp-content\/uploads\/INT-Clear-Westshore-300x225.jpg 300w, https:\/\/www.sansin.com\/wp-content\/uploads\/INT-Clear-Westshore-768x576.jpg 768w\" sizes=\"(max-width: 800px) 100vw, 800px\" \/><\/a><\/figure><\/li><\/ul><\/figure>\n<\/div>\n\n\n\n<div class=\"wp-block-column is-layout-flow wp-block-column-is-layout-flow\"><\/div>\n<\/div>\n","protected":false},"excerpt":{"rendered":"<p>La nouvelle norme en mati\u00e8re de protection de sols, splendide et ultra-robuste Que vous rafraichissiez votre plancher ou que vous en prot\u00e9giez un neuf, Purity Floor de Sansin est d\u2019une efficacit\u00e9 exceptionnelle. Pour obtenir la teinte souhait\u00e9e, commencez par appliquer une couche de fond de Purity 0-VOC Stain ou de Gel Stain en choisissant l\u2019un &#8230; <a title=\"PLANCHERS\" class=\"read-more\" href=\"https:\/\/www.sansin.com\/fr\/interieurs\/planchers\/\" aria-label=\"En savoir plus sur PLANCHERS\">Lire plus<\/a><\/p>\n","protected":false},"author":6,"featured_media":0,"parent":4779,"menu_order":1,"comment_status":"closed","ping_status":"closed","template":"","meta":{"footnotes":""},"class_list":["post-4788","page","type-page","status-publish"],"aioseo_notices":[],"_links":{"self":[{"href":"https:\/\/www.sansin.com\/fr\/wp-json\/wp\/v2\/pages\/4788","targetHints":{"allow":["GET"]}}],"collection":[{"href":"https:\/\/www.sansin.com\/fr\/wp-json\/wp\/v2\/pages"}],"about":[{"href":"https:\/\/www.sansin.com\/fr\/wp-json\/wp\/v2\/types\/page"}],"author":[{"embeddable":true,"href":"https:\/\/www.sansin.com\/fr\/wp-json\/wp\/v2\/users\/6"}],"replies":[{"embeddable":true,"href":"https:\/\/www.sansin.com\/fr\/wp-json\/wp\/v2\/comments?post=4788"}],"version-history":[{"count":0,"href":"https:\/\/www.sansin.com\/fr\/wp-json\/wp\/v2\/pages\/4788\/revisions"}],"up":[{"embeddable":true,"href":"https:\/\/www.sansin.com\/fr\/wp-json\/wp\/v2\/pages\/4779"}],"wp:attachment":[{"href":"https:\/\/www.sansin.com\/fr\/wp-json\/wp\/v2\/media?parent=4788"}],"curies":[{"name":"wp","href":"https:\/\/api.w.org\/{rel}","templated":true}]}}