{"id":4793,"date":"2013-07-17T21:16:00","date_gmt":"2013-07-17T21:16:00","guid":{"rendered":"http:\/\/www.sansin.com\/interieurs\/walls\/"},"modified":"2021-12-30T16:14:04","modified_gmt":"2021-12-30T21:14:04","slug":"murs","status":"publish","type":"page","link":"https:\/\/www.sansin.com\/fr\/interieurs\/murs\/","title":{"rendered":"Murs"},"content":{"rendered":"\n<div class=\"wp-block-image\"><figure class=\"alignright\"><img decoding=\"async\" src=\"https:\/\/www.sansin.com\/wp-content\/uploads\/sansin_interiors_walls.jpg\" alt=\"Sansin Interiors &gt; Walls\" class=\"wp-image-4667\"\/><\/figure><\/div>\n\n\n\n<h2 class=\"wp-block-heading\">Animez votre int\u00e9rieur gr\u00e2ce \u00e0 la splendeur saisissante des produits Purity Interior.<\/h2>\n\n\n\n<p>Pour tous vos murs de bois et moulures int\u00e9rieures, les rev\u00eatements Purity Interior de Sansin se plieront \u00e0 tous vos caprices. Par exemple, une teinture p\u00e9n\u00e9trante comme Purity 0-VOC Stain et Gel Stain red\u00e9finira et enrichira le charme et le caract\u00e8re naturels du bois nu. Si vous recherchez une protection plus appuy\u00e9e ou un lustre sup\u00e9rieur, terminez par l\u2019un de nos rev\u00eatements transparents Purity Interior. Purity Glacier et Purity Floor sont propos\u00e9s en pr\u00e9parations opaques ou transparentes qui donnent un fini laqu\u00e9 r\u00e9sistant. Il est \u00e9galement possible d\u2019appliquer directement Purity Interior Clear sur le bois nu, et m\u00eame sur des mat\u00e9riaux composites comme du MDF recouvert de notre couche primaire sp\u00e9ciale.<\/p>\n\n\n\n<p>Faites d\u00e9filer la fen\u00eatre jusqu\u2019\u00e0 l\u2019aper\u00e7u de notre gamme de produits pour le bois d\u2019int\u00e9rieur, ou laissez-vous inspirer par la galerie de photos ci-dessous qui donnent des exemples de superbes projets int\u00e9rieurs prot\u00e9g\u00e9s par les produits Enviro Stain de Sansin.<\/p>\n\n\n\n<h2 class=\"section-heading wp-block-heading\">PRODUITS<\/h2>\n\n\n\n<hr class=\"wp-block-separator is-style-default\"\/>\n\n\n\n<div class=\"wp-block-columns is-layout-flex wp-container-core-columns-is-layout-9d6595d7 wp-block-columns-is-layout-flex\">\n<div class=\"wp-block-column is-layout-flow wp-block-column-is-layout-flow\">\n<div class=\"wp-block-image\"><figure class=\"aligncenter size-full is-resized\"><img decoding=\"async\" src=\"https:\/\/www.sansin.com\/wp-content\/uploads\/\/lg_purity_stain-2-150x150.jpg\" alt=\"Purity Stain can\" class=\"wp-image-11337\" width=\"150\" height=\"150\" srcset=\"https:\/\/www.sansin.com\/wp-content\/uploads\/lg_purity_stain-2-150x150.jpg 150w, https:\/\/www.sansin.com\/wp-content\/uploads\/lg_purity_stain-2-300x300.jpg 300w, https:\/\/www.sansin.com\/wp-content\/uploads\/lg_purity_stain-2-100x100.jpg 100w, https:\/\/www.sansin.com\/wp-content\/uploads\/lg_purity_stain-2.jpg 430w\" sizes=\"(max-width: 150px) 100vw, 150px\" \/><\/figure><\/div>\n\n\n\n<p class=\"product-title\">Purity Clear<\/p>\n\n\n\n<div class=\"wp-block-group product-grey-box\"><div class=\"wp-block-group__inner-container is-layout-flow wp-block-group-is-layout-flow\">\n<p class=\"product-headline\">Fini en deux couches qui r\u00e9v\u00e8le la chaleur naturelle du bois.<\/p>\n\n\n\n<p><strong><a href=\"https:\/\/www.sansin.com\/product\/purity-clear\/\" title=\"PURITY CLEAR\"><strong><a href=\"https:\/\/www.sansin.com\/fr\/produit\/purity-clear\/\">VOIR LE PRODUIT >><\/a><\/strong><\/a><\/strong><\/p>\n<\/div><\/div>\n<\/div>\n\n\n\n<div class=\"wp-block-column is-layout-flow wp-block-column-is-layout-flow\">\n<div class=\"wp-block-image\"><figure class=\"aligncenter size-full is-resized\"><img decoding=\"async\" src=\"https:\/\/www.sansin.com\/wp-content\/uploads\/\/glacier-large-150x150.jpg\" alt=\"Purity Glacier\" class=\"wp-image-8505\" width=\"150\" height=\"150\" srcset=\"https:\/\/www.sansin.com\/wp-content\/uploads\/glacier-large-150x150.jpg 150w, https:\/\/www.sansin.com\/wp-content\/uploads\/glacier-large-100x100.jpg 100w, https:\/\/www.sansin.com\/wp-content\/uploads\/glacier-large.jpg 300w\" sizes=\"(max-width: 150px) 100vw, 150px\" \/><\/figure><\/div>\n\n\n\n<p class=\"product-title\">Purity Glacier<\/p>\n\n\n\n<div class=\"wp-block-group product-grey-box\"><div class=\"wp-block-group__inner-container is-layout-flow wp-block-group-is-layout-flow\">\n<p class=\"product-headline\">Rev\u00eatement transparent pour surfaces int\u00e9rieures en bois expos\u00e9es \u00e0 l&rsquo;usure.<\/p>\n\n\n\n<p><strong><a href=\"https:\/\/www.sansin.com\/product\/purity-glacier\/\" title=\"PURITY GLACIER\"><strong><a href=\"https:\/\/www.sansin.com\/fr\/produit\/purity-glacier\/\">VOIR LE PRODUIT >><\/a><\/strong><\/a><\/strong><\/p>\n<\/div><\/div>\n<\/div>\n\n\n\n<div class=\"wp-block-column is-layout-flow wp-block-column-is-layout-flow\">\n<div class=\"wp-block-image\"><figure class=\"aligncenter size-full is-resized\"><img decoding=\"async\" src=\"https:\/\/www.sansin.com\/wp-content\/uploads\/\/lg_purity-natures-oil-1-150x150.jpg\" alt=\"Purity Nature's Oil an\" class=\"wp-image-11330\" width=\"150\" height=\"150\" srcset=\"https:\/\/www.sansin.com\/wp-content\/uploads\/lg_purity-natures-oil-1-150x150.jpg 150w, https:\/\/www.sansin.com\/wp-content\/uploads\/lg_purity-natures-oil-1-100x100.jpg 100w, https:\/\/www.sansin.com\/wp-content\/uploads\/lg_purity-natures-oil-1.jpg 300w\" sizes=\"(max-width: 150px) 100vw, 150px\" \/><\/figure><\/div>\n\n\n\n<p class=\"product-title\">Purity Nature&rsquo;s Oil<\/p>\n\n\n\n<div class=\"wp-block-group product-grey-box\"><div class=\"wp-block-group__inner-container is-layout-flow wp-block-group-is-layout-flow\">\n<p class=\"product-headline\">Huile p\u00e9n\u00e9trante pour armoires et int\u00e9rieurs.<\/p>\n\n\n\n<p><strong><a href=\"https:\/\/www.sansin.com\/product\/purity-natures-oil\/\" title=\"PURITY NATURE\u2019S OIL\"><strong><a href=\"https:\/\/www.sansin.com\/fr\/produit\/purity-natures-oil\/\">VOIR LE PRODUIT >><\/a><\/strong><\/a><\/strong><\/p>\n<\/div><\/div>\n\n\n\n<p><\/p>\n<\/div>\n\n\n\n<div class=\"wp-block-column is-layout-flow wp-block-column-is-layout-flow\">\n<div class=\"wp-block-image\"><figure class=\"aligncenter size-full is-resized\"><img decoding=\"async\" src=\"https:\/\/www.sansin.com\/wp-content\/uploads\/\/stain-large-150x150.jpg\" alt=\"Purity Stain\" class=\"wp-image-8506\" width=\"150\" height=\"150\" srcset=\"https:\/\/www.sansin.com\/wp-content\/uploads\/stain-large-150x150.jpg 150w, https:\/\/www.sansin.com\/wp-content\/uploads\/stain-large-100x100.jpg 100w, https:\/\/www.sansin.com\/wp-content\/uploads\/stain-large.jpg 300w\" sizes=\"(max-width: 150px) 100vw, 150px\" \/><\/figure><\/div>\n\n\n\n<p class=\"product-title\">Purity Stain<\/p>\n\n\n\n<div class=\"wp-block-group product-grey-box\"><div class=\"wp-block-group__inner-container is-layout-flow wp-block-group-is-layout-flow\">\n<p class=\"product-headline\">Somptueuse teinture p\u00e9n\u00e9trante pour bois int\u00e9rieur.<\/p>\n\n\n\n<p><strong><a href=\"https:\/\/www.sansin.com\/product\/purity-stain\/\" title=\"PURITY STAIN\"><strong><a href=\"https:\/\/www.sansin.com\/fr\/produit\/0-voc-stain\/\">VOIR LE PRODUIT >><\/a><\/strong><\/a><\/strong><\/p>\n<\/div><\/div>\n<\/div>\n<\/div>\n\n\n\n<div class=\"wp-block-columns is-layout-flex wp-container-core-columns-is-layout-9d6595d7 wp-block-columns-is-layout-flex\">\n<div class=\"wp-block-column is-layout-flow wp-block-column-is-layout-flow\">\n<div class=\"wp-block-image\"><figure class=\"aligncenter size-full is-resized\"><img decoding=\"async\" src=\"https:\/\/www.sansin.com\/wp-content\/uploads\/\/lg_voc-gel-stain-1-150x150.jpg\" alt=\"PURITY 0-VOC GEL STAIN can\" class=\"wp-image-11332\" width=\"150\" height=\"150\" srcset=\"https:\/\/www.sansin.com\/wp-content\/uploads\/lg_voc-gel-stain-1-150x150.jpg 150w, https:\/\/www.sansin.com\/wp-content\/uploads\/lg_voc-gel-stain-1-100x100.jpg 100w, https:\/\/www.sansin.com\/wp-content\/uploads\/lg_voc-gel-stain-1.jpg 300w\" sizes=\"(max-width: 150px) 100vw, 150px\" \/><\/figure><\/div>\n\n\n\n<p class=\"product-title\">Purity 0-VOC Gel Stain<\/p>\n\n\n\n<div class=\"wp-block-group product-grey-box\"><div class=\"wp-block-group__inner-container is-layout-flow wp-block-group-is-layout-flow\">\n<p class=\"product-headline\">Teinture en gel p\u00e9n\u00e9trante pour bois int\u00e9rieur.<\/p>\n\n\n\n<p><strong><a href=\"https:\/\/www.sansin.com\/product\/0-voc-gel-stain\/\" title=\"PURITY 0-VOC GEL STAIN\"><strong><a href=\"https:\/\/www.sansin.com\/fr\/produit\/0-voc-gel-stain\/\">VOIR LE PRODUIT >><\/a><\/strong><\/a><\/strong><\/p>\n<\/div><\/div>\n\n\n\n<p><\/p>\n<\/div>\n\n\n\n<div class=\"wp-block-column is-layout-flow wp-block-column-is-layout-flow\"><\/div>\n\n\n\n<div class=\"wp-block-column is-layout-flow wp-block-column-is-layout-flow\"><\/div>\n\n\n\n<div class=\"wp-block-column is-layout-flow wp-block-column-is-layout-flow\"><\/div>\n<\/div>\n\n\n\n<h2 class=\"section-heading wp-block-heading\">GALERIE DE PHOTOS<\/h2>\n\n\n\n<hr class=\"wp-block-separator is-style-default\"\/>\n\n\n\n<div class=\"wp-block-columns is-layout-flex wp-container-core-columns-is-layout-9d6595d7 wp-block-columns-is-layout-flex\">\n<div class=\"wp-block-column is-layout-flow wp-block-column-is-layout-flow\">\n<figure class=\"wp-block-gallery columns-2 wp-block-gallery-1 is-layout-flex wp-block-gallery-is-layout-flex\"><ul class=\"blocks-gallery-grid\"><li class=\"blocks-gallery-item\"><figure><a href=\"https:\/\/www.sansin.com\/wp-content\/uploads\/INT-Clear-Westshore.jpg\"><img decoding=\"async\" width=\"300\" height=\"225\" src=\"https:\/\/www.sansin.com\/wp-content\/uploads\/\/INT-Clear-Westshore-300x225.jpg\" alt=\"Westshore\" data-id=\"13099\" data-full-url=\"https:\/\/www.sansin.com\/wp-content\/uploads\/INT-Clear-Westshore.jpg\" data-link=\"https:\/\/www.sansin.com\/int-clear-westshore\/\" class=\"wp-image-13099\" srcset=\"https:\/\/www.sansin.com\/wp-content\/uploads\/INT-Clear-Westshore-300x225.jpg 300w, https:\/\/www.sansin.com\/wp-content\/uploads\/INT-Clear-Westshore-150x113.jpg 150w, https:\/\/www.sansin.com\/wp-content\/uploads\/INT-Clear-Westshore-768x576.jpg 768w, https:\/\/www.sansin.com\/wp-content\/uploads\/INT-Clear-Westshore.jpg 800w\" sizes=\"(max-width: 300px) 100vw, 300px\" \/><\/a><\/figure><\/li><li class=\"blocks-gallery-item\"><figure><a href=\"https:\/\/www.sansin.com\/wp-content\/uploads\/Interior-Stain-Clear.jpg\"><img decoding=\"async\" width=\"300\" height=\"225\" src=\"https:\/\/www.sansin.com\/wp-content\/uploads\/\/Interior-Stain-Clear-300x225.jpg\" alt=\"Purity Stain and Glacier\" data-id=\"4642\" data-full-url=\"https:\/\/www.sansin.com\/wp-content\/uploads\/Interior-Stain-Clear.jpg\" data-link=\"https:\/\/www.sansin.com\/interior-stain-clear\/\" class=\"wp-image-4642\" srcset=\"https:\/\/www.sansin.com\/wp-content\/uploads\/Interior-Stain-Clear-300x225.jpg 300w, https:\/\/www.sansin.com\/wp-content\/uploads\/Interior-Stain-Clear-150x113.jpg 150w, https:\/\/www.sansin.com\/wp-content\/uploads\/Interior-Stain-Clear.jpg 800w\" sizes=\"(max-width: 300px) 100vw, 300px\" \/><\/a><\/figure><\/li><\/ul><\/figure>\n<\/div>\n\n\n\n<div class=\"wp-block-column is-layout-flow wp-block-column-is-layout-flow\"><\/div>\n<\/div>\n","protected":false},"excerpt":{"rendered":"<p>Animez votre int\u00e9rieur gr\u00e2ce \u00e0 la splendeur saisissante des produits Purity Interior. Pour tous vos murs de bois et moulures int\u00e9rieures, les rev\u00eatements Purity Interior de Sansin se plieront \u00e0 tous vos caprices. Par exemple, une teinture p\u00e9n\u00e9trante comme Purity 0-VOC Stain et Gel Stain red\u00e9finira et enrichira le charme et le caract\u00e8re naturels du &#8230; <a title=\"Murs\" class=\"read-more\" href=\"https:\/\/www.sansin.com\/fr\/interieurs\/murs\/\" aria-label=\"En savoir plus sur Murs\">Lire plus<\/a><\/p>\n","protected":false},"author":6,"featured_media":0,"parent":4779,"menu_order":2,"comment_status":"closed","ping_status":"closed","template":"","meta":{"footnotes":""},"class_list":["post-4793","page","type-page","status-publish"],"aioseo_notices":[],"_links":{"self":[{"href":"https:\/\/www.sansin.com\/fr\/wp-json\/wp\/v2\/pages\/4793","targetHints":{"allow":["GET"]}}],"collection":[{"href":"https:\/\/www.sansin.com\/fr\/wp-json\/wp\/v2\/pages"}],"about":[{"href":"https:\/\/www.sansin.com\/fr\/wp-json\/wp\/v2\/types\/page"}],"author":[{"embeddable":true,"href":"https:\/\/www.sansin.com\/fr\/wp-json\/wp\/v2\/users\/6"}],"replies":[{"embeddable":true,"href":"https:\/\/www.sansin.com\/fr\/wp-json\/wp\/v2\/comments?post=4793"}],"version-history":[{"count":0,"href":"https:\/\/www.sansin.com\/fr\/wp-json\/wp\/v2\/pages\/4793\/revisions"}],"up":[{"embeddable":true,"href":"https:\/\/www.sansin.com\/fr\/wp-json\/wp\/v2\/pages\/4779"}],"wp:attachment":[{"href":"https:\/\/www.sansin.com\/fr\/wp-json\/wp\/v2\/media?parent=4793"}],"curies":[{"name":"wp","href":"https:\/\/api.w.org\/{rel}","templated":true}]}}