{"id":4797,"date":"2013-07-17T21:11:26","date_gmt":"2013-07-17T21:11:26","guid":{"rendered":"http:\/\/www.sansin.com\/interieurs\/cabinetry\/"},"modified":"2021-12-30T16:18:05","modified_gmt":"2021-12-30T21:18:05","slug":"armoires","status":"publish","type":"page","link":"https:\/\/www.sansin.com\/fr\/interieurs\/armoires\/","title":{"rendered":"Armoires"},"content":{"rendered":"\n<div class=\"wp-block-image\"><figure class=\"alignright\"><img decoding=\"async\" src=\"https:\/\/www.sansin.com\/wp-content\/uploads\/main_interior_cabinetry1.jpg\" alt=\"Cabinetry\" class=\"wp-image-4099\"\/><\/figure><\/div>\n\n\n\n<h2 class=\"wp-block-heading\">Faites comme les professionnels : choisissez un produit Purity Interior de Sansin.<\/h2>\n\n\n\n<p>Pour chaque r\u00e9sultat recherch\u00e9 pour vos placards, vos \u00e9tag\u00e8res, vos meubles et autres armoires, Sansin a pr\u00e9vu un produit Purity Interior. Vous visez la richesse d\u2019une teinture p\u00e9n\u00e9trante? Essayez Purity 0-VOC Stain et 0-VOC Gel Stain. Purity Nature\u2019s Oil, quant \u00e0 lui, sera parfait pour obtenir l\u2019aspect d\u2019un fini poli \u00e0 la main. Vous pouvez appliquer Purity Clear ou Purity Glacier comme couche de finition de tout rev\u00eatement Purity Interior, ou seuls pour obtenir une protection transparente qui mettra en valeur la profondeur et le caract\u00e8re de vos murs. Quel que soit le produit Purity Interior de Sansin que vous choisirez, la splendeur et la protection anti-UV seront au rendez-vous.<\/p>\n\n\n\n<h2 class=\"wp-block-heading\">Les produits Purity Interior de Sansin, pour des r\u00e9sultats professionnels<\/h2>\n\n\n\n<p>Faites d\u00e9filer la fen\u00eatre jusqu\u2019\u00e0 l\u2019aper\u00e7u de notre gamme de produits pour le bois d\u2019int\u00e9rieur, ou laissez-vous inspirer par la galerie de photos ci-dessous qui donnent des exemples de superbes projets d\u2019armoires prot\u00e9g\u00e9es par les produits Enviro Stain de Sansin.<\/p>\n\n\n\n<h2 class=\"section-heading wp-block-heading\">PRODUITS<\/h2>\n\n\n\n<hr class=\"wp-block-separator is-style-default\"\/>\n\n\n\n<div class=\"wp-block-columns is-layout-flex wp-container-core-columns-is-layout-9d6595d7 wp-block-columns-is-layout-flex\">\n<div class=\"wp-block-column is-layout-flow wp-block-column-is-layout-flow\">\n<div class=\"wp-block-image\"><figure class=\"aligncenter size-full is-resized\"><img decoding=\"async\" src=\"https:\/\/www.sansin.com\/wp-content\/uploads\/\/floor-large-150x150.jpg\" alt=\"Purity Floor\" class=\"wp-image-8504\" width=\"150\" height=\"150\" srcset=\"https:\/\/www.sansin.com\/wp-content\/uploads\/floor-large-150x150.jpg 150w, https:\/\/www.sansin.com\/wp-content\/uploads\/floor-large-100x100.jpg 100w, https:\/\/www.sansin.com\/wp-content\/uploads\/floor-large.jpg 300w\" sizes=\"(max-width: 150px) 100vw, 150px\" \/><\/figure><\/div>\n\n\n\n<p class=\"product-title\">Purity Floor<\/p>\n\n\n\n<div class=\"wp-block-group product-grey-box\"><div class=\"wp-block-group__inner-container is-layout-flow wp-block-group-is-layout-flow\">\n<p class=\"product-headline\">Rev\u00eatement ultra-r\u00e9sistant pour planchers, de cat\u00e9gorie gymnase.<\/p>\n\n\n\n<p><strong><a href=\"https:\/\/www.sansin.com\/product\/purity-floor\/\" title=\"PURITY FLOOR\"><strong><a href=\"https:\/\/www.sansin.com\/fr\/produit\/purity-floor\/\">VOIR LE PRODUIT >><\/a><\/strong><\/a><\/strong><\/p>\n<\/div><\/div>\n\n\n\n<p><\/p>\n<\/div>\n\n\n\n<div class=\"wp-block-column is-layout-flow wp-block-column-is-layout-flow\">\n<div class=\"wp-block-image\"><figure class=\"aligncenter size-full is-resized\"><img decoding=\"async\" src=\"https:\/\/www.sansin.com\/wp-content\/uploads\/\/glacier-large-150x150.jpg\" alt=\"Purity Glacier\" class=\"wp-image-8505\" width=\"150\" height=\"150\" srcset=\"https:\/\/www.sansin.com\/wp-content\/uploads\/glacier-large-150x150.jpg 150w, https:\/\/www.sansin.com\/wp-content\/uploads\/glacier-large-100x100.jpg 100w, https:\/\/www.sansin.com\/wp-content\/uploads\/glacier-large.jpg 300w\" sizes=\"(max-width: 150px) 100vw, 150px\" \/><\/figure><\/div>\n\n\n\n<p class=\"product-title\">Purity Glacier<\/p>\n\n\n\n<div class=\"wp-block-group product-grey-box\"><div class=\"wp-block-group__inner-container is-layout-flow wp-block-group-is-layout-flow\">\n<p class=\"product-headline\">Rev\u00eatement transparent pour surfaces int\u00e9rieures en bois expos\u00e9es \u00e0 l&rsquo;usure.<\/p>\n\n\n\n<p><strong><a href=\"https:\/\/www.sansin.com\/product\/purity-glacier\/\" title=\"PURITY GLACIER\"><strong><a href=\"https:\/\/www.sansin.com\/fr\/produit\/purity-glacier\/\">VOIR LE PRODUIT >><\/a><\/strong><\/a><\/strong><\/p>\n<\/div><\/div>\n<\/div>\n\n\n\n<div class=\"wp-block-column is-layout-flow wp-block-column-is-layout-flow\">\n<div class=\"wp-block-image\"><figure class=\"aligncenter size-full is-resized\"><img decoding=\"async\" src=\"https:\/\/www.sansin.com\/wp-content\/uploads\/\/stain-large-150x150.jpg\" alt=\"Purity Stain\" class=\"wp-image-8506\" width=\"150\" height=\"150\" srcset=\"https:\/\/www.sansin.com\/wp-content\/uploads\/stain-large-150x150.jpg 150w, https:\/\/www.sansin.com\/wp-content\/uploads\/stain-large-100x100.jpg 100w, https:\/\/www.sansin.com\/wp-content\/uploads\/stain-large.jpg 300w\" sizes=\"(max-width: 150px) 100vw, 150px\" \/><\/figure><\/div>\n\n\n\n<p class=\"product-title\">Purity Stain<\/p>\n\n\n\n<div class=\"wp-block-group product-grey-box\"><div class=\"wp-block-group__inner-container is-layout-flow wp-block-group-is-layout-flow\">\n<p class=\"product-headline\">Somptueuse teinture p\u00e9n\u00e9trante pour bois int\u00e9rieur.<\/p>\n\n\n\n<p><strong><a href=\"https:\/\/www.sansin.com\/product\/purity-stain\/\" title=\"PURITY STAIN\"><strong><a href=\"https:\/\/www.sansin.com\/fr\/produit\/0-voc-stain\/\">VOIR LE PRODUIT >><\/a><\/strong><\/a><\/strong><\/p>\n<\/div><\/div>\n<\/div>\n\n\n\n<div class=\"wp-block-column is-layout-flow wp-block-column-is-layout-flow\">\n<div class=\"wp-block-image\"><figure class=\"aligncenter size-full is-resized\"><img decoding=\"async\" src=\"https:\/\/www.sansin.com\/wp-content\/uploads\/\/lg_voc-gel-stain-1-150x150.jpg\" alt=\"PURITY 0-VOC GEL STAIN can\" class=\"wp-image-11332\" width=\"150\" height=\"150\" srcset=\"https:\/\/www.sansin.com\/wp-content\/uploads\/lg_voc-gel-stain-1-150x150.jpg 150w, https:\/\/www.sansin.com\/wp-content\/uploads\/lg_voc-gel-stain-1-100x100.jpg 100w, https:\/\/www.sansin.com\/wp-content\/uploads\/lg_voc-gel-stain-1.jpg 300w\" sizes=\"(max-width: 150px) 100vw, 150px\" \/><\/figure><\/div>\n\n\n\n<p class=\"product-title\">Purity 0-VOC Gel Stain<\/p>\n\n\n\n<div class=\"wp-block-group product-grey-box\"><div class=\"wp-block-group__inner-container is-layout-flow wp-block-group-is-layout-flow\">\n<p class=\"product-headline\">Teinture en gel p\u00e9n\u00e9trante pour bois int\u00e9rieur.<\/p>\n\n\n\n<p><strong><a href=\"https:\/\/www.sansin.com\/product\/0-voc-gel-stain\/\" title=\"PURITY 0-VOC GEL STAIN\"><strong><a href=\"https:\/\/www.sansin.com\/fr\/produit\/0-voc-gel-stain\/\">VOIR LE PRODUIT >><\/a><\/strong><\/a><\/strong><\/p>\n<\/div><\/div>\n\n\n\n<p><\/p>\n<\/div>\n<\/div>\n\n\n\n<div class=\"wp-block-columns is-layout-flex wp-container-core-columns-is-layout-9d6595d7 wp-block-columns-is-layout-flex\">\n<div class=\"wp-block-column is-layout-flow wp-block-column-is-layout-flow\">\n<div class=\"wp-block-image\"><figure class=\"aligncenter size-full is-resized\"><img decoding=\"async\" src=\"https:\/\/www.sansin.com\/wp-content\/uploads\/\/Resolution_1_2-Can-300-150x150.jpg\" alt=\"Resolution\" class=\"wp-image-8811\" width=\"150\" height=\"150\" srcset=\"https:\/\/www.sansin.com\/wp-content\/uploads\/Resolution_1_2-Can-300-150x150.jpg 150w, https:\/\/www.sansin.com\/wp-content\/uploads\/Resolution_1_2-Can-300-100x100.jpg 100w, https:\/\/www.sansin.com\/wp-content\/uploads\/Resolution_1_2-Can-300.jpg 300w\" sizes=\"(max-width: 150px) 100vw, 150px\" \/><\/figure><\/div>\n\n\n\n<p class=\"product-title\">Resolution<\/p>\n\n\n\n<div class=\"wp-block-group product-grey-box\"><div class=\"wp-block-group__inner-container is-layout-flow wp-block-group-is-layout-flow\">\n<p class=\"product-headline\">Resolution : syst\u00e8me de finition pour le bois \u00e0 haute performance.<\/p>\n\n\n\n<p><strong><a href=\"https:\/\/www.sansin.com\/product\/resolution\/\" title=\"RESOLUTION\"><strong><a href=\"https:\/\/www.sansin.com\/fr\/produit\/resolution\/\">VOIR LE PRODUIT >><\/a><\/strong><\/a><\/strong><\/p>\n<\/div><\/div>\n<\/div>\n\n\n\n<div class=\"wp-block-column is-layout-flow wp-block-column-is-layout-flow\"><\/div>\n\n\n\n<div class=\"wp-block-column is-layout-flow wp-block-column-is-layout-flow\"><\/div>\n\n\n\n<div class=\"wp-block-column is-layout-flow wp-block-column-is-layout-flow\"><\/div>\n<\/div>\n\n\n\n<h2 class=\"section-heading wp-block-heading\">GALERIE DE PHOTOS<\/h2>\n\n\n\n<hr class=\"wp-block-separator is-style-default\"\/>\n\n\n\n<div class=\"wp-block-columns is-layout-flex wp-container-core-columns-is-layout-9d6595d7 wp-block-columns-is-layout-flex\">\n<div class=\"wp-block-column is-layout-flow wp-block-column-is-layout-flow\">\n<figure class=\"wp-block-gallery columns-2 wp-block-gallery-1 is-layout-flex wp-block-gallery-is-layout-flex\"><ul class=\"blocks-gallery-grid\"><li class=\"blocks-gallery-item\"><figure><a href=\"https:\/\/www.sansin.com\/wp-content\/uploads\/main_interior_cabinetry1.jpg\"><img decoding=\"async\" width=\"300\" height=\"200\" src=\"https:\/\/www.sansin.com\/wp-content\/uploads\/\/main_interior_cabinetry1-300x200.jpg\" alt=\"Cabinetry\" data-id=\"13123\" data-full-url=\"https:\/\/www.sansin.com\/wp-content\/uploads\/main_interior_cabinetry1.jpg\" data-link=\"https:\/\/www.sansin.com\/main_interior_cabinetry1\/\" class=\"wp-image-13124\" srcset=\"https:\/\/www.sansin.com\/wp-content\/uploads\/main_interior_cabinetry1-300x200.jpg 300w, https:\/\/www.sansin.com\/wp-content\/uploads\/main_interior_cabinetry1-150x100.jpg 150w, https:\/\/www.sansin.com\/wp-content\/uploads\/main_interior_cabinetry1.jpg 420w\" sizes=\"(max-width: 300px) 100vw, 300px\" \/><\/a><\/figure><\/li><li class=\"blocks-gallery-item\"><figure><a href=\"https:\/\/www.sansin.com\/wp-content\/uploads\/INT-Glacier-modernhome1.jpg\"><img decoding=\"async\" width=\"300\" height=\"225\" src=\"https:\/\/www.sansin.com\/wp-content\/uploads\/\/INT-Glacier-modernhome1-300x225.jpg\" alt=\"Glacier\" data-id=\"13110\" data-full-url=\"https:\/\/www.sansin.com\/wp-content\/uploads\/INT-Glacier-modernhome1.jpg\" data-link=\"https:\/\/www.sansin.com\/int-glacier-modernhome1\/\" class=\"wp-image-13111\" srcset=\"https:\/\/www.sansin.com\/wp-content\/uploads\/INT-Glacier-modernhome1-300x225.jpg 300w, https:\/\/www.sansin.com\/wp-content\/uploads\/INT-Glacier-modernhome1-150x113.jpg 150w, https:\/\/www.sansin.com\/wp-content\/uploads\/INT-Glacier-modernhome1-768x576.jpg 768w, https:\/\/www.sansin.com\/wp-content\/uploads\/INT-Glacier-modernhome1.jpg 800w\" sizes=\"(max-width: 300px) 100vw, 300px\" \/><\/a><\/figure><\/li><\/ul><\/figure>\n<\/div>\n\n\n\n<div class=\"wp-block-column is-layout-flow wp-block-column-is-layout-flow\"><\/div>\n<\/div>\n","protected":false},"excerpt":{"rendered":"<p>Faites comme les professionnels : choisissez un produit Purity Interior de Sansin. Pour chaque r\u00e9sultat recherch\u00e9 pour vos placards, vos \u00e9tag\u00e8res, vos meubles et autres armoires, Sansin a pr\u00e9vu un produit Purity Interior. Vous visez la richesse d\u2019une teinture p\u00e9n\u00e9trante? Essayez Purity 0-VOC Stain et 0-VOC Gel Stain. Purity Nature\u2019s Oil, quant \u00e0 lui, sera &#8230; <a title=\"Armoires\" class=\"read-more\" href=\"https:\/\/www.sansin.com\/fr\/interieurs\/armoires\/\" aria-label=\"En savoir plus sur Armoires\">Lire plus<\/a><\/p>\n","protected":false},"author":6,"featured_media":0,"parent":4779,"menu_order":3,"comment_status":"closed","ping_status":"closed","template":"","meta":{"footnotes":""},"class_list":["post-4797","page","type-page","status-publish"],"aioseo_notices":[],"_links":{"self":[{"href":"https:\/\/www.sansin.com\/fr\/wp-json\/wp\/v2\/pages\/4797","targetHints":{"allow":["GET"]}}],"collection":[{"href":"https:\/\/www.sansin.com\/fr\/wp-json\/wp\/v2\/pages"}],"about":[{"href":"https:\/\/www.sansin.com\/fr\/wp-json\/wp\/v2\/types\/page"}],"author":[{"embeddable":true,"href":"https:\/\/www.sansin.com\/fr\/wp-json\/wp\/v2\/users\/6"}],"replies":[{"embeddable":true,"href":"https:\/\/www.sansin.com\/fr\/wp-json\/wp\/v2\/comments?post=4797"}],"version-history":[{"count":0,"href":"https:\/\/www.sansin.com\/fr\/wp-json\/wp\/v2\/pages\/4797\/revisions"}],"up":[{"embeddable":true,"href":"https:\/\/www.sansin.com\/fr\/wp-json\/wp\/v2\/pages\/4779"}],"wp:attachment":[{"href":"https:\/\/www.sansin.com\/fr\/wp-json\/wp\/v2\/media?parent=4797"}],"curies":[{"name":"wp","href":"https:\/\/api.w.org\/{rel}","templated":true}]}}