{"id":4810,"date":"2013-07-18T03:22:17","date_gmt":"2013-07-18T03:22:17","guid":{"rendered":"http:\/\/www.sansin.com\/maisons-en-bois-rond\/exterior-protection\/"},"modified":"2022-06-10T11:55:20","modified_gmt":"2022-06-10T15:55:20","slug":"protection-pour-lexterieurs","status":"publish","type":"page","link":"https:\/\/www.sansin.com\/fr\/maisons-en-bois-rond\/protection-pour-lexterieurs\/","title":{"rendered":"Protection pour L&rsquo;Ext\u00e9rieurs"},"content":{"rendered":"<div class=\"wp-block-image\">\n<figure class=\"alignright\"><img decoding=\"async\" src=\"https:\/\/www.sansin.com\/wp-content\/uploads\/main_Log_ExteriorProtection.jpg\" alt=\"Log Homes | Exterior Protection\" class=\"wp-image-4047\"\/><\/figure>\n<\/div>\n<h2 class=\"wp-block-heading\">Primers, base coats and anti-fungals for long-term protection.<\/h2>\n\n<p>The massive timbers that make log homes so architecturally unique require protection that is out of the ordinary. Sansin manufactures a complete line of log and timber protection products that were designed specifically for the requirements of the log home market. Foundation is a base coat that improves the performance of any subsequent coating. Timber-Tec is a wood primer that protects logs during the build, while KP-11 is an industrial grade primer primarily used for large building projects but also ideal for log homes. Borasan is a deep-penetrating surface treatment that is designed to eradicate and protect against decay, insects and fungi. Impel Rods is designed to be inserted directly into logs for long-term internal protection.<\/p>\n\n<h2 class=\"wp-block-heading\">Every home is unique.<\/h2>\n\n<p>Whatever the requirements of your project, Sansin has an Enviro Stain that will deliver the exceptional performance your log or timber-frame home deserves. Scroll down for an overview of our family of log and timber protection products or get inspired by browsing the Photo Gallery below for examples of beautiful log home projects featuring Sansin Enviro Stains.<\/p>\n\n<h2 class=\"section-heading wp-block-heading\">ALL EXTERIOR PROTECTION PRODUCTS<\/h2>\n\n<hr class=\"wp-block-separator has-css-opacity is-style-default\"\/>\n\n<div class=\"wp-block-columns is-layout-flex wp-container-core-columns-is-layout-9d6595d7 wp-block-columns-is-layout-flex\">\n<div class=\"wp-block-column is-layout-flow wp-block-column-is-layout-flow\">\n<div class=\"wp-block-image\"><figure class=\"aligncenter size-full is-resized\"><img decoding=\"async\" src=\"https:\/\/www.sansin.com\/wp-content\/uploads\/\/product-temp-large-150x150.jpg\" alt=\"Temporary Product Can\" class=\"wp-image-8617\" width=\"150\" height=\"150\" srcset=\"https:\/\/www.sansin.com\/wp-content\/uploads\/product-temp-large-150x150.jpg 150w, https:\/\/www.sansin.com\/wp-content\/uploads\/product-temp-large-100x100.jpg 100w, https:\/\/www.sansin.com\/wp-content\/uploads\/product-temp-large.jpg 300w\" sizes=\"(max-width: 150px) 100vw, 150px\" \/><\/figure><\/div>\n\n\n\n<p class=\"product-title\">Boracol<\/p>\n\n\n\n<div class=\"wp-block-group product-grey-box\"><div class=\"wp-block-group__inner-container is-layout-flow wp-block-group-is-layout-flow\">\n<p class=\"product-headline\">Protection par diffusion de longue dur\u00e9e contre la d\u00e9composition, les insectes et la moisissure.<\/p>\n\n\n\n<p><strong><a href=\"https:\/\/www.sansin.com\/product\/boracol\/\" title=\"BORACOL\"><strong><a href=\"https:\/\/www.sansin.com\/fr\/produit\/boracol\/\">VOIR LE PRODUIT >><\/a><\/strong><\/a><\/strong><\/p>\n<\/div><\/div>\n<\/div>\n\n\n\n<div class=\"wp-block-column is-layout-flow wp-block-column-is-layout-flow\">\n<div class=\"wp-block-image\"><figure class=\"aligncenter size-full is-resized\"><img decoding=\"async\" src=\"https:\/\/www.sansin.com\/wp-content\/uploads\/END-SEAL-product.jpg\" alt=\"END SEALER\" class=\"wp-image-10172\" width=\"150\" height=\"150\" srcset=\"https:\/\/www.sansin.com\/wp-content\/uploads\/END-SEAL-product.jpg 300w, https:\/\/www.sansin.com\/wp-content\/uploads\/END-SEAL-product-150x150.jpg 150w, https:\/\/www.sansin.com\/wp-content\/uploads\/END-SEAL-product-100x100.jpg 100w\" sizes=\"(max-width: 150px) 100vw, 150px\" \/><\/figure><\/div>\n\n\n\n<p class=\"product-title\">End Seal<\/p>\n\n\n\n<div class=\"wp-block-group product-grey-box\"><div class=\"wp-block-group__inner-container is-layout-flow wp-block-group-is-layout-flow\">\n<p class=\"product-headline\">One coat system that controls moisture movement in wood.<\/p>\n\n\n\n<p><\/p>\n\n\n\n<p><strong><a href=\"https:\/\/www.sansin.com\/product\/end-sealer\/\" title=\"END SEAL\">VIEW PRODUCT &gt;&gt;<\/a><\/strong><\/p>\n<\/div><\/div>\n<\/div>\n\n\n\n<div class=\"wp-block-column is-layout-flow wp-block-column-is-layout-flow\">\n<div class=\"wp-block-image\"><figure class=\"aligncenter size-full is-resized\"><img decoding=\"async\" src=\"https:\/\/www.sansin.com\/wp-content\/uploads\/\/foundation-large-150x150.jpg\" alt=\"Foundation\" class=\"wp-image-8485\" width=\"150\" height=\"150\" srcset=\"https:\/\/www.sansin.com\/wp-content\/uploads\/foundation-large-150x150.jpg 150w, https:\/\/www.sansin.com\/wp-content\/uploads\/foundation-large-100x100.jpg 100w, https:\/\/www.sansin.com\/wp-content\/uploads\/foundation-large.jpg 300w\" sizes=\"(max-width: 150px) 100vw, 150px\" \/><\/figure><\/div>\n\n\n\n<p class=\"product-title\">Foundation<\/p>\n\n\n\n<div class=\"wp-block-group product-grey-box\"><div class=\"wp-block-group__inner-container is-layout-flow wp-block-group-is-layout-flow\">\n<p class=\"product-headline\">Foundation de Sansin : couche de fond p\u00e9n\u00e9trante qui renforce la couche de finition.<\/p>\n\n\n\n<p><strong><a href=\"https:\/\/www.sansin.com\/product\/foundation\/\" title=\"FOUNDATION\"><strong><a href=\"https:\/\/www.sansin.com\/fr\/produit\/foundation\/\">VOIR LE PRODUIT >><\/a><\/strong><\/a><\/strong><\/p>\n<\/div><\/div>\n<\/div>\n\n\n\n<div class=\"wp-block-column is-layout-flow wp-block-column-is-layout-flow\">\n<div class=\"wp-block-image\"><figure class=\"aligncenter size-full is-resized\"><img decoding=\"async\" src=\"https:\/\/www.sansin.com\/wp-content\/uploads\/\/impelrods_large-1-150x150.jpg\" alt=\"Impel rods image\" class=\"wp-image-11334\" width=\"150\" height=\"150\" srcset=\"https:\/\/www.sansin.com\/wp-content\/uploads\/impelrods_large-1-150x150.jpg 150w, https:\/\/www.sansin.com\/wp-content\/uploads\/impelrods_large-1-100x100.jpg 100w, https:\/\/www.sansin.com\/wp-content\/uploads\/impelrods_large-1.jpg 300w\" sizes=\"(max-width: 150px) 100vw, 150px\" \/><\/figure><\/div>\n\n\n\n<p class=\"product-title\">Impel Rods<\/p>\n\n\n\n<div class=\"wp-block-group product-grey-box\"><div class=\"wp-block-group__inner-container is-layout-flow wp-block-group-is-layout-flow\">\n<p class=\"product-headline\">Pour combattre et pr\u00e9venir la d\u00e9composition int\u00e9rieure des grumes et du bois d\u2019\u0153uvre.<\/p>\n\n\n\n<p><strong><a href=\"https:\/\/www.sansin.com\/product\/impel-rods\/\" title=\"IMPEL RODS\"><strong><a href=\"https:\/\/www.sansin.com\/fr\/produit\/impel-rods\/\">VOIR LE PRODUIT >><\/a><\/strong><\/a><\/strong><\/p>\n<\/div><\/div>\n<\/div>\n<\/div>\n\n<div class=\"wp-block-columns is-layout-flex wp-container-core-columns-is-layout-9d6595d7 wp-block-columns-is-layout-flex\">\n<div class=\"wp-block-column is-layout-flow wp-block-column-is-layout-flow\">\n<div class=\"wp-block-image\"><figure class=\"aligncenter size-full is-resized\"><img decoding=\"async\" src=\"https:\/\/www.sansin.com\/wp-content\/uploads\/\/timber-tec-1-150x150.jpg\" alt=\"Timber-Tec can\" class=\"wp-image-11339\" width=\"150\" height=\"150\" srcset=\"https:\/\/www.sansin.com\/wp-content\/uploads\/timber-tec-1-150x150.jpg 150w, https:\/\/www.sansin.com\/wp-content\/uploads\/timber-tec-1-100x100.jpg 100w, https:\/\/www.sansin.com\/wp-content\/uploads\/timber-tec-1.jpg 300w\" sizes=\"(max-width: 150px) 100vw, 150px\" \/><\/figure><\/div>\n\n\n\n<p class=\"product-title\">Timber-Tec<\/p>\n\n\n\n<div class=\"wp-block-group product-grey-box\"><div class=\"wp-block-group__inner-container is-layout-flow wp-block-group-is-layout-flow\">\n<p class=\"product-headline\">Traitement de puissance industrielle pour bois de jardin.<\/p>\n\n\n\n<p><strong><a href=\"https:\/\/www.sansin.com\/product\/timber-tec\/\" title=\"TIMBER-TEC\"><strong><a href=\"https:\/\/www.sansin.com\/fr\/produit\/timber-tec\/\">VOIR LE PRODUIT >><\/a><\/strong><\/a><\/strong><\/p>\n<\/div><\/div>\n<\/div>\n\n\n\n<div class=\"wp-block-column is-layout-flow wp-block-column-is-layout-flow\"><\/div>\n\n\n\n<div class=\"wp-block-column is-layout-flow wp-block-column-is-layout-flow\"><\/div>\n\n\n\n<div class=\"wp-block-column is-layout-flow wp-block-column-is-layout-flow\"><\/div>\n<\/div>\n","protected":false},"excerpt":{"rendered":"<p>Primers, base coats and anti-fungals for long-term protection. The massive timbers that make log homes so architecturally unique require protection that is out of the ordinary. Sansin manufactures a complete line of log and timber protection products that were designed specifically for the requirements of the log home market. Foundation is a base coat that &#8230; <a title=\"Protection pour L&rsquo;Ext\u00e9rieurs\" class=\"read-more\" href=\"https:\/\/www.sansin.com\/fr\/maisons-en-bois-rond\/protection-pour-lexterieurs\/\" aria-label=\"En savoir plus sur Protection pour L&rsquo;Ext\u00e9rieurs\">Lire plus<\/a><\/p>\n","protected":false},"author":6,"featured_media":0,"parent":4801,"menu_order":2,"comment_status":"closed","ping_status":"closed","template":"","meta":{"footnotes":""},"class_list":["post-4810","page","type-page","status-publish"],"aioseo_notices":[],"_links":{"self":[{"href":"https:\/\/www.sansin.com\/fr\/wp-json\/wp\/v2\/pages\/4810","targetHints":{"allow":["GET"]}}],"collection":[{"href":"https:\/\/www.sansin.com\/fr\/wp-json\/wp\/v2\/pages"}],"about":[{"href":"https:\/\/www.sansin.com\/fr\/wp-json\/wp\/v2\/types\/page"}],"author":[{"embeddable":true,"href":"https:\/\/www.sansin.com\/fr\/wp-json\/wp\/v2\/users\/6"}],"replies":[{"embeddable":true,"href":"https:\/\/www.sansin.com\/fr\/wp-json\/wp\/v2\/comments?post=4810"}],"version-history":[{"count":0,"href":"https:\/\/www.sansin.com\/fr\/wp-json\/wp\/v2\/pages\/4810\/revisions"}],"up":[{"embeddable":true,"href":"https:\/\/www.sansin.com\/fr\/wp-json\/wp\/v2\/pages\/4801"}],"wp:attachment":[{"href":"https:\/\/www.sansin.com\/fr\/wp-json\/wp\/v2\/media?parent=4810"}],"curies":[{"name":"wp","href":"https:\/\/api.w.org\/{rel}","templated":true}]}}