{"id":4814,"date":"2013-07-18T03:15:16","date_gmt":"2013-07-18T03:15:16","guid":{"rendered":"http:\/\/www.sansin.com\/maisons-en-bois-rond\/chinking-sealant\/"},"modified":"2021-12-31T11:32:46","modified_gmt":"2021-12-31T16:32:46","slug":"colmatage-et-etancheite","status":"publish","type":"page","link":"https:\/\/www.sansin.com\/fr\/maisons-en-bois-rond\/colmatage-et-etancheite\/","title":{"rendered":"Colmatage et \u00c9tanch\u00e9it\u00e9"},"content":{"rendered":"\n<div class=\"wp-block-image\"><figure class=\"alignright\"><img decoding=\"async\" src=\"https:\/\/www.sansin.com\/wp-content\/uploads\/main_log_chinkingsealant.jpg\" alt=\"Chinking and Sealant\" class=\"wp-image-4046\"\/><\/figure><\/div>\n\n\n\n<h2 class=\"wp-block-heading\">Assurez l\u2019\u00e9tanch\u00e9it\u00e9 de votre maison en bois rond gr\u00e2ce \u00e0 Sansin.<\/h2>\n\n\n\n<p>Le bois rond bouge et travaille comme aucune autre structure. Les produits de colmatage et d\u2019\u00e9tanch\u00e9it\u00e9 Timber-Tec de Sansin ont sp\u00e9cialement \u00e9t\u00e9 con\u00e7us pour assurer la protection n\u00e9cessaire aux maisons en bois rond. Eco-Stack est un adh\u00e9sif qui s\u2019applique entre les grumes pendant les travaux pour emp\u00eacher l\u2019humidit\u00e9 de s\u2019y infiltrer. Chinking prot\u00e8ge les espaces entre les grumes et rend votre maison \u00e9tanche aux intemp\u00e9ries. Seal\u2019n Hide est un compos\u00e9 sans COV pouvant \u00eatre peint. Il sert \u00e0 sceller les fissures et les fentes du bois rond nu ou prot\u00e9g\u00e9.<\/p>\n\n\n\n<h2 class=\"wp-block-heading\">Chaque maison est unique.<\/h2>\n\n\n\n<p>Quelles que soient les exigences de votre projet, Sansin propose une version d\u2019Enviro Stain qui donnera \u00e0 l\u2019int\u00e9rieur de votre maison en bois rond ou \u00e0 votre charpente en bois d\u2019\u0153uvre l\u2019efficacit\u00e9 exceptionnelle qu\u2019il ou elle m\u00e9rite. Faites d\u00e9filer la fen\u00eatre jusqu\u2019\u00e0 l\u2019aper\u00e7u de notre gamme de produits pour int\u00e9rieur, ou laissez-vous inspirer par la galerie de photos ci-dessous qui donnent des exemples de superbes int\u00e9rieurs de maisons en bois rond prot\u00e9g\u00e9s par les produits Enviro Stain de Sansin.<\/p>\n\n\n\n<figure class=\"wp-block-image\"><a href=\"\/?page_id=4967\"><img decoding=\"async\" src=\"https:\/\/www.sansin.com\/wp-content\/uploads\/chinkseal_button.jpg\" alt=\"Chinking &amp; Sealant Calculator\" class=\"wp-image-4405\"\/><\/a><\/figure>\n\n\n\n<h2 class=\"section-heading wp-block-heading\">PRODUITS<\/h2>\n\n\n\n<hr class=\"wp-block-separator is-style-default\"\/>\n\n\n\n<div class=\"wp-block-columns is-layout-flex wp-container-core-columns-is-layout-9d6595d7 wp-block-columns-is-layout-flex\">\n<div class=\"wp-block-column is-layout-flow wp-block-column-is-layout-flow\">\n<div class=\"wp-block-image\"><figure class=\"aligncenter size-full is-resized\"><img decoding=\"async\" src=\"https:\/\/www.sansin.com\/wp-content\/uploads\/\/chinking_large-1-150x150.jpg\" alt=\"Timber-Tec Chinking\" class=\"wp-image-11324\" width=\"150\" height=\"150\" srcset=\"https:\/\/www.sansin.com\/wp-content\/uploads\/chinking_large-1-150x150.jpg 150w, https:\/\/www.sansin.com\/wp-content\/uploads\/chinking_large-1-100x100.jpg 100w, https:\/\/www.sansin.com\/wp-content\/uploads\/chinking_large-1.jpg 300w\" sizes=\"(max-width: 150px) 100vw, 150px\" \/><\/figure><\/div>\n\n\n\n<p class=\"product-title\">Timber-Tec Chinking<\/p>\n\n\n\n<div class=\"wp-block-group product-grey-box\"><div class=\"wp-block-group__inner-container is-layout-flow wp-block-group-is-layout-flow\">\n<p class=\"product-headline\">La r\u00e9volution en mati\u00e8re de colmatage.<\/p>\n\n\n\n<p><strong><a href=\"https:\/\/www.sansin.com\/product\/timber-tec-chinking\/\" title=\"TIMBER-TEC CHINKING\"><strong><a href=\"https:\/\/www.sansin.com\/fr\/produit\/timber-tec-chinking\/\">VOIR LE PRODUIT >><\/a><\/strong><\/a><\/strong><\/p>\n<\/div><\/div>\n<\/div>\n\n\n\n<div class=\"wp-block-column is-layout-flow wp-block-column-is-layout-flow\">\n<div class=\"wp-block-image\"><figure class=\"aligncenter size-full is-resized\"><img decoding=\"async\" src=\"https:\/\/www.sansin.com\/wp-content\/uploads\/\/sealnhide_large-1-150x150.jpg\" alt=\"Seal 'N Hide logo\" class=\"wp-image-11326\" width=\"150\" height=\"150\" srcset=\"https:\/\/www.sansin.com\/wp-content\/uploads\/sealnhide_large-1-150x150.jpg 150w, https:\/\/www.sansin.com\/wp-content\/uploads\/sealnhide_large-1-100x100.jpg 100w, https:\/\/www.sansin.com\/wp-content\/uploads\/sealnhide_large-1.jpg 300w\" sizes=\"(max-width: 150px) 100vw, 150px\" \/><\/figure><\/div>\n\n\n\n<p class=\"product-title\">Timber-Tec Seal&rsquo;n Hide<\/p>\n\n\n\n<div class=\"wp-block-group product-grey-box\"><div class=\"wp-block-group__inner-container is-layout-flow wp-block-group-is-layout-flow\">\n<p class=\"product-headline\">Pour prot\u00e9ger vos grumes et votre bois d\u2019\u0153uvre contre la p\u00e9n\u00e9tration d\u2019eau.<\/p>\n\n\n\n<p><strong><a href=\"https:\/\/www.sansin.com\/product\/timber-tec-sealn-hide\/\" title=\"TIMBER-TEC SEAL\u2019N HIDE\"><strong><a href=\"https:\/\/www.sansin.com\/fr\/produit\/timber-tec-sealn-hide\/\">VOIR LE PRODUIT >><\/a><\/strong><\/a><\/strong><\/p>\n<\/div><\/div>\n<\/div>\n\n\n\n<div class=\"wp-block-column is-layout-flow wp-block-column-is-layout-flow\"><\/div>\n\n\n\n<div class=\"wp-block-column is-layout-flow wp-block-column-is-layout-flow\"><\/div>\n<\/div>\n","protected":false},"excerpt":{"rendered":"<p>Assurez l\u2019\u00e9tanch\u00e9it\u00e9 de votre maison en bois rond gr\u00e2ce \u00e0 Sansin. Le bois rond bouge et travaille comme aucune autre structure. Les produits de colmatage et d\u2019\u00e9tanch\u00e9it\u00e9 Timber-Tec de Sansin ont sp\u00e9cialement \u00e9t\u00e9 con\u00e7us pour assurer la protection n\u00e9cessaire aux maisons en bois rond. Eco-Stack est un adh\u00e9sif qui s\u2019applique entre les grumes pendant les &#8230; <a title=\"Colmatage et \u00c9tanch\u00e9it\u00e9\" class=\"read-more\" href=\"https:\/\/www.sansin.com\/fr\/maisons-en-bois-rond\/colmatage-et-etancheite\/\" aria-label=\"En savoir plus sur Colmatage et \u00c9tanch\u00e9it\u00e9\">Lire plus<\/a><\/p>\n","protected":false},"author":6,"featured_media":0,"parent":4801,"menu_order":3,"comment_status":"closed","ping_status":"closed","template":"","meta":{"footnotes":""},"class_list":["post-4814","page","type-page","status-publish"],"aioseo_notices":[],"_links":{"self":[{"href":"https:\/\/www.sansin.com\/fr\/wp-json\/wp\/v2\/pages\/4814","targetHints":{"allow":["GET"]}}],"collection":[{"href":"https:\/\/www.sansin.com\/fr\/wp-json\/wp\/v2\/pages"}],"about":[{"href":"https:\/\/www.sansin.com\/fr\/wp-json\/wp\/v2\/types\/page"}],"author":[{"embeddable":true,"href":"https:\/\/www.sansin.com\/fr\/wp-json\/wp\/v2\/users\/6"}],"replies":[{"embeddable":true,"href":"https:\/\/www.sansin.com\/fr\/wp-json\/wp\/v2\/comments?post=4814"}],"version-history":[{"count":0,"href":"https:\/\/www.sansin.com\/fr\/wp-json\/wp\/v2\/pages\/4814\/revisions"}],"up":[{"embeddable":true,"href":"https:\/\/www.sansin.com\/fr\/wp-json\/wp\/v2\/pages\/4801"}],"wp:attachment":[{"href":"https:\/\/www.sansin.com\/fr\/wp-json\/wp\/v2\/media?parent=4814"}],"curies":[{"name":"wp","href":"https:\/\/api.w.org\/{rel}","templated":true}]}}