{"id":4818,"date":"2013-07-18T03:11:39","date_gmt":"2013-07-18T03:11:39","guid":{"rendered":"http:\/\/www.sansin.com\/maisons-en-bois-rond\/interiors\/"},"modified":"2021-12-31T13:36:31","modified_gmt":"2021-12-31T18:36:31","slug":"revetements-pour-linterieur","status":"publish","type":"page","link":"https:\/\/www.sansin.com\/fr\/maisons-en-bois-rond\/revetements-pour-linterieur\/","title":{"rendered":"Rev\u00eatements pour L\u2019int\u00e9rieur"},"content":{"rendered":"\n<div class=\"wp-block-image\"><figure class=\"alignright\"><img decoding=\"async\" src=\"https:\/\/www.sansin.com\/wp-content\/uploads\/main_photo_log_interiors.jpg\" alt=\"Log Homes Interiors\" class=\"wp-image-2948\"\/><\/figure><\/div>\n\n\n\n<h2 class=\"wp-block-heading\">Superbe protection int\u00e9rieure pour toutes les parties de la maison<\/h2>\n\n\n\n<p>La gamme de teintures, de rev\u00eatements et d\u2019huiles Purity de Sansin a tout ce qu\u2019il vous faut pour mettre votre int\u00e9rieur en valeur. Con\u00e7u selon les normes rigoureuses respect\u00e9es par les ma\u00eetres menuisiers et les architectes, Purity de Sansin est r\u00e9put\u00e9 pour sa splendeur et la transparence de ses couleurs. Ce qui ne l\u2019emp\u00eache pas d\u2019assurer une protection durable contre la coloration, la salet\u00e9, les odeurs et l\u2019usure. Que vous cherchiez \u00e0 prot\u00e9ger vos planchers, vos murs, vos plafonds, vos armoires ou vos meubles, Enviro Stain de Sansin est tout ce qu\u2019il vous faut.<\/p>\n\n\n\n<h2 class=\"wp-block-heading\">Chaque maison est unique.<\/h2>\n\n\n\n<p>Quelles que soient les exigences de votre projet, Sansin propose une version d\u2019Enviro Stain qui donnera \u00e0 l\u2019int\u00e9rieur de votre maison en bois rond ou \u00e0 votre charpente en bois d\u2019\u0153uvre l\u2019efficacit\u00e9 exceptionnelle qu\u2019il ou elle m\u00e9rite. Faites d\u00e9filer la fen\u00eatre jusqu\u2019\u00e0 l\u2019aper\u00e7u de notre gamme de produits pour int\u00e9rieur, ou laissez-vous inspirer par la galerie de photos ci-dessous qui donnent des exemples de superbes int\u00e9rieurs de maisons en bois rond prot\u00e9g\u00e9s par les produits Enviro Stain de Sansin.<\/p>\n\n\n\n<h2 class=\"section-heading wp-block-heading\">PRODUITS<\/h2>\n\n\n\n<hr class=\"wp-block-separator is-style-default\"\/>\n\n\n\n<div class=\"wp-block-columns is-layout-flex wp-container-core-columns-is-layout-9d6595d7 wp-block-columns-is-layout-flex\">\n<div class=\"wp-block-column is-layout-flow wp-block-column-is-layout-flow\">\n<div class=\"wp-block-image\"><figure class=\"aligncenter size-full is-resized\"><img decoding=\"async\" src=\"https:\/\/www.sansin.com\/wp-content\/uploads\/\/lg_purity_stain-2-150x150.jpg\" alt=\"Purity Stain can\" class=\"wp-image-11337\" width=\"150\" height=\"150\" srcset=\"https:\/\/www.sansin.com\/wp-content\/uploads\/lg_purity_stain-2-150x150.jpg 150w, https:\/\/www.sansin.com\/wp-content\/uploads\/lg_purity_stain-2-300x300.jpg 300w, https:\/\/www.sansin.com\/wp-content\/uploads\/lg_purity_stain-2-100x100.jpg 100w, https:\/\/www.sansin.com\/wp-content\/uploads\/lg_purity_stain-2.jpg 430w\" sizes=\"(max-width: 150px) 100vw, 150px\" \/><\/figure><\/div>\n\n\n\n<p class=\"product-title\">Purity Clear<\/p>\n\n\n\n<div class=\"wp-block-group product-grey-box\"><div class=\"wp-block-group__inner-container is-layout-flow wp-block-group-is-layout-flow\">\n<p class=\"product-headline\">Fini en deux couches qui r\u00e9v\u00e8le la chaleur naturelle du bois.<\/p>\n\n\n\n<p><strong><a href=\"https:\/\/www.sansin.com\/product\/purity-clear\/\" title=\"PURITY CLEAR\"><strong><a href=\"https:\/\/www.sansin.com\/fr\/produit\/purity-clear\/\">VOIR LE PRODUIT >><\/a><\/strong><\/a><\/strong><\/p>\n<\/div><\/div>\n<\/div>\n\n\n\n<div class=\"wp-block-column is-layout-flow wp-block-column-is-layout-flow\">\n<div class=\"wp-block-image\"><figure class=\"aligncenter size-full is-resized\"><img decoding=\"async\" src=\"https:\/\/www.sansin.com\/wp-content\/uploads\/\/floor-large-150x150.jpg\" alt=\"Purity Floor\" class=\"wp-image-8504\" width=\"150\" height=\"150\" srcset=\"https:\/\/www.sansin.com\/wp-content\/uploads\/floor-large-150x150.jpg 150w, https:\/\/www.sansin.com\/wp-content\/uploads\/floor-large-100x100.jpg 100w, https:\/\/www.sansin.com\/wp-content\/uploads\/floor-large.jpg 300w\" sizes=\"(max-width: 150px) 100vw, 150px\" \/><\/figure><\/div>\n\n\n\n<p class=\"product-title\">Purity Floor<\/p>\n\n\n\n<div class=\"wp-block-group product-grey-box\"><div class=\"wp-block-group__inner-container is-layout-flow wp-block-group-is-layout-flow\">\n<p class=\"product-headline\">Rev\u00eatement ultra-r\u00e9sistant pour planchers, de cat\u00e9gorie gymnase.<\/p>\n\n\n\n<p><strong><a href=\"https:\/\/www.sansin.com\/product\/purity-floor\/\" title=\"PURITY FLOOR\"><strong><a href=\"https:\/\/www.sansin.com\/fr\/produit\/purity-floor\/\">VOIR LE PRODUIT >><\/a><\/strong><\/a><\/strong><\/p>\n<\/div><\/div>\n\n\n\n<p><\/p>\n<\/div>\n\n\n\n<div class=\"wp-block-column is-layout-flow wp-block-column-is-layout-flow\">\n<div class=\"wp-block-image\"><figure class=\"aligncenter size-full is-resized\"><img decoding=\"async\" src=\"https:\/\/www.sansin.com\/wp-content\/uploads\/\/glacier-large-150x150.jpg\" alt=\"Purity Glacier\" class=\"wp-image-8505\" width=\"150\" height=\"150\" srcset=\"https:\/\/www.sansin.com\/wp-content\/uploads\/glacier-large-150x150.jpg 150w, https:\/\/www.sansin.com\/wp-content\/uploads\/glacier-large-100x100.jpg 100w, https:\/\/www.sansin.com\/wp-content\/uploads\/glacier-large.jpg 300w\" sizes=\"(max-width: 150px) 100vw, 150px\" \/><\/figure><\/div>\n\n\n\n<p class=\"product-title\">Purity Glacier<\/p>\n\n\n\n<div class=\"wp-block-group product-grey-box\"><div class=\"wp-block-group__inner-container is-layout-flow wp-block-group-is-layout-flow\">\n<p class=\"product-headline\">Rev\u00eatement transparent pour surfaces int\u00e9rieures en bois expos\u00e9es \u00e0 l&rsquo;usure.<\/p>\n\n\n\n<p><strong><a href=\"https:\/\/www.sansin.com\/product\/purity-glacier\/\" title=\"PURITY GLACIER\"><strong><a href=\"https:\/\/www.sansin.com\/fr\/produit\/purity-glacier\/\">VOIR LE PRODUIT >><\/a><\/strong><\/a><\/strong><\/p>\n<\/div><\/div>\n<\/div>\n\n\n\n<div class=\"wp-block-column is-layout-flow wp-block-column-is-layout-flow\">\n<div class=\"wp-block-image\"><figure class=\"aligncenter size-full is-resized\"><img decoding=\"async\" src=\"https:\/\/www.sansin.com\/wp-content\/uploads\/\/lg_purity-natures-oil-1-150x150.jpg\" alt=\"Purity Nature's Oil an\" class=\"wp-image-11330\" width=\"150\" height=\"150\" srcset=\"https:\/\/www.sansin.com\/wp-content\/uploads\/lg_purity-natures-oil-1-150x150.jpg 150w, https:\/\/www.sansin.com\/wp-content\/uploads\/lg_purity-natures-oil-1-100x100.jpg 100w, https:\/\/www.sansin.com\/wp-content\/uploads\/lg_purity-natures-oil-1.jpg 300w\" sizes=\"(max-width: 150px) 100vw, 150px\" \/><\/figure><\/div>\n\n\n\n<p class=\"product-title\">Purity Nature&rsquo;s Oil<\/p>\n\n\n\n<div class=\"wp-block-group product-grey-box\"><div class=\"wp-block-group__inner-container is-layout-flow wp-block-group-is-layout-flow\">\n<p class=\"product-headline\">Huile p\u00e9n\u00e9trante pour armoires et int\u00e9rieurs.<\/p>\n\n\n\n<p><strong><a href=\"https:\/\/www.sansin.com\/product\/purity-natures-oil\/\" title=\"PURITY NATURE\u2019S OIL\"><strong><a href=\"https:\/\/www.sansin.com\/fr\/produit\/purity-natures-oil\/\">VOIR LE PRODUIT >><\/a><\/strong><\/a><\/strong><\/p>\n<\/div><\/div>\n\n\n\n<p><\/p>\n<\/div>\n<\/div>\n\n\n\n<div class=\"wp-block-columns is-layout-flex wp-container-core-columns-is-layout-9d6595d7 wp-block-columns-is-layout-flex\">\n<div class=\"wp-block-column is-layout-flow wp-block-column-is-layout-flow\">\n<div class=\"wp-block-image\"><figure class=\"aligncenter size-full is-resized\"><img decoding=\"async\" src=\"https:\/\/www.sansin.com\/wp-content\/uploads\/\/stain-large-150x150.jpg\" alt=\"Purity Stain\" class=\"wp-image-8506\" width=\"150\" height=\"150\" srcset=\"https:\/\/www.sansin.com\/wp-content\/uploads\/stain-large-150x150.jpg 150w, https:\/\/www.sansin.com\/wp-content\/uploads\/stain-large-100x100.jpg 100w, https:\/\/www.sansin.com\/wp-content\/uploads\/stain-large.jpg 300w\" sizes=\"(max-width: 150px) 100vw, 150px\" \/><\/figure><\/div>\n\n\n\n<p class=\"product-title\">Purity Stain<\/p>\n\n\n\n<div class=\"wp-block-group product-grey-box\"><div class=\"wp-block-group__inner-container is-layout-flow wp-block-group-is-layout-flow\">\n<p class=\"product-headline\">Somptueuse teinture p\u00e9n\u00e9trante pour bois int\u00e9rieur.<\/p>\n\n\n\n<p><strong><a href=\"https:\/\/www.sansin.com\/product\/purity-stain\/\" title=\"PURITY STAIN\"><strong><a href=\"https:\/\/www.sansin.com\/fr\/produit\/0-voc-stain\/\">VOIR LE PRODUIT >><\/a><\/strong><\/a><\/strong><\/p>\n<\/div><\/div>\n<\/div>\n\n\n\n<div class=\"wp-block-column is-layout-flow wp-block-column-is-layout-flow\">\n<div class=\"wp-block-image\"><figure class=\"aligncenter size-full is-resized\"><img decoding=\"async\" src=\"https:\/\/www.sansin.com\/wp-content\/uploads\/\/lg_voc-gel-stain-1-150x150.jpg\" alt=\"PURITY 0-VOC GEL STAIN can\" class=\"wp-image-11332\" width=\"150\" height=\"150\" srcset=\"https:\/\/www.sansin.com\/wp-content\/uploads\/lg_voc-gel-stain-1-150x150.jpg 150w, https:\/\/www.sansin.com\/wp-content\/uploads\/lg_voc-gel-stain-1-100x100.jpg 100w, https:\/\/www.sansin.com\/wp-content\/uploads\/lg_voc-gel-stain-1.jpg 300w\" sizes=\"(max-width: 150px) 100vw, 150px\" \/><\/figure><\/div>\n\n\n\n<p class=\"product-title\">Purity 0-VOC Gel Stain<\/p>\n\n\n\n<div class=\"wp-block-group product-grey-box\"><div class=\"wp-block-group__inner-container is-layout-flow wp-block-group-is-layout-flow\">\n<p class=\"product-headline\">Teinture en gel p\u00e9n\u00e9trante pour bois int\u00e9rieur.<\/p>\n\n\n\n<p><strong><a href=\"https:\/\/www.sansin.com\/product\/0-voc-gel-stain\/\" title=\"PURITY 0-VOC GEL STAIN\"><strong><a href=\"https:\/\/www.sansin.com\/fr\/produit\/0-voc-gel-stain\/\">VOIR LE PRODUIT >><\/a><\/strong><\/a><\/strong><\/p>\n<\/div><\/div>\n\n\n\n<p><\/p>\n<\/div>\n\n\n\n<div class=\"wp-block-column is-layout-flow wp-block-column-is-layout-flow\"><\/div>\n\n\n\n<div class=\"wp-block-column is-layout-flow wp-block-column-is-layout-flow\"><\/div>\n<\/div>\n\n\n\n<h2 class=\"section-heading wp-block-heading\">GALERIE DE PHOTOS<\/h2>\n\n\n\n<hr class=\"wp-block-separator is-style-default\"\/>\n\n\n\n<figure class=\"wp-block-gallery columns-4 is-cropped wp-block-gallery-1 is-layout-flex wp-block-gallery-is-layout-flex\"><ul class=\"blocks-gallery-grid\"><li class=\"blocks-gallery-item\"><figure><a href=\"https:\/\/www.sansin.com\/wp-content\/uploads\/INT-Stain-loghome1.jpg\"><img decoding=\"async\" width=\"300\" height=\"225\" src=\"https:\/\/www.sansin.com\/wp-content\/uploads\/\/INT-Stain-loghome1-300x225.jpg\" alt=\"Log home stairs\" data-id=\"13169\" data-full-url=\"https:\/\/www.sansin.com\/wp-content\/uploads\/INT-Stain-loghome1.jpg\" data-link=\"https:\/\/www.sansin.com\/int-stain-loghome1\/\" class=\"wp-image-13169\" srcset=\"https:\/\/www.sansin.com\/wp-content\/uploads\/INT-Stain-loghome1-300x225.jpg 300w, https:\/\/www.sansin.com\/wp-content\/uploads\/INT-Stain-loghome1-150x113.jpg 150w, https:\/\/www.sansin.com\/wp-content\/uploads\/INT-Stain-loghome1-768x576.jpg 768w, https:\/\/www.sansin.com\/wp-content\/uploads\/INT-Stain-loghome1.jpg 800w\" sizes=\"(max-width: 300px) 100vw, 300px\" \/><\/a><\/figure><\/li><li class=\"blocks-gallery-item\"><figure><a href=\"https:\/\/www.sansin.com\/wp-content\/uploads\/INT-Stain-Bullock2.jpg\"><img decoding=\"async\" width=\"300\" height=\"225\" src=\"https:\/\/www.sansin.com\/wp-content\/uploads\/\/INT-Stain-Bullock2-300x225.jpg\" alt=\"Bullock\" data-id=\"13105\" data-full-url=\"https:\/\/www.sansin.com\/wp-content\/uploads\/INT-Stain-Bullock2.jpg\" data-link=\"https:\/\/www.sansin.com\/int-stain-bullock2\/\" class=\"wp-image-13105\" srcset=\"https:\/\/www.sansin.com\/wp-content\/uploads\/INT-Stain-Bullock2-300x225.jpg 300w, https:\/\/www.sansin.com\/wp-content\/uploads\/INT-Stain-Bullock2-150x113.jpg 150w, https:\/\/www.sansin.com\/wp-content\/uploads\/INT-Stain-Bullock2-768x576.jpg 768w, https:\/\/www.sansin.com\/wp-content\/uploads\/INT-Stain-Bullock2.jpg 800w\" sizes=\"(max-width: 300px) 100vw, 300px\" \/><\/a><\/figure><\/li><li class=\"blocks-gallery-item\"><figure><a href=\"https:\/\/www.sansin.com\/wp-content\/uploads\/INT-Clear-Westshore.jpg\"><img decoding=\"async\" width=\"300\" height=\"225\" src=\"https:\/\/www.sansin.com\/wp-content\/uploads\/\/INT-Clear-Westshore-300x225.jpg\" alt=\"Westshore\" data-id=\"13099\" data-full-url=\"https:\/\/www.sansin.com\/wp-content\/uploads\/INT-Clear-Westshore.jpg\" data-link=\"https:\/\/www.sansin.com\/int-clear-westshore\/\" class=\"wp-image-13099\" srcset=\"https:\/\/www.sansin.com\/wp-content\/uploads\/INT-Clear-Westshore-300x225.jpg 300w, https:\/\/www.sansin.com\/wp-content\/uploads\/INT-Clear-Westshore-150x113.jpg 150w, https:\/\/www.sansin.com\/wp-content\/uploads\/INT-Clear-Westshore-768x576.jpg 768w, https:\/\/www.sansin.com\/wp-content\/uploads\/INT-Clear-Westshore.jpg 800w\" sizes=\"(max-width: 300px) 100vw, 300px\" \/><\/a><\/figure><\/li><li class=\"blocks-gallery-item\"><figure><a href=\"https:\/\/www.sansin.com\/wp-content\/uploads\/INT-Stain-Bullock.jpg\"><img decoding=\"async\" width=\"800\" height=\"600\" src=\"https:\/\/www.sansin.com\/wp-content\/uploads\/INT-Stain-Bullock.jpg\" alt=\"Bullock\" data-id=\"13199\" data-full-url=\"https:\/\/www.sansin.com\/wp-content\/uploads\/INT-Stain-Bullock.jpg\" data-link=\"https:\/\/www.sansin.com\/int-stain-bullock\/\" class=\"wp-image-13200\" srcset=\"https:\/\/www.sansin.com\/wp-content\/uploads\/INT-Stain-Bullock.jpg 800w, https:\/\/www.sansin.com\/wp-content\/uploads\/INT-Stain-Bullock-150x113.jpg 150w, https:\/\/www.sansin.com\/wp-content\/uploads\/INT-Stain-Bullock-300x225.jpg 300w, https:\/\/www.sansin.com\/wp-content\/uploads\/INT-Stain-Bullock-768x576.jpg 768w\" sizes=\"(max-width: 800px) 100vw, 800px\" \/><\/a><\/figure><\/li><\/ul><\/figure>\n\n\n\n<p><\/p>\n","protected":false},"excerpt":{"rendered":"<p>Superbe protection int\u00e9rieure pour toutes les parties de la maison La gamme de teintures, de rev\u00eatements et d\u2019huiles Purity de Sansin a tout ce qu\u2019il vous faut pour mettre votre int\u00e9rieur en valeur. Con\u00e7u selon les normes rigoureuses respect\u00e9es par les ma\u00eetres menuisiers et les architectes, Purity de Sansin est r\u00e9put\u00e9 pour sa splendeur et &#8230; <a title=\"Rev\u00eatements pour L\u2019int\u00e9rieur\" class=\"read-more\" href=\"https:\/\/www.sansin.com\/fr\/maisons-en-bois-rond\/revetements-pour-linterieur\/\" aria-label=\"En savoir plus sur Rev\u00eatements pour L\u2019int\u00e9rieur\">Lire plus<\/a><\/p>\n","protected":false},"author":6,"featured_media":0,"parent":4801,"menu_order":4,"comment_status":"closed","ping_status":"closed","template":"","meta":{"footnotes":""},"class_list":["post-4818","page","type-page","status-publish"],"aioseo_notices":[],"_links":{"self":[{"href":"https:\/\/www.sansin.com\/fr\/wp-json\/wp\/v2\/pages\/4818","targetHints":{"allow":["GET"]}}],"collection":[{"href":"https:\/\/www.sansin.com\/fr\/wp-json\/wp\/v2\/pages"}],"about":[{"href":"https:\/\/www.sansin.com\/fr\/wp-json\/wp\/v2\/types\/page"}],"author":[{"embeddable":true,"href":"https:\/\/www.sansin.com\/fr\/wp-json\/wp\/v2\/users\/6"}],"replies":[{"embeddable":true,"href":"https:\/\/www.sansin.com\/fr\/wp-json\/wp\/v2\/comments?post=4818"}],"version-history":[{"count":0,"href":"https:\/\/www.sansin.com\/fr\/wp-json\/wp\/v2\/pages\/4818\/revisions"}],"up":[{"embeddable":true,"href":"https:\/\/www.sansin.com\/fr\/wp-json\/wp\/v2\/pages\/4801"}],"wp:attachment":[{"href":"https:\/\/www.sansin.com\/fr\/wp-json\/wp\/v2\/media?parent=4818"}],"curies":[{"name":"wp","href":"https:\/\/api.w.org\/{rel}","templated":true}]}}