{"id":4834,"date":"2013-07-30T16:30:09","date_gmt":"2013-07-30T16:30:09","guid":{"rendered":"http:\/\/www.sansin.com\/industriel\/preservation\/"},"modified":"2020-12-16T14:14:35","modified_gmt":"2020-12-16T19:14:35","slug":"traitement-du-bois","status":"publish","type":"page","link":"https:\/\/www.sansin.com\/fr\/factory-finish\/traitement-du-bois\/","title":{"rendered":"Traitement du Bois"},"content":{"rendered":"<p>[h3a]Une protection industrielle sans danger pour l&rsquo;environnement[\/h3a]<\/p>\n<p><img decoding=\"async\" class=\"alignright size-full wp-image-4041\" src=\"https:\/\/www.sansin.com\/wp-content\/uploads\/main_industrial_preservation.jpg\" alt=\"Industrial | Wood Preservation\" width=\"420\" height=\"280\" \/>Quelle que soit l&rsquo;ampleur de votre projet, vous devez le prot\u00e9ger contre le pourrissement, les champignons et les insectes. M\u00eame si la protection et l&rsquo;efficacit\u00e9 d&rsquo;Enviro Stain sont exceptionnelles, Sansin fabrique \u00e9galement des produits uniquement con\u00e7us pour traiter le bois. Borlox est un rev\u00eatement \u00e9cologique qui emp\u00eache le lessivage du bore du bois de construction, du contreplaqu\u00e9 et du bois d&rsquo;\u0153uvre lamell\u00e9-coll\u00e9 qui ont \u00e9t\u00e9 trait\u00e9s. Les tiges Impel sont les seuls syst\u00e8mes efficaces de lutte contre la d\u00e9composition pour l&rsquo;int\u00e9rieur des grumes. Elles sont faites pour \u00eatre ins\u00e9r\u00e9es directement dans les extr\u00e9mit\u00e9s des grumes, le bois d&rsquo;\u0153uvre, les solives et de nombreuses autres structures.<\/p>\n","protected":false},"excerpt":{"rendered":"<p>[h3a]Une protection industrielle sans danger pour l&rsquo;environnement[\/h3a] Quelle que soit l&rsquo;ampleur de votre projet, vous devez le prot\u00e9ger contre le pourrissement, les champignons et les insectes. M\u00eame si la protection et l&rsquo;efficacit\u00e9 d&rsquo;Enviro Stain sont exceptionnelles, Sansin fabrique \u00e9galement des produits uniquement con\u00e7us pour traiter le bois. Borlox est un rev\u00eatement \u00e9cologique qui emp\u00eache le &#8230; <a title=\"Traitement du Bois\" class=\"read-more\" href=\"https:\/\/www.sansin.com\/fr\/factory-finish\/traitement-du-bois\/\" aria-label=\"En savoir plus sur Traitement du Bois\">Lire plus<\/a><\/p>\n","protected":false},"author":6,"featured_media":0,"parent":4823,"menu_order":3,"comment_status":"closed","ping_status":"closed","template":"","meta":{"footnotes":""},"class_list":["post-4834","page","type-page","status-publish"],"aioseo_notices":[],"_links":{"self":[{"href":"https:\/\/www.sansin.com\/fr\/wp-json\/wp\/v2\/pages\/4834","targetHints":{"allow":["GET"]}}],"collection":[{"href":"https:\/\/www.sansin.com\/fr\/wp-json\/wp\/v2\/pages"}],"about":[{"href":"https:\/\/www.sansin.com\/fr\/wp-json\/wp\/v2\/types\/page"}],"author":[{"embeddable":true,"href":"https:\/\/www.sansin.com\/fr\/wp-json\/wp\/v2\/users\/6"}],"replies":[{"embeddable":true,"href":"https:\/\/www.sansin.com\/fr\/wp-json\/wp\/v2\/comments?post=4834"}],"version-history":[{"count":0,"href":"https:\/\/www.sansin.com\/fr\/wp-json\/wp\/v2\/pages\/4834\/revisions"}],"up":[{"embeddable":true,"href":"https:\/\/www.sansin.com\/fr\/wp-json\/wp\/v2\/pages\/4823"}],"wp:attachment":[{"href":"https:\/\/www.sansin.com\/fr\/wp-json\/wp\/v2\/media?parent=4834"}],"curies":[{"name":"wp","href":"https:\/\/api.w.org\/{rel}","templated":true}]}}