{"id":4839,"date":"2013-06-06T17:25:50","date_gmt":"2013-06-06T17:25:50","guid":{"rendered":"http:\/\/www.sansin.com\/wood-cleaners-2\/"},"modified":"2021-12-31T13:46:22","modified_gmt":"2021-12-31T18:46:22","slug":"nettoyants-a-bois","status":"publish","type":"page","link":"https:\/\/www.sansin.com\/fr\/nettoyants-a-bois\/","title":{"rendered":"Nettoyants \u00e0 Bois"},"content":{"rendered":"\n<div class=\"wp-block-image\"><figure class=\"alignright\"><img decoding=\"async\" src=\"https:\/\/www.sansin.com\/wp-content\/uploads\/main_photo_wood_cleaners.jpg\" alt=\"Wood Cleaners\" class=\"wp-image-4106\"\/><\/figure><\/div>\n\n\n\n<h2 class=\"wp-block-heading\">Pour nettoyer et prot\u00e9ger toutes les surfaces de votre maison<\/h2>\n\n\n\n<p>Le bois est un mat\u00e9riau remarquablement beau et facile \u00e0 travailler. C\u2019est ce qui en fait un choix tellement appr\u00e9ci\u00e9 pour la construction. De plus, il est facile de restaurer son aspect lorsque le rev\u00eatement n\u2019a pas toujours \u00e9t\u00e9 entretenu (ou encore si vous voulez juste changer de couleur ou de fini). En s\u00e9lectionnant les bons produits et les outils adapt\u00e9s et en respectant les \u00e9tapes, vous obtiendrez d\u2019excellents r\u00e9sultats et vous ferez des \u00e9conomies.<\/p>\n\n\n\n<p>Commencez par examiner la texture de la surface. Les surfaces du bois se classent g\u00e9n\u00e9ralement en trois cat\u00e9gories : usin\u00e9es (rabot\u00e9es); brutes; taill\u00e9es \u00e0 la main ou au couteau (textur\u00e9es).<\/p>\n\n\n\n<p>Pour chacune de ces surfaces, il existe des techniques de pr\u00e9paration sp\u00e9ciales \u00e0 respecter pour les restaurer sans en compromettre la texture ou le caract\u00e8re.<\/p>\n\n\n\n<p>Lorsqu\u2019il s\u2019agit d\u2019\u00e9liminer d\u2019anciens rev\u00eatements, il peut s\u2019av\u00e9rer tr\u00e8s payant de nettoyer le bois vieilli ou de supprimer les champignons et la moisissure, surtout pour les petits projets de bricolage. Pour les gros projets, plus complexes, il est conseill\u00e9 de solliciter des conseils d\u2019un professionnel. Il arrive que les nettoyants soul\u00e8vent un peu les fibres. Il faudra donc bien poncer les surfaces usin\u00e9es ou rabot\u00e9es pour les \u00e9liminer et obtenir un r\u00e9sultat bien plan et poreux sur lequel appliquer le rev\u00eatement. Dans le cas de surfaces brutes, les nettoyants sont probablement la solution qui convient le mieux. Une fois bien nettoy\u00e9e et bien rinc\u00e9e, la texture rugueuse de la surface est pr\u00eate pour l\u2019application. Seuls des nettoyants devraient \u00eatre employ\u00e9s sur les surfaces taill\u00e9es \u00e0 la main ou au couteau. Nous vous conseillons cependant de tester soigneusement votre technique pour \u00e9viter qu\u2019il reste de tr\u00e8s minces fibres d\u00e9coll\u00e9es. N\u2019oubliez pas qu\u2019il est impossible de poncer la pi\u00e8ce apr\u00e8s nettoyage, sous peine d\u2019alt\u00e9rer l\u2019aspect brut de la surface.<\/p>\n\n\n\n<p>Le pon\u00e7age m\u00e9canique constituera la meilleure solution sur les surfaces rabot\u00e9es et usin\u00e9es en milieu sec. Vous obtiendrez un r\u00e9sultat plan et poreux, id\u00e9al pour toute application de rev\u00eatement.<\/p>\n\n\n\n<p>Le sablage \u00e0 sec (au bicarbonate de soude, aux coques de noix ou au sable) fonctionne bien pour \u00e9liminer les rev\u00eatements us\u00e9s ou l\u2019effet du vieillissement sans avoir \u00e0 mouiller le bois. Plus rapide et plus \u00e9conomique que les nettoyants liquides, cette technique est g\u00e9n\u00e9ralement privil\u00e9gi\u00e9e dans les projets plus importants. Il est extr\u00eamement important d\u2019\u00e9viter toute \u00e9rosion inutile. Veillez donc \u00e0 ce que le travail soit effectu\u00e9 par une personne exp\u00e9riment\u00e9e qui utilise de l\u2019\u00e9quipement et des mat\u00e9riaux de qualit\u00e9. Une fois cette \u00e9tape termin\u00e9e, il peut valoir la peine de poncer la surface pour la lisser : plus elle sera pr\u00e9par\u00e9e, plus le rev\u00eatement sera beau et efficace.<\/p>\n\n\n\n<p>Sansin propose des nettoyants tr\u00e8s puissants adapt\u00e9s \u00e0 chaque situation. Qu\u2019il vous faille entretenir un rev\u00eatement Sansin existant, restaurer du bois vieilli ou sali pour obtenir une surface neuve \u00e0 prot\u00e9ger ou \u00e9liminer d\u2019anciens rev\u00eatements tout en restaurant la couleur naturelle du bois, nous avons les meilleurs nettoyants. Gr\u00e2ce \u00e0 l\u2019efficacit\u00e9 de leur formule et de leur concentration qui permet de les diluer sans att\u00e9nuer leur effet, les nettoyants de Sansin constituent une valeur s\u00fbre.<\/p>\n\n\n\n<p>Si vous avez besoin d\u2019aide pour d\u00e9terminer la technique de restauration adapt\u00e9e \u00e0 votre surface, communiquez avec votre distributeur ou votre technicien Sansin. Pour nous aider \u00e0 fixer la marche \u00e0 suivre, nous vous conseillons de nous envoyer une photo du travail et de la surface en question. Mais surtout, n\u2019oubliez pas qu\u2019il est essentiel de tester vos techniques de nettoyage, de pr\u00e9paration du bois et de finition sur un endroit non apparent afin d\u2019en valider les r\u00e9sultats.<\/p>\n\n\n\n<h2 class=\"section-heading wp-block-heading\">PRODUITS<\/h2>\n\n\n\n<hr class=\"wp-block-separator is-style-default\"\/>\n\n\n\n<div class=\"wp-block-columns is-layout-flex wp-container-core-columns-is-layout-9d6595d7 wp-block-columns-is-layout-flex\">\n<div class=\"wp-block-column is-layout-flow wp-block-column-is-layout-flow\">\n<div class=\"wp-block-image\"><figure class=\"aligncenter size-full is-resized\"><img decoding=\"async\" src=\"https:\/\/www.sansin.com\/wp-content\/uploads\/\/Multi-Wash-150x150.jpg\" alt=\"Multi-Wash\" class=\"wp-image-7228\" width=\"150\" height=\"150\" srcset=\"https:\/\/www.sansin.com\/wp-content\/uploads\/Multi-Wash-150x150.jpg 150w, https:\/\/www.sansin.com\/wp-content\/uploads\/Multi-Wash-100x100.jpg 100w, https:\/\/www.sansin.com\/wp-content\/uploads\/Multi-Wash.jpg 300w\" sizes=\"(max-width: 150px) 100vw, 150px\" \/><\/figure><\/div>\n\n\n\n<p class=\"product-title\">Multi-Wash<\/p>\n\n\n\n<div class=\"wp-block-group product-grey-box\"><div class=\"wp-block-group__inner-container is-layout-flow wp-block-group-is-layout-flow\">\n<p class=\"product-headline\">Nettoyant biod\u00e9gradable utilisable sur presque toutes les surfaces<\/p>\n\n\n\n<p><strong><a href=\"https:\/\/www.sansin.com\/product\/multi-wash\/\" title=\"MULTI-WASH\"><strong><a href=\"https:\/\/www.sansin.com\/fr\/produit\/multi-wash\/\">VOIR LE PRODUIT >><\/a><\/strong><\/a><\/strong><\/p>\n<\/div><\/div>\n<\/div>\n\n\n\n<div class=\"wp-block-column is-layout-flow wp-block-column-is-layout-flow\">\n<div class=\"wp-block-image\"><figure class=\"aligncenter size-full is-resized\"><img decoding=\"async\" src=\"https:\/\/www.sansin.com\/wp-content\/uploads\/\/wood-lightener-large-1-150x150.jpg\" alt=\"WOOD LIGHTENER\" class=\"wp-image-8603\" width=\"150\" height=\"150\" srcset=\"https:\/\/www.sansin.com\/wp-content\/uploads\/wood-lightener-large-1-150x150.jpg 150w, https:\/\/www.sansin.com\/wp-content\/uploads\/wood-lightener-large-1-100x100.jpg 100w, https:\/\/www.sansin.com\/wp-content\/uploads\/wood-lightener-large-1.jpg 300w\" sizes=\"(max-width: 150px) 100vw, 150px\" \/><\/figure><\/div>\n\n\n\n<p class=\"product-title\">Wood Lightener<\/p>\n\n\n\n<div class=\"wp-block-group product-grey-box\"><div class=\"wp-block-group__inner-container is-layout-flow wp-block-group-is-layout-flow\">\n<p class=\"product-headline\">\u00c9claircissant puissant pour surfaces de bois nu.<\/p>\n\n\n\n<p><strong><a href=\"https:\/\/www.sansin.com\/product\/aqua-gard\/\" title=\"AQUA-GARD\"><strong><a href=\"https:\/\/www.sansin.com\/fr\/produit\/wood-lightener\/\">VOIR LE PRODUIT >><\/a><\/strong><\/a><\/strong><\/p>\n<\/div><\/div>\n<\/div>\n\n\n\n<div class=\"wp-block-column is-layout-flow wp-block-column-is-layout-flow\">\n<div class=\"wp-block-image\"><figure class=\"aligncenter size-full is-resized\"><img decoding=\"async\" src=\"https:\/\/www.sansin.com\/wp-content\/uploads\/\/wood-strip-large-150x150.jpg\" alt=\"Wood-Strip\" class=\"wp-image-8850\" width=\"150\" height=\"150\" srcset=\"https:\/\/www.sansin.com\/wp-content\/uploads\/wood-strip-large-150x150.jpg 150w, https:\/\/www.sansin.com\/wp-content\/uploads\/wood-strip-large-100x100.jpg 100w, https:\/\/www.sansin.com\/wp-content\/uploads\/wood-strip-large.jpg 300w\" sizes=\"(max-width: 150px) 100vw, 150px\" \/><\/figure><\/div>\n\n\n\n<p class=\"product-title\">Wood-Strip<\/p>\n\n\n\n<div class=\"wp-block-group product-grey-box\"><div class=\"wp-block-group__inner-container is-layout-flow wp-block-group-is-layout-flow\">\n<p class=\"product-headline\">\u00c9limine efficacement les vieilles peintures et les couches de teinture<\/p>\n\n\n\n<p><strong><a href=\"https:\/\/www.sansin.com\/product\/wood-strip\/\" title=\"WOOD-STRIP\"><strong><a href=\"https:\/\/www.sansin.com\/fr\/produit\/wood-strip\/\">VOIR LE PRODUIT >><\/a><\/strong><\/a><\/strong><\/p>\n<\/div><\/div>\n<\/div>\n\n\n\n<div class=\"wp-block-column is-layout-flow wp-block-column-is-layout-flow\">\n<div class=\"wp-block-image\"><figure class=\"aligncenter size-full is-resized\"><img decoding=\"async\" src=\"https:\/\/www.sansin.com\/wp-content\/uploads\/\/Wood-Wash-150x150.jpg\" alt=\"Wood Wash\" class=\"wp-image-7234\" width=\"150\" height=\"150\" srcset=\"https:\/\/www.sansin.com\/wp-content\/uploads\/Wood-Wash-150x150.jpg 150w, https:\/\/www.sansin.com\/wp-content\/uploads\/Wood-Wash-100x100.jpg 100w, https:\/\/www.sansin.com\/wp-content\/uploads\/Wood-Wash.jpg 300w\" sizes=\"(max-width: 150px) 100vw, 150px\" \/><\/figure><\/div>\n\n\n\n<p class=\"product-title\">Wood Wash<\/p>\n\n\n\n<div class=\"wp-block-group product-grey-box\"><div class=\"wp-block-group__inner-container is-layout-flow wp-block-group-is-layout-flow\">\n<p class=\"product-headline\">Redonne ses tonalit\u00e9s naturelles \u00e0 votre surface en bois<\/p>\n\n\n\n<p><strong><a href=\"https:\/\/www.sansin.com\/product\/wood-wash\/\" title=\"WOOD WASH\"><strong><a href=\"https:\/\/www.sansin.com\/fr\/produit\/wood-wash\/\">VOIR LE PRODUIT >><\/a><\/strong><\/a><\/strong><\/p>\n<\/div><\/div>\n<\/div>\n<\/div>\n\n\n\n<h2 class=\"section-heading wp-block-heading\">GALERIE DE PHOTOS<\/h2>\n\n\n\n<hr class=\"wp-block-separator is-style-default\"\/>\n\n\n\n<figure class=\"wp-block-gallery columns-4 wp-block-gallery-1 is-layout-flex wp-block-gallery-is-layout-flex\"><ul class=\"blocks-gallery-grid\"><li class=\"blocks-gallery-item\"><figure><a href=\"https:\/\/www.sansin.com\/wp-content\/uploads\/Before-After_deck01.jpg\"><img decoding=\"async\" width=\"300\" height=\"225\" src=\"https:\/\/www.sansin.com\/wp-content\/uploads\/\/Before-After_deck01-300x225.jpg\" alt=\"Before After deck\" data-id=\"13220\" data-full-url=\"https:\/\/www.sansin.com\/wp-content\/uploads\/Before-After_deck01.jpg\" data-link=\"https:\/\/www.sansin.com\/before-after_deck01\/\" class=\"wp-image-13220\" srcset=\"https:\/\/www.sansin.com\/wp-content\/uploads\/Before-After_deck01-300x225.jpg 300w, https:\/\/www.sansin.com\/wp-content\/uploads\/Before-After_deck01-150x113.jpg 150w, https:\/\/www.sansin.com\/wp-content\/uploads\/Before-After_deck01-768x576.jpg 768w, https:\/\/www.sansin.com\/wp-content\/uploads\/Before-After_deck01.jpg 800w\" sizes=\"(max-width: 300px) 100vw, 300px\" \/><\/a><\/figure><\/li><li class=\"blocks-gallery-item\"><figure><a href=\"https:\/\/www.sansin.com\/wp-content\/uploads\/Before-After_siding01.jpg\"><img decoding=\"async\" width=\"300\" height=\"225\" src=\"https:\/\/www.sansin.com\/wp-content\/uploads\/\/Before-After_siding01-300x225.jpg\" alt=\"Before After siding 1\" data-id=\"13222\" data-full-url=\"https:\/\/www.sansin.com\/wp-content\/uploads\/Before-After_siding01.jpg\" data-link=\"https:\/\/www.sansin.com\/before-after_siding01\/\" class=\"wp-image-13222\" srcset=\"https:\/\/www.sansin.com\/wp-content\/uploads\/Before-After_siding01-300x225.jpg 300w, https:\/\/www.sansin.com\/wp-content\/uploads\/Before-After_siding01-150x113.jpg 150w, https:\/\/www.sansin.com\/wp-content\/uploads\/Before-After_siding01-768x576.jpg 768w, https:\/\/www.sansin.com\/wp-content\/uploads\/Before-After_siding01.jpg 800w\" sizes=\"(max-width: 300px) 100vw, 300px\" \/><\/a><\/figure><\/li><li class=\"blocks-gallery-item\"><figure><a href=\"https:\/\/www.sansin.com\/wp-content\/uploads\/Before-After_siding02.jpg\"><img decoding=\"async\" width=\"300\" height=\"225\" src=\"https:\/\/www.sansin.com\/wp-content\/uploads\/\/Before-After_siding02-300x225.jpg\" alt=\"Before After siding 02\" data-id=\"13224\" data-full-url=\"https:\/\/www.sansin.com\/wp-content\/uploads\/Before-After_siding02.jpg\" data-link=\"https:\/\/www.sansin.com\/before-after_siding02\/\" class=\"wp-image-13224\" srcset=\"https:\/\/www.sansin.com\/wp-content\/uploads\/Before-After_siding02-300x225.jpg 300w, https:\/\/www.sansin.com\/wp-content\/uploads\/Before-After_siding02-150x113.jpg 150w, https:\/\/www.sansin.com\/wp-content\/uploads\/Before-After_siding02-768x576.jpg 768w, https:\/\/www.sansin.com\/wp-content\/uploads\/Before-After_siding02.jpg 800w\" sizes=\"(max-width: 300px) 100vw, 300px\" \/><\/a><\/figure><\/li><li class=\"blocks-gallery-item\"><figure><a href=\"https:\/\/www.sansin.com\/wp-content\/uploads\/Before-After_siding03.jpg\"><img decoding=\"async\" width=\"300\" height=\"225\" src=\"https:\/\/www.sansin.com\/wp-content\/uploads\/\/Before-After_siding03-300x225.jpg\" alt=\"Before After siding 3\" data-id=\"13226\" data-full-url=\"https:\/\/www.sansin.com\/wp-content\/uploads\/Before-After_siding03.jpg\" data-link=\"https:\/\/www.sansin.com\/before-after_siding03\/\" class=\"wp-image-13226\" srcset=\"https:\/\/www.sansin.com\/wp-content\/uploads\/Before-After_siding03-300x225.jpg 300w, https:\/\/www.sansin.com\/wp-content\/uploads\/Before-After_siding03-150x113.jpg 150w, https:\/\/www.sansin.com\/wp-content\/uploads\/Before-After_siding03-768x576.jpg 768w, https:\/\/www.sansin.com\/wp-content\/uploads\/Before-After_siding03.jpg 800w\" sizes=\"(max-width: 300px) 100vw, 300px\" \/><\/a><\/figure><\/li><\/ul><\/figure>\n","protected":false},"excerpt":{"rendered":"<p>Pour nettoyer et prot\u00e9ger toutes les surfaces de votre maison Le bois est un mat\u00e9riau remarquablement beau et facile \u00e0 travailler. C\u2019est ce qui en fait un choix tellement appr\u00e9ci\u00e9 pour la construction. De plus, il est facile de restaurer son aspect lorsque le rev\u00eatement n\u2019a pas toujours \u00e9t\u00e9 entretenu (ou encore si vous voulez &#8230; <a title=\"Nettoyants \u00e0 Bois\" class=\"read-more\" href=\"https:\/\/www.sansin.com\/fr\/nettoyants-a-bois\/\" aria-label=\"En savoir plus sur Nettoyants \u00e0 Bois\">Lire plus<\/a><\/p>\n","protected":false},"author":6,"featured_media":0,"parent":0,"menu_order":8,"comment_status":"closed","ping_status":"closed","template":"","meta":{"footnotes":""},"class_list":["post-4839","page","type-page","status-publish"],"aioseo_notices":[],"_links":{"self":[{"href":"https:\/\/www.sansin.com\/fr\/wp-json\/wp\/v2\/pages\/4839","targetHints":{"allow":["GET"]}}],"collection":[{"href":"https:\/\/www.sansin.com\/fr\/wp-json\/wp\/v2\/pages"}],"about":[{"href":"https:\/\/www.sansin.com\/fr\/wp-json\/wp\/v2\/types\/page"}],"author":[{"embeddable":true,"href":"https:\/\/www.sansin.com\/fr\/wp-json\/wp\/v2\/users\/6"}],"replies":[{"embeddable":true,"href":"https:\/\/www.sansin.com\/fr\/wp-json\/wp\/v2\/comments?post=4839"}],"version-history":[{"count":0,"href":"https:\/\/www.sansin.com\/fr\/wp-json\/wp\/v2\/pages\/4839\/revisions"}],"wp:attachment":[{"href":"https:\/\/www.sansin.com\/fr\/wp-json\/wp\/v2\/media?parent=4839"}],"curies":[{"name":"wp","href":"https:\/\/api.w.org\/{rel}","templated":true}]}}