{"id":4936,"date":"2013-08-08T19:17:10","date_gmt":"2013-08-08T19:17:10","guid":{"rendered":"http:\/\/www.sansin.com\/a-notre-sujet\/sansin-difference\/"},"modified":"2024-11-12T12:38:20","modified_gmt":"2024-11-12T17:38:20","slug":"sansin-une-longueur-davance","status":"publish","type":"page","link":"https:\/\/www.sansin.com\/fr\/a-propos-de-sansin\/sansin-une-longueur-davance\/","title":{"rendered":"Sansin, une longueur d&rsquo;avance"},"content":{"rendered":"\n<h2 class=\"wp-block-heading\">Rien ne prot\u00e8ge mieux le bois.<\/h2>\n\n\n\n<p>La beaut\u00e9 chaleureuse du bois enrichit nos vies. Son charme naturel stimule l&rsquo;imagination et sa texture riche invite au toucher. Mais il n&rsquo;en reste pas moins vrai que le bois est biologique par essence et qu&rsquo;il doit \u00eatre prot\u00e9g\u00e9. Dans la nature, ce r\u00f4le est d\u00e9volu \u00e0 l&rsquo;\u00e9corce. Vous pouvez le faire de mani\u00e8re tout aussi naturelle en optant pour les produits Enviro Stain de Sansin.<\/p>\n\n\n\n<h2 class=\"wp-block-heading\">Est-il pr\u00e9f\u00e9rable de prot\u00e9ger votre maison par un rev\u00eatement \u00e0 l&rsquo;eau ou \u00e0 l&rsquo;huile?<\/h2>\n\n\n\n<div class=\"wp-block-image\"><figure class=\"alignright size-full\"><img decoding=\"async\" width=\"227\" height=\"250\" src=\"https:\/\/www.sansin.com\/wp-content\/uploads\/sansin-difference1.jpg\" alt=\"Sansin Difference\" class=\"wp-image-12656\" srcset=\"https:\/\/www.sansin.com\/wp-content\/uploads\/sansin-difference1.jpg 227w, https:\/\/www.sansin.com\/wp-content\/uploads\/sansin-difference1-150x165.jpg 150w\" sizes=\"(max-width: 227px) 100vw, 227px\" \/><\/figure><\/div>\n\n\n\n<p>Enviro Stain de Sansin vous donne \u00e0 la fois les avantages de la nature et ceux de la technologie. V\u00e9hicul\u00e9es par l&rsquo;une des principales merveilles de la nature, l&rsquo;eau, les huiles et les r\u00e9sines naturelles modifi\u00e9es impr\u00e8gnent la cellule ligneuse en profondeur. Lorsque l&rsquo;eau s&rsquo;\u00e9vapore, le produit Sansin adh\u00e8re directement au bois pour former une barri\u00e8re r\u00e9sistante et durable qui ne fendille pas, ne s&rsquo;\u00e9caille pas et ne cloque pas.<\/p>\n\n\n\n<p>Le principe de la protection du bois par des \u00e9l\u00e9ments provenant de la nature est presque aussi vieux que le bois lui-m\u00eame. Il y a plus de mille ans, d&rsquo;anciens peuples de Norv\u00e8ge extrayaient la r\u00e9sine et les gommes du duramen des arbres pour les chauffer avant de les appliquer sur leurs \u00e9glises port\u00e9es \u00e0 l&rsquo;aide d&rsquo;un balai. Aujourd&rsquo;hui, ces \u00e9difices sont encore l\u00e0 pour t\u00e9moigner de leur r\u00e9sistance \u00e0 l&rsquo;usure du temps. Sansin a con\u00e7u les produits Enviro Stain sur le m\u00eame principe. Vous pouvez d\u00e9sormais prot\u00e9ger votre bois de mani\u00e8re naturelle tout en appr\u00e9ciant la splendeur de la nature. Notre remarquable collection de couleurs s&rsquo;inspire de son \u00e9poustouflante beaut\u00e9 : le bleu profond d&rsquo;un ciel d&rsquo;\u00e9t\u00e9, le jaune foisonnant des bl\u00e9s m\u00fbrs, la puret\u00e9 ocr\u00e9e d&rsquo;un d\u00e9sert m\u00e9ridional&#8230;<\/p>\n\n\n\n<p>Nos pr\u00e9parations uniques se d\u00e9clinent dans tous les degr\u00e9s de fini possible. Des teintes naturelles p\u00e9n\u00e9trantes aux couches d&rsquo;isolation ultra-brillantes, vous pourrez coordonner votre produit Enviro Stain \u00e0 l&rsquo;aspect souhait\u00e9 pour votre projet. Quel que soit votre choix, l&rsquo;efficacit\u00e9 et l&rsquo;\u00e9clat seront au rendez-vous. Et Environ Stain est sans danger pour l&rsquo;environnement.<\/p>\n\n\n\n<h2 class=\"wp-block-heading\">Le fondement scientifique de la technologie<\/h2>\n\n\n\n<div class=\"wp-block-image\"><figure class=\"alignright size-full\"><img decoding=\"async\" width=\"227\" height=\"297\" src=\"https:\/\/www.sansin.com\/wp-content\/uploads\/sansin-difference2.jpg\" alt=\"Sansin Difference\" class=\"wp-image-12658\" srcset=\"https:\/\/www.sansin.com\/wp-content\/uploads\/sansin-difference2.jpg 227w, https:\/\/www.sansin.com\/wp-content\/uploads\/sansin-difference2-150x196.jpg 150w\" sizes=\"(max-width: 227px) 100vw, 227px\" \/><\/figure><\/div>\n\n\n\n<p>Le bois est un mat\u00e9riau extr\u00eamement polyvalent. Et tant qu&rsquo;il est prot\u00e9g\u00e9, il est \u00e9galement tr\u00e8s robuste et durable. L&rsquo;eau, les rayons ultra-violets et les champignons sont ses principaux ennemis. Les rev\u00eatements classiques \u00e0 base de p\u00e9trole et d&rsquo;acrylique agissent en formant \u00e0 sa surface une pellicule qui repousse l&rsquo;eau et les rayons ultra-violets. Mais ils bloquent \u00e9galement toute \u00e9vaporation et emprisonnent l&rsquo;humidit\u00e9, ce qui favorise sa d\u00e9composition. Les produits Sansin permettent au bois de \u00ab respirer \u00bb plus librement, ce qui renforce consid\u00e9rablement la stabilit\u00e9 dimensionnelle de la structure et favorise son adaptation \u00e0 l&rsquo;humidit\u00e9 ambiante. Une fois qu&rsquo;ils ont adh\u00e9r\u00e9 \u00e0 votre bois, ces produits forment un bouclier durable qui repousse \u00e9nergiquement la condensation tout en laissant la vapeur s&rsquo;\u00e9chapper.<\/p>\n\n\n\n<p>De m\u00eame, les cires de paraffine employ\u00e9es comme hydrofuges dans de nombreux rev\u00eatements \u00e0 base d&rsquo;eau et de solvant se d\u00e9gradent facilement sous l&rsquo;effet des rayons ultra-violets. Il suffit de cinq heures en plein soleil pour r\u00e9duire leur efficacit\u00e9 de plus de 60 %*. Tout comme votre peau, votre maison a besoin d&rsquo;\u00eatre prot\u00e9g\u00e9e des rayons ultra-violets. Les huiles et les r\u00e9sines naturelles modifi\u00e9es de Sansin sont impr\u00e9gn\u00e9es de protecteurs sp\u00e9ciaux qui forment un bouclier devant chacune des cellules de votre bois. La formulation unique des teintures Enviro Stain de Sansin agit tout aussi naturellement contre la d\u00e9composition du bois.<\/p>\n\n\n\n<p>Les produits Enviro Stain de Sansin sont con\u00e7us pour conserver la sant\u00e9 de votre bois, selon le principe esprit m\u00eame qui r\u00e9git l&rsquo;ordre de la nature. Que ce soit pour le rev\u00eatement ext\u00e9rieur de votre logis, votre terrasse ou vos meubles, profitez de la protection durable et esth\u00e9tique de Sansin.<\/p>\n","protected":false},"excerpt":{"rendered":"<p>Rien ne prot\u00e8ge mieux le bois. La beaut\u00e9 chaleureuse du bois enrichit nos vies. Son charme naturel stimule l&rsquo;imagination et sa texture riche invite au toucher. Mais il n&rsquo;en reste pas moins vrai que le bois est biologique par essence et qu&rsquo;il doit \u00eatre prot\u00e9g\u00e9. Dans la nature, ce r\u00f4le est d\u00e9volu \u00e0 l&rsquo;\u00e9corce. Vous &#8230; <a title=\"Sansin, une longueur d&rsquo;avance\" class=\"read-more\" href=\"https:\/\/www.sansin.com\/fr\/a-propos-de-sansin\/sansin-une-longueur-davance\/\" aria-label=\"En savoir plus sur Sansin, une longueur d&rsquo;avance\">Lire plus<\/a><\/p>\n","protected":false},"author":2,"featured_media":0,"parent":4748,"menu_order":1,"comment_status":"closed","ping_status":"closed","template":"","meta":{"footnotes":""},"class_list":["post-4936","page","type-page","status-publish"],"aioseo_notices":[],"_links":{"self":[{"href":"https:\/\/www.sansin.com\/fr\/wp-json\/wp\/v2\/pages\/4936","targetHints":{"allow":["GET"]}}],"collection":[{"href":"https:\/\/www.sansin.com\/fr\/wp-json\/wp\/v2\/pages"}],"about":[{"href":"https:\/\/www.sansin.com\/fr\/wp-json\/wp\/v2\/types\/page"}],"author":[{"embeddable":true,"href":"https:\/\/www.sansin.com\/fr\/wp-json\/wp\/v2\/users\/2"}],"replies":[{"embeddable":true,"href":"https:\/\/www.sansin.com\/fr\/wp-json\/wp\/v2\/comments?post=4936"}],"version-history":[{"count":0,"href":"https:\/\/www.sansin.com\/fr\/wp-json\/wp\/v2\/pages\/4936\/revisions"}],"up":[{"embeddable":true,"href":"https:\/\/www.sansin.com\/fr\/wp-json\/wp\/v2\/pages\/4748"}],"wp:attachment":[{"href":"https:\/\/www.sansin.com\/fr\/wp-json\/wp\/v2\/media?parent=4936"}],"curies":[{"name":"wp","href":"https:\/\/api.w.org\/{rel}","templated":true}]}}