{"id":4962,"date":"2013-02-08T13:03:25","date_gmt":"2013-02-08T13:03:25","guid":{"rendered":"http:\/\/www.sansin.com\/outils\/faq\/"},"modified":"2022-01-05T16:09:19","modified_gmt":"2022-01-05T21:09:19","slug":"faq","status":"publish","type":"page","link":"https:\/\/www.sansin.com\/fr\/faq\/","title":{"rendered":"Foire Aux Questions"},"content":{"rendered":"\n<p><strong>PUIS-JE APPLIQUER SDF AU-DESSUS DE CLASSIC?<\/strong><\/p>\n\n\n\n<p>C&rsquo;est possible, mais d\u00e9conseill\u00e9 pour les grumes tr\u00e8s expos\u00e9es \u00e0 l&rsquo;humidit\u00e9 et les surfaces ayant besoin d&rsquo;un rev\u00eatement qui les laisse respirer, comme les grumes et le bois d&rsquo;\u0153uvre de grande dimension. Lavez toujours la surface \u00e0 l&rsquo;aide de Multi-Wash de Sansin avant d&rsquo;appliquer le rev\u00eatement ou la couche d&rsquo;entretien.<\/p>\n\n\n\n<p><strong>PEUT-ON M\u00c9LANGER CLASSIC ET SDF DANS LE M\u00caME CONTENANT?<\/strong><\/p>\n\n\n\n<p>Non, ces produits de base sont trop diff\u00e9rents. M\u00eame s&rsquo;ils peuvent sembler compatibles, nous ne pouvons pas garantir l&rsquo;efficacit\u00e9 du m\u00e9lange.<\/p>\n\n\n\n<p><strong>SI J&rsquo;AJOUTE TROP D&rsquo;EAU DANS ENVIRO STAIN, VAIS-JE R\u00c9DUIRE SA QUALIT\u00c9?<\/strong><\/p>\n\n\n\n<p>Oui, l&rsquo;ajout d&rsquo;eau au produit r\u00e9duit sa qualit\u00e9. Il est toutefois possible de le faire (pour en faciliter la pulv\u00e9risation) SANS D\u00c9PASSER 5 %. Il faut toujours ajouter l&rsquo;eau \u00e0 la teinture plut\u00f4t que la teinture \u00e0 l&rsquo;eau.<\/p>\n\n\n\n<p><strong>COMMENT DILUER UNE COULEUR?<\/strong><\/p>\n\n\n\n<p>Ajoutez Clear UV au produit voulu pour diluer sa couleur ou renforcer sa transparence. Les produits Naturals ne doivent pas \u00eatre dilu\u00e9s \u00e0 plus de 20 % par un produit Clear UV. Par exemple, vous pouvez employer Classic Clear UV pour diluer Classic Light Natural.<\/p>\n\n\n\n<p><strong>PUIS-JE APPLIQUER PLUSIEURS COUCHES DE SDF SUR UNE TERRASSE OU UN PAREMENT?<\/strong><\/p>\n\n\n\n<p>Vous pouvez y appliquer jusqu&rsquo;\u00e0 deux couches. NE D\u00c9PASSEZ PAS ce nombre, sous peine de cr\u00e9er une pellicule.<\/p>\n\n\n\n<p><strong>MA TEINTURE N&rsquo;A PAS LA COULEUR SOUHAIT\u00c9E. QUE FAIRE?<\/strong><\/p>\n\n\n\n<p>Ajoutez-lui le produit Clear UV correspondant pour l&rsquo;\u00e9claircir ou la rendre plus transparente. Vous pouvez \u00e9galement commander une autre couleur \u00e0 m\u00e9langer au produit pour obtenir la teinte vis\u00e9e. Enfin, il est toujours possible de renvoyer le produit \u00e0 un CENTRE DE COULEURS SANSIN qui le modifiera.<\/p>\n\n\n\n<p><strong>COMMENT UTILISER PAINT AND STAIN REMOVER \u00c0 L&rsquo;INT\u00c9RIEUR?<\/strong><\/p>\n\n\n\n<p>Ce produit ne doit pas \u00eatre employ\u00e9 \u00e0 l&rsquo;int\u00e9rieur. Puisqu&rsquo;il est trop difficile d&rsquo;en \u00e9liminer le r\u00e9sidu sans rin\u00e7age, nous conseillons de ne l&rsquo;utiliser qu&rsquo;\u00e0 l&rsquo;ext\u00e9rieur.<\/p>\n\n\n\n<p><strong>PUIS-JE APPLIQUER AQUA-GARD SUR DU B\u00c9TON PEINT?<\/strong><\/p>\n\n\n\n<p>Pour \u00eatre efficace, Aqua-Gard doit p\u00e9n\u00e9trer la surface. C&rsquo;est ce qui permet \u00e0 cette derni\u00e8re de continuer \u00e0 respirer. Aqua-Gard n&rsquo;est pas fait pour \u00eatre appliqu\u00e9 sur une peinture ou un rev\u00eatement.<\/p>\n\n\n\n<p><strong>COMMENT \u00c9VITER LES COUL\u00c9ES ET LES GOUTTES?<\/strong><\/p>\n\n\n\n<p>Lors de l&rsquo;application de rev\u00eatements pour l&rsquo;ext\u00e9rieur de Sansin, nous vous conseillons de saturer compl\u00e8tement la surface jusqu&rsquo;\u00e0 ce qu&rsquo;elle ne puisse plus absorber le produit. Ce dernier se mettra alors \u00e0 couler l\u00e9g\u00e8rement. Ensuite, conform\u00e9ment au mode d&#8217;emploi, repassez le pinceau sur la surface pour \u00e9liminer les coul\u00e9es et les gouttes en les \u00e9talant.<\/p>\n\n\n\n<p><strong>COMBIEN DE TEMPS VA DURER MON PRODUIT SANSIN?<\/strong><\/p>\n\n\n\n<p>Le rendement th\u00e9orique est mentionn\u00e9 dans le mode d&#8217;emploi du produit. En pratique, il d\u00e9pend \u00e9galement de divers facteurs comme l&rsquo;exposition, l&rsquo;usure, la technique d&rsquo;application, la qualit\u00e9 du bois et l&#8217;emplacement. Votre repr\u00e9sentant pourra vous donner une estimation plus pr\u00e9cise.<\/p>\n\n\n\n<p><strong>POURQUOI CERTAINS PRODUITS SANSIN DOIVENT-ILS \u00caTRE RECOUVERTS DE CLEAR UV ET PAS D&rsquo;AUTRES?<\/strong><\/p>\n\n\n\n<p>La r\u00e9sistance aux rayons ultra-violets de Clear UV est excellente. En r\u00e8gle g\u00e9n\u00e9rale, il est appliqu\u00e9 en couche finale pour \u00e9viter que la couleur ne fonce. Pour parvenir \u00e0 une saturation suffisante pour donner au bois des capacit\u00e9s hydrofuges, il faut lui appliquer trois couches de produit Classic. Classic Clear UV est normalement utilis\u00e9 en troisi\u00e8me couche pour pr\u00e9server la luminosit\u00e9 de la couleur tout en assurant la protection ad\u00e9quate.<\/p>\n\n\n\n<p><strong>QUAND ENTRETENIR LA SURFACE POUR PROT\u00c9GER SON EFFICACIT\u00c9 ET SA COULEUR?<\/strong><\/p>\n\n\n\n<p>Il faut appliquer la couche d&rsquo;entretien lorsque la surface s&rsquo;\u00e9rode ou p\u00e2lit de fa\u00e7on visible. L&rsquo;\u00e9rosion appara\u00eetra d&rsquo;abord sur le fil. En revanche, c&rsquo;est la d\u00e9coloration qui sera le premier signe d&rsquo;\u00e9rosion en cas d&rsquo;exposition au sud.<\/p>\n\n\n\n<p><strong>QUEL EST LE RENDEMENT EN SURFACE TYPIQUE DE MON PRODUIT SANSIN?<\/strong><\/p>\n\n\n\n<p>Il n&rsquo;existe pas de r\u00e9ponse g\u00e9n\u00e9rale \u00e0 cette question, car le rendement en surface d\u00e9pend de l&rsquo;essence du bois. Pour les rev\u00eatements ext\u00e9rieurs, il est pr\u00e9f\u00e9rable de faire p\u00e9n\u00e9trer le produit le plus possible. Une terrasse en c\u00e8dre pourrait n\u00e9cessiter en moyenne 3,79 L (1 gallon) pour 18,5 \u00e0 28 m\u00b3 (200 \u00e0 300 pi\u00b3) de Dec, tandis qu&rsquo;un volume de 3,79 L (1 gallon) de SDF en une couche pourrait couvrir de 9,3 \u00e0 18,5 m\u00b3 (100 \u00e0 200 pi\u00b3). Le prix total d\u00e9pendra du produit choisi. Pour en savoir davantage, consultez le mode d&#8217;emploi du produit en question.<\/p>\n\n\n\n<p><strong>POURQUOI LES PRODUITS SANSIN SONT-ILS PLUS CHERS QUE LES AUTRES?<\/strong><\/p>\n\n\n\n<p>Pour obtenir la meilleure protection anti-UV existante, Sansin a recours aux meilleurs ingr\u00e9dients et aux r\u00e9sines les plus pures, sans agents de remplissage bon march\u00e9 et sans paraffine. Sansin est un rev\u00eatement pour bois \u00e9cologique de qualit\u00e9 sup\u00e9rieure qui prot\u00e8ge le bois sans l&rsquo;\u00e9touffer. De plus, il s&rsquo;entretient exceptionnellement facilement. C&rsquo;est la garantie d&rsquo;un r\u00e9sultat hors pair pendant des ann\u00e9es, sans efforts.<\/p>\n\n\n\n<p><strong>PAR RAPPORT AUX AUTRES, QUELS SONT LES AVANTAGES D&rsquo;UN PRODUIT QUI NE FORME AUCUNE PELLICULE?<\/strong><\/p>\n\n\n\n<p>Il laisse le support respirer, s&rsquo;entretient facilement et dure longtemps.<\/p>\n\n\n\n<p><strong>QUELLE DIFF\u00c9RENCE Y A-T-IL ENTRE CLASSIC ET DEC?<\/strong><\/p>\n\n\n\n<p>Dec est con\u00e7u pour les surfaces horizontales, et Classic pour les surfaces verticales. Ces produits sont compatibles, mais la teneur en mati\u00e8res pulv\u00e9rulentes et le mode d&rsquo;utilisation de Dec facilitent sa p\u00e9n\u00e9tration dans une surface horizontale.<\/p>\n\n\n\n<p><strong>O\u00d9 SE PROCURER DES PRODUITS SANSIN?<\/strong><\/p>\n\n\n\n<p>Pour conna\u00eetre le distributeur ou le d\u00e9taillant le plus proche, composez le num\u00e9ro sans frais +1-877-SANSIN-1 (726-7461).<\/p>\n\n\n\n<p><strong>PUIS-JE UTILISER UN SEUL PRODUIT POUR TOUTES LES SURFACES?<\/strong><\/p>\n\n\n\n<p>Non. Chaque surface a des caract\u00e9ristiques qui lui sont propres et qui exigent une protection bien particuli\u00e8re. Par exemple, une pi\u00e8ce de bois massive comme une grume retient davantage l&rsquo;humidit\u00e9 qu&rsquo;une planche de 2 x 4. Elle se d\u00e9composera donc si le bois ne peut pas respirer. Une terrasse aura plus besoin d&rsquo;une protection hydrofuge et anti-UV qu&rsquo;un mur. Sansin propose une gamme de produits dont l&rsquo;efficacit\u00e9 a \u00e9t\u00e9 pens\u00e9e en fonction de la surface de bois \u00e0 laquelle ils sont destin\u00e9s.<\/p>\n","protected":false},"excerpt":{"rendered":"<p>PUIS-JE APPLIQUER SDF AU-DESSUS DE CLASSIC? C&rsquo;est possible, mais d\u00e9conseill\u00e9 pour les grumes tr\u00e8s expos\u00e9es \u00e0 l&rsquo;humidit\u00e9 et les surfaces ayant besoin d&rsquo;un rev\u00eatement qui les laisse respirer, comme les grumes et le bois d&rsquo;\u0153uvre de grande dimension. Lavez toujours la surface \u00e0 l&rsquo;aide de Multi-Wash de Sansin avant d&rsquo;appliquer le rev\u00eatement ou la couche &#8230; <a title=\"Foire Aux Questions\" class=\"read-more\" href=\"https:\/\/www.sansin.com\/fr\/faq\/\" aria-label=\"En savoir plus sur Foire Aux Questions\">Lire plus<\/a><\/p>\n","protected":false},"author":6,"featured_media":0,"parent":0,"menu_order":6,"comment_status":"closed","ping_status":"closed","template":"","meta":{"footnotes":""},"class_list":["post-4962","page","type-page","status-publish"],"aioseo_notices":[],"_links":{"self":[{"href":"https:\/\/www.sansin.com\/fr\/wp-json\/wp\/v2\/pages\/4962","targetHints":{"allow":["GET"]}}],"collection":[{"href":"https:\/\/www.sansin.com\/fr\/wp-json\/wp\/v2\/pages"}],"about":[{"href":"https:\/\/www.sansin.com\/fr\/wp-json\/wp\/v2\/types\/page"}],"author":[{"embeddable":true,"href":"https:\/\/www.sansin.com\/fr\/wp-json\/wp\/v2\/users\/6"}],"replies":[{"embeddable":true,"href":"https:\/\/www.sansin.com\/fr\/wp-json\/wp\/v2\/comments?post=4962"}],"version-history":[{"count":0,"href":"https:\/\/www.sansin.com\/fr\/wp-json\/wp\/v2\/pages\/4962\/revisions"}],"wp:attachment":[{"href":"https:\/\/www.sansin.com\/fr\/wp-json\/wp\/v2\/media?parent=4962"}],"curies":[{"name":"wp","href":"https:\/\/api.w.org\/{rel}","templated":true}]}}