{"id":8736,"date":"2016-04-13T22:15:40","date_gmt":"2016-04-14T02:15:40","guid":{"rendered":"http:\/\/www.sansin.com\/outils\/application-tools\/"},"modified":"2022-01-05T12:30:03","modified_gmt":"2022-01-05T17:30:03","slug":"outils-dapplication","status":"publish","type":"page","link":"https:\/\/www.sansin.com\/fr\/outils\/outils-dapplication\/","title":{"rendered":"Outils D&rsquo;Application"},"content":{"rendered":"\n<div class=\"wp-block-columns is-layout-flex wp-container-core-columns-is-layout-9d6595d7 wp-block-columns-is-layout-flex\">\n<div class=\"wp-block-column is-layout-flow wp-block-column-is-layout-flow\" style=\"flex-basis:66.66%\">\n<h3 class=\"wp-block-heading\">Obtenez chaque fois la finition parfaite avec les outils recommand\u00e9s par Sansin.<\/h3>\n\n\n\n<p>Les bons outils facilitent tout type de travail. Sansin est heureux de vous offrir des pinceaux Corona haut de gamme, des pistolets Albion et des agitateurs \u00e0 peinture Helix. Pour plus de d\u00e9tails et pour conna\u00eetre nos prix comp\u00e9titifs, appelez au 1-877-SANSIN-1 ou visitez&nbsp;<a href=\"mailto:admin@sansin.com\">admin@sansin.com<\/a>.<\/p>\n\n\n\n<h4 class=\"wp-block-heading\">Pinceaux Corona<\/h4>\n\n\n\n<p>Fabrication de quatre rang\u00e9es droites avec manche amovible en bois dur non laqu\u00e9 et virole en acier inoxydable. Disponible en tailles de 10, 12,7 et 15 cm.<\/p>\n\n\n\n<figure class=\"wp-block-table\"><table><tbody><tr><td>Taille<\/td><td>\u00c9paisseur<\/td><td>Taille de la coupe<\/td><\/tr><tr><td><\/td><\/tr><tr><td>10 cm<\/td><td>3,2 cm<\/td><td>7,5 cm<\/td><\/tr><tr><td>12,7 cm<\/td><td>3,2 cm<\/td><td>7,5 cm<\/td><\/tr><tr><td>15,2 cm<\/td><td>3,2 cm<\/td><td>7,5 cm<\/td><\/tr><\/tbody><\/table><\/figure>\n\n\n\n<h4 class=\"wp-block-heading\">L\u2019agitateur \u00e0 peinture Helix<\/h4>\n\n\n\n<p>L\u2019agitateur \u00e0 peinture Helix de 18,95 L (5 gallons) est fabriqu\u00e9 de mani\u00e8re durable en polypropyl\u00e8ne et sp\u00e9cialement con\u00e7u pour atteindre les bords inf\u00e9rieurs du pot de peinture pour un m\u00e9lange parfait. Il s\u2019installe sur votre perceuse hexagonale pour atteindre une vitesse impressionnante. Disponible en versions de 3,79 L et 18,95 L (1 et 5 gallons).<\/p>\n\n\n\n<ul class=\"wp-block-list\"><li>L\u2019agitateur \u00e0 peinture Helix se connecte \u00e0 votre perceuse pour acc\u00e9l\u00e9rer le m\u00e9lange<\/li><li>La connexion est s\u00e9curis\u00e9e gr\u00e2ce \u00e0 un arbre hexagonale de 12,7\/40,6 cm (5\/16 po)<\/li><li>Construction en polypropyl\u00e8ne<\/li><li>La forme innovante atteint les bords inf\u00e9rieurs du pot de peinture et se nettoie facilement<\/li><li>Id\u00e9al pour les bidons de 18,95 L (5 gallons)<\/li><li>Est sujet \u00e0 ou incluera prochainement une taxe de recyclage dans les \u00c9tats suivants : CA, OR<\/li><\/ul>\n\n\n\n<h4 class=\"wp-block-heading\">Pistolet de calfeutrage sans fil Albion DL-45-T14E de 20 oz<\/h4>\n\n\n\n<ul class=\"wp-block-list\"><li><strong>Vitesse<\/strong>&nbsp;\u2013 30 secondes pour distribuer toute la charge \u00e0 pleine vitesse<\/li><li><strong>Puissance<\/strong>&nbsp;\u2013 3 fois la pouss\u00e9e d\u2019une commande manuelle standard<\/li><li><strong>Contr\u00f4le du flux<\/strong>&nbsp;\u2013 d\u00e9sengagement instantan\u00e9 du d\u00e9bit<\/li><li><strong>Conception ergonomique<\/strong>&nbsp;\u2013 r\u00e9duit la tension du poignet<\/li><li><strong>Contr\u00f4le de la distribution<\/strong>&nbsp;\u2013 vitesse de d\u00e9clenchement r\u00e9glable<\/li><li><strong>Dur\u00e9e<\/strong>&nbsp;\u2013 capacit\u00e9 de plus de 150 charges<\/li><li><strong>Assemblage complet<\/strong>&nbsp;\u2013 pr\u00eat \u00e0 l\u2019emploi en sortant de la bo\u00eete<\/li><li>Comprend:<br>\u2013 (1) une batterie au lithium-ion de18 volts; fournit la puissance maximale jusqu\u2019au d\u00e9chargement complet<br>\u2013 un chargeur rapide en 30 minutes<br>\u2013 un piston Hytrel<\/li><\/ul>\n\n\n\n<h4 class=\"wp-block-heading\">Pistolet de calfeutrage manuel de luxe Albion DL-45-T14 de 20 oz<\/h4>\n\n\n\n<ul class=\"wp-block-list\"><li>Notre pistolet \u00e0 cartouche de 600 ml (20 oz) le plus durable<\/li><li>Canon en acier r\u00e9sistant aux chocs<\/li><li>Fabriqu\u00e9 avec un piston de Teflon\u00ae n\u00b0 21-20 pour la distribution de cartouches ou en vrac<\/li><\/ul>\n\n\n\n<h4 class=\"wp-block-heading\">Pistolet \u00e0 cartouche manuel et \u00e9conomique DL-45-T14 de 20 oz<\/h4>\n<\/div>\n\n\n\n<div class=\"wp-block-column is-layout-flow wp-block-column-is-layout-flow\" style=\"flex-basis:33.33%\">\n<div class=\"wp-block-buttons is-content-justification-center is-layout-flex wp-block-buttons-is-layout-flex\">\n<div class=\"wp-block-button has-custom-font-size has-medium-font-size\"><a class=\"wp-block-button__link\">cliquez pour commander<\/a><\/div>\n<\/div>\n\n\n\n<figure class=\"wp-block-image size-full\"><img decoding=\"async\" width=\"364\" height=\"216\" src=\"https:\/\/www.sansin.com\/wp-content\/uploads\/application-tools-corona.jpg\" alt=\"application tools corona\" class=\"wp-image-6878\" srcset=\"https:\/\/www.sansin.com\/wp-content\/uploads\/application-tools-corona.jpg 364w, https:\/\/www.sansin.com\/wp-content\/uploads\/application-tools-corona-150x89.jpg 150w, https:\/\/www.sansin.com\/wp-content\/uploads\/application-tools-corona-300x178.jpg 300w\" sizes=\"(max-width: 364px) 100vw, 364px\" \/><\/figure>\n\n\n\n<figure class=\"wp-block-image size-full\"><img decoding=\"async\" width=\"369\" height=\"125\" src=\"https:\/\/www.sansin.com\/wp-content\/uploads\/application-tools-helix.jpg\" alt=\"application tools helix\" class=\"wp-image-6880\" srcset=\"https:\/\/www.sansin.com\/wp-content\/uploads\/application-tools-helix.jpg 369w, https:\/\/www.sansin.com\/wp-content\/uploads\/application-tools-helix-150x51.jpg 150w, https:\/\/www.sansin.com\/wp-content\/uploads\/application-tools-helix-300x102.jpg 300w\" sizes=\"(max-width: 369px) 100vw, 369px\" \/><\/figure>\n\n\n\n<figure class=\"wp-block-image size-full\"><img decoding=\"async\" width=\"367\" height=\"168\" src=\"https:\/\/www.sansin.com\/wp-content\/uploads\/application-tools-guns.jpg\" alt=\"application tools guns\" class=\"wp-image-6882\" srcset=\"https:\/\/www.sansin.com\/wp-content\/uploads\/application-tools-guns.jpg 367w, https:\/\/www.sansin.com\/wp-content\/uploads\/application-tools-guns-150x69.jpg 150w, https:\/\/www.sansin.com\/wp-content\/uploads\/application-tools-guns-300x137.jpg 300w\" sizes=\"(max-width: 367px) 100vw, 367px\" \/><\/figure>\n<\/div>\n<\/div>\n\n\n\n<p><\/p>\n","protected":false},"excerpt":{"rendered":"<p>Obtenez chaque fois la finition parfaite avec les outils recommand\u00e9s par Sansin. Les bons outils facilitent tout type de travail. Sansin est heureux de vous offrir des pinceaux Corona haut de gamme, des pistolets Albion et des agitateurs \u00e0 peinture Helix. Pour plus de d\u00e9tails et pour conna\u00eetre nos prix comp\u00e9titifs, appelez au 1-877-SANSIN-1 ou &#8230; <a title=\"Outils D&rsquo;Application\" class=\"read-more\" href=\"https:\/\/www.sansin.com\/fr\/outils\/outils-dapplication\/\" aria-label=\"En savoir plus sur Outils D&rsquo;Application\">Lire plus<\/a><\/p>\n","protected":false},"author":4,"featured_media":0,"parent":4843,"menu_order":0,"comment_status":"closed","ping_status":"closed","template":"","meta":{"footnotes":""},"class_list":["post-8736","page","type-page","status-publish"],"aioseo_notices":[],"_links":{"self":[{"href":"https:\/\/www.sansin.com\/fr\/wp-json\/wp\/v2\/pages\/8736","targetHints":{"allow":["GET"]}}],"collection":[{"href":"https:\/\/www.sansin.com\/fr\/wp-json\/wp\/v2\/pages"}],"about":[{"href":"https:\/\/www.sansin.com\/fr\/wp-json\/wp\/v2\/types\/page"}],"author":[{"embeddable":true,"href":"https:\/\/www.sansin.com\/fr\/wp-json\/wp\/v2\/users\/4"}],"replies":[{"embeddable":true,"href":"https:\/\/www.sansin.com\/fr\/wp-json\/wp\/v2\/comments?post=8736"}],"version-history":[{"count":0,"href":"https:\/\/www.sansin.com\/fr\/wp-json\/wp\/v2\/pages\/8736\/revisions"}],"up":[{"embeddable":true,"href":"https:\/\/www.sansin.com\/fr\/wp-json\/wp\/v2\/pages\/4843"}],"wp:attachment":[{"href":"https:\/\/www.sansin.com\/fr\/wp-json\/wp\/v2\/media?parent=8736"}],"curies":[{"name":"wp","href":"https:\/\/api.w.org\/{rel}","templated":true}]}}