{"id":8752,"date":"2017-10-16T13:26:48","date_gmt":"2017-10-16T17:26:48","guid":{"rendered":"http:\/\/www.sansin.com\/case-studies\/"},"modified":"2024-08-16T16:13:28","modified_gmt":"2024-08-16T20:13:28","slug":"etudes-de-cas","status":"publish","type":"page","link":"https:\/\/www.sansin.com\/fr\/outils\/etudes-de-cas\/","title":{"rendered":"\u00c9tudes de Cas"},"content":{"rendered":"\n<div class=\"wp-block-query is-layout-flow wp-block-query-is-layout-flow\"><ul class=\"wp-block-post-template is-layout-flow wp-block-post-template-is-layout-flow\"><li class=\"wp-block-post post-8743 post type-post status-publish format-standard has-post-thumbnail hentry category-etudes-de-cas\">\n\n<div class=\"wp-block-columns is-layout-flex wp-container-core-columns-is-layout-9d6595d7 wp-block-columns-is-layout-flex\">\n<div class=\"wp-block-column is-layout-flow wp-block-column-is-layout-flow\" style=\"flex-basis:15%\"><figure class=\"wp-block-post-featured-image\"><a href=\"https:\/\/www.sansin.com\/fr\/award-winning-restaurant-selects-resolution-system\/\" target=\"_self\"  ><img decoding=\"async\" width=\"175\" height=\"175\" src=\"https:\/\/www.sansin.com\/wp-content\/uploads\/cs-dolcetto-img-3.jpg\" class=\"attachment-post-thumbnail size-post-thumbnail wp-post-image\" alt=\"Un restaurant prim\u00e9 choisit Resolution System\" style=\"object-fit:cover;\" srcset=\"https:\/\/www.sansin.com\/wp-content\/uploads\/cs-dolcetto-img-3.jpg 175w, https:\/\/www.sansin.com\/wp-content\/uploads\/cs-dolcetto-img-3-150x150.jpg 150w, https:\/\/www.sansin.com\/wp-content\/uploads\/cs-dolcetto-img-3-100x100.jpg 100w\" sizes=\"(max-width: 175px) 100vw, 175px\" \/><\/a><\/figure><\/div>\n\n\n\n<div class=\"wp-block-column is-layout-flow wp-block-column-is-layout-flow\" style=\"flex-basis:80%\"><h2 class=\"wp-block-post-title\"><a href=\"https:\/\/www.sansin.com\/fr\/award-winning-restaurant-selects-resolution-system\/\" target=\"_self\" >Un restaurant prim\u00e9 choisit Resolution System<\/a><\/h2>\n\n<div class=\"wp-block-post-excerpt\"><p class=\"wp-block-post-excerpt__excerpt\">Pour un restaurant haut de gamme en Ontario, la recette du succ\u00e8s comprend un menu compos\u00e9 d\u2019aliments frais de la ferme, un service impeccable, une magnifique salle \u00e0 manger sur terrasse, meubl\u00e9e de tables et de bancs en bois de teck luxueux. FAIT n\u00b0 1RESOLUTION I \u2013 UNE FINITION \u00c0 HAUTE TENEUR EN MATI\u00c8RES SOLIDES\u2026 <\/p><\/div><\/div>\n<\/div>\n\n<\/li><li class=\"wp-block-post post-8803 post type-post status-publish format-standard has-post-thumbnail hentry category-etudes-de-cas\">\n\n<div class=\"wp-block-columns is-layout-flex wp-container-core-columns-is-layout-9d6595d7 wp-block-columns-is-layout-flex\">\n<div class=\"wp-block-column is-layout-flow wp-block-column-is-layout-flow\" style=\"flex-basis:15%\"><figure class=\"wp-block-post-featured-image\"><a href=\"https:\/\/www.sansin.com\/fr\/quebec-city-amphitheatre\/\" target=\"_self\"  ><img decoding=\"async\" width=\"175\" height=\"175\" src=\"https:\/\/www.sansin.com\/wp-content\/uploads\/quebec-city-img-3.jpg\" class=\"attachment-post-thumbnail size-post-thumbnail wp-post-image\" alt=\"Amphith\u00e9\u00e2tre de Qu\u00e9bec\" style=\"object-fit:cover;\" srcset=\"https:\/\/www.sansin.com\/wp-content\/uploads\/quebec-city-img-3.jpg 175w, https:\/\/www.sansin.com\/wp-content\/uploads\/quebec-city-img-3-150x150.jpg 150w, https:\/\/www.sansin.com\/wp-content\/uploads\/quebec-city-img-3-100x100.jpg 100w\" sizes=\"(max-width: 175px) 100vw, 175px\" \/><\/a><\/figure><\/div>\n\n\n\n<div class=\"wp-block-column is-layout-flow wp-block-column-is-layout-flow\" style=\"flex-basis:80%\"><h2 class=\"wp-block-post-title\"><a href=\"https:\/\/www.sansin.com\/fr\/quebec-city-amphitheatre\/\" target=\"_self\" >Amphith\u00e9\u00e2tre de Qu\u00e9bec<\/a><\/h2>\n\n<div class=\"wp-block-post-excerpt\"><p class=\"wp-block-post-excerpt__excerpt\">Pour le plus gros investissement public de l\u2019histoire de la ville de Qu\u00e9bec, on a s\u00e9lectionn\u00e9 le bois pour ses avantages esth\u00e9tique, environnemental et \u00e9conomique. FAIT n\u00b0 1GLULAM OFFRE UNE CONCEPTION FLEXIBLE FAIT n\u00b0 2KP-12 : SOUS-COUCHE DE PROTECTION FAIT n\u00b0 3LE BOIS S\u00c9LECTIONN\u00c9 COMME MAT\u00c9RIAU DE CONSTRUCTION RENOUVELABLE FAIT n\u00b0 4PURITY CLEAR : FINI\u2026 <\/p><\/div><\/div>\n<\/div>\n\n<\/li><li class=\"wp-block-post post-8839 post type-post status-publish format-standard has-post-thumbnail hentry category-etudes-de-cas\">\n\n<div class=\"wp-block-columns is-layout-flex wp-container-core-columns-is-layout-9d6595d7 wp-block-columns-is-layout-flex\">\n<div class=\"wp-block-column is-layout-flow wp-block-column-is-layout-flow\" style=\"flex-basis:15%\"><figure class=\"wp-block-post-featured-image\"><a href=\"https:\/\/www.sansin.com\/fr\/villas-in-rotterdam-brainpark\/\" target=\"_self\"  ><img decoding=\"async\" width=\"800\" height=\"600\" src=\"https:\/\/www.sansin.com\/wp-content\/uploads\/Netherlands_9-years_Accoya_SDF.jpg\" class=\"attachment-post-thumbnail size-post-thumbnail wp-post-image\" alt=\"Villas \u00e0 Rotterdam Brainpark\" style=\"object-fit:cover;\" srcset=\"https:\/\/www.sansin.com\/wp-content\/uploads\/Netherlands_9-years_Accoya_SDF.jpg 800w, https:\/\/www.sansin.com\/wp-content\/uploads\/Netherlands_9-years_Accoya_SDF-150x113.jpg 150w, https:\/\/www.sansin.com\/wp-content\/uploads\/Netherlands_9-years_Accoya_SDF-300x225.jpg 300w, https:\/\/www.sansin.com\/wp-content\/uploads\/Netherlands_9-years_Accoya_SDF-768x576.jpg 768w\" sizes=\"(max-width: 800px) 100vw, 800px\" \/><\/a><\/figure><\/div>\n\n\n\n<div class=\"wp-block-column is-layout-flow wp-block-column-is-layout-flow\" style=\"flex-basis:80%\"><h2 class=\"wp-block-post-title\"><a href=\"https:\/\/www.sansin.com\/fr\/villas-in-rotterdam-brainpark\/\" target=\"_self\" >Villas \u00e0 Rotterdam Brainpark<\/a><\/h2>\n\n<div class=\"wp-block-post-excerpt\"><p class=\"wp-block-post-excerpt__excerpt\">La durabilit\u00e9 \u00e9tait un point d\u2019int\u00e9r\u00eat particulier pour ces villas de bureaux compos\u00e9es de larges bandes de bois lamell\u00e9. Les sections en bois sont fabriqu\u00e9es en bois Accoya\u00ae durable et attach\u00e9es avec des vis autoportantes laiss\u00e9es expos\u00e9es. FAIT n\u00b0\u00a01BOIS D\u2019ACCOYA DURABL FAIT n\u00b0\u00a02SDF PERMET AU BOIS DE RESPIRER FACT n\u00b0\u00a03FOURNIT UNE EXCELLENTE STABILIT\u00c9 DE LA\u2026 <\/p><\/div><\/div>\n<\/div>\n\n<\/li><li class=\"wp-block-post post-8827 post type-post status-publish format-standard has-post-thumbnail hentry category-etudes-de-cas\">\n\n<div class=\"wp-block-columns is-layout-flex wp-container-core-columns-is-layout-9d6595d7 wp-block-columns-is-layout-flex\">\n<div class=\"wp-block-column is-layout-flow wp-block-column-is-layout-flow\" style=\"flex-basis:15%\"><figure class=\"wp-block-post-featured-image\"><a href=\"https:\/\/www.sansin.com\/fr\/the-langeberg-nijmegen-treatment-clinic\/\" target=\"_self\"  ><img decoding=\"async\" width=\"800\" height=\"600\" src=\"https:\/\/www.sansin.com\/wp-content\/uploads\/Netherlands_4-years_Accoya_SDF.jpg\" class=\"attachment-post-thumbnail size-post-thumbnail wp-post-image\" alt=\"La clinique de traitement Langeberg Nijmegen\" style=\"object-fit:cover;\" srcset=\"https:\/\/www.sansin.com\/wp-content\/uploads\/Netherlands_4-years_Accoya_SDF.jpg 800w, https:\/\/www.sansin.com\/wp-content\/uploads\/Netherlands_4-years_Accoya_SDF-150x113.jpg 150w, https:\/\/www.sansin.com\/wp-content\/uploads\/Netherlands_4-years_Accoya_SDF-300x225.jpg 300w, https:\/\/www.sansin.com\/wp-content\/uploads\/Netherlands_4-years_Accoya_SDF-768x576.jpg 768w\" sizes=\"(max-width: 800px) 100vw, 800px\" \/><\/a><\/figure><\/div>\n\n\n\n<div class=\"wp-block-column is-layout-flow wp-block-column-is-layout-flow\" style=\"flex-basis:80%\"><h2 class=\"wp-block-post-title\"><a href=\"https:\/\/www.sansin.com\/fr\/the-langeberg-nijmegen-treatment-clinic\/\" target=\"_self\" >La clinique de traitement Langeberg Nijmegen<\/a><\/h2>\n\n<div class=\"wp-block-post-excerpt\"><p class=\"wp-block-post-excerpt__excerpt\">Une clinique de traitement en consultation externe situ\u00e9e \u00e0 Nim\u00e8gue, aux Pays-Bas. Le b\u00e2timent utilise du bois Accoya\u00ae dans l\u2019ensemble de l\u2019\u00e9tablissement pour cr\u00e9er un environnement naturel afin d\u2019am\u00e9liorer le traitement et les r\u00e9sultats pour les patients. FAIT n\u00b0 1PROTECTION DU BOIS EN TROIS COUCHES FAIT n\u00b0 2SDF PERMET AU BOIS DE RESPIRER FAIT n\u00b0\u2026 <\/p><\/div><\/div>\n<\/div>\n\n<\/li><li class=\"wp-block-post post-8791 post type-post status-publish format-standard has-post-thumbnail hentry category-etudes-de-cas\">\n\n<div class=\"wp-block-columns is-layout-flex wp-container-core-columns-is-layout-9d6595d7 wp-block-columns-is-layout-flex\">\n<div class=\"wp-block-column is-layout-flow wp-block-column-is-layout-flow\" style=\"flex-basis:15%\"><figure class=\"wp-block-post-featured-image\"><a href=\"https:\/\/www.sansin.com\/fr\/oostvaarders-nature-centre\/\" target=\"_self\"  ><img decoding=\"async\" width=\"400\" height=\"300\" src=\"https:\/\/www.sansin.com\/wp-content\/uploads\/De-Oost_SDF_ThermModWood.jpg\" class=\"attachment-post-thumbnail size-post-thumbnail wp-post-image\" alt=\"Centre de nature Oostvaarders\" style=\"object-fit:cover;\" srcset=\"https:\/\/www.sansin.com\/wp-content\/uploads\/De-Oost_SDF_ThermModWood.jpg 400w, https:\/\/www.sansin.com\/wp-content\/uploads\/De-Oost_SDF_ThermModWood-150x113.jpg 150w, https:\/\/www.sansin.com\/wp-content\/uploads\/De-Oost_SDF_ThermModWood-300x225.jpg 300w\" sizes=\"(max-width: 400px) 100vw, 400px\" \/><\/a><\/figure><\/div>\n\n\n\n<div class=\"wp-block-column is-layout-flow wp-block-column-is-layout-flow\" style=\"flex-basis:80%\"><h2 class=\"wp-block-post-title\"><a href=\"https:\/\/www.sansin.com\/fr\/oostvaarders-nature-centre\/\" target=\"_self\" >Centre de nature Oostvaarders<\/a><\/h2>\n\n<div class=\"wp-block-post-excerpt\"><p class=\"wp-block-post-excerpt__excerpt\">Le Centre de la nature Oostvaarders, situ\u00e9 aux abords de l\u2019Oostvaardersplassen aux Pays-Bas, utilise une couleur \u00e9b\u00e8ne sur son rev\u00eatement pour imiter les sombres silhouettes des bovins en p\u00e2turage qui pars\u00e8ment l\u2019horizon de la r\u00e9serve. FAIT n\u00b0 1BOIS MODIFI\u00c9 THERMIQUEMENT FAIT n\u00b0 2SDF \u2013 PERMET AU BOIS DE RESPIRER FAIT n\u00b0 3COULEUR D\u2019\u00c9B\u00c8NE SPECTACULAIRE FAIT\u2026 <\/p><\/div><\/div>\n<\/div>\n\n<\/li><li class=\"wp-block-post post-8815 post type-post status-publish format-standard has-post-thumbnail hentry category-etudes-de-cas\">\n\n<div class=\"wp-block-columns is-layout-flex wp-container-core-columns-is-layout-9d6595d7 wp-block-columns-is-layout-flex\">\n<div class=\"wp-block-column is-layout-flow wp-block-column-is-layout-flow\" style=\"flex-basis:15%\"><figure class=\"wp-block-post-featured-image\"><a href=\"https:\/\/www.sansin.com\/fr\/salk-institute-architecture\/\" target=\"_self\"  ><img decoding=\"async\" width=\"400\" height=\"300\" src=\"https:\/\/www.sansin.com\/wp-content\/uploads\/Salk-Institute_Eos.jpg\" class=\"attachment-post-thumbnail size-post-thumbnail wp-post-image\" alt=\"Architecture de l\u2019Institut Salk\" style=\"object-fit:cover;\" srcset=\"https:\/\/www.sansin.com\/wp-content\/uploads\/Salk-Institute_Eos.jpg 400w, https:\/\/www.sansin.com\/wp-content\/uploads\/Salk-Institute_Eos-150x113.jpg 150w, https:\/\/www.sansin.com\/wp-content\/uploads\/Salk-Institute_Eos-300x225.jpg 300w\" sizes=\"(max-width: 400px) 100vw, 400px\" \/><\/a><\/figure><\/div>\n\n\n\n<div class=\"wp-block-column is-layout-flow wp-block-column-is-layout-flow\" style=\"flex-basis:80%\"><h2 class=\"wp-block-post-title\"><a href=\"https:\/\/www.sansin.com\/fr\/salk-institute-architecture\/\" target=\"_self\" >Architecture de l\u2019Institut Salk<\/a><\/h2>\n\n<div class=\"wp-block-post-excerpt\"><p class=\"wp-block-post-excerpt__excerpt\">Perch\u00e9 au-dessus des vagues \u00e0 La Jolla, en Californie, l\u2019Institut Salk, consid\u00e9r\u00e9 comme un tr\u00e9sor architectural moderne dans le monde entier, a \u00e9t\u00e9 m\u00e9ticuleusement restaur\u00e9 pour refl\u00e9ter sa conception originale. FAIT n\u00b0 1\u00c9L\u00c9MENTS DE TECK DISTINCTIFS FAIT n\u00b0 2SDF \u2013 ID\u00c9AL POUR LES ENVIRONNEMENTS MARINS FAIT n\u00b0 3TEST D\u2019ADN POUR CORRESPONDRE \u00c0 LA CONCEPTION ORIGINALE\u2026 <\/p><\/div><\/div>\n<\/div>\n\n<\/li><\/ul>\n\n<nav class=\"wp-block-query-pagination is-layout-flex wp-block-query-pagination-is-layout-flex\" aria-label=\"Pagination\">\n<div class=\"wp-block-query-pagination\">\n\n\n\n<\/div>\n<\/nav><\/div>\n","protected":false},"excerpt":{"rendered":"","protected":false},"author":4,"featured_media":0,"parent":4843,"menu_order":0,"comment_status":"closed","ping_status":"closed","template":"","meta":{"footnotes":""},"class_list":["post-8752","page","type-page","status-publish"],"aioseo_notices":[],"_links":{"self":[{"href":"https:\/\/www.sansin.com\/fr\/wp-json\/wp\/v2\/pages\/8752","targetHints":{"allow":["GET"]}}],"collection":[{"href":"https:\/\/www.sansin.com\/fr\/wp-json\/wp\/v2\/pages"}],"about":[{"href":"https:\/\/www.sansin.com\/fr\/wp-json\/wp\/v2\/types\/page"}],"author":[{"embeddable":true,"href":"https:\/\/www.sansin.com\/fr\/wp-json\/wp\/v2\/users\/4"}],"replies":[{"embeddable":true,"href":"https:\/\/www.sansin.com\/fr\/wp-json\/wp\/v2\/comments?post=8752"}],"version-history":[{"count":0,"href":"https:\/\/www.sansin.com\/fr\/wp-json\/wp\/v2\/pages\/8752\/revisions"}],"up":[{"embeddable":true,"href":"https:\/\/www.sansin.com\/fr\/wp-json\/wp\/v2\/pages\/4843"}],"wp:attachment":[{"href":"https:\/\/www.sansin.com\/fr\/wp-json\/wp\/v2\/media?parent=8752"}],"curies":[{"name":"wp","href":"https:\/\/api.w.org\/{rel}","templated":true}]}}