{"id":10857,"date":"2017-08-21T11:32:44","date_gmt":"2020-10-29T15:49:59","guid":{"rendered":"https:\/\/www.sansin.com\/?post_type=product&#038;p=10857"},"modified":"2022-01-20T10:28:41","modified_gmt":"2022-01-20T15:28:41","slug":"woodforce","status":"publish","type":"product","link":"https:\/\/www.sansin.com\/fr\/produit\/woodforce\/","title":{"rendered":"WOODFORCE"},"content":{"rendered":"\n<p>WoodForce&nbsp;est un traitement durable pour le bois qui permet au bois ext\u00e9rieur de vieillir par alt\u00e9ration atmosph\u00e9rique tout en offrant une protection hydrophobe exceptionnelle et une protection contre le noircissement, la d\u00e9coloration et le pourrissement. Il est facile \u00e0 m\u00e9langer pour cr\u00e9er des couleurs planche de grange standards et personnalis\u00e9es ou des effets vintage, tout en laissant la surface expos\u00e9e vieillir par alt\u00e9ration atmosph\u00e9rique et de fa\u00e7on plus uniforme.<\/p>\n\n\n\n<p>Sansin WoodForce r\u00e9siste la p\u00e9n\u00e9tration de l&rsquo;eau tout en permettant au bois de respirer. Sur une courte p\u00e9riode de temps, le bois vas grisonn\u00e9 uniform\u00e9ment, tout en conservant son pouvoir hydrofuge et en prot\u00e9geant contre les intemp\u00e9ries et la pourriture du bois.<\/p>\n\n\n\n<p>Le syst\u00e8me WoodForce comprend&nbsp;:<\/p>\n\n\n\n<ul class=\"wp-block-list\"><li><strong> WoodForce Clear <\/strong>prot\u00e8ge le bois de fa\u00e7on agressive<\/li><li><strong> WoodForce Accel<\/strong> acc\u00e9l\u00e8re la cr\u00e9ation d\u2019effets par vieillissement par alt\u00e9ration atmosph\u00e9rique<\/li><li><strong> WoodForce Intermix<\/strong> comprend 7 couleurs de base qui peuvent \u00eatre combin\u00e9es selon vos go\u00fbts\u00a0: gris clair, gris fonc\u00e9, brun, brun fonc\u00e9, rouge, rouge fonc\u00e9, blanc<\/li><\/ul>\n\n\n\n<h2 class=\"section-heading wp-block-heading\">GALERIE DE PHOTOS<\/h2>\n\n\n\n<hr class=\"wp-block-separator is-style-default\"\/>\n\n\n\n<figure class=\"wp-block-gallery columns-6 wp-block-gallery-1 is-layout-flex wp-block-gallery-is-layout-flex\"><ul class=\"blocks-gallery-grid\"><li class=\"blocks-gallery-item\"><figure><a href=\"https:\/\/www.sansin.com\/wp-content\/uploads\/WOODFORCE-Res-Home-Char-Gray.jpg\"><img decoding=\"async\" width=\"800\" height=\"600\" src=\"https:\/\/www.sansin.com\/wp-content\/uploads\/WOODFORCE-Res-Home-Char-Gray.jpg\" alt=\"Res Home\" data-id=\"11496\" data-full-url=\"https:\/\/www.sansin.com\/wp-content\/uploads\/WOODFORCE-Res-Home-Char-Gray.jpg\" data-link=\"https:\/\/www.sansin.com\/?attachment_id=11496#main\" class=\"wp-image-11497\" srcset=\"https:\/\/www.sansin.com\/wp-content\/uploads\/WOODFORCE-Res-Home-Char-Gray.jpg 800w, https:\/\/www.sansin.com\/wp-content\/uploads\/WOODFORCE-Res-Home-Char-Gray-300x225.jpg 300w, https:\/\/www.sansin.com\/wp-content\/uploads\/WOODFORCE-Res-Home-Char-Gray-768x576.jpg 768w, https:\/\/www.sansin.com\/wp-content\/uploads\/WOODFORCE-Res-Home-Char-Gray-150x113.jpg 150w\" sizes=\"(max-width: 800px) 100vw, 800px\" \/><\/a><\/figure><\/li><li class=\"blocks-gallery-item\"><figure><a href=\"https:\/\/www.sansin.com\/wp-content\/uploads\/Avia_PC-WOODFORCE_ACCOYA.jpg\"><img decoding=\"async\" width=\"800\" height=\"600\" src=\"https:\/\/www.sansin.com\/wp-content\/uploads\/Avia_PC-WOODFORCE_ACCOYA.jpg\" alt=\"Image of building\" data-id=\"11345\" data-full-url=\"https:\/\/www.sansin.com\/wp-content\/uploads\/Avia_PC-WOODFORCE_ACCOYA.jpg\" data-link=\"https:\/\/www.sansin.com\/?attachment_id=11345#main\" class=\"wp-image-11346\" srcset=\"https:\/\/www.sansin.com\/wp-content\/uploads\/Avia_PC-WOODFORCE_ACCOYA.jpg 800w, https:\/\/www.sansin.com\/wp-content\/uploads\/Avia_PC-WOODFORCE_ACCOYA-300x225.jpg 300w, https:\/\/www.sansin.com\/wp-content\/uploads\/Avia_PC-WOODFORCE_ACCOYA-768x576.jpg 768w, https:\/\/www.sansin.com\/wp-content\/uploads\/Avia_PC-WOODFORCE_ACCOYA-150x113.jpg 150w\" sizes=\"(max-width: 800px) 100vw, 800px\" \/><\/a><\/figure><\/li><li class=\"blocks-gallery-item\"><figure><a href=\"https:\/\/www.sansin.com\/wp-content\/uploads\/Avia2_PC-WOODFORCE_ACCOYA.jpg\"><img decoding=\"async\" width=\"800\" height=\"600\" src=\"https:\/\/www.sansin.com\/wp-content\/uploads\/Avia2_PC-WOODFORCE_ACCOYA.jpg\" alt=\"Image of building\" data-id=\"11347\" data-full-url=\"https:\/\/www.sansin.com\/wp-content\/uploads\/Avia2_PC-WOODFORCE_ACCOYA.jpg\" data-link=\"https:\/\/www.sansin.com\/?attachment_id=11347#main\" class=\"wp-image-11348\" srcset=\"https:\/\/www.sansin.com\/wp-content\/uploads\/Avia2_PC-WOODFORCE_ACCOYA.jpg 800w, https:\/\/www.sansin.com\/wp-content\/uploads\/Avia2_PC-WOODFORCE_ACCOYA-300x225.jpg 300w, https:\/\/www.sansin.com\/wp-content\/uploads\/Avia2_PC-WOODFORCE_ACCOYA-768x576.jpg 768w, https:\/\/www.sansin.com\/wp-content\/uploads\/Avia2_PC-WOODFORCE_ACCOYA-150x113.jpg 150w\" sizes=\"(max-width: 800px) 100vw, 800px\" \/><\/a><\/figure><\/li><li class=\"blocks-gallery-item\"><figure><a href=\"https:\/\/www.sansin.com\/wp-content\/uploads\/Netherlands_Bridge_4Years_WoodForce.jpg\"><img decoding=\"async\" width=\"800\" height=\"600\" src=\"https:\/\/www.sansin.com\/wp-content\/uploads\/Netherlands_Bridge_4Years_WoodForce.jpg\" alt=\"Image of building\" data-id=\"11349\" data-full-url=\"https:\/\/www.sansin.com\/wp-content\/uploads\/Netherlands_Bridge_4Years_WoodForce.jpg\" data-link=\"https:\/\/www.sansin.com\/?attachment_id=11349#main\" class=\"wp-image-11350\" srcset=\"https:\/\/www.sansin.com\/wp-content\/uploads\/Netherlands_Bridge_4Years_WoodForce.jpg 800w, https:\/\/www.sansin.com\/wp-content\/uploads\/Netherlands_Bridge_4Years_WoodForce-300x225.jpg 300w, https:\/\/www.sansin.com\/wp-content\/uploads\/Netherlands_Bridge_4Years_WoodForce-768x576.jpg 768w, https:\/\/www.sansin.com\/wp-content\/uploads\/Netherlands_Bridge_4Years_WoodForce-150x113.jpg 150w\" sizes=\"(max-width: 800px) 100vw, 800px\" \/><\/a><\/figure><\/li><li class=\"blocks-gallery-item\"><figure><a href=\"https:\/\/www.sansin.com\/wp-content\/uploads\/Netherlands2_4Years_WoodForce.jpg\"><img decoding=\"async\" width=\"800\" height=\"600\" src=\"https:\/\/www.sansin.com\/wp-content\/uploads\/Netherlands2_4Years_WoodForce.jpg\" alt=\"Image of building\" data-id=\"11351\" data-full-url=\"https:\/\/www.sansin.com\/wp-content\/uploads\/Netherlands2_4Years_WoodForce.jpg\" data-link=\"https:\/\/www.sansin.com\/?attachment_id=11351#main\" class=\"wp-image-11352\" srcset=\"https:\/\/www.sansin.com\/wp-content\/uploads\/Netherlands2_4Years_WoodForce.jpg 800w, https:\/\/www.sansin.com\/wp-content\/uploads\/Netherlands2_4Years_WoodForce-300x225.jpg 300w, https:\/\/www.sansin.com\/wp-content\/uploads\/Netherlands2_4Years_WoodForce-768x576.jpg 768w, https:\/\/www.sansin.com\/wp-content\/uploads\/Netherlands2_4Years_WoodForce-150x113.jpg 150w\" sizes=\"(max-width: 800px) 100vw, 800px\" \/><\/a><\/figure><\/li><li class=\"blocks-gallery-item\"><figure><a href=\"https:\/\/www.sansin.com\/wp-content\/uploads\/Patch-22_2_WOODFORCE.jpg\"><img decoding=\"async\" width=\"800\" height=\"600\" src=\"https:\/\/www.sansin.com\/wp-content\/uploads\/Patch-22_2_WOODFORCE.jpg\" alt=\"Image of building\" data-id=\"11353\" data-full-url=\"https:\/\/www.sansin.com\/wp-content\/uploads\/Patch-22_2_WOODFORCE.jpg\" data-link=\"https:\/\/www.sansin.com\/?attachment_id=11353#main\" class=\"wp-image-11354\" srcset=\"https:\/\/www.sansin.com\/wp-content\/uploads\/Patch-22_2_WOODFORCE.jpg 800w, https:\/\/www.sansin.com\/wp-content\/uploads\/Patch-22_2_WOODFORCE-300x225.jpg 300w, https:\/\/www.sansin.com\/wp-content\/uploads\/Patch-22_2_WOODFORCE-768x576.jpg 768w, https:\/\/www.sansin.com\/wp-content\/uploads\/Patch-22_2_WOODFORCE-150x113.jpg 150w\" sizes=\"(max-width: 800px) 100vw, 800px\" \/><\/a><\/figure><\/li><li class=\"blocks-gallery-item\"><figure><a href=\"https:\/\/www.sansin.com\/wp-content\/uploads\/Patch-22_WOODFORCE.jpg\"><img decoding=\"async\" width=\"800\" height=\"600\" src=\"https:\/\/www.sansin.com\/wp-content\/uploads\/Patch-22_WOODFORCE.jpg\" alt=\"Image of building\" data-id=\"11355\" data-full-url=\"https:\/\/www.sansin.com\/wp-content\/uploads\/Patch-22_WOODFORCE.jpg\" data-link=\"https:\/\/www.sansin.com\/?attachment_id=11355#main\" class=\"wp-image-11356\" srcset=\"https:\/\/www.sansin.com\/wp-content\/uploads\/Patch-22_WOODFORCE.jpg 800w, https:\/\/www.sansin.com\/wp-content\/uploads\/Patch-22_WOODFORCE-300x225.jpg 300w, https:\/\/www.sansin.com\/wp-content\/uploads\/Patch-22_WOODFORCE-768x576.jpg 768w, https:\/\/www.sansin.com\/wp-content\/uploads\/Patch-22_WOODFORCE-150x113.jpg 150w\" sizes=\"(max-width: 800px) 100vw, 800px\" \/><\/a><\/figure><\/li><\/ul><\/figure>\n","protected":false},"excerpt":{"rendered":"<p>Finition haute performance \u00e0 tr\u00e8s faible teneur en COV pour un look naturellement patin\u00e9.<\/p>\n","protected":false},"featured_media":0,"template":"","meta":[],"product_brand":[],"product_cat":[85],"product_tag":[],"class_list":{"0":"post-10857","1":"product","2":"type-product","3":"status-publish","5":"product_cat-produits-fr","6":"","7":"woocommerce-text-align-center","8":"woocommerce-image-align-center","10":"first","11":"instock","12":"shipping-taxable","13":"product-type-simple"},"aioseo_notices":[],"_links":{"self":[{"href":"https:\/\/www.sansin.com\/fr\/wp-json\/wp\/v2\/product\/10857","targetHints":{"allow":["GET"]}}],"collection":[{"href":"https:\/\/www.sansin.com\/fr\/wp-json\/wp\/v2\/product"}],"about":[{"href":"https:\/\/www.sansin.com\/fr\/wp-json\/wp\/v2\/types\/product"}],"wp:attachment":[{"href":"https:\/\/www.sansin.com\/fr\/wp-json\/wp\/v2\/media?parent=10857"}],"wp:term":[{"taxonomy":"product_brand","embeddable":true,"href":"https:\/\/www.sansin.com\/fr\/wp-json\/wp\/v2\/product_brand?post=10857"},{"taxonomy":"product_cat","embeddable":true,"href":"https:\/\/www.sansin.com\/fr\/wp-json\/wp\/v2\/product_cat?post=10857"},{"taxonomy":"product_tag","embeddable":true,"href":"https:\/\/www.sansin.com\/fr\/wp-json\/wp\/v2\/product_tag?post=10857"}],"curies":[{"name":"wp","href":"https:\/\/api.w.org\/{rel}","templated":true}]}}