{"id":14049,"date":"2019-05-06T11:15:56","date_gmt":"2022-01-17T21:39:46","guid":{"rendered":"https:\/\/v3.sansin.com\/?post_type=product&#038;p=14049"},"modified":"2022-09-27T16:04:50","modified_gmt":"2022-09-27T20:04:50","slug":"stain-blocking-primer","status":"publish","type":"product","link":"https:\/\/www.sansin.com\/fr\/produit\/stain-blocking-primer\/","title":{"rendered":"STAIN BLOCKING PRIMER"},"content":{"rendered":"\n<p>Con\u00e7u pour \u00eatre utilis\u00e9 \u00e0 l&rsquo;ext\u00e9rieur comme un scellant bloquant les taches afin de minimiser le \u00ab&nbsp;d\u00e9gorgement&nbsp;\u00bb des tanins du bois et des taches domestiques communes. Stain Blocking Primer hydrate le bois avec des r\u00e9sines qui le prot\u00e8gent contre les \u00e9l\u00e9ments, r\u00e9duisant les dommages caus\u00e9s par l&rsquo;eau et la d\u00e9gradation par les rayons ultraviolets. Pour une protection suppl\u00e9mentaire, appliquez une couche de ENS Deep ou White Base de Sansin disponibles dans une grande vari\u00e9t\u00e9 de couleurs.<\/p>\n","protected":false},"excerpt":{"rendered":"<p>Un appr\u00eat hybride \u00e0 base d&rsquo;eau, p\u00e9n\u00e9trant, aqueux, \u00e0 faible COV.<\/p>\n","protected":false},"featured_media":9580,"template":"","meta":[],"product_brand":[],"product_cat":[85],"product_tag":[],"class_list":{"0":"post-14049","1":"product","2":"type-product","3":"status-publish","4":"has-post-thumbnail","6":"product_cat-produits-fr","7":"","8":"woocommerce-text-align-center","9":"woocommerce-image-align-center","11":"first","12":"instock","13":"shipping-taxable","14":"product-type-simple"},"aioseo_notices":[],"_links":{"self":[{"href":"https:\/\/www.sansin.com\/fr\/wp-json\/wp\/v2\/product\/14049","targetHints":{"allow":["GET"]}}],"collection":[{"href":"https:\/\/www.sansin.com\/fr\/wp-json\/wp\/v2\/product"}],"about":[{"href":"https:\/\/www.sansin.com\/fr\/wp-json\/wp\/v2\/types\/product"}],"wp:featuredmedia":[{"embeddable":true,"href":"https:\/\/www.sansin.com\/fr\/wp-json\/wp\/v2\/media\/9580"}],"wp:attachment":[{"href":"https:\/\/www.sansin.com\/fr\/wp-json\/wp\/v2\/media?parent=14049"}],"wp:term":[{"taxonomy":"product_brand","embeddable":true,"href":"https:\/\/www.sansin.com\/fr\/wp-json\/wp\/v2\/product_brand?post=14049"},{"taxonomy":"product_cat","embeddable":true,"href":"https:\/\/www.sansin.com\/fr\/wp-json\/wp\/v2\/product_cat?post=14049"},{"taxonomy":"product_tag","embeddable":true,"href":"https:\/\/www.sansin.com\/fr\/wp-json\/wp\/v2\/product_tag?post=14049"}],"curies":[{"name":"wp","href":"https:\/\/api.w.org\/{rel}","templated":true}]}}