{"id":14058,"date":"2019-07-23T16:48:37","date_gmt":"2022-01-17T22:02:49","guid":{"rendered":"https:\/\/v3.sansin.com\/?post_type=product&#038;p=14058"},"modified":"2023-05-09T15:27:30","modified_gmt":"2023-05-09T19:27:30","slug":"end-seal","status":"publish","type":"product","link":"https:\/\/www.sansin.com\/fr\/produit\/end-seal\/","title":{"rendered":"END SEAL"},"content":{"rendered":"\n<p>Sansin End Seal fournit une barri\u00e8re d&rsquo;eau protectrice fonctionnelle et compl\u00e8te qui emp\u00eache l&rsquo;absorption d&rsquo;humidit\u00e9 et l&rsquo;\u00e9vaporation rapide de l&rsquo;eau des extr\u00e9mit\u00e9s coup\u00e9es transversalement sur les rondins, le bois de sciage et le bois lamell\u00e9-crois\u00e9 (CLT).<\/p>\n\n\n\n<p>Sansin End Seal est r\u00e9sistant aux UV, hydrofuge et faible en COV offrant une protection aux extr\u00e9mit\u00e9s coup\u00e9es transversalement sur les rondins, le bois de sciage et le CLT. End Seal assure une p\u00e9n\u00e9tration profonde dans le bois, garantissant ainsi sa stabilit\u00e9 et sa protection \u00e0 long terme, tout en r\u00e9duisant le gauchissement, le r\u00e9tr\u00e9cissement et le fendillement.<\/p>\n\n\n\n<p>Cette formule respirante et \u00e9cologique repousse l&rsquo;eau, offre une forte adh\u00e9rence et se nettoie facilement \u00e0 l&rsquo;eau et au savon.<\/p>\n\n\n\n<p>IMPORTANT : L&rsquo;\u00e9tiquette peut ne pas appara\u00eetre exactement comme sur la photo.<\/p>\n\n\n\n<h2 class=\"wp-block-heading section-heading\">GALERIE DE PHOTOS<\/h2>\n\n\n\n<hr class=\"wp-block-separator has-css-opacity is-style-default\"\/>\n\n\n\n<div class=\"wp-block-columns is-layout-flex wp-container-core-columns-is-layout-9d6595d7 wp-block-columns-is-layout-flex\">\n<div class=\"wp-block-column is-layout-flow wp-block-column-is-layout-flow\">\n<figure class=\"wp-block-gallery columns-1 wp-block-gallery-1 is-layout-flex wp-block-gallery-is-layout-flex\"><ul class=\"blocks-gallery-grid\"><li class=\"blocks-gallery-item\"><figure><a href=\"https:\/\/www.sansin.com\/wp-content\/uploads\/\/END-SEAL-LOGS-1-WIDE-1024x576.jpg\"><img decoding=\"async\" width=\"1024\" height=\"576\" src=\"https:\/\/www.sansin.com\/wp-content\/uploads\/\/END-SEAL-LOGS-1-WIDE-1024x576.jpg\" alt=\"End Seal\" data-id=\"10286\" data-full-url=\"https:\/\/www.sansin.com\/wp-content\/uploads\/END-SEAL-LOGS-1-WIDE.jpg\" data-link=\"https:\/\/www.sansin.com\/end-seal-logs-1-wide\/\" class=\"wp-image-10287\" srcset=\"https:\/\/www.sansin.com\/wp-content\/uploads\/END-SEAL-LOGS-1-WIDE-1024x576.jpg 1024w, https:\/\/www.sansin.com\/wp-content\/uploads\/END-SEAL-LOGS-1-WIDE-300x169.jpg 300w, https:\/\/www.sansin.com\/wp-content\/uploads\/END-SEAL-LOGS-1-WIDE-768x432.jpg 768w, https:\/\/www.sansin.com\/wp-content\/uploads\/END-SEAL-LOGS-1-WIDE-150x84.jpg 150w, https:\/\/www.sansin.com\/wp-content\/uploads\/END-SEAL-LOGS-1-WIDE.jpg 1200w\" sizes=\"(max-width: 1024px) 100vw, 1024px\" \/><\/a><\/figure><\/li><\/ul><\/figure>\n<\/div>\n\n\n\n<div class=\"wp-block-column is-layout-flow wp-block-column-is-layout-flow\"><\/div>\n\n\n\n<div class=\"wp-block-column is-layout-flow wp-block-column-is-layout-flow\"><\/div>\n\n\n\n<div class=\"wp-block-column is-layout-flow wp-block-column-is-layout-flow\"><\/div>\n<\/div>\n","protected":false},"excerpt":{"rendered":"<p>Syst\u00e8me \u00e0 une couche qui contr\u00f4le le mouvement de l&rsquo;humidit\u00e9 dans le bois.<\/p>\n","protected":false},"featured_media":10551,"template":"","meta":[],"product_brand":[],"product_cat":[85],"product_tag":[],"class_list":{"0":"post-14058","1":"product","2":"type-product","3":"status-publish","4":"has-post-thumbnail","6":"product_cat-produits-fr","7":"","8":"woocommerce-text-align-center","9":"woocommerce-image-align-center","11":"first","12":"instock","13":"shipping-taxable","14":"product-type-simple"},"aioseo_notices":[],"_links":{"self":[{"href":"https:\/\/www.sansin.com\/fr\/wp-json\/wp\/v2\/product\/14058","targetHints":{"allow":["GET"]}}],"collection":[{"href":"https:\/\/www.sansin.com\/fr\/wp-json\/wp\/v2\/product"}],"about":[{"href":"https:\/\/www.sansin.com\/fr\/wp-json\/wp\/v2\/types\/product"}],"wp:featuredmedia":[{"embeddable":true,"href":"https:\/\/www.sansin.com\/fr\/wp-json\/wp\/v2\/media\/10551"}],"wp:attachment":[{"href":"https:\/\/www.sansin.com\/fr\/wp-json\/wp\/v2\/media?parent=14058"}],"wp:term":[{"taxonomy":"product_brand","embeddable":true,"href":"https:\/\/www.sansin.com\/fr\/wp-json\/wp\/v2\/product_brand?post=14058"},{"taxonomy":"product_cat","embeddable":true,"href":"https:\/\/www.sansin.com\/fr\/wp-json\/wp\/v2\/product_cat?post=14058"},{"taxonomy":"product_tag","embeddable":true,"href":"https:\/\/www.sansin.com\/fr\/wp-json\/wp\/v2\/product_tag?post=14058"}],"curies":[{"name":"wp","href":"https:\/\/api.w.org\/{rel}","templated":true}]}}