{"id":19454,"date":"2022-09-07T13:41:15","date_gmt":"2022-09-07T17:41:15","guid":{"rendered":"https:\/\/www.sansin.com\/product\/dec-topcoat\/"},"modified":"2023-12-05T16:26:59","modified_gmt":"2023-12-05T21:26:59","slug":"dec-topcoat","status":"publish","type":"product","link":"https:\/\/www.sansin.com\/fr\/produit\/dec-topcoat\/","title":{"rendered":"DEC TOPCOAT"},"content":{"rendered":"\n<p>Cette couche de finition respirante est tr\u00e8s protectrice et exceptionnellement durable. La couche de finition Dec Topcoat est appliqu\u00e9e en une ou deux couches seulement apr\u00e8s une couche de base de Sansin Dec, ce qui am\u00e9liore l&rsquo;imperm\u00e9abilit\u00e9 \u00e0 l&rsquo;eau, augmente la dur\u00e9e de vie et ajoute une finition plus compl\u00e8te qui \u00e9l\u00e8ve l&rsquo;aspect mat de Dec \u00e0 une brillance moyenne.\u00a0 Il est destin\u00e9 aux terrasses situ\u00e9es dans des climats agressifs de gel et de d\u00e9gel.<\/p>\n\n\n\n<p>La couche de finition Dec Topcoat peut \u00eatre teint\u00e9e avec la couleur de base pour renforcer la protection contre les UV. Il est \u00e9galement perm\u00e9able, ce qui prot\u00e8ge le bois de l&rsquo;int\u00e9rieur tout en permettant au bois de respirer et d&rsquo;\u00e9vacuer l&rsquo;humidit\u00e9.\u00a0 Dec Topcoat est stable aux UV, hydrofuge, \u00e0 faible teneur en COV et ininflammable, et se nettoie facilement \u00e0 l&rsquo;eau et au savon.<\/p>\n","protected":false},"excerpt":{"rendered":"<p>Couche de finition respirante et durable pour le fini \u00e0 bois populaire Sansin Dec.<\/p>\n","protected":false},"featured_media":11341,"template":"","meta":[],"product_brand":[],"product_cat":[85],"product_tag":[],"class_list":{"0":"post-19454","1":"product","2":"type-product","3":"status-publish","4":"has-post-thumbnail","6":"product_cat-produits-fr","7":"","8":"woocommerce-text-align-center","9":"woocommerce-image-align-center","11":"first","12":"instock","13":"shipping-taxable","14":"product-type-simple"},"aioseo_notices":[],"_links":{"self":[{"href":"https:\/\/www.sansin.com\/fr\/wp-json\/wp\/v2\/product\/19454","targetHints":{"allow":["GET"]}}],"collection":[{"href":"https:\/\/www.sansin.com\/fr\/wp-json\/wp\/v2\/product"}],"about":[{"href":"https:\/\/www.sansin.com\/fr\/wp-json\/wp\/v2\/types\/product"}],"wp:featuredmedia":[{"embeddable":true,"href":"https:\/\/www.sansin.com\/fr\/wp-json\/wp\/v2\/media\/11341"}],"wp:attachment":[{"href":"https:\/\/www.sansin.com\/fr\/wp-json\/wp\/v2\/media?parent=19454"}],"wp:term":[{"taxonomy":"product_brand","embeddable":true,"href":"https:\/\/www.sansin.com\/fr\/wp-json\/wp\/v2\/product_brand?post=19454"},{"taxonomy":"product_cat","embeddable":true,"href":"https:\/\/www.sansin.com\/fr\/wp-json\/wp\/v2\/product_cat?post=19454"},{"taxonomy":"product_tag","embeddable":true,"href":"https:\/\/www.sansin.com\/fr\/wp-json\/wp\/v2\/product_tag?post=19454"}],"curies":[{"name":"wp","href":"https:\/\/api.w.org\/{rel}","templated":true}]}}