{"id":20008,"date":"2023-09-05T13:57:21","date_gmt":"2023-09-05T18:12:57","guid":{"rendered":"https:\/\/www.sansin.com\/?post_type=product&#038;p=20008"},"modified":"2023-09-05T14:12:59","modified_gmt":"2023-09-05T18:12:59","slug":"classic-original","status":"publish","type":"product","link":"https:\/\/www.sansin.com\/fr\/produit\/classic-original\/","title":{"rendered":"CLASSIC ORIGINAL"},"content":{"rendered":"\n<p>Syst\u00e8me p\u00e9n\u00e9trant pour rondins et charpente de bois.<\/p>\n\n\n\n<p>La protection originale pour ext\u00e9rieure au fini naturel pour les maisons en bois et les charpentes de bois massif. Finition \u00e0 faible lustre et ne formant pas de film tel que souhait\u00e9e.<\/p>\n\n\n\n<p>Utiliser Classic Clear UV en troisi\u00e8me couche pour une finition naturelle et transparente sur le Sansin Classic pour surfaces de bois ext\u00e9rieures neuves ou anciennes.<\/p>\n","protected":false},"excerpt":{"rendered":"<p>La formule classique originale<\/p>\n","protected":false},"featured_media":20004,"template":"","meta":[],"product_brand":[],"product_cat":[85],"product_tag":[],"class_list":{"0":"post-20008","1":"product","2":"type-product","3":"status-publish","4":"has-post-thumbnail","6":"product_cat-produits-fr","7":"","8":"woocommerce-text-align-center","9":"woocommerce-image-align-center","11":"first","12":"instock","13":"shipping-taxable","14":"product-type-simple"},"aioseo_notices":[],"_links":{"self":[{"href":"https:\/\/www.sansin.com\/fr\/wp-json\/wp\/v2\/product\/20008","targetHints":{"allow":["GET"]}}],"collection":[{"href":"https:\/\/www.sansin.com\/fr\/wp-json\/wp\/v2\/product"}],"about":[{"href":"https:\/\/www.sansin.com\/fr\/wp-json\/wp\/v2\/types\/product"}],"wp:featuredmedia":[{"embeddable":true,"href":"https:\/\/www.sansin.com\/fr\/wp-json\/wp\/v2\/media\/20004"}],"wp:attachment":[{"href":"https:\/\/www.sansin.com\/fr\/wp-json\/wp\/v2\/media?parent=20008"}],"wp:term":[{"taxonomy":"product_brand","embeddable":true,"href":"https:\/\/www.sansin.com\/fr\/wp-json\/wp\/v2\/product_brand?post=20008"},{"taxonomy":"product_cat","embeddable":true,"href":"https:\/\/www.sansin.com\/fr\/wp-json\/wp\/v2\/product_cat?post=20008"},{"taxonomy":"product_tag","embeddable":true,"href":"https:\/\/www.sansin.com\/fr\/wp-json\/wp\/v2\/product_tag?post=20008"}],"curies":[{"name":"wp","href":"https:\/\/api.w.org\/{rel}","templated":true}]}}