{"id":4856,"date":"2013-10-28T16:37:02","date_gmt":"2013-10-28T20:37:02","guid":{"rendered":"http:\/\/www.sansin.com\/product\/aqua-gard-2\/"},"modified":"2022-01-19T17:30:56","modified_gmt":"2022-01-19T22:30:56","slug":"aqua-gard","status":"publish","type":"product","link":"https:\/\/www.sansin.com\/fr\/produit\/aqua-gard\/","title":{"rendered":"AQUA-GARD"},"content":{"rendered":"\n<h2 class=\"wp-block-heading\">Tout comme le bois, le b\u00e9ton et la ma\u00e7onnerie doivent \u00eatre prot\u00e9g\u00e9s.<\/h2>\n\n\n\n<p>M\u00eame les mat\u00e9riaux inorganiques tels que la pierre et la ma\u00e7onnerie sont susceptibles d&rsquo;absorber l&rsquo;eau, ce qui (en particulier sous les climats plus froids) peut causer des dommages importants dus au gel et au d\u00e9gel. Aqua-Guard de Sansin est un rev\u00eatement hydrofuge con\u00e7u pour prot\u00e9ger le b\u00e9ton et la ma\u00e7onnerie contre les intemp\u00e9ries, qu&rsquo;ils soient neufs ou anciens. Aqua-Gard se lie aux substrats inorganiques pour cr\u00e9er une barri\u00e8re protectrice qui emp\u00eache l&rsquo;absorption d&rsquo;eau et r\u00e9siste aux contaminants. Contrairement \u00e0 la peinture, elle ne p\u00e8le pas car elle p\u00e9n\u00e8tre dans le substrat pour le prot\u00e9ger de l\u2019int\u00e9rieur.<\/p>\n\n\n\n<p>Aqua-Gard est un produit \u00e0 base d&rsquo;eau, limpide, inodore et qui ne se d\u00e9colore pas &#8211; vous pouvez m\u00eame le teinter pour agir comme une teinture et ajuster la couleur de votre projet. Parce qu&rsquo;il repousse l&rsquo;eau si agressivement, Aqua-Gard travaille \u00e9galement \u00e0 prot\u00e9ger l&rsquo;acier d&rsquo;armature de la corrosion. Aqua-Gard de Sansin convient aux murs et chemin\u00e9es en briques, aux stucs, aux tuiles, au b\u00e9ton et \u00e0 la ma\u00e7onnerie.<\/p>\n\n\n\n<p>Aqua-Gard est \u00e9galement disponible en bidons de 18,95 L (5 gallons).<\/p>\n\n\n\n<p>PRODUITS CONNEXES: <a href=\"\/?p=4928\">WOOD SEALER<\/a><\/p>\n","protected":false},"excerpt":{"rendered":"<p>Aqua-Gard de Sansin : une couche de protection pour le b\u00e9ton et la ma\u00e7onnerie.<\/p>\n","protected":false},"featured_media":11131,"template":"","meta":[],"product_brand":[],"product_cat":[85],"product_tag":[],"class_list":{"0":"post-4856","1":"product","2":"type-product","3":"status-publish","4":"has-post-thumbnail","6":"product_cat-produits-fr","7":"","8":"woocommerce-text-align-center","9":"woocommerce-image-align-center","11":"first","12":"instock","13":"shipping-taxable","14":"product-type-simple"},"aioseo_notices":[],"_links":{"self":[{"href":"https:\/\/www.sansin.com\/fr\/wp-json\/wp\/v2\/product\/4856","targetHints":{"allow":["GET"]}}],"collection":[{"href":"https:\/\/www.sansin.com\/fr\/wp-json\/wp\/v2\/product"}],"about":[{"href":"https:\/\/www.sansin.com\/fr\/wp-json\/wp\/v2\/types\/product"}],"wp:featuredmedia":[{"embeddable":true,"href":"https:\/\/www.sansin.com\/fr\/wp-json\/wp\/v2\/media\/11131"}],"wp:attachment":[{"href":"https:\/\/www.sansin.com\/fr\/wp-json\/wp\/v2\/media?parent=4856"}],"wp:term":[{"taxonomy":"product_brand","embeddable":true,"href":"https:\/\/www.sansin.com\/fr\/wp-json\/wp\/v2\/product_brand?post=4856"},{"taxonomy":"product_cat","embeddable":true,"href":"https:\/\/www.sansin.com\/fr\/wp-json\/wp\/v2\/product_cat?post=4856"},{"taxonomy":"product_tag","embeddable":true,"href":"https:\/\/www.sansin.com\/fr\/wp-json\/wp\/v2\/product_tag?post=4856"}],"curies":[{"name":"wp","href":"https:\/\/api.w.org\/{rel}","templated":true}]}}