{"id":4866,"date":"2014-02-05T15:47:00","date_gmt":"2014-02-05T20:47:00","guid":{"rendered":"http:\/\/www.sansin.com\/product\/ardera-2\/"},"modified":"2022-01-19T17:34:14","modified_gmt":"2022-01-19T22:34:14","slug":"ardera","status":"publish","type":"product","link":"https:\/\/www.sansin.com\/fr\/produit\/ardera\/","title":{"rendered":"ARDERA"},"content":{"rendered":"\n<h2 class=\"wp-block-heading\">Magnifique rev\u00eatement au lustre sup\u00e9rieur pour tous vos projets, nouveaux ou anciens<\/h2>\n\n\n\n<p>Ardera de Sansin est un rev\u00eatement durable \u00e0 l\u2019eau qui s\u2019applique en deux couches sur presque toutes les surfaces, y compris la menuiserie, les parements ou les terrasses. Il renforce m\u00eame l\u2019efficacit\u00e9 des autres rev\u00eatements. Auto-appr\u00eatant, il adh\u00e8re incroyablement bien \u00e0 toutes les surfaces \u2013 ou presque \u2013 et leur conf\u00e8re un lustre sup\u00e9rieur ou moyen d\u2019une beaut\u00e9 exceptionnelle. Tr\u00e8s r\u00e9sistant \u00e0 l\u2019usure, Ardera ne se d\u00e9colore pas au fil du temps et constitue l\u2019une des protections anti-UV les plus puissantes qui soient. Peu importe votre projet : les extraordinaires caract\u00e9ristiques d\u2019Ardera en font la norme en mati\u00e8re d\u2019esth\u00e9tique et de durabilit\u00e9 (finis naturels, translucides ou satur\u00e9s).<\/p>\n\n\n\n<h2 class=\"section-heading wp-block-heading\">GALERIE DE PHOTOS<\/h2>\n\n\n\n<hr class=\"wp-block-separator is-style-default\"\/>\n\n\n\n<div class=\"wp-block-columns is-layout-flex wp-container-core-columns-is-layout-9d6595d7 wp-block-columns-is-layout-flex\">\n<div class=\"wp-block-column is-layout-flow wp-block-column-is-layout-flow\">\n<figure class=\"wp-block-gallery columns-1 wp-block-gallery-1 is-layout-flex wp-block-gallery-is-layout-flex\"><ul class=\"blocks-gallery-grid\"><li class=\"blocks-gallery-item\"><figure><a href=\"https:\/\/www.sansin.com\/wp-content\/uploads\/De-Oost_SDF_ThermModWood.jpg\"><img decoding=\"async\" width=\"300\" height=\"225\" src=\"https:\/\/www.sansin.com\/wp-content\/uploads\/\/De-Oost_SDF_ThermModWood-300x225.jpg\" alt=\"Case Study\" data-id=\"7864\" data-full-url=\"https:\/\/www.sansin.com\/wp-content\/uploads\/De-Oost_SDF_ThermModWood.jpg\" data-link=\"https:\/\/www.sansin.com\/?attachment_id=7864#main\" class=\"wp-image-8776\" srcset=\"https:\/\/www.sansin.com\/wp-content\/uploads\/De-Oost_SDF_ThermModWood-300x225.jpg 300w, https:\/\/www.sansin.com\/wp-content\/uploads\/De-Oost_SDF_ThermModWood-150x113.jpg 150w, https:\/\/www.sansin.com\/wp-content\/uploads\/De-Oost_SDF_ThermModWood.jpg 400w\" sizes=\"(max-width: 300px) 100vw, 300px\" \/><\/a><\/figure><\/li><\/ul><\/figure>\n<\/div>\n\n\n\n<div class=\"wp-block-column is-layout-flow wp-block-column-is-layout-flow\"><\/div>\n\n\n\n<div class=\"wp-block-column is-layout-flow wp-block-column-is-layout-flow\"><\/div>\n\n\n\n<div class=\"wp-block-column is-layout-flow wp-block-column-is-layout-flow\"><\/div>\n<\/div>\n","protected":false},"excerpt":{"rendered":"<p>Ardera de Sansin : magnifique rev\u00eatement au lustre sup\u00e9rieur pour tous vos projets, nouveaux ou anciens<\/p>\n","protected":false},"featured_media":8427,"template":"","meta":[],"product_brand":[],"product_cat":[85],"product_tag":[],"class_list":{"0":"post-4866","1":"product","2":"type-product","3":"status-publish","4":"has-post-thumbnail","6":"product_cat-produits-fr","7":"","8":"woocommerce-text-align-center","9":"woocommerce-image-align-center","11":"first","12":"instock","13":"shipping-taxable","14":"product-type-simple"},"aioseo_notices":[],"_links":{"self":[{"href":"https:\/\/www.sansin.com\/fr\/wp-json\/wp\/v2\/product\/4866","targetHints":{"allow":["GET"]}}],"collection":[{"href":"https:\/\/www.sansin.com\/fr\/wp-json\/wp\/v2\/product"}],"about":[{"href":"https:\/\/www.sansin.com\/fr\/wp-json\/wp\/v2\/types\/product"}],"wp:featuredmedia":[{"embeddable":true,"href":"https:\/\/www.sansin.com\/fr\/wp-json\/wp\/v2\/media\/8427"}],"wp:attachment":[{"href":"https:\/\/www.sansin.com\/fr\/wp-json\/wp\/v2\/media?parent=4866"}],"wp:term":[{"taxonomy":"product_brand","embeddable":true,"href":"https:\/\/www.sansin.com\/fr\/wp-json\/wp\/v2\/product_brand?post=4866"},{"taxonomy":"product_cat","embeddable":true,"href":"https:\/\/www.sansin.com\/fr\/wp-json\/wp\/v2\/product_cat?post=4866"},{"taxonomy":"product_tag","embeddable":true,"href":"https:\/\/www.sansin.com\/fr\/wp-json\/wp\/v2\/product_tag?post=4866"}],"curies":[{"name":"wp","href":"https:\/\/api.w.org\/{rel}","templated":true}]}}