{"id":4868,"date":"2013-10-28T15:45:45","date_gmt":"2013-10-28T19:45:45","guid":{"rendered":"http:\/\/www.sansin.com\/product\/boracol-2\/"},"modified":"2023-05-03T17:30:46","modified_gmt":"2023-05-03T21:30:46","slug":"boracol","status":"publish","type":"product","link":"https:\/\/www.sansin.com\/fr\/produit\/boracol\/","title":{"rendered":"BORACOL"},"content":{"rendered":"\n<h2 class=\"wp-block-heading\">Protection par diffusion de longue dur\u00e9e contre la d\u00e9composition, les insectes et la moisissure<\/h2>\n\n\n\n<p>\u00c9radique et prot\u00e8ge contre les champignons, les insectes et les moisissures d\u00e9truisant le bois. Id\u00e9al pour les bois d\u2019\u0153uvre neuf ou ancien.<\/p>\n\n\n\n<p>Le bois est un mat\u00e9riau de construction incroyablement r\u00e9sistant &#8211; et s\u2019il est prot\u00e9g\u00e9 correctement, il peut durer presque ind\u00e9finiment. Le syst\u00e8me de protection Sansin pour le c\u0153ur et la surface du bois a soigneusement \u00e9t\u00e9 pens\u00e9 pour vous donner un rapport protection-prix id\u00e9al.<\/p>\n\n\n\n<p>Boracol de Sansin a \u00e9t\u00e9 con\u00e7u pour prot\u00e9ger le bois contre les champignons, la moisissure et les insectes qui causent la d\u00e9composition, mais \u00e9galement pour les \u00e9radiquer. Il p\u00e9n\u00e8tre exceptionnellement bien le bois, m\u00eame le duramen, jusqu\u2019\u00e0 une profondeur de 3 \u00e0 5 mm, avant de cr\u00e9er une r\u00e9serve permettant une p\u00e9n\u00e9tration encore plus avanc\u00e9e (jusqu\u2019\u00e0 40 mm sur 2 ans dans le bois sec). \u00c9tant donn\u00e9 qu\u2019il utilise l\u2019humidit\u00e9 pour se r\u00e9pandre, Boracol se diffuse plus rapidement dans un bois plus humide.<\/p>\n\n\n\n<p>Boracol peut servir \u00e0 \u00e9liminer la pourriture dans les structures existantes, ainsi qu\u2019\u00e0 prot\u00e9ger les grumes et le bois d\u2019\u0153uvre contre les champignons et les attaques des insectes. Ce produit contient du bore, bien moins dangereux que les traitements conventionnels, qui donne \u00e0 votre projet la protection durable qu\u2019il lui faut, la toxicit\u00e9 en moins.<\/p>\n\n\n\n<p>PRODUITS CONNEXES: <a href=\"\/?p=4893\">IMPEL RODS<\/a> | <a href=\"\/?p=4891\">FOUNDATION<\/a> | <a href=\"\/?p=4877\">CLASSIC<\/a><\/p>\n\n\n\n<p class=\"legal\"><em>REMARQUE : Il se peut que l&rsquo;\u00e9tiquette soit diff\u00e9rente de l&rsquo;illustration.<\/em><\/p>\n\n\n\n<h2 class=\"wp-block-heading section-heading\">GALERIE DE PHOTOS<\/h2>\n\n\n\n<hr class=\"wp-block-separator has-css-opacity is-style-default\"\/>\n\n\n\n<div class=\"wp-block-columns is-layout-flex wp-container-core-columns-is-layout-9d6595d7 wp-block-columns-is-layout-flex\">\n<div class=\"wp-block-column is-layout-flow wp-block-column-is-layout-flow\">\n<figure class=\"wp-block-gallery columns-2 wp-block-gallery-1 is-layout-flex wp-block-gallery-is-layout-flex\"><ul class=\"blocks-gallery-grid\"><li class=\"blocks-gallery-item\"><figure><a href=\"https:\/\/www.sansin.com\/wp-content\/uploads\/\/INTERIOR-LOGS-BORACOL-300x225.jpg\"><img decoding=\"async\" width=\"300\" height=\"225\" src=\"https:\/\/www.sansin.com\/wp-content\/uploads\/\/INTERIOR-LOGS-BORACOL-300x225.jpg\" alt=\"INTERIOR LOGS - BORACOL\" data-id=\"11439\" data-full-url=\"https:\/\/www.sansin.com\/wp-content\/uploads\/INTERIOR-LOGS-BORACOL.jpg\" data-link=\"https:\/\/www.sansin.com\/?attachment_id=11439#main\" class=\"wp-image-11440\" srcset=\"https:\/\/www.sansin.com\/wp-content\/uploads\/INTERIOR-LOGS-BORACOL-300x225.jpg 300w, https:\/\/www.sansin.com\/wp-content\/uploads\/INTERIOR-LOGS-BORACOL-768x576.jpg 768w, https:\/\/www.sansin.com\/wp-content\/uploads\/INTERIOR-LOGS-BORACOL-150x113.jpg 150w, https:\/\/www.sansin.com\/wp-content\/uploads\/INTERIOR-LOGS-BORACOL.jpg 800w\" sizes=\"(max-width: 300px) 100vw, 300px\" \/><\/a><\/figure><\/li><li class=\"blocks-gallery-item\"><figure><a href=\"https:\/\/www.sansin.com\/wp-content\/uploads\/\/LOG-CORNER-BORACOL-300x225.jpg\"><img decoding=\"async\" width=\"300\" height=\"225\" src=\"https:\/\/www.sansin.com\/wp-content\/uploads\/\/LOG-CORNER-BORACOL-300x225.jpg\" alt=\"LOG CORNER - BORACOL\" data-id=\"11441\" data-full-url=\"https:\/\/www.sansin.com\/wp-content\/uploads\/LOG-CORNER-BORACOL.jpg\" data-link=\"https:\/\/www.sansin.com\/?attachment_id=11441#main\" class=\"wp-image-11442\" srcset=\"https:\/\/www.sansin.com\/wp-content\/uploads\/LOG-CORNER-BORACOL-300x225.jpg 300w, https:\/\/www.sansin.com\/wp-content\/uploads\/LOG-CORNER-BORACOL-768x576.jpg 768w, https:\/\/www.sansin.com\/wp-content\/uploads\/LOG-CORNER-BORACOL-150x113.jpg 150w, https:\/\/www.sansin.com\/wp-content\/uploads\/LOG-CORNER-BORACOL.jpg 800w\" sizes=\"(max-width: 300px) 100vw, 300px\" \/><\/a><\/figure><\/li><\/ul><\/figure>\n<\/div>\n\n\n\n<div class=\"wp-block-column is-layout-flow wp-block-column-is-layout-flow\"><\/div>\n\n\n\n<div class=\"wp-block-column is-layout-flow wp-block-column-is-layout-flow\"><\/div>\n<\/div>\n","protected":false},"excerpt":{"rendered":"<p>Boracol de Sansin : protection par diffusion de longue dur\u00e9e contre la d\u00e9composition, les insectes et la moisissure.<\/p>\n","protected":false},"featured_media":22334,"template":"","meta":[],"product_brand":[],"product_cat":[85],"product_tag":[],"class_list":{"0":"post-4868","1":"product","2":"type-product","3":"status-publish","4":"has-post-thumbnail","6":"product_cat-produits-fr","7":"","8":"woocommerce-text-align-center","9":"woocommerce-image-align-center","11":"first","12":"instock","13":"shipping-taxable","14":"product-type-simple"},"aioseo_notices":[],"_links":{"self":[{"href":"https:\/\/www.sansin.com\/fr\/wp-json\/wp\/v2\/product\/4868","targetHints":{"allow":["GET"]}}],"collection":[{"href":"https:\/\/www.sansin.com\/fr\/wp-json\/wp\/v2\/product"}],"about":[{"href":"https:\/\/www.sansin.com\/fr\/wp-json\/wp\/v2\/types\/product"}],"wp:featuredmedia":[{"embeddable":true,"href":"https:\/\/www.sansin.com\/fr\/wp-json\/wp\/v2\/media\/22334"}],"wp:attachment":[{"href":"https:\/\/www.sansin.com\/fr\/wp-json\/wp\/v2\/media?parent=4868"}],"wp:term":[{"taxonomy":"product_brand","embeddable":true,"href":"https:\/\/www.sansin.com\/fr\/wp-json\/wp\/v2\/product_brand?post=4868"},{"taxonomy":"product_cat","embeddable":true,"href":"https:\/\/www.sansin.com\/fr\/wp-json\/wp\/v2\/product_cat?post=4868"},{"taxonomy":"product_tag","embeddable":true,"href":"https:\/\/www.sansin.com\/fr\/wp-json\/wp\/v2\/product_tag?post=4868"}],"curies":[{"name":"wp","href":"https:\/\/api.w.org\/{rel}","templated":true}]}}