{"id":4877,"date":"2013-07-05T10:58:05","date_gmt":"2013-07-05T14:58:05","guid":{"rendered":"http:\/\/www.sansin.com\/product\/classic-2\/"},"modified":"2022-01-19T17:41:37","modified_gmt":"2022-01-19T22:41:37","slug":"classic","status":"publish","type":"product","link":"https:\/\/www.sansin.com\/fr\/produit\/classic\/","title":{"rendered":"CLASSIC"},"content":{"rendered":"\n<h3 class=\"m_title wp-block-heading\">Syst\u00e8me p\u00e9n\u00e9trant de haute performance pour les maisons en bois rond.<\/h3>\n\n\n\n<p>Classic est le rev\u00eatement id\u00e9al pour les grumes et le gros bois d\u2019\u0153uvre&nbsp;: facile \u00e0 poser, il pr\u00e9servera le charme de votre bois pendant des d\u00e9cennies. Non seulement cette formule p\u00e9n\u00e9trante mate fait ressortir la beaut\u00e9 naturelle du bois en trois couches, mais elle lui permet \u00e9galement de respirer. Les maisons en bois rond ont besoin de bien plus qu\u2019une simple protection contre le soleil et la pluie. De par sa forme, le bois rond exige un rev\u00eatement qui lui permet librement de \u00ab&nbsp;respirer&nbsp;\u00bb pour \u00e9viter que l\u2019humidit\u00e9 y reste pi\u00e9g\u00e9e et le pourrisse de l\u2019int\u00e9rieur.<\/p>\n\n\n\n<p>Sans surprise, Classic est tout aussi efficace sur les autres surfaces verticales d\u2019ext\u00e9rieur comme les bardeaux fendus manuellement, les bardeaux, les parements et les cl\u00f4tures. Peu importe l\u2019application, votre bois sera prot\u00e9g\u00e9 des rayons UV par un \u00e9cran hydrofuge durable et magnifique. Classic est un produit facile \u00e0 appliquer \u2013 avec un nettoyage \u00e0 l\u2019eau et au savon \u2013 et facile d\u2019entretien. Il suffit d\u2019appliquer une couche d\u2019entretien de Classic 3 pour prot\u00e9ger le bois et conserver un fini parfait. Puisque l\u2019eau est utilis\u00e9e pour transporter les huiles naturelles modifi\u00e9es en profondeur dans le bois, Classic de Sansin peut \u00eatre appliqu\u00e9 sur du bois \u00e0 teneur \u00e9lev\u00e9 en humidit\u00e9 \u2013 ce qui est particuli\u00e8rement utile pour les maisons de bois rond o\u00f9 les taux d\u2019humidit\u00e9 sont g\u00e9n\u00e9ralement sup\u00e9rieurs \u00e0 25&nbsp;%. En comparaison, la majorit\u00e9 des rev\u00eatements \u00e0 base d\u2019eau et de solvants ne peuvent \u00eatre appliqu\u00e9s que sur des surfaces dont l\u2019humidit\u00e9 est inf\u00e9rieure ou \u00e9gale \u00e0 18&nbsp;% et une fois appliqu\u00e9s, ils sont plus susceptibles de pi\u00e9ger l\u2019humidit\u00e9 encore plus profond\u00e9ment dans le bois.<\/p>\n\n\n\n<p>Si vous recherchez le rev\u00eatement id\u00e9al pour les maisons de bois rond et les grosses structures de bois, le syst\u00e8me Classic de Sansin offre une protection exceptionnelle pour le bois \u00e0 tout endroit o\u00f9 une couleur magnifique, n\u00e9cessitant peu d\u2019entretien en plus d\u2019offrir un fini peu lustr\u00e9, naturel et perm\u00e9able est d\u00e9sir\u00e9e.<\/p>\n\n\n\n<p><a href=\"\/?p=7537\">CLASSIC&nbsp;1&nbsp;<\/a>: Classic&nbsp;1 de Sansin est la premi\u00e8re couche du syst\u00e8me Classic de Sansin lorsque des tons de bois naturels sont souhait\u00e9s.<\/p>\n\n\n\n<p><a href=\"\/?p=7540\">CLASSIC&nbsp;2&nbsp;<\/a>: Classic&nbsp;2 de Sansin est la deuxi\u00e8me couche du syst\u00e8me Classic de Sansin. Classic 1 n\u2019est pas n\u00e9cessaire lorsqu\u2019une couleur translucide, satur\u00e9e ou ultra-satur\u00e9e est choisie. Utilisez Classic 2 comme premi\u00e8re couche et Cassic 3 comme seconde ou derni\u00e8re couche.<\/p>\n\n\n\n<p><a href=\"\/?p=7546\">CLASSIC&nbsp;3&nbsp;<\/a>: Classic&nbsp;3 de Sansin est la couche finale du syst\u00e8me Classic de Sansin.<\/p>\n\n\n\n<p><a href=\"\/?p=4881\">COUCHE DE FINITION DE CLASSIC NATURALS<\/a>&nbsp;\u2013 Une couche de finition ambr\u00e9e, p\u00e9n\u00e9trante, aqueuse, \u00e0 faible teneur en COV, pour les surfaces de bois pr\u00e9alablement trait\u00e9es avec le Classic original de Sansin avec des couleurs ext\u00e9rieures naturelles. &nbsp;&nbsp;Hydrofuge et r\u00e9sistante aux UV. La couche sup\u00e9rieure de Classic Naturals peut \u00e9galement \u00eatre utilis\u00e9e pour remplacer le nouveau Classic 3 lorsqu&rsquo;elle est utilis\u00e9e comme couche de finition sur des couleurs de Exterior Natural (syst\u00e8me de finition Classic 1-2-3).<\/p>\n\n\n\n<p>PRODUITS CONNEXES\u00a0:\u00a0\u00a0<a href=\"\/?p=4915\">SDF<\/a>\u00a0|\u00a0<a href=\"\/?p=4891\">FOUDATION<\/a>\u00a0|\u00a0<a href=\"\/?p=4887\">ENS<\/a><\/p>\n\n\n\n<h2 class=\"section-heading wp-block-heading\">GALERIE DE PHOTOS<\/h2>\n\n\n\n<hr class=\"wp-block-separator is-style-default\"\/>\n\n\n\n<figure class=\"wp-block-gallery columns-6 wp-block-gallery-1 is-layout-flex wp-block-gallery-is-layout-flex\"><ul class=\"blocks-gallery-grid\"><li class=\"blocks-gallery-item\"><figure><a href=\"https:\/\/www.sansin.com\/wp-content\/uploads\/EXT-Classic-Winter.jpg\"><img decoding=\"async\" width=\"300\" height=\"225\" src=\"https:\/\/www.sansin.com\/wp-content\/uploads\/\/EXT-Classic-Winter-300x225.jpg\" alt=\"Classic winter\" data-id=\"13538\" data-full-url=\"https:\/\/www.sansin.com\/wp-content\/uploads\/EXT-Classic-Winter.jpg\" data-link=\"https:\/\/www.sansin.com\/ext-classic-winter\/\" class=\"wp-image-13539\" srcset=\"https:\/\/www.sansin.com\/wp-content\/uploads\/EXT-Classic-Winter-300x225.jpg 300w, https:\/\/www.sansin.com\/wp-content\/uploads\/EXT-Classic-Winter-150x113.jpg 150w, https:\/\/www.sansin.com\/wp-content\/uploads\/EXT-Classic-Winter-768x576.jpg 768w, https:\/\/www.sansin.com\/wp-content\/uploads\/EXT-Classic-Winter.jpg 800w\" sizes=\"(max-width: 300px) 100vw, 300px\" \/><\/a><\/figure><\/li><li class=\"blocks-gallery-item\"><figure><a href=\"https:\/\/www.sansin.com\/wp-content\/uploads\/EXT-Classic-Tennessee2.jpg\"><img decoding=\"async\" width=\"300\" height=\"225\" src=\"https:\/\/www.sansin.com\/wp-content\/uploads\/\/EXT-Classic-Tennessee2-300x225.jpg\" alt=\"Tennessee home\" data-id=\"13161\" data-full-url=\"https:\/\/www.sansin.com\/wp-content\/uploads\/EXT-Classic-Tennessee2.jpg\" data-link=\"https:\/\/www.sansin.com\/ext-classic-tennessee2\/\" class=\"wp-image-13162\" srcset=\"https:\/\/www.sansin.com\/wp-content\/uploads\/EXT-Classic-Tennessee2-300x225.jpg 300w, https:\/\/www.sansin.com\/wp-content\/uploads\/EXT-Classic-Tennessee2-150x113.jpg 150w, https:\/\/www.sansin.com\/wp-content\/uploads\/EXT-Classic-Tennessee2-768x576.jpg 768w, https:\/\/www.sansin.com\/wp-content\/uploads\/EXT-Classic-Tennessee2.jpg 800w\" sizes=\"(max-width: 300px) 100vw, 300px\" \/><\/a><\/figure><\/li><li class=\"blocks-gallery-item\"><figure><a href=\"https:\/\/www.sansin.com\/wp-content\/uploads\/EXT-Classic-Tennessee.jpg\"><img decoding=\"async\" width=\"800\" height=\"600\" src=\"https:\/\/www.sansin.com\/wp-content\/uploads\/EXT-Classic-Tennessee.jpg\" alt=\"Classic Tennessee\" data-id=\"13565\" data-full-url=\"https:\/\/www.sansin.com\/wp-content\/uploads\/EXT-Classic-Tennessee.jpg\" data-link=\"https:\/\/www.sansin.com\/ext-classic-tennessee\/\" class=\"wp-image-13566\" srcset=\"https:\/\/www.sansin.com\/wp-content\/uploads\/EXT-Classic-Tennessee.jpg 800w, https:\/\/www.sansin.com\/wp-content\/uploads\/EXT-Classic-Tennessee-150x113.jpg 150w, https:\/\/www.sansin.com\/wp-content\/uploads\/EXT-Classic-Tennessee-300x225.jpg 300w, https:\/\/www.sansin.com\/wp-content\/uploads\/EXT-Classic-Tennessee-768x576.jpg 768w\" sizes=\"(max-width: 800px) 100vw, 800px\" \/><\/a><\/figure><\/li><li class=\"blocks-gallery-item\"><figure><a href=\"https:\/\/www.sansin.com\/wp-content\/uploads\/EXT-Classic-RockyLake4yrs.jpg\"><img decoding=\"async\" width=\"800\" height=\"600\" src=\"https:\/\/www.sansin.com\/wp-content\/uploads\/EXT-Classic-RockyLake4yrs.jpg\" alt=\"Rocky Lake\" data-id=\"13480\" data-full-url=\"https:\/\/www.sansin.com\/wp-content\/uploads\/EXT-Classic-RockyLake4yrs.jpg\" data-link=\"https:\/\/www.sansin.com\/ext-classic-rockylake4yrs\/\" class=\"wp-image-13481\" srcset=\"https:\/\/www.sansin.com\/wp-content\/uploads\/EXT-Classic-RockyLake4yrs.jpg 800w, https:\/\/www.sansin.com\/wp-content\/uploads\/EXT-Classic-RockyLake4yrs-150x113.jpg 150w, https:\/\/www.sansin.com\/wp-content\/uploads\/EXT-Classic-RockyLake4yrs-300x225.jpg 300w, https:\/\/www.sansin.com\/wp-content\/uploads\/EXT-Classic-RockyLake4yrs-768x576.jpg 768w\" sizes=\"(max-width: 800px) 100vw, 800px\" \/><\/a><\/figure><\/li><li class=\"blocks-gallery-item\"><figure><a href=\"https:\/\/www.sansin.com\/wp-content\/uploads\/EXT-Classic-LoghomeThunderBay2.jpg\"><img decoding=\"async\" width=\"800\" height=\"600\" src=\"https:\/\/www.sansin.com\/wp-content\/uploads\/EXT-Classic-LoghomeThunderBay2.jpg\" alt=\"Thunder Bay loghome\" data-id=\"13541\" data-full-url=\"https:\/\/www.sansin.com\/wp-content\/uploads\/EXT-Classic-LoghomeThunderBay2.jpg\" data-link=\"https:\/\/www.sansin.com\/ext-classic-loghomethunderbay2\/\" class=\"wp-image-13542\" srcset=\"https:\/\/www.sansin.com\/wp-content\/uploads\/EXT-Classic-LoghomeThunderBay2.jpg 800w, https:\/\/www.sansin.com\/wp-content\/uploads\/EXT-Classic-LoghomeThunderBay2-150x113.jpg 150w, https:\/\/www.sansin.com\/wp-content\/uploads\/EXT-Classic-LoghomeThunderBay2-300x225.jpg 300w, https:\/\/www.sansin.com\/wp-content\/uploads\/EXT-Classic-LoghomeThunderBay2-768x576.jpg 768w\" sizes=\"(max-width: 800px) 100vw, 800px\" \/><\/a><\/figure><\/li><li class=\"blocks-gallery-item\"><figure><a href=\"https:\/\/www.sansin.com\/wp-content\/uploads\/EXT-Classic-Loghome4.jpg\"><img decoding=\"async\" width=\"800\" height=\"600\" src=\"https:\/\/www.sansin.com\/wp-content\/uploads\/EXT-Classic-Loghome4.jpg\" alt=\"Classic Log home\" data-id=\"13484\" data-full-url=\"https:\/\/www.sansin.com\/wp-content\/uploads\/EXT-Classic-Loghome4.jpg\" data-link=\"https:\/\/www.sansin.com\/ext-classic-loghome4\/\" class=\"wp-image-13485\" srcset=\"https:\/\/www.sansin.com\/wp-content\/uploads\/EXT-Classic-Loghome4.jpg 800w, https:\/\/www.sansin.com\/wp-content\/uploads\/EXT-Classic-Loghome4-150x113.jpg 150w, https:\/\/www.sansin.com\/wp-content\/uploads\/EXT-Classic-Loghome4-300x225.jpg 300w, https:\/\/www.sansin.com\/wp-content\/uploads\/EXT-Classic-Loghome4-768x576.jpg 768w\" sizes=\"(max-width: 800px) 100vw, 800px\" \/><\/a><\/figure><\/li><li class=\"blocks-gallery-item\"><figure><a href=\"https:\/\/www.sansin.com\/wp-content\/uploads\/EXT-Classic-HeritageLoghome.jpg\"><img decoding=\"async\" width=\"800\" height=\"600\" src=\"https:\/\/www.sansin.com\/wp-content\/uploads\/EXT-Classic-HeritageLoghome.jpg\" alt=\"Heritage Log Home\" data-id=\"13487\" data-full-url=\"https:\/\/www.sansin.com\/wp-content\/uploads\/EXT-Classic-HeritageLoghome.jpg\" data-link=\"https:\/\/www.sansin.com\/ext-classic-heritageloghome\/\" class=\"wp-image-13488\" srcset=\"https:\/\/www.sansin.com\/wp-content\/uploads\/EXT-Classic-HeritageLoghome.jpg 800w, https:\/\/www.sansin.com\/wp-content\/uploads\/EXT-Classic-HeritageLoghome-150x113.jpg 150w, https:\/\/www.sansin.com\/wp-content\/uploads\/EXT-Classic-HeritageLoghome-300x225.jpg 300w, https:\/\/www.sansin.com\/wp-content\/uploads\/EXT-Classic-HeritageLoghome-768x576.jpg 768w\" sizes=\"(max-width: 800px) 100vw, 800px\" \/><\/a><\/figure><\/li><li class=\"blocks-gallery-item\"><figure><a href=\"https:\/\/www.sansin.com\/wp-content\/uploads\/EXT-Classic-Barberhome.jpg\"><img decoding=\"async\" width=\"800\" height=\"600\" src=\"https:\/\/www.sansin.com\/wp-content\/uploads\/EXT-Classic-Barberhome.jpg\" alt=\"Barber Home\" data-id=\"12542\" data-full-url=\"https:\/\/www.sansin.com\/wp-content\/uploads\/EXT-Classic-Barberhome.jpg\" data-link=\"https:\/\/www.sansin.com\/ext-classic-barberhome\/\" class=\"wp-image-12543\" srcset=\"https:\/\/www.sansin.com\/wp-content\/uploads\/EXT-Classic-Barberhome.jpg 800w, https:\/\/www.sansin.com\/wp-content\/uploads\/EXT-Classic-Barberhome-150x113.jpg 150w, https:\/\/www.sansin.com\/wp-content\/uploads\/EXT-Classic-Barberhome-300x225.jpg 300w, https:\/\/www.sansin.com\/wp-content\/uploads\/EXT-Classic-Barberhome-768x576.jpg 768w\" sizes=\"(max-width: 800px) 100vw, 800px\" \/><\/a><\/figure><\/li><li class=\"blocks-gallery-item\"><figure><a href=\"https:\/\/www.sansin.com\/wp-content\/uploads\/EXT-Classic-23yrloghome.jpg\"><img decoding=\"async\" width=\"800\" height=\"600\" src=\"https:\/\/www.sansin.com\/wp-content\/uploads\/EXT-Classic-23yrloghome.jpg\" alt=\"23 year old log home\" data-id=\"13163\" data-full-url=\"https:\/\/www.sansin.com\/wp-content\/uploads\/EXT-Classic-23yrloghome.jpg\" data-link=\"https:\/\/www.sansin.com\/ext-classic-23yrloghome\/\" class=\"wp-image-13164\" srcset=\"https:\/\/www.sansin.com\/wp-content\/uploads\/EXT-Classic-23yrloghome.jpg 800w, https:\/\/www.sansin.com\/wp-content\/uploads\/EXT-Classic-23yrloghome-150x113.jpg 150w, https:\/\/www.sansin.com\/wp-content\/uploads\/EXT-Classic-23yrloghome-300x225.jpg 300w, https:\/\/www.sansin.com\/wp-content\/uploads\/EXT-Classic-23yrloghome-768x576.jpg 768w\" sizes=\"(max-width: 800px) 100vw, 800px\" \/><\/a><\/figure><\/li><li class=\"blocks-gallery-item\"><figure><a href=\"https:\/\/www.sansin.com\/wp-content\/uploads\/EXT-Classic-Loghome3.jpg\"><img decoding=\"async\" width=\"800\" height=\"600\" src=\"https:\/\/www.sansin.com\/wp-content\/uploads\/EXT-Classic-Loghome3.jpg\" alt=\"Classic Log home\" data-id=\"13165\" data-full-url=\"https:\/\/www.sansin.com\/wp-content\/uploads\/EXT-Classic-Loghome3.jpg\" data-link=\"https:\/\/www.sansin.com\/ext-classic-loghome3\/\" class=\"wp-image-13166\" srcset=\"https:\/\/www.sansin.com\/wp-content\/uploads\/EXT-Classic-Loghome3.jpg 800w, https:\/\/www.sansin.com\/wp-content\/uploads\/EXT-Classic-Loghome3-150x113.jpg 150w, https:\/\/www.sansin.com\/wp-content\/uploads\/EXT-Classic-Loghome3-300x225.jpg 300w, https:\/\/www.sansin.com\/wp-content\/uploads\/EXT-Classic-Loghome3-768x576.jpg 768w\" sizes=\"(max-width: 800px) 100vw, 800px\" \/><\/a><\/figure><\/li><li class=\"blocks-gallery-item\"><figure><a href=\"https:\/\/www.sansin.com\/wp-content\/uploads\/EXT-Classic-Loghome2.jpg\"><img decoding=\"async\" width=\"800\" height=\"600\" src=\"https:\/\/www.sansin.com\/wp-content\/uploads\/EXT-Classic-Loghome2.jpg\" alt=\"Classic Log home\" data-id=\"13495\" data-full-url=\"https:\/\/www.sansin.com\/wp-content\/uploads\/EXT-Classic-Loghome2.jpg\" data-link=\"https:\/\/www.sansin.com\/ext-classic-loghome2\/\" class=\"wp-image-13496\" srcset=\"https:\/\/www.sansin.com\/wp-content\/uploads\/EXT-Classic-Loghome2.jpg 800w, https:\/\/www.sansin.com\/wp-content\/uploads\/EXT-Classic-Loghome2-150x113.jpg 150w, https:\/\/www.sansin.com\/wp-content\/uploads\/EXT-Classic-Loghome2-300x225.jpg 300w, https:\/\/www.sansin.com\/wp-content\/uploads\/EXT-Classic-Loghome2-768x576.jpg 768w\" sizes=\"(max-width: 800px) 100vw, 800px\" \/><\/a><\/figure><\/li><li class=\"blocks-gallery-item\"><figure><a href=\"https:\/\/www.sansin.com\/wp-content\/uploads\/Camp-Arowhon_Classic.jpg\"><img decoding=\"async\" width=\"800\" height=\"600\" src=\"https:\/\/www.sansin.com\/wp-content\/uploads\/Camp-Arowhon_Classic.jpg\" alt=\"Camp Arowhon\" data-id=\"4783\" data-full-url=\"https:\/\/www.sansin.com\/wp-content\/uploads\/Camp-Arowhon_Classic.jpg\" data-link=\"https:\/\/www.sansin.com\/camp-arowhon_classic\/\" class=\"wp-image-5649\" srcset=\"https:\/\/www.sansin.com\/wp-content\/uploads\/Camp-Arowhon_Classic.jpg 800w, https:\/\/www.sansin.com\/wp-content\/uploads\/Camp-Arowhon_Classic-150x113.jpg 150w, https:\/\/www.sansin.com\/wp-content\/uploads\/Camp-Arowhon_Classic-300x225.jpg 300w\" sizes=\"(max-width: 800px) 100vw, 800px\" \/><\/a><\/figure><\/li><li class=\"blocks-gallery-item\"><figure><a href=\"https:\/\/www.sansin.com\/wp-content\/uploads\/Classic-Plus-Log-Home_Custom-Color.jpg\"><img decoding=\"async\" width=\"800\" height=\"600\" src=\"https:\/\/www.sansin.com\/wp-content\/uploads\/Classic-Plus-Log-Home_Custom-Color.jpg\" alt=\"Classic Plus Log Home\" data-id=\"5944\" data-full-url=\"https:\/\/www.sansin.com\/wp-content\/uploads\/Classic-Plus-Log-Home_Custom-Color.jpg\" data-link=\"https:\/\/www.sansin.com\/classic-plus-log-home_custom-color\/\" class=\"wp-image-5945\" srcset=\"https:\/\/www.sansin.com\/wp-content\/uploads\/Classic-Plus-Log-Home_Custom-Color.jpg 800w, https:\/\/www.sansin.com\/wp-content\/uploads\/Classic-Plus-Log-Home_Custom-Color-150x113.jpg 150w, https:\/\/www.sansin.com\/wp-content\/uploads\/Classic-Plus-Log-Home_Custom-Color-300x225.jpg 300w\" sizes=\"(max-width: 800px) 100vw, 800px\" \/><\/a><\/figure><\/li><\/ul><\/figure>\n","protected":false},"excerpt":{"rendered":"<p>Classic de Sansin : sp\u00e9cialement con\u00e7u pour les structures de grumes et les charpentes en bois<\/p>\n","protected":false},"featured_media":8757,"template":"","meta":[],"product_brand":[],"product_cat":[85],"product_tag":[],"class_list":{"0":"post-4877","1":"product","2":"type-product","3":"status-publish","4":"has-post-thumbnail","6":"product_cat-produits-fr","7":"","8":"woocommerce-text-align-center","9":"woocommerce-image-align-center","11":"first","12":"instock","13":"shipping-taxable","14":"product-type-simple"},"aioseo_notices":[],"_links":{"self":[{"href":"https:\/\/www.sansin.com\/fr\/wp-json\/wp\/v2\/product\/4877","targetHints":{"allow":["GET"]}}],"collection":[{"href":"https:\/\/www.sansin.com\/fr\/wp-json\/wp\/v2\/product"}],"about":[{"href":"https:\/\/www.sansin.com\/fr\/wp-json\/wp\/v2\/types\/product"}],"wp:featuredmedia":[{"embeddable":true,"href":"https:\/\/www.sansin.com\/fr\/wp-json\/wp\/v2\/media\/8757"}],"wp:attachment":[{"href":"https:\/\/www.sansin.com\/fr\/wp-json\/wp\/v2\/media?parent=4877"}],"wp:term":[{"taxonomy":"product_brand","embeddable":true,"href":"https:\/\/www.sansin.com\/fr\/wp-json\/wp\/v2\/product_brand?post=4877"},{"taxonomy":"product_cat","embeddable":true,"href":"https:\/\/www.sansin.com\/fr\/wp-json\/wp\/v2\/product_cat?post=4877"},{"taxonomy":"product_tag","embeddable":true,"href":"https:\/\/www.sansin.com\/fr\/wp-json\/wp\/v2\/product_tag?post=4877"}],"curies":[{"name":"wp","href":"https:\/\/api.w.org\/{rel}","templated":true}]}}