{"id":4881,"date":"2013-08-29T19:58:30","date_gmt":"2013-08-29T19:58:30","guid":{"rendered":"http:\/\/www.sansin.com\/product\/classic-top-coat-2\/"},"modified":"2023-12-05T16:10:43","modified_gmt":"2023-12-05T21:10:43","slug":"classic-top-coat","status":"publish","type":"product","link":"https:\/\/www.sansin.com\/fr\/produit\/classic-top-coat\/","title":{"rendered":"CLASSIC TOPCOAT"},"content":{"rendered":"\n<h2 class=\"wp-block-heading\">Rev\u00eatement hydrofuge et couche d&rsquo;entretien pour produits Classic<\/h2>\n\n\n\n<p>Classic Topcoat de Sansin est une couche de finition hydrofuge con\u00e7ue pour donner la touche finale au syst\u00e8me d&rsquo;application Classic. Il peut \u00e9galement servir de couche d&rsquo;entretien aux rev\u00eatements Classic existants afin de renforcer les qualit\u00e9s hydrofuges des surfaces tr\u00e8s expos\u00e9es \u00e0 l&rsquo;humidit\u00e9.<\/p>\n\n\n\n<p>Tr\u00e8s r\u00e9sistant \u00e0 l&rsquo;usure, Classic Topcoat a un excellent effet perlant et renforce la protection anti-UV ainsi que la splendeur de vos rev\u00eatements Classic de Sansin. Lors de l&rsquo;application de la couche d&rsquo;entretien, diluez-y la couleur Classic de votre choix. Pour en savoir davantage, consultez un distributeur ou un repr\u00e9sentant du service \u00e0 la client\u00e8le de Sansin.<\/p>\n\n\n\n<p>PRODUITS CONNEXES: <a href=\"https:\/\/www.sansin.com\/fr\/produit\/classic\/\" title=\"CLASSIC\">CLASSIC 1-2-3<\/a> <\/p>\n","protected":false},"excerpt":{"rendered":"<p>Classic Topcoat de Sansin : rev\u00eatement hautement hydrofuge et couche d\u2019entretien.<\/p>\n","protected":false},"featured_media":8501,"template":"","meta":[],"product_brand":[],"product_cat":[85],"product_tag":[],"class_list":{"0":"post-4881","1":"product","2":"type-product","3":"status-publish","4":"has-post-thumbnail","6":"product_cat-produits-fr","7":"","8":"woocommerce-text-align-center","9":"woocommerce-image-align-center","11":"first","12":"instock","13":"shipping-taxable","14":"product-type-simple"},"aioseo_notices":[],"_links":{"self":[{"href":"https:\/\/www.sansin.com\/fr\/wp-json\/wp\/v2\/product\/4881","targetHints":{"allow":["GET"]}}],"collection":[{"href":"https:\/\/www.sansin.com\/fr\/wp-json\/wp\/v2\/product"}],"about":[{"href":"https:\/\/www.sansin.com\/fr\/wp-json\/wp\/v2\/types\/product"}],"wp:featuredmedia":[{"embeddable":true,"href":"https:\/\/www.sansin.com\/fr\/wp-json\/wp\/v2\/media\/8501"}],"wp:attachment":[{"href":"https:\/\/www.sansin.com\/fr\/wp-json\/wp\/v2\/media?parent=4881"}],"wp:term":[{"taxonomy":"product_brand","embeddable":true,"href":"https:\/\/www.sansin.com\/fr\/wp-json\/wp\/v2\/product_brand?post=4881"},{"taxonomy":"product_cat","embeddable":true,"href":"https:\/\/www.sansin.com\/fr\/wp-json\/wp\/v2\/product_cat?post=4881"},{"taxonomy":"product_tag","embeddable":true,"href":"https:\/\/www.sansin.com\/fr\/wp-json\/wp\/v2\/product_tag?post=4881"}],"curies":[{"name":"wp","href":"https:\/\/api.w.org\/{rel}","templated":true}]}}