{"id":4883,"date":"2013-10-28T16:52:24","date_gmt":"2013-10-28T20:52:24","guid":{"rendered":"http:\/\/www.sansin.com\/product\/dec-2\/"},"modified":"2023-05-05T11:58:34","modified_gmt":"2023-05-05T15:58:34","slug":"dec","status":"publish","type":"product","link":"https:\/\/www.sansin.com\/fr\/produit\/dec\/","title":{"rendered":"DEC"},"content":{"rendered":"\n<h2 class=\"wp-block-heading\">Protection en deux couches \u00e0 p\u00e9n\u00e9tration profonde.<\/h2>\n\n\n\n<p>Entre le barbecue, le mobilier du patio et les rassemblements familiaux, les terrasses doivent g\u00e9rer plus de trafic que tout autre bois autour de votre maison. C&rsquo;est pourquoi Dec de Sansin est con\u00e7u en tant que formule robuste en deux couches qui p\u00e9n\u00e8tre profond\u00e9ment et prot\u00e8ge votre bois de l\u2019int\u00e9rieur. L\u00e0 o\u00f9 de nombreux rev\u00eatements de terrasses se d\u00e9tachent facilement et exposent le bois aux \u00e9l\u00e9ments, Dec am\u00e9liore les tissus du bois en les prot\u00e9geant durablement de la pluie et des rayons UV. Parfait pour le c\u00e8dre, les bois exotiques, le pin du Sud, le bois trait\u00e9 sous pression ou toute autre essence dont est compos\u00e9e votre terrasse, les mati\u00e8res pulv\u00e9rulentes p\u00e9n\u00e9trantes de Dec pr\u00e9serveront le charme et le caract\u00e8re de cette derni\u00e8re.<\/p>\n\n\n\n<p>L\u2019\u00e9t\u00e9 est le moment id\u00e9al pour se d\u00e9tendre et profiter de l\u2019ext\u00e9rieur. Soyez tranquille : Dec prot\u00e8gera votre terrasse sans solvants acides ni produits inflammables. Comme tous les produits Enviro Stain de Sansin, il est \u00e9cologique et permet au bois de \u00ab respirer \u00bb naturellement, ce qui contribue \u00e0 maintenir un \u00e9quilibre qui freine la d\u00e9composition.<\/p>\n\n\n\n<p>Dec est formul\u00e9 avec une teneur en solides plus \u00e9lev\u00e9e et une pigmentation plus forte que la moyenne pour am\u00e9liorer son apparence et sa durabilit\u00e9. Mais, m\u00eame si les terrasses les plus difficiles doivent \u00eatre entretenues, Dec de Sansin vous permet de conserver l\u2019aspect esth\u00e9tique de la v\u00f4tre avec une simple couche de nettoyage et d\u2019entretien. Disponible dans une vaste s\u00e9lection de couleurs \u00e9tonnantes.<\/p>\n\n\n\n<p>PRODUITS CONNEXES: <a href=\"\/?p=4877\">CLASSIC<\/a> | <a href=\"\/?p=4915\">SDF<\/a> | <a href=\"\/?p=4887\">ENS<\/a><\/p>\n\n\n\n<h2 class=\"wp-block-heading section-heading\">GALERIE DE PHOTOS<\/h2>\n\n\n\n<hr class=\"wp-block-separator has-css-opacity is-style-default\"\/>\n\n\n\n<figure class=\"wp-block-gallery columns-6 wp-block-gallery-1 is-layout-flex wp-block-gallery-is-layout-flex\"><ul class=\"blocks-gallery-grid\"><li class=\"blocks-gallery-item\"><figure><a href=\"https:\/\/www.sansin.com\/wp-content\/uploads\/EXT-Dec-ETerra1.jpg\"><img decoding=\"async\" width=\"800\" height=\"600\" src=\"https:\/\/www.sansin.com\/wp-content\/uploads\/EXT-Dec-ETerra1.jpg\" alt=\"Dec\" data-id=\"12534\" data-full-url=\"https:\/\/www.sansin.com\/wp-content\/uploads\/EXT-Dec-ETerra1.jpg\" data-link=\"https:\/\/www.sansin.com\/ext-dec-eterra1\/\" class=\"wp-image-12535\" srcset=\"https:\/\/www.sansin.com\/wp-content\/uploads\/EXT-Dec-ETerra1.jpg 800w, https:\/\/www.sansin.com\/wp-content\/uploads\/EXT-Dec-ETerra1-150x113.jpg 150w, https:\/\/www.sansin.com\/wp-content\/uploads\/EXT-Dec-ETerra1-300x225.jpg 300w, https:\/\/www.sansin.com\/wp-content\/uploads\/EXT-Dec-ETerra1-768x576.jpg 768w\" sizes=\"(max-width: 800px) 100vw, 800px\" \/><\/a><\/figure><\/li><li class=\"blocks-gallery-item\"><figure><a href=\"https:\/\/www.sansin.com\/wp-content\/uploads\/EXT-Dec-GeorgianBasy.jpg\"><img decoding=\"async\" width=\"800\" height=\"600\" src=\"https:\/\/www.sansin.com\/wp-content\/uploads\/EXT-Dec-GeorgianBasy.jpg\" alt=\"Georgian Bay\" data-id=\"13023\" data-full-url=\"https:\/\/www.sansin.com\/wp-content\/uploads\/EXT-Dec-GeorgianBasy.jpg\" data-link=\"https:\/\/www.sansin.com\/ext-dec-georgianbasy\/\" class=\"wp-image-13024\" srcset=\"https:\/\/www.sansin.com\/wp-content\/uploads\/EXT-Dec-GeorgianBasy.jpg 800w, https:\/\/www.sansin.com\/wp-content\/uploads\/EXT-Dec-GeorgianBasy-150x113.jpg 150w, https:\/\/www.sansin.com\/wp-content\/uploads\/EXT-Dec-GeorgianBasy-300x225.jpg 300w, https:\/\/www.sansin.com\/wp-content\/uploads\/EXT-Dec-GeorgianBasy-768x576.jpg 768w\" sizes=\"(max-width: 800px) 100vw, 800px\" \/><\/a><\/figure><\/li><li class=\"blocks-gallery-item\"><figure><a href=\"https:\/\/www.sansin.com\/wp-content\/uploads\/EXT-Dec-Espresso5yrs.jpg\"><img decoding=\"async\" width=\"800\" height=\"600\" src=\"https:\/\/www.sansin.com\/wp-content\/uploads\/EXT-Dec-Espresso5yrs.jpg\" alt=\"DEC Espresso\" data-id=\"13025\" data-full-url=\"https:\/\/www.sansin.com\/wp-content\/uploads\/EXT-Dec-Espresso5yrs.jpg\" data-link=\"https:\/\/www.sansin.com\/ext-dec-espresso5yrs\/\" class=\"wp-image-13026\" srcset=\"https:\/\/www.sansin.com\/wp-content\/uploads\/EXT-Dec-Espresso5yrs.jpg 800w, https:\/\/www.sansin.com\/wp-content\/uploads\/EXT-Dec-Espresso5yrs-150x113.jpg 150w, https:\/\/www.sansin.com\/wp-content\/uploads\/EXT-Dec-Espresso5yrs-300x225.jpg 300w, https:\/\/www.sansin.com\/wp-content\/uploads\/EXT-Dec-Espresso5yrs-768x576.jpg 768w\" sizes=\"(max-width: 800px) 100vw, 800px\" \/><\/a><\/figure><\/li><li class=\"blocks-gallery-item\"><figure><a href=\"https:\/\/www.sansin.com\/wp-content\/uploads\/Oak-Bay-BC_Dec.jpg\"><img decoding=\"async\" width=\"800\" height=\"600\" src=\"https:\/\/www.sansin.com\/wp-content\/uploads\/Oak-Bay-BC_Dec.jpg\" alt=\"Oak Bay\" data-id=\"4785\" data-full-url=\"https:\/\/www.sansin.com\/wp-content\/uploads\/Oak-Bay-BC_Dec.jpg\" data-link=\"https:\/\/www.sansin.com\/oak-bay-bc_dec\/\" class=\"wp-image-5651\" srcset=\"https:\/\/www.sansin.com\/wp-content\/uploads\/Oak-Bay-BC_Dec.jpg 800w, https:\/\/www.sansin.com\/wp-content\/uploads\/Oak-Bay-BC_Dec-150x113.jpg 150w, https:\/\/www.sansin.com\/wp-content\/uploads\/Oak-Bay-BC_Dec-300x225.jpg 300w\" sizes=\"(max-width: 800px) 100vw, 800px\" \/><\/a><\/figure><\/li><li class=\"blocks-gallery-item\"><figure><a href=\"https:\/\/www.sansin.com\/wp-content\/uploads\/EXT-Dec-Muskokas.jpg\"><img decoding=\"async\" width=\"800\" height=\"600\" src=\"https:\/\/www.sansin.com\/wp-content\/uploads\/EXT-Dec-Muskokas.jpg\" alt=\"Muskokas\" data-id=\"13461\" data-full-url=\"https:\/\/www.sansin.com\/wp-content\/uploads\/EXT-Dec-Muskokas.jpg\" data-link=\"https:\/\/www.sansin.com\/ext-dec-muskokas\/\" class=\"wp-image-13462\" srcset=\"https:\/\/www.sansin.com\/wp-content\/uploads\/EXT-Dec-Muskokas.jpg 800w, https:\/\/www.sansin.com\/wp-content\/uploads\/EXT-Dec-Muskokas-150x113.jpg 150w, https:\/\/www.sansin.com\/wp-content\/uploads\/EXT-Dec-Muskokas-300x225.jpg 300w, https:\/\/www.sansin.com\/wp-content\/uploads\/EXT-Dec-Muskokas-768x576.jpg 768w\" sizes=\"(max-width: 800px) 100vw, 800px\" \/><\/a><\/figure><\/li><li class=\"blocks-gallery-item\"><figure><a href=\"https:\/\/www.sansin.com\/wp-content\/uploads\/Dec-Espresso.jpg\"><img decoding=\"async\" width=\"800\" height=\"600\" src=\"https:\/\/www.sansin.com\/wp-content\/uploads\/Dec-Espresso.jpg\" alt=\"Espresso Dec\" data-id=\"7047\" data-full-url=\"https:\/\/www.sansin.com\/wp-content\/uploads\/Dec-Espresso.jpg\" data-link=\"https:\/\/www.sansin.com\/dec-espresso\/\" class=\"wp-image-7048\" srcset=\"https:\/\/www.sansin.com\/wp-content\/uploads\/Dec-Espresso.jpg 800w, https:\/\/www.sansin.com\/wp-content\/uploads\/Dec-Espresso-150x113.jpg 150w, https:\/\/www.sansin.com\/wp-content\/uploads\/Dec-Espresso-300x225.jpg 300w, https:\/\/www.sansin.com\/wp-content\/uploads\/Dec-Espresso-768x576.jpg 768w\" sizes=\"(max-width: 800px) 100vw, 800px\" \/><\/a><\/figure><\/li><li class=\"blocks-gallery-item\"><figure><a href=\"https:\/\/www.sansin.com\/wp-content\/uploads\/Dec-Owl.jpg\"><img decoding=\"async\" width=\"800\" height=\"600\" src=\"https:\/\/www.sansin.com\/wp-content\/uploads\/Dec-Owl.jpg\" alt=\"Dec Owl\" data-id=\"7055\" data-full-url=\"https:\/\/www.sansin.com\/wp-content\/uploads\/Dec-Owl.jpg\" data-link=\"https:\/\/www.sansin.com\/dec-owl\/\" class=\"wp-image-7056\" srcset=\"https:\/\/www.sansin.com\/wp-content\/uploads\/Dec-Owl.jpg 800w, https:\/\/www.sansin.com\/wp-content\/uploads\/Dec-Owl-150x113.jpg 150w, https:\/\/www.sansin.com\/wp-content\/uploads\/Dec-Owl-300x225.jpg 300w, https:\/\/www.sansin.com\/wp-content\/uploads\/Dec-Owl-768x576.jpg 768w\" sizes=\"(max-width: 800px) 100vw, 800px\" \/><\/a><\/figure><\/li><\/ul><\/figure>\n","protected":false},"excerpt":{"rendered":"<p>Dec de Sansin\u00a0: protection en deux couches \u00e0 p\u00e9n\u00e9tration profonde<\/p>\n","protected":false},"featured_media":11341,"template":"","meta":[],"product_brand":[],"product_cat":[85],"product_tag":[],"class_list":{"0":"post-4883","1":"product","2":"type-product","3":"status-publish","4":"has-post-thumbnail","6":"product_cat-produits-fr","7":"","8":"woocommerce-text-align-center","9":"woocommerce-image-align-center","11":"first","12":"instock","13":"shipping-taxable","14":"product-type-simple"},"aioseo_notices":[],"_links":{"self":[{"href":"https:\/\/www.sansin.com\/fr\/wp-json\/wp\/v2\/product\/4883","targetHints":{"allow":["GET"]}}],"collection":[{"href":"https:\/\/www.sansin.com\/fr\/wp-json\/wp\/v2\/product"}],"about":[{"href":"https:\/\/www.sansin.com\/fr\/wp-json\/wp\/v2\/types\/product"}],"wp:featuredmedia":[{"embeddable":true,"href":"https:\/\/www.sansin.com\/fr\/wp-json\/wp\/v2\/media\/11341"}],"wp:attachment":[{"href":"https:\/\/www.sansin.com\/fr\/wp-json\/wp\/v2\/media?parent=4883"}],"wp:term":[{"taxonomy":"product_brand","embeddable":true,"href":"https:\/\/www.sansin.com\/fr\/wp-json\/wp\/v2\/product_brand?post=4883"},{"taxonomy":"product_cat","embeddable":true,"href":"https:\/\/www.sansin.com\/fr\/wp-json\/wp\/v2\/product_cat?post=4883"},{"taxonomy":"product_tag","embeddable":true,"href":"https:\/\/www.sansin.com\/fr\/wp-json\/wp\/v2\/product_tag?post=4883"}],"curies":[{"name":"wp","href":"https:\/\/api.w.org\/{rel}","templated":true}]}}