{"id":4887,"date":"2013-10-25T20:54:30","date_gmt":"2013-10-26T00:54:30","guid":{"rendered":"http:\/\/www.sansin.com\/product\/ens-2\/"},"modified":"2022-01-19T17:55:13","modified_gmt":"2022-01-19T22:55:13","slug":"ens","status":"publish","type":"product","link":"https:\/\/www.sansin.com\/fr\/produit\/ens\/","title":{"rendered":"ENS"},"content":{"rendered":"\n<h2 class=\"wp-block-heading\">Fini esth\u00e9tique haut de gamme pour tout projet, neuf ou ancien.<\/h2>\n\n\n\n<p>ENS de Sansin est un rev\u00eatement durable en deux couches pouvant s\u2019appliquer sur presque toutes les surfaces, y compris la menuiserie, les parements ou les terrasses. Il renforce m\u00eame l\u2019efficacit\u00e9 des autres rev\u00eatements. Auto-appr\u00eatant, il adh\u00e8re incroyablement bien \u00e0 toutes les surfaces ou presque, ce qui leur donne une finition satin\u00e9e ou brillante d\u2019une beaut\u00e9 exceptionnelle.<\/p>\n\n\n\n<p>Tr\u00e8s r\u00e9sistant \u00e0 l\u2019usure, ENS ne se d\u00e9colore pas au fil du temps et constitue l\u2019une des protections anti-UV les plus puissantes qui soient. Pour rallonger les cycles d\u2019entretien, posez une sous-couche&nbsp;<a href=\"\/?p=4915\">SDF<\/a>&nbsp;ou&nbsp;<a href=\"\/?p=4877\">Classic<\/a>. Peu importe votre projet&nbsp;: les extraordinaires caract\u00e9ristiques d\u2019ENS, que ce soit dans les finis naturels, translucides ou opaques, en font un mod\u00e8le incontournable en mati\u00e8re d\u2019esth\u00e9tique et de durabilit\u00e9.<\/p>\n\n\n\n<p><em>ENS Optimum Clear&nbsp;:&nbsp;<\/em>ENS&nbsp;<a href=\"\/?p=4933\">Optimum Clear de Sansin<\/a>&nbsp; est une couche de finition durable et limpide qui peut \u00eatre appliqu\u00e9e sur toutes les surfaces prot\u00e9g\u00e9es par ENS \u2013 de la menuiserie, au rev\u00eatement, \u00e0 la cl\u00f4ture ou aux terrasses.&nbsp;Con\u00e7u pour l&rsquo;entretien&nbsp;<em>des surfaces pr\u00e9alablement enduites.&nbsp;<\/em><\/p>\n\n\n\n<p>PRODUITS CONNEXES\u00a0:\u00a0<a href=\"\/?p=4933\">ENS OPTIMUM CLEAR<\/a><\/p>\n\n\n\n<h2 class=\"section-heading wp-block-heading\">GALERIE DE PHOTOS<\/h2>\n\n\n\n<hr class=\"wp-block-separator is-style-default\"\/>\n\n\n\n<figure class=\"wp-block-gallery columns-6 wp-block-gallery-1 is-layout-flex wp-block-gallery-is-layout-flex\"><ul class=\"blocks-gallery-grid\"><li class=\"blocks-gallery-item\"><figure><a href=\"https:\/\/www.sansin.com\/wp-content\/uploads\/Guemes-Island-ENS-3.jpg\"><img decoding=\"async\" width=\"800\" height=\"600\" src=\"https:\/\/www.sansin.com\/wp-content\/uploads\/Guemes-Island-ENS-3.jpg\" alt=\"Guemes Island\" data-id=\"11468\" data-full-url=\"https:\/\/www.sansin.com\/wp-content\/uploads\/Guemes-Island-ENS-3.jpg\" data-link=\"https:\/\/www.sansin.com\/?attachment_id=11468#main\" class=\"wp-image-11469\" srcset=\"https:\/\/www.sansin.com\/wp-content\/uploads\/Guemes-Island-ENS-3.jpg 800w, https:\/\/www.sansin.com\/wp-content\/uploads\/Guemes-Island-ENS-3-300x225.jpg 300w, https:\/\/www.sansin.com\/wp-content\/uploads\/Guemes-Island-ENS-3-768x576.jpg 768w, https:\/\/www.sansin.com\/wp-content\/uploads\/Guemes-Island-ENS-3-150x113.jpg 150w\" sizes=\"(max-width: 800px) 100vw, 800px\" \/><\/a><\/figure><\/li><li class=\"blocks-gallery-item\"><figure><a href=\"https:\/\/www.sansin.com\/wp-content\/uploads\/Terrapin-Neck_ENS.jpg\"><img decoding=\"async\" width=\"800\" height=\"600\" src=\"https:\/\/www.sansin.com\/wp-content\/uploads\/Terrapin-Neck_ENS.jpg\" alt=\"Sansin ENS\" data-id=\"9061\" data-full-url=\"https:\/\/www.sansin.com\/wp-content\/uploads\/Terrapin-Neck_ENS.jpg\" data-link=\"https:\/\/www.sansin.com\/?attachment_id=9061#main\" class=\"wp-image-9062\" srcset=\"https:\/\/www.sansin.com\/wp-content\/uploads\/Terrapin-Neck_ENS.jpg 800w, https:\/\/www.sansin.com\/wp-content\/uploads\/Terrapin-Neck_ENS-150x113.jpg 150w, https:\/\/www.sansin.com\/wp-content\/uploads\/Terrapin-Neck_ENS-300x225.jpg 300w, https:\/\/www.sansin.com\/wp-content\/uploads\/Terrapin-Neck_ENS-768x576.jpg 768w\" sizes=\"(max-width: 800px) 100vw, 800px\" \/><\/a><\/figure><\/li><li class=\"blocks-gallery-item\"><figure><a href=\"https:\/\/www.sansin.com\/wp-content\/uploads\/EXT-ENS-Banserhome1.jpg\"><img decoding=\"async\" width=\"800\" height=\"600\" src=\"https:\/\/www.sansin.com\/wp-content\/uploads\/EXT-ENS-Banserhome1.jpg\" alt=\"Banser home 1\" data-id=\"12529\" data-full-url=\"https:\/\/www.sansin.com\/wp-content\/uploads\/EXT-ENS-Banserhome1.jpg\" data-link=\"https:\/\/www.sansin.com\/ext-ens-banserhome1\/\" class=\"wp-image-12530\" srcset=\"https:\/\/www.sansin.com\/wp-content\/uploads\/EXT-ENS-Banserhome1.jpg 800w, https:\/\/www.sansin.com\/wp-content\/uploads\/EXT-ENS-Banserhome1-150x113.jpg 150w, https:\/\/www.sansin.com\/wp-content\/uploads\/EXT-ENS-Banserhome1-300x225.jpg 300w, https:\/\/www.sansin.com\/wp-content\/uploads\/EXT-ENS-Banserhome1-768x576.jpg 768w\" sizes=\"(max-width: 800px) 100vw, 800px\" \/><\/a><\/figure><\/li><li class=\"blocks-gallery-item\"><figure><a href=\"https:\/\/www.sansin.com\/wp-content\/uploads\/EXT-ENS-loghomeMontereyRed.jpg\"><img decoding=\"async\" width=\"800\" height=\"600\" src=\"https:\/\/www.sansin.com\/wp-content\/uploads\/EXT-ENS-loghomeMontereyRed.jpg\" alt=\"log home\" data-id=\"13031\" data-full-url=\"https:\/\/www.sansin.com\/wp-content\/uploads\/EXT-ENS-loghomeMontereyRed.jpg\" data-link=\"https:\/\/www.sansin.com\/ext-ens-loghomemontereyred\/\" class=\"wp-image-13032\" srcset=\"https:\/\/www.sansin.com\/wp-content\/uploads\/EXT-ENS-loghomeMontereyRed.jpg 800w, https:\/\/www.sansin.com\/wp-content\/uploads\/EXT-ENS-loghomeMontereyRed-150x113.jpg 150w, https:\/\/www.sansin.com\/wp-content\/uploads\/EXT-ENS-loghomeMontereyRed-300x225.jpg 300w, https:\/\/www.sansin.com\/wp-content\/uploads\/EXT-ENS-loghomeMontereyRed-768x576.jpg 768w\" sizes=\"(max-width: 800px) 100vw, 800px\" \/><\/a><\/figure><\/li><li class=\"blocks-gallery-item\"><figure><a href=\"https:\/\/www.sansin.com\/wp-content\/uploads\/EXT-ENS-LogsTrimKelp.jpg\"><img decoding=\"async\" width=\"800\" height=\"600\" src=\"https:\/\/www.sansin.com\/wp-content\/uploads\/EXT-ENS-LogsTrimKelp.jpg\" alt=\"Trim Kelp\" data-id=\"12985\" data-full-url=\"https:\/\/www.sansin.com\/wp-content\/uploads\/EXT-ENS-LogsTrimKelp.jpg\" data-link=\"https:\/\/www.sansin.com\/ext-ens-logstrimkelp\/\" class=\"wp-image-12986\" srcset=\"https:\/\/www.sansin.com\/wp-content\/uploads\/EXT-ENS-LogsTrimKelp.jpg 800w, https:\/\/www.sansin.com\/wp-content\/uploads\/EXT-ENS-LogsTrimKelp-150x113.jpg 150w, https:\/\/www.sansin.com\/wp-content\/uploads\/EXT-ENS-LogsTrimKelp-300x225.jpg 300w, https:\/\/www.sansin.com\/wp-content\/uploads\/EXT-ENS-LogsTrimKelp-768x576.jpg 768w\" sizes=\"(max-width: 800px) 100vw, 800px\" \/><\/a><\/figure><\/li><li class=\"blocks-gallery-item\"><figure><a href=\"https:\/\/www.sansin.com\/wp-content\/uploads\/Escape-Drar_Montreal_ENS.jpg\"><img decoding=\"async\" width=\"800\" height=\"600\" src=\"https:\/\/www.sansin.com\/wp-content\/uploads\/Escape-Drar_Montreal_ENS.jpg\" alt=\"Escape Montreal\" data-id=\"4641\" data-full-url=\"https:\/\/www.sansin.com\/wp-content\/uploads\/Escape-Drar_Montreal_ENS.jpg\" data-link=\"https:\/\/www.sansin.com\/escape-drar_montreal_ens\/\" class=\"wp-image-5630\" srcset=\"https:\/\/www.sansin.com\/wp-content\/uploads\/Escape-Drar_Montreal_ENS.jpg 800w, https:\/\/www.sansin.com\/wp-content\/uploads\/Escape-Drar_Montreal_ENS-150x113.jpg 150w, https:\/\/www.sansin.com\/wp-content\/uploads\/Escape-Drar_Montreal_ENS-300x225.jpg 300w\" sizes=\"(max-width: 800px) 100vw, 800px\" \/><\/a><\/figure><\/li><li class=\"blocks-gallery-item\"><figure><a href=\"https:\/\/www.sansin.com\/wp-content\/uploads\/ENS_Muskoka-Chairs.jpg\"><img decoding=\"async\" width=\"800\" height=\"600\" src=\"https:\/\/www.sansin.com\/wp-content\/uploads\/ENS_Muskoka-Chairs.jpg\" alt=\"Muskoka Chairs\" data-id=\"4647\" data-full-url=\"https:\/\/www.sansin.com\/wp-content\/uploads\/ENS_Muskoka-Chairs.jpg\" data-link=\"https:\/\/www.sansin.com\/ens_muskoka-chairs\/\" class=\"wp-image-5636\" srcset=\"https:\/\/www.sansin.com\/wp-content\/uploads\/ENS_Muskoka-Chairs.jpg 800w, https:\/\/www.sansin.com\/wp-content\/uploads\/ENS_Muskoka-Chairs-150x113.jpg 150w, https:\/\/www.sansin.com\/wp-content\/uploads\/ENS_Muskoka-Chairs-300x225.jpg 300w\" sizes=\"(max-width: 800px) 100vw, 800px\" \/><\/a><\/figure><\/li><li class=\"blocks-gallery-item\"><figure><a href=\"https:\/\/www.sansin.com\/wp-content\/uploads\/ENS_Front-Door1.jpg\"><img decoding=\"async\" width=\"800\" height=\"600\" src=\"https:\/\/www.sansin.com\/wp-content\/uploads\/ENS_Front-Door1.jpg\" alt=\"Front Door\" data-id=\"4701\" data-full-url=\"https:\/\/www.sansin.com\/wp-content\/uploads\/ENS_Front-Door1.jpg\" data-link=\"https:\/\/www.sansin.com\/ens_front-door-2\/\" class=\"wp-image-5648\" srcset=\"https:\/\/www.sansin.com\/wp-content\/uploads\/ENS_Front-Door1.jpg 800w, https:\/\/www.sansin.com\/wp-content\/uploads\/ENS_Front-Door1-150x113.jpg 150w, https:\/\/www.sansin.com\/wp-content\/uploads\/ENS_Front-Door1-300x225.jpg 300w\" sizes=\"(max-width: 800px) 100vw, 800px\" \/><\/a><\/figure><\/li><li class=\"blocks-gallery-item\"><figure><a href=\"https:\/\/www.sansin.com\/wp-content\/uploads\/EXT-ENS-Banserhome2.jpg\"><img decoding=\"async\" width=\"800\" height=\"600\" src=\"https:\/\/www.sansin.com\/wp-content\/uploads\/EXT-ENS-Banserhome2.jpg\" alt=\"Banserhome 2\" data-id=\"12983\" data-full-url=\"https:\/\/www.sansin.com\/wp-content\/uploads\/EXT-ENS-Banserhome2.jpg\" data-link=\"https:\/\/www.sansin.com\/ext-ens-banserhome2\/\" class=\"wp-image-12984\" srcset=\"https:\/\/www.sansin.com\/wp-content\/uploads\/EXT-ENS-Banserhome2.jpg 800w, https:\/\/www.sansin.com\/wp-content\/uploads\/EXT-ENS-Banserhome2-150x113.jpg 150w, https:\/\/www.sansin.com\/wp-content\/uploads\/EXT-ENS-Banserhome2-300x225.jpg 300w, https:\/\/www.sansin.com\/wp-content\/uploads\/EXT-ENS-Banserhome2-768x576.jpg 768w\" sizes=\"(max-width: 800px) 100vw, 800px\" \/><\/a><\/figure><\/li><\/ul><\/figure>\n","protected":false},"excerpt":{"rendered":"<p>ENS de Sansin : un fini esth\u00e9tique de qualit\u00e9 sup\u00e9rieure pour tout type de projet, neuf ou ancien.<\/p>\n","protected":false},"featured_media":8502,"template":"","meta":[],"product_brand":[],"product_cat":[85],"product_tag":[],"class_list":{"0":"post-4887","1":"product","2":"type-product","3":"status-publish","4":"has-post-thumbnail","6":"product_cat-produits-fr","7":"","8":"woocommerce-text-align-center","9":"woocommerce-image-align-center","11":"first","12":"instock","13":"shipping-taxable","14":"product-type-simple"},"aioseo_notices":[],"_links":{"self":[{"href":"https:\/\/www.sansin.com\/fr\/wp-json\/wp\/v2\/product\/4887","targetHints":{"allow":["GET"]}}],"collection":[{"href":"https:\/\/www.sansin.com\/fr\/wp-json\/wp\/v2\/product"}],"about":[{"href":"https:\/\/www.sansin.com\/fr\/wp-json\/wp\/v2\/types\/product"}],"wp:featuredmedia":[{"embeddable":true,"href":"https:\/\/www.sansin.com\/fr\/wp-json\/wp\/v2\/media\/8502"}],"wp:attachment":[{"href":"https:\/\/www.sansin.com\/fr\/wp-json\/wp\/v2\/media?parent=4887"}],"wp:term":[{"taxonomy":"product_brand","embeddable":true,"href":"https:\/\/www.sansin.com\/fr\/wp-json\/wp\/v2\/product_brand?post=4887"},{"taxonomy":"product_cat","embeddable":true,"href":"https:\/\/www.sansin.com\/fr\/wp-json\/wp\/v2\/product_cat?post=4887"},{"taxonomy":"product_tag","embeddable":true,"href":"https:\/\/www.sansin.com\/fr\/wp-json\/wp\/v2\/product_tag?post=4887"}],"curies":[{"name":"wp","href":"https:\/\/api.w.org\/{rel}","templated":true}]}}