{"id":4889,"date":"2014-02-05T21:41:54","date_gmt":"2014-02-05T21:41:54","guid":{"rendered":"http:\/\/www.sansin.com\/product\/eos-2\/"},"modified":"2022-01-19T18:00:23","modified_gmt":"2022-01-19T23:00:23","slug":"eos","status":"publish","type":"product","link":"https:\/\/www.sansin.com\/fr\/produit\/eos\/","title":{"rendered":"EOS"},"content":{"rendered":"\n<h2 class=\"wp-block-heading\">Superbe rev\u00eatement \u00e0 l\u2019eau pour bois.<\/h2>\n\n\n\n<p>En seulement une ou deux couches, Eos de Sansin assure une protection robuste et efficace des parements, des grumes, des terrasses et des cl\u00f4tures. Ses huiles et ses r\u00e9sines sp\u00e9cialement formul\u00e9es prot\u00e8gent le bois en cr\u00e9ant une barri\u00e8re r\u00e9sistante qui ne fendille pas, ne s\u2019\u00e9caille pas et ne cloque pas sous l\u2019effet du climat et des rayons ultra-violets. Ses mati\u00e8res hautement pulv\u00e9rulentes et sa pr\u00e9paration \u00e0 base de r\u00e9sine alkyde \u00e0 l\u2019eau facilitent consid\u00e9rablement son application et son entretien, pour un fini impeccable en tout temps. Gr\u00e2ce \u00e0 ses couleurs transparentes et nettes, Eos ravive tr\u00e8s visiblement la beaut\u00e9 naturelle de vos projets en bois. Ajoutez lustre et protection \u00e0 votre structure en appliquant une couche finale <a href=\"\/?p=4866\">d&rsquo;Ardera<\/a>.<\/p>\n\n\n\n<h2 class=\"section-heading wp-block-heading\">GALERIE DE PHOTOS<\/h2>\n\n\n\n<hr class=\"wp-block-separator is-style-default\"\/>\n\n\n\n<div class=\"wp-block-columns is-layout-flex wp-container-core-columns-is-layout-9d6595d7 wp-block-columns-is-layout-flex\">\n<div class=\"wp-block-column is-layout-flow wp-block-column-is-layout-flow\">\n<figure class=\"wp-block-gallery columns-2 is-cropped wp-block-gallery-1 is-layout-flex wp-block-gallery-is-layout-flex\"><ul class=\"blocks-gallery-grid\"><li class=\"blocks-gallery-item\"><figure><img decoding=\"async\" width=\"400\" height=\"300\" src=\"https:\/\/www.sansin.com\/wp-content\/uploads\/Salk-Institute_Eos.jpg\" alt=\"Salk Institute\" data-id=\"7863\" data-full-url=\"https:\/\/www.sansin.com\/wp-content\/uploads\/Salk-Institute_Eos.jpg\" data-link=\"https:\/\/www.sansin.com\/?attachment_id=7863#main\" class=\"wp-image-8511\" srcset=\"https:\/\/www.sansin.com\/wp-content\/uploads\/Salk-Institute_Eos.jpg 400w, https:\/\/www.sansin.com\/wp-content\/uploads\/Salk-Institute_Eos-150x113.jpg 150w, https:\/\/www.sansin.com\/wp-content\/uploads\/Salk-Institute_Eos-300x225.jpg 300w\" sizes=\"(max-width: 400px) 100vw, 400px\" \/><\/figure><\/li><li class=\"blocks-gallery-item\"><figure><img decoding=\"async\" width=\"400\" height=\"300\" src=\"https:\/\/www.sansin.com\/wp-content\/uploads\/De-Oost_SDF_ThermModWood.jpg\" alt=\"Case Study\" data-id=\"7864\" data-full-url=\"https:\/\/www.sansin.com\/wp-content\/uploads\/De-Oost_SDF_ThermModWood.jpg\" data-link=\"https:\/\/www.sansin.com\/?attachment_id=7864#main\" class=\"wp-image-8776\" srcset=\"https:\/\/www.sansin.com\/wp-content\/uploads\/De-Oost_SDF_ThermModWood.jpg 400w, https:\/\/www.sansin.com\/wp-content\/uploads\/De-Oost_SDF_ThermModWood-150x113.jpg 150w, https:\/\/www.sansin.com\/wp-content\/uploads\/De-Oost_SDF_ThermModWood-300x225.jpg 300w\" sizes=\"(max-width: 400px) 100vw, 400px\" \/><\/figure><\/li><\/ul><\/figure>\n<\/div>\n\n\n\n<div class=\"wp-block-column is-layout-flow wp-block-column-is-layout-flow\"><\/div>\n\n\n\n<div class=\"wp-block-column is-layout-flow wp-block-column-is-layout-flow\"><\/div>\n<\/div>\n","protected":false},"excerpt":{"rendered":"<p>EOS de Sansin\u00a0: superbe rev\u00eatement \u00e0 l&rsquo;eau pour bois en une ou deux couches.<\/p>\n","protected":false},"featured_media":11322,"template":"","meta":[],"product_brand":[],"product_cat":[85],"product_tag":[],"class_list":{"0":"post-4889","1":"product","2":"type-product","3":"status-publish","4":"has-post-thumbnail","6":"product_cat-produits-fr","7":"","8":"woocommerce-text-align-center","9":"woocommerce-image-align-center","11":"first","12":"instock","13":"shipping-taxable","14":"product-type-simple"},"aioseo_notices":[],"_links":{"self":[{"href":"https:\/\/www.sansin.com\/fr\/wp-json\/wp\/v2\/product\/4889","targetHints":{"allow":["GET"]}}],"collection":[{"href":"https:\/\/www.sansin.com\/fr\/wp-json\/wp\/v2\/product"}],"about":[{"href":"https:\/\/www.sansin.com\/fr\/wp-json\/wp\/v2\/types\/product"}],"wp:featuredmedia":[{"embeddable":true,"href":"https:\/\/www.sansin.com\/fr\/wp-json\/wp\/v2\/media\/11322"}],"wp:attachment":[{"href":"https:\/\/www.sansin.com\/fr\/wp-json\/wp\/v2\/media?parent=4889"}],"wp:term":[{"taxonomy":"product_brand","embeddable":true,"href":"https:\/\/www.sansin.com\/fr\/wp-json\/wp\/v2\/product_brand?post=4889"},{"taxonomy":"product_cat","embeddable":true,"href":"https:\/\/www.sansin.com\/fr\/wp-json\/wp\/v2\/product_cat?post=4889"},{"taxonomy":"product_tag","embeddable":true,"href":"https:\/\/www.sansin.com\/fr\/wp-json\/wp\/v2\/product_tag?post=4889"}],"curies":[{"name":"wp","href":"https:\/\/api.w.org\/{rel}","templated":true}]}}