{"id":4891,"date":"2013-11-20T12:20:04","date_gmt":"2013-11-20T17:20:04","guid":{"rendered":"http:\/\/www.sansin.com\/product\/foundation-2\/"},"modified":"2023-05-03T17:26:20","modified_gmt":"2023-05-03T21:26:20","slug":"foundation","status":"publish","type":"product","link":"https:\/\/www.sansin.com\/fr\/produit\/foundation\/","title":{"rendered":"FOUNDATION"},"content":{"rendered":"\n<h2 class=\"wp-block-heading\">Couche de fond p\u00e9n\u00e9trante qui renforce la couche de finition<\/h2>\n\n\n\n<p>Foundation de Sansin est une couche de fond p\u00e9n\u00e9trante utilis\u00e9e pendant la construction pour prot\u00e9ger int\u00e9gralement le bois contre les intemp\u00e9ries et les rayons ultra-violets, et ce jusqu\u2019\u00e0 six mois. De plus, il renforce consid\u00e9rablement l\u2019efficacit\u00e9 de la couche de finition. Pas besoin de pr\u00e9paration interminable : il suffit de laver le bois et d\u2019appliquer le produit sur Foundation, comme indiqu\u00e9.<\/p>\n\n\n\n<p>Foundation est le produit id\u00e9al pour les surfaces de bois int\u00e9rieures et ext\u00e9rieures en bois d\u2019\u0153uvre, en grumes ou encore en bois de construction. Enti\u00e8rement naturel, son m\u00e9canisme de p\u00e9n\u00e9tration consiste \u00e0 impr\u00e9gner profond\u00e9ment le bois des mati\u00e8res pulv\u00e9rulentes qui se lient avec le tissus ligneux. La stabilit\u00e9 dimensionnelle de l\u2019ouvrage en sort renforc\u00e9e, ce qui limite les fissures et le travail du bois. Outre sa protection contre les effets n\u00e9fastes des rayons ultra-violets, ce produit renforce la r\u00e9sistance naturelle du bois \u00e0 l\u2019humidit\u00e9 en \u00e9liminant les probl\u00e8mes d\u2019adh\u00e9rence dus \u00e0 la superposition de couches de finition. En mati\u00e8re de protection du bois, il n&rsquo;y a rien de mieux que de d\u00e9buter par Foundation de Sansin.<\/p>\n\n\n\n<p>Les produits SDF Foundation et Classic Foundation existent en version \u00ab pr\u00eat \u00e0 l\u2019emploi \u00bb et en version concentr\u00e9e, dans des formats de 3,79 L (1 gallon), de 18,95 L (5 gallons) et en vrac.<\/p>\n\n\n\n<p>PRODUITS CONNEXES: <a href=\"\/?p=4919\">TIMBER-TEC<\/a><\/p>\n\n\n\n<p class=\"legal\"><em>VEUILLEZ NOTER : l&rsquo;\u00e9tiquette peut ne pas appara\u00eetre exactement telle qu&rsquo;indiqu\u00e9e.<\/em><\/p>\n\n\n\n<h2 class=\"wp-block-heading section-heading\">GALERIE DE PHOTOS<\/h2>\n\n\n\n<hr class=\"wp-block-separator has-css-opacity is-style-default\"\/>\n\n\n\n<figure class=\"wp-block-gallery columns-4 wp-block-gallery-1 is-layout-flex wp-block-gallery-is-layout-flex\"><ul class=\"blocks-gallery-grid\"><li class=\"blocks-gallery-item\"><figure><a href=\"https:\/\/www.sansin.com\/wp-content\/uploads\/Quebec-Amphitheatre.jpg\"><img decoding=\"async\" width=\"800\" height=\"600\" src=\"https:\/\/www.sansin.com\/wp-content\/uploads\/Quebec-Amphitheatre.jpg\" alt=\"Quebec Amphitheatre\" data-id=\"7023\" data-full-url=\"https:\/\/www.sansin.com\/wp-content\/uploads\/Quebec-Amphitheatre.jpg\" data-link=\"https:\/\/www.sansin.com\/quebec-amphitheatre\/\" class=\"wp-image-7024\" srcset=\"https:\/\/www.sansin.com\/wp-content\/uploads\/Quebec-Amphitheatre.jpg 800w, https:\/\/www.sansin.com\/wp-content\/uploads\/Quebec-Amphitheatre-150x113.jpg 150w, https:\/\/www.sansin.com\/wp-content\/uploads\/Quebec-Amphitheatre-300x225.jpg 300w, https:\/\/www.sansin.com\/wp-content\/uploads\/Quebec-Amphitheatre-768x576.jpg 768w\" sizes=\"(max-width: 800px) 100vw, 800px\" \/><\/a><\/figure><\/li><li class=\"blocks-gallery-item\"><figure><a href=\"https:\/\/www.sansin.com\/wp-content\/uploads\/Foundation_UBC.jpg\"><img decoding=\"async\" width=\"800\" height=\"600\" src=\"https:\/\/www.sansin.com\/wp-content\/uploads\/Foundation_UBC.jpg\" alt=\"Foundation UBC\" data-id=\"7017\" data-full-url=\"https:\/\/www.sansin.com\/wp-content\/uploads\/Foundation_UBC.jpg\" data-link=\"https:\/\/www.sansin.com\/foundation_ubc\/\" class=\"wp-image-7018\" srcset=\"https:\/\/www.sansin.com\/wp-content\/uploads\/Foundation_UBC.jpg 800w, https:\/\/www.sansin.com\/wp-content\/uploads\/Foundation_UBC-150x113.jpg 150w, https:\/\/www.sansin.com\/wp-content\/uploads\/Foundation_UBC-300x225.jpg 300w, https:\/\/www.sansin.com\/wp-content\/uploads\/Foundation_UBC-768x576.jpg 768w\" sizes=\"(max-width: 800px) 100vw, 800px\" \/><\/a><\/figure><\/li><li class=\"blocks-gallery-item\"><figure><a href=\"https:\/\/www.sansin.com\/wp-content\/uploads\/Foundation_Jackson-Hole-WY.jpg\"><img decoding=\"async\" width=\"800\" height=\"600\" src=\"https:\/\/www.sansin.com\/wp-content\/uploads\/Foundation_Jackson-Hole-WY.jpg\" alt=\"Foundation Jackson Hole WY\" data-id=\"4692\" data-full-url=\"https:\/\/www.sansin.com\/wp-content\/uploads\/Foundation_Jackson-Hole-WY.jpg\" data-link=\"https:\/\/www.sansin.com\/foundation_jackson-hole-wy\/\" class=\"wp-image-5645\" srcset=\"https:\/\/www.sansin.com\/wp-content\/uploads\/Foundation_Jackson-Hole-WY.jpg 800w, https:\/\/www.sansin.com\/wp-content\/uploads\/Foundation_Jackson-Hole-WY-150x113.jpg 150w, https:\/\/www.sansin.com\/wp-content\/uploads\/Foundation_Jackson-Hole-WY-300x225.jpg 300w\" sizes=\"(max-width: 800px) 100vw, 800px\" \/><\/a><\/figure><\/li><li class=\"blocks-gallery-item\"><figure><a href=\"https:\/\/www.sansin.com\/wp-content\/uploads\/Ashland-Foundation-Jared-Cruce.jpg\"><img decoding=\"async\" width=\"800\" height=\"600\" src=\"https:\/\/www.sansin.com\/wp-content\/uploads\/Ashland-Foundation-Jared-Cruce.jpg\" alt=\"Ashland \" data-id=\"7469\" data-full-url=\"https:\/\/www.sansin.com\/wp-content\/uploads\/Ashland-Foundation-Jared-Cruce.jpg\" data-link=\"https:\/\/www.sansin.com\/ashland-foundation-jared-cruce\/\" class=\"wp-image-13573\" srcset=\"https:\/\/www.sansin.com\/wp-content\/uploads\/Ashland-Foundation-Jared-Cruce.jpg 800w, https:\/\/www.sansin.com\/wp-content\/uploads\/Ashland-Foundation-Jared-Cruce-150x113.jpg 150w, https:\/\/www.sansin.com\/wp-content\/uploads\/Ashland-Foundation-Jared-Cruce-300x225.jpg 300w, https:\/\/www.sansin.com\/wp-content\/uploads\/Ashland-Foundation-Jared-Cruce-768x576.jpg 768w\" sizes=\"(max-width: 800px) 100vw, 800px\" \/><\/a><\/figure><\/li><\/ul><\/figure>\n","protected":false},"excerpt":{"rendered":"<p>Foundation de Sansin : couche de fond p\u00e9n\u00e9trante qui renforce la couche de finition.<\/p>\n","protected":false},"featured_media":8485,"template":"","meta":[],"product_brand":[],"product_cat":[85],"product_tag":[],"class_list":{"0":"post-4891","1":"product","2":"type-product","3":"status-publish","4":"has-post-thumbnail","6":"product_cat-produits-fr","7":"","8":"woocommerce-text-align-center","9":"woocommerce-image-align-center","11":"first","12":"instock","13":"shipping-taxable","14":"product-type-simple"},"aioseo_notices":[],"_links":{"self":[{"href":"https:\/\/www.sansin.com\/fr\/wp-json\/wp\/v2\/product\/4891","targetHints":{"allow":["GET"]}}],"collection":[{"href":"https:\/\/www.sansin.com\/fr\/wp-json\/wp\/v2\/product"}],"about":[{"href":"https:\/\/www.sansin.com\/fr\/wp-json\/wp\/v2\/types\/product"}],"wp:featuredmedia":[{"embeddable":true,"href":"https:\/\/www.sansin.com\/fr\/wp-json\/wp\/v2\/media\/8485"}],"wp:attachment":[{"href":"https:\/\/www.sansin.com\/fr\/wp-json\/wp\/v2\/media?parent=4891"}],"wp:term":[{"taxonomy":"product_brand","embeddable":true,"href":"https:\/\/www.sansin.com\/fr\/wp-json\/wp\/v2\/product_brand?post=4891"},{"taxonomy":"product_cat","embeddable":true,"href":"https:\/\/www.sansin.com\/fr\/wp-json\/wp\/v2\/product_cat?post=4891"},{"taxonomy":"product_tag","embeddable":true,"href":"https:\/\/www.sansin.com\/fr\/wp-json\/wp\/v2\/product_tag?post=4891"}],"curies":[{"name":"wp","href":"https:\/\/api.w.org\/{rel}","templated":true}]}}