{"id":4893,"date":"2013-10-28T19:51:27","date_gmt":"2013-10-28T19:51:27","guid":{"rendered":"http:\/\/www.sansin.com\/product\/impel-rods-2\/"},"modified":"2023-05-03T17:20:09","modified_gmt":"2023-05-03T21:20:09","slug":"impel-rods","status":"publish","type":"product","link":"https:\/\/www.sansin.com\/fr\/produit\/impel-rods\/","title":{"rendered":"TIGES IMPEL"},"content":{"rendered":"\n<h2 class=\"wp-block-heading\">Pour combattre et pr\u00e9venir la d\u00e9composition int\u00e9rieure des grumes et du bois d&rsquo;\u0153uvre<\/h2>\n\n\n\n<p>La tige Impel est le seul syst\u00e8me efficace de lutte contre la d\u00e9composition con\u00e7u pour l&rsquo;int\u00e9rieur des grumes. Destin\u00e9 aux maisons en bois rond, aux solives de rive, aux poteaux des services publics et au bois de charpente.<\/p>\n\n\n\n<p>Le bois est un mat\u00e9riau d&rsquo;une force incroyable. Bien prot\u00e9g\u00e9, il peut durer presque ind\u00e9finiment. Lorsqu&rsquo;une protection de surface est insuffisante pour vos grumes et votre bois d&rsquo;\u0153uvre expos\u00e9s, optez pour les tiges de bore, qui permettent de placer strat\u00e9giquement la dose prescrite l\u00e0 o\u00f9 c&rsquo;est n\u00e9cessaire. Le syst\u00e8me de protection Sansin pour le c\u0153ur et la surface du bois a soigneusement \u00e9t\u00e9 pens\u00e9 pour vous donner un rapport protection-prix id\u00e9al. <\/p>\n\n\n\n<p>La tige Impel Boron est une tige de bore diffusible dans l&rsquo;eau, de forme solide et hautement concentr\u00e9e, tir\u00e9e d&rsquo;un agent de pr\u00e9servation naturel. Elle s&rsquo;ins\u00e8re \u00e0 l&rsquo;extr\u00e9mit\u00e9 des grumes o\u00f9 elle reste inactive jusqu&rsquo;\u00e0 ce que l&rsquo;humidit\u00e9 d\u00e9passe les 25 %. Sous l&rsquo;action de l&rsquo;eau, elle diffuse alors de l&rsquo;acide borique, un inhibiteur naturel de d\u00e9composition qui combat la prolif\u00e9ration de champignons et les invasions d&rsquo;insectes. Comme la tige se dissout lentement, le flux de l&rsquo;humidit\u00e9 naturelle du bois se charge de faire circuler l&rsquo;acide borique dans les fibres du bois afin de saturer et de prot\u00e9ger toutes les zones mouill\u00e9es.<\/p>\n\n\n\n<p>Lorsque le bois s\u00e8che et que les niveaux d&rsquo;humidit\u00e9 baissent, le fongicide n&rsquo;agit plus et se met en veille, pr\u00eat \u00e0 se r\u00e9activer si les conditions pouvant mener au pourrissement sont \u00e0 nouveau r\u00e9unies. La tige Impel Boron est le seul syst\u00e8me efficace de lutte contre la d\u00e9composition int\u00e9rieure des grumes. Lorsqu&rsquo;elle est jumel\u00e9e \u00e0 un traitement de pr\u00e9servation p\u00e9riodique du bois, elle offre une protection extr\u00eamement performante pour lutter contre la d\u00e9composition. La tige Impel Boron est recommand\u00e9e non seulement pour les extr\u00e9mit\u00e9s de grumes et les coins, mais \u00e9galement pour les cadrages de fen\u00eatres et de portes, les solives de rive, les poteaux, les traverses de chemin de fer, le bois de charpente et une vaste gamme d&rsquo;applications pour les terrasses, les planchers et les toits.<\/p>\n\n\n\n<p>PRODUITS CONNEXES: <a href=\"\/?p=4868\">BORACOL<\/a> | <a href=\"https:\/\/www.sansin.com\/fr\/produit\/foundation\/\" title=\"FOUNDATION\">FOUNDATION<\/a><\/p>\n\n\n\n<p class=\"legal\"><em>REMARQUE : Il se peut que l&rsquo;\u00e9tiquette soit diff\u00e9rente de l&rsquo;illustration.<\/em><\/p>\n","protected":false},"excerpt":{"rendered":"<p>Tiges Impel de Sansin : pour combattre et pr\u00e9venir la d\u00e9composition int\u00e9rieure des grumes et du bois d&rsquo;\u0153uvre<\/p>\n","protected":false},"featured_media":11334,"template":"","meta":[],"product_brand":[],"product_cat":[85],"product_tag":[],"class_list":{"0":"post-4893","1":"product","2":"type-product","3":"status-publish","4":"has-post-thumbnail","6":"product_cat-produits-fr","7":"","8":"woocommerce-text-align-center","9":"woocommerce-image-align-center","11":"first","12":"instock","13":"shipping-taxable","14":"product-type-simple"},"aioseo_notices":[],"_links":{"self":[{"href":"https:\/\/www.sansin.com\/fr\/wp-json\/wp\/v2\/product\/4893","targetHints":{"allow":["GET"]}}],"collection":[{"href":"https:\/\/www.sansin.com\/fr\/wp-json\/wp\/v2\/product"}],"about":[{"href":"https:\/\/www.sansin.com\/fr\/wp-json\/wp\/v2\/types\/product"}],"wp:featuredmedia":[{"embeddable":true,"href":"https:\/\/www.sansin.com\/fr\/wp-json\/wp\/v2\/media\/11334"}],"wp:attachment":[{"href":"https:\/\/www.sansin.com\/fr\/wp-json\/wp\/v2\/media?parent=4893"}],"wp:term":[{"taxonomy":"product_brand","embeddable":true,"href":"https:\/\/www.sansin.com\/fr\/wp-json\/wp\/v2\/product_brand?post=4893"},{"taxonomy":"product_cat","embeddable":true,"href":"https:\/\/www.sansin.com\/fr\/wp-json\/wp\/v2\/product_cat?post=4893"},{"taxonomy":"product_tag","embeddable":true,"href":"https:\/\/www.sansin.com\/fr\/wp-json\/wp\/v2\/product_tag?post=4893"}],"curies":[{"name":"wp","href":"https:\/\/api.w.org\/{rel}","templated":true}]}}