{"id":4897,"date":"2013-10-28T17:09:56","date_gmt":"2013-10-28T21:09:56","guid":{"rendered":"http:\/\/www.sansin.com\/product\/multi-wash-2\/"},"modified":"2022-01-19T18:10:24","modified_gmt":"2022-01-19T23:10:24","slug":"multi-wash","status":"publish","type":"product","link":"https:\/\/www.sansin.com\/fr\/produit\/multi-wash\/","title":{"rendered":"MULTI-WASH"},"content":{"rendered":"\n<h2 class=\"wp-block-heading\">Nettoyant biod\u00e9gradable utilisable sur presque toutes les surfaces<\/h2>\n\n\n\n<p>Multi-Wash de Sansin est un nettoyant biod\u00e9gradable concentr\u00e9 \u00e0 diluer jusqu&rsquo;\u00e0 la force appropri\u00e9e. Il nettoie presque toutes les surfaces et \u00e9limine la moisissure, la salet\u00e9, les traces de rouille, etc. Il suffit d\u2019appliquer une quantit\u00e9 dilu\u00e9e de Multi-Wash sur la surface et de le laisser impr\u00e9gner les contaminants pendant au moins cinq minutes. Ensuite, rincez bien au nettoyeur \u00e0 haute pression ou au tuyau d\u2019arrosage et regardez votre surface retrouver son \u00e9clat.<\/p>\n\n\n\n<p>Sous sa forme concentr\u00e9e, Multi-Wash peut servir d&rsquo;additif nettoyant pour les nettoyeurs \u00e0 haute pression.<\/p>\n","protected":false},"excerpt":{"rendered":"<p>Multi-Wash de Sansin : nettoyant biod\u00e9gradable utilisable sur presque toutes les surfaces.<\/p>\n","protected":false},"featured_media":7228,"template":"","meta":[],"product_brand":[],"product_cat":[85],"product_tag":[],"class_list":{"0":"post-4897","1":"product","2":"type-product","3":"status-publish","4":"has-post-thumbnail","6":"product_cat-produits-fr","7":"","8":"woocommerce-text-align-center","9":"woocommerce-image-align-center","11":"first","12":"instock","13":"shipping-taxable","14":"product-type-simple"},"aioseo_notices":[],"_links":{"self":[{"href":"https:\/\/www.sansin.com\/fr\/wp-json\/wp\/v2\/product\/4897","targetHints":{"allow":["GET"]}}],"collection":[{"href":"https:\/\/www.sansin.com\/fr\/wp-json\/wp\/v2\/product"}],"about":[{"href":"https:\/\/www.sansin.com\/fr\/wp-json\/wp\/v2\/types\/product"}],"wp:featuredmedia":[{"embeddable":true,"href":"https:\/\/www.sansin.com\/fr\/wp-json\/wp\/v2\/media\/7228"}],"wp:attachment":[{"href":"https:\/\/www.sansin.com\/fr\/wp-json\/wp\/v2\/media?parent=4897"}],"wp:term":[{"taxonomy":"product_brand","embeddable":true,"href":"https:\/\/www.sansin.com\/fr\/wp-json\/wp\/v2\/product_brand?post=4897"},{"taxonomy":"product_cat","embeddable":true,"href":"https:\/\/www.sansin.com\/fr\/wp-json\/wp\/v2\/product_cat?post=4897"},{"taxonomy":"product_tag","embeddable":true,"href":"https:\/\/www.sansin.com\/fr\/wp-json\/wp\/v2\/product_tag?post=4897"}],"curies":[{"name":"wp","href":"https:\/\/api.w.org\/{rel}","templated":true}]}}