{"id":4898,"date":"2013-10-28T17:19:59","date_gmt":"2013-10-28T21:19:59","guid":{"rendered":"http:\/\/www.sansin.com\/product\/paint-stain-remover-2\/"},"modified":"2022-01-20T10:26:55","modified_gmt":"2022-01-20T15:26:55","slug":"wood-strip","status":"publish","type":"product","link":"https:\/\/www.sansin.com\/fr\/produit\/wood-strip\/","title":{"rendered":"WOOD-STRIP"},"content":{"rendered":"\n<h2 class=\"wp-block-heading\">\u00c9limine efficacement les vieilles peintures et les couches de teinture.<\/h2>\n\n\n\n<p>Wood-Strip de Sansin est un d\u00e9capant sup\u00e9rieur qui \u00e9limine facilement les teintures \u00e0 l\u2019huile et au latex et les couches de peinture. D\u00e8s qu\u2019il est pulv\u00e9ris\u00e9 sur la surface, il commence \u00e0 la p\u00e9n\u00e9trer et \u00e0 attaquer le rev\u00eatement. Wood-Strip \u00e9limine les d\u00e9g\u00e2ts caus\u00e9s par le climat, les traces d\u2019eau et la moisissure tout en ravivant la couleur naturelle du bois. Biod\u00e9gradable, il agit rapidement et se rince \u00e0 l\u2019eau. Recommand\u00e9 sur les surfaces de bois prot\u00e9g\u00e9es neuves et anciennes comme les terrasses, les cl\u00f4tures, les parements, les grumes, les planches avec couvre-joint et le bois d\u2019\u0153uvre.<\/p>\n\n\n\n<p>Wood-Strip est propos\u00e9 en concentrations industrielles pour les gros projets.<\/p>\n","protected":false},"excerpt":{"rendered":"<p>Wood-Strip : \u00e9limine efficacement les vieilles peintures et les couches de teinture<\/p>\n","protected":false},"featured_media":8850,"template":"","meta":[],"product_brand":[],"product_cat":[85],"product_tag":[],"class_list":{"0":"post-4898","1":"product","2":"type-product","3":"status-publish","4":"has-post-thumbnail","6":"product_cat-produits-fr","7":"","8":"woocommerce-text-align-center","9":"woocommerce-image-align-center","11":"first","12":"instock","13":"shipping-taxable","14":"product-type-simple"},"aioseo_notices":[],"_links":{"self":[{"href":"https:\/\/www.sansin.com\/fr\/wp-json\/wp\/v2\/product\/4898","targetHints":{"allow":["GET"]}}],"collection":[{"href":"https:\/\/www.sansin.com\/fr\/wp-json\/wp\/v2\/product"}],"about":[{"href":"https:\/\/www.sansin.com\/fr\/wp-json\/wp\/v2\/types\/product"}],"wp:featuredmedia":[{"embeddable":true,"href":"https:\/\/www.sansin.com\/fr\/wp-json\/wp\/v2\/media\/8850"}],"wp:attachment":[{"href":"https:\/\/www.sansin.com\/fr\/wp-json\/wp\/v2\/media?parent=4898"}],"wp:term":[{"taxonomy":"product_brand","embeddable":true,"href":"https:\/\/www.sansin.com\/fr\/wp-json\/wp\/v2\/product_brand?post=4898"},{"taxonomy":"product_cat","embeddable":true,"href":"https:\/\/www.sansin.com\/fr\/wp-json\/wp\/v2\/product_cat?post=4898"},{"taxonomy":"product_tag","embeddable":true,"href":"https:\/\/www.sansin.com\/fr\/wp-json\/wp\/v2\/product_tag?post=4898"}],"curies":[{"name":"wp","href":"https:\/\/api.w.org\/{rel}","templated":true}]}}