{"id":4904,"date":"2013-10-28T23:08:22","date_gmt":"2013-10-29T03:08:22","guid":{"rendered":"http:\/\/www.sansin.com\/product\/0-voc-gel-stain-2\/"},"modified":"2022-01-19T18:13:55","modified_gmt":"2022-01-19T23:13:55","slug":"0-voc-gel-stain","status":"publish","type":"product","link":"https:\/\/www.sansin.com\/fr\/produit\/0-voc-gel-stain\/","title":{"rendered":"PURITY 0-VOC GEL STAIN"},"content":{"rendered":"\n<h2 class=\"wp-block-heading\">Somptueuse teinture p\u00e9n\u00e9trante pour bois int\u00e9rieur tr\u00e8s faible en COV<\/h2>\n\n\n\n<p>Purity Interior Gel Stain 0-COV propose toute la profondeur et la couleur de la teinture pour int\u00e9rieur Purity. Toutefois, on peut le travailler plus longtemps et, au besoin, \u00ab l\u2019essuyer \u00bb pour d\u00e9finir pr\u00e9cis\u00e9ment l\u2019aspect du fil et le ton du bois. Parfait pour les projets de moindre dimension.<\/p>\n\n\n\n<p>De nombreux rev\u00eatements pour l\u2019int\u00e9rieur contiennent des solvants acides qui d\u00e9gagent des vapeurs hautement toxiques (les COV, ou compos\u00e9s organiques volatils) longtemps apr\u00e8s leur application. Les teintures Purity Interior Gel Stain 0-COV sont fabriqu\u00e9es avec le solvant pr\u00e9f\u00e9r\u00e9 de la nature : l\u2019eau. Leur application est simple et ais\u00e9e, sans projection ni trace de pinceau inesth\u00e9tique.<\/p>\n\n\n\n<p>Les teintures Purity Interior Gel Stain 0-COV sont lavables, r\u00e9sistantes aux rayons ultra-violets et ininflammables. Par ailleurs, elles s\u00e8chent rapidement et se nettoient facilement \u00e0 l\u2019eau et au savon. Les produits Purity Floor, Glacier ou Clear se r\u00e9v\u00e9leront un fini parfait en couche de finition.<\/p>\n","protected":false},"excerpt":{"rendered":"<p>Purity Gel Stain 0-COV de Sansin : teinture en gel p\u00e9n\u00e9trante pour bois d&rsquo;int\u00e9rieur<\/p>\n","protected":false},"featured_media":11332,"template":"","meta":[],"product_brand":[],"product_cat":[85],"product_tag":[],"class_list":{"0":"post-4904","1":"product","2":"type-product","3":"status-publish","4":"has-post-thumbnail","6":"product_cat-produits-fr","7":"","8":"woocommerce-text-align-center","9":"woocommerce-image-align-center","11":"first","12":"instock","13":"shipping-taxable","14":"product-type-simple"},"aioseo_notices":[],"_links":{"self":[{"href":"https:\/\/www.sansin.com\/fr\/wp-json\/wp\/v2\/product\/4904","targetHints":{"allow":["GET"]}}],"collection":[{"href":"https:\/\/www.sansin.com\/fr\/wp-json\/wp\/v2\/product"}],"about":[{"href":"https:\/\/www.sansin.com\/fr\/wp-json\/wp\/v2\/types\/product"}],"wp:featuredmedia":[{"embeddable":true,"href":"https:\/\/www.sansin.com\/fr\/wp-json\/wp\/v2\/media\/11332"}],"wp:attachment":[{"href":"https:\/\/www.sansin.com\/fr\/wp-json\/wp\/v2\/media?parent=4904"}],"wp:term":[{"taxonomy":"product_brand","embeddable":true,"href":"https:\/\/www.sansin.com\/fr\/wp-json\/wp\/v2\/product_brand?post=4904"},{"taxonomy":"product_cat","embeddable":true,"href":"https:\/\/www.sansin.com\/fr\/wp-json\/wp\/v2\/product_cat?post=4904"},{"taxonomy":"product_tag","embeddable":true,"href":"https:\/\/www.sansin.com\/fr\/wp-json\/wp\/v2\/product_tag?post=4904"}],"curies":[{"name":"wp","href":"https:\/\/api.w.org\/{rel}","templated":true}]}}