{"id":4905,"date":"2013-10-29T12:06:20","date_gmt":"2013-10-29T16:06:20","guid":{"rendered":"http:\/\/www.sansin.com\/product\/0-voc-stain-2\/"},"modified":"2024-10-03T14:30:11","modified_gmt":"2024-10-03T18:30:11","slug":"purity-stain","status":"publish","type":"product","link":"https:\/\/www.sansin.com\/fr\/produit\/purity-stain\/","title":{"rendered":"PURITY STAIN"},"content":{"rendered":"\n<h2 class=\"wp-block-heading\">Somptueuse teinture p\u00e9n\u00e9trante pour bois int\u00e9rieur \u00e0 tr\u00e8s faible teneur en COV<\/h2>\n\n\n\n<p>Propos\u00e9 dans un vaste \u00e9ventail de couleurs saisissantes, Purity Interior Stain est con\u00e7u pour p\u00e9n\u00e9trer profond\u00e9ment le bois de mani\u00e8re exceptionnellement durable et esth\u00e9tique. Sp\u00e9cialement destin\u00e9 \u00e0 l\u2019application au pinceau ou au pulv\u00e9risateur, il transformera votre int\u00e9rieur en faisant ressortir \u00e9galement le fil et la richesse de votre bois ainsi que sa couleur.<\/p>\n\n\n\n<p>De nombreux rev\u00eatements pour l\u2019int\u00e9rieur contiennent des solvants acides qui d\u00e9gagent des vapeurs hautement toxiques (les COV, ou compos\u00e9s organiques volatils) longtemps apr\u00e8s leur application. Les teintures Purity Interior Stain \u00e0 faible teneur en COV sont fabriqu\u00e9es avec le solvant pr\u00e9f\u00e9r\u00e9 de la nature : l\u2019eau. Leur application est simple et ais\u00e9e, sans projection ni trace de pinceau inesth\u00e9tique.<\/p>\n\n\n\n<p>Les teintures Purity Interior Stain sont lavables, ininflammables et r\u00e9sistantes aux rayons ultra-violets. Par ailleurs, elles s\u00e8chent rapidement et se nettoient facilement \u00e0 l\u2019eau et au savon. Les produits Purity Floor, Glacier ou Clear donneront un fini parfait en couche de finition.<\/p>\n\n\n\n<h2 class=\"wp-block-heading section-heading\">GALERIE DE PHOTOS<\/h2>\n\n\n\n<hr class=\"wp-block-separator has-css-opacity is-style-default\"\/>\n\n\n\n<figure class=\"wp-block-gallery has-nested-images columns-5 wp-block-gallery-1 is-layout-flex wp-block-gallery-is-layout-flex\">\n<figure class=\"wp-block-image size-large\"><a href=\"https:\/\/www.sansin.com\/wp-content\/uploads\/RiverBay-0voc-stain.jpg\"><img decoding=\"async\" width=\"800\" height=\"600\" data-id=\"22421\" src=\"https:\/\/www.sansin.com\/wp-content\/uploads\/RiverBay-0voc-stain.jpg\" alt=\"River Bay Lakehouse\" class=\"wp-image-22421\" srcset=\"https:\/\/www.sansin.com\/wp-content\/uploads\/RiverBay-0voc-stain.jpg 800w, https:\/\/www.sansin.com\/wp-content\/uploads\/RiverBay-0voc-stain-300x225.jpg 300w, https:\/\/www.sansin.com\/wp-content\/uploads\/RiverBay-0voc-stain-768x576.jpg 768w, https:\/\/www.sansin.com\/wp-content\/uploads\/RiverBay-0voc-stain-150x113.jpg 150w\" sizes=\"(max-width: 800px) 100vw, 800px\" \/><\/a><\/figure>\n\n\n\n<figure class=\"wp-block-image size-large\"><a href=\"https:\/\/www.sansin.com\/wp-content\/uploads\/RiverBay-0voc-stain-2.jpg\"><img decoding=\"async\" width=\"800\" height=\"600\" data-id=\"22423\" src=\"https:\/\/www.sansin.com\/wp-content\/uploads\/RiverBay-0voc-stain-2.jpg\" alt=\"River Bay Lakehouse\" class=\"wp-image-22423\" srcset=\"https:\/\/www.sansin.com\/wp-content\/uploads\/RiverBay-0voc-stain-2.jpg 800w, https:\/\/www.sansin.com\/wp-content\/uploads\/RiverBay-0voc-stain-2-300x225.jpg 300w, https:\/\/www.sansin.com\/wp-content\/uploads\/RiverBay-0voc-stain-2-768x576.jpg 768w, https:\/\/www.sansin.com\/wp-content\/uploads\/RiverBay-0voc-stain-2-150x113.jpg 150w\" sizes=\"(max-width: 800px) 100vw, 800px\" \/><\/a><\/figure>\n\n\n\n<figure class=\"wp-block-image size-large\"><a href=\"https:\/\/www.sansin.com\/wp-content\/uploads\/CATALYST-BUILDING-KP-12-PURITY-STAIN.jpg\"><img decoding=\"async\" width=\"800\" height=\"600\" data-id=\"11368\" src=\"https:\/\/www.sansin.com\/wp-content\/uploads\/CATALYST-BUILDING-KP-12-PURITY-STAIN.jpg\" alt=\"CATALYST BUILDING\" class=\"wp-image-11368\" srcset=\"https:\/\/www.sansin.com\/wp-content\/uploads\/CATALYST-BUILDING-KP-12-PURITY-STAIN.jpg 800w, https:\/\/www.sansin.com\/wp-content\/uploads\/CATALYST-BUILDING-KP-12-PURITY-STAIN-300x225.jpg 300w, https:\/\/www.sansin.com\/wp-content\/uploads\/CATALYST-BUILDING-KP-12-PURITY-STAIN-768x576.jpg 768w, https:\/\/www.sansin.com\/wp-content\/uploads\/CATALYST-BUILDING-KP-12-PURITY-STAIN-150x113.jpg 150w\" sizes=\"(max-width: 800px) 100vw, 800px\" \/><\/a><\/figure>\n\n\n\n<figure class=\"wp-block-image size-large\"><a href=\"https:\/\/www.sansin.com\/wp-content\/uploads\/INT-Stain-loghome2.jpg\"><img decoding=\"async\" width=\"800\" height=\"600\" data-id=\"13101\" src=\"https:\/\/www.sansin.com\/wp-content\/uploads\/INT-Stain-loghome2.jpg\" alt=\"Loghome\" class=\"wp-image-13101\" srcset=\"https:\/\/www.sansin.com\/wp-content\/uploads\/INT-Stain-loghome2.jpg 800w, https:\/\/www.sansin.com\/wp-content\/uploads\/INT-Stain-loghome2-150x113.jpg 150w, https:\/\/www.sansin.com\/wp-content\/uploads\/INT-Stain-loghome2-300x225.jpg 300w, https:\/\/www.sansin.com\/wp-content\/uploads\/INT-Stain-loghome2-768x576.jpg 768w\" sizes=\"(max-width: 800px) 100vw, 800px\" \/><\/a><\/figure>\n\n\n\n<figure class=\"wp-block-image size-large\"><a href=\"https:\/\/www.sansin.com\/wp-content\/uploads\/INT-Stain-loghome1.jpg\"><img decoding=\"async\" width=\"800\" height=\"600\" data-id=\"13169\" src=\"https:\/\/www.sansin.com\/wp-content\/uploads\/INT-Stain-loghome1.jpg\" alt=\"Log home stairs\" class=\"wp-image-13169\" srcset=\"https:\/\/www.sansin.com\/wp-content\/uploads\/INT-Stain-loghome1.jpg 800w, https:\/\/www.sansin.com\/wp-content\/uploads\/INT-Stain-loghome1-150x113.jpg 150w, https:\/\/www.sansin.com\/wp-content\/uploads\/INT-Stain-loghome1-300x225.jpg 300w, https:\/\/www.sansin.com\/wp-content\/uploads\/INT-Stain-loghome1-768x576.jpg 768w\" sizes=\"(max-width: 800px) 100vw, 800px\" \/><\/a><\/figure>\n\n\n\n<figure class=\"wp-block-image size-large\"><a href=\"https:\/\/www.sansin.com\/wp-content\/uploads\/INT-Stain-Bullock2.jpg\"><img decoding=\"async\" width=\"800\" height=\"600\" data-id=\"13105\" src=\"https:\/\/www.sansin.com\/wp-content\/uploads\/INT-Stain-Bullock2.jpg\" alt=\"Bullock\" class=\"wp-image-13105\" srcset=\"https:\/\/www.sansin.com\/wp-content\/uploads\/INT-Stain-Bullock2.jpg 800w, https:\/\/www.sansin.com\/wp-content\/uploads\/INT-Stain-Bullock2-150x113.jpg 150w, https:\/\/www.sansin.com\/wp-content\/uploads\/INT-Stain-Bullock2-300x225.jpg 300w, https:\/\/www.sansin.com\/wp-content\/uploads\/INT-Stain-Bullock2-768x576.jpg 768w\" sizes=\"(max-width: 800px) 100vw, 800px\" \/><\/a><\/figure>\n\n\n\n<figure class=\"wp-block-image size-large\"><a href=\"https:\/\/www.sansin.com\/wp-content\/uploads\/Interior-Stain-and-Classic-Clear-UV-Winnipeg.jpg\"><img decoding=\"async\" width=\"800\" height=\"600\" data-id=\"7057\" src=\"https:\/\/www.sansin.com\/wp-content\/uploads\/Interior-Stain-and-Classic-Clear-UV-Winnipeg.jpg\" alt=\"Interior Stain and Classic Clear UV-Winnipeg\" class=\"wp-image-7057\" srcset=\"https:\/\/www.sansin.com\/wp-content\/uploads\/Interior-Stain-and-Classic-Clear-UV-Winnipeg.jpg 800w, https:\/\/www.sansin.com\/wp-content\/uploads\/Interior-Stain-and-Classic-Clear-UV-Winnipeg-150x113.jpg 150w, https:\/\/www.sansin.com\/wp-content\/uploads\/Interior-Stain-and-Classic-Clear-UV-Winnipeg-300x225.jpg 300w, https:\/\/www.sansin.com\/wp-content\/uploads\/Interior-Stain-and-Classic-Clear-UV-Winnipeg-768x576.jpg 768w\" sizes=\"(max-width: 800px) 100vw, 800px\" \/><\/a><\/figure>\n<\/figure>\n","protected":false},"excerpt":{"rendered":"<p>Purity Stain de Sansin : somptueuse teinture p\u00e9n\u00e9trante pour bois d&rsquo;int\u00e9rieur<\/p>\n","protected":false},"featured_media":8506,"template":"","meta":[],"product_brand":[],"product_cat":[85],"product_tag":[],"class_list":{"0":"post-4905","1":"product","2":"type-product","3":"status-publish","4":"has-post-thumbnail","6":"product_cat-produits-fr","7":"","8":"woocommerce-text-align-center","9":"woocommerce-image-align-center","11":"first","12":"instock","13":"shipping-taxable","14":"product-type-simple"},"aioseo_notices":[],"_links":{"self":[{"href":"https:\/\/www.sansin.com\/fr\/wp-json\/wp\/v2\/product\/4905","targetHints":{"allow":["GET"]}}],"collection":[{"href":"https:\/\/www.sansin.com\/fr\/wp-json\/wp\/v2\/product"}],"about":[{"href":"https:\/\/www.sansin.com\/fr\/wp-json\/wp\/v2\/types\/product"}],"wp:featuredmedia":[{"embeddable":true,"href":"https:\/\/www.sansin.com\/fr\/wp-json\/wp\/v2\/media\/8506"}],"wp:attachment":[{"href":"https:\/\/www.sansin.com\/fr\/wp-json\/wp\/v2\/media?parent=4905"}],"wp:term":[{"taxonomy":"product_brand","embeddable":true,"href":"https:\/\/www.sansin.com\/fr\/wp-json\/wp\/v2\/product_brand?post=4905"},{"taxonomy":"product_cat","embeddable":true,"href":"https:\/\/www.sansin.com\/fr\/wp-json\/wp\/v2\/product_cat?post=4905"},{"taxonomy":"product_tag","embeddable":true,"href":"https:\/\/www.sansin.com\/fr\/wp-json\/wp\/v2\/product_tag?post=4905"}],"curies":[{"name":"wp","href":"https:\/\/api.w.org\/{rel}","templated":true}]}}