{"id":4907,"date":"2013-10-28T17:26:00","date_gmt":"2013-10-28T21:26:00","guid":{"rendered":"http:\/\/www.sansin.com\/product\/purity-clear-2\/"},"modified":"2024-06-21T14:34:22","modified_gmt":"2024-06-21T18:34:22","slug":"purity-clear","status":"publish","type":"product","link":"https:\/\/www.sansin.com\/fr\/produit\/purity-clear\/","title":{"rendered":"PURITY CLEAR"},"content":{"rendered":"\n<h2 class=\"wp-block-heading\">Un fini en deux couches qui r\u00e9v\u00e8le la chaleur naturelle du bois<\/h2>\n\n\n\n<p>Ce rev\u00eatement en deux couches \u00e0 teneur \u00e9lev\u00e9e en mati\u00e8res pulv\u00e9rulentes souligne le ton et le caract\u00e8re naturels de votre bois. Parfait pour les bois l\u00e9g\u00e8rement color\u00e9s comme le pin et le c\u00e8dre, auxquels il faut donner un ton plus doux et plus chaud.<\/p>\n\n\n\n<p>R\u00e9sistant aux rayons ultra-violets, Purity Clear est \u00e9cologique, lavable, \u00e0 faible teneur en COV, riche en mati\u00e8res pulv\u00e9rulentes et ininflammable, et il se nettoie facilement \u00e0 l\u2019eau et au savon. Offert en mat, satin\u00e9 ou lustr\u00e9.<\/p>\n\n\n\n<p>Purity Clear est parfait pour les fen\u00eatres, les plafonds, les murs, les meubles ainsi que pour toute autre surface en bois. Pour renforcer la protection anti-UV ou obtenir une couleur sp\u00e9ciale, optez pour une version pigment\u00e9e de Purity Interior Stain lors de la premi\u00e8re couche.<\/p>\n\n\n\n<h2 class=\"wp-block-heading section-heading\">GALERIE DE PHOTOS<\/h2>\n\n\n\n<hr class=\"wp-block-separator has-css-opacity is-style-default\"\/>\n\n\n\n<figure class=\"wp-block-gallery has-nested-images columns-5 is-cropped wp-block-gallery-1 is-layout-flex wp-block-gallery-is-layout-flex\">\n<figure class=\"wp-block-image size-medium\"><a href=\"https:\/\/www.sansin.com\/wp-content\/uploads\/Doig_River_Clear_2-1.jpg\"><img decoding=\"async\" width=\"300\" height=\"225\" data-id=\"21978\" src=\"https:\/\/www.sansin.com\/wp-content\/uploads\/Doig_River_Clear_2-1-300x225.jpg\" alt=\"Doig River\" class=\"wp-image-21978\" srcset=\"https:\/\/www.sansin.com\/wp-content\/uploads\/Doig_River_Clear_2-1-300x225.jpg 300w, https:\/\/www.sansin.com\/wp-content\/uploads\/Doig_River_Clear_2-1-768x576.jpg 768w, https:\/\/www.sansin.com\/wp-content\/uploads\/Doig_River_Clear_2-1-150x113.jpg 150w, https:\/\/www.sansin.com\/wp-content\/uploads\/Doig_River_Clear_2-1.jpg 800w\" sizes=\"(max-width: 300px) 100vw, 300px\" \/><\/a><\/figure>\n\n\n\n<figure class=\"wp-block-image size-medium\"><a href=\"https:\/\/www.sansin.com\/wp-content\/uploads\/Doig_River_Clear_1-1.jpg\"><img decoding=\"async\" width=\"300\" height=\"225\" data-id=\"21976\" src=\"https:\/\/www.sansin.com\/wp-content\/uploads\/Doig_River_Clear_1-1-300x225.jpg\" alt=\"Doig River\" class=\"wp-image-21976\" srcset=\"https:\/\/www.sansin.com\/wp-content\/uploads\/Doig_River_Clear_1-1-300x225.jpg 300w, https:\/\/www.sansin.com\/wp-content\/uploads\/Doig_River_Clear_1-1-768x576.jpg 768w, https:\/\/www.sansin.com\/wp-content\/uploads\/Doig_River_Clear_1-1-150x113.jpg 150w, https:\/\/www.sansin.com\/wp-content\/uploads\/Doig_River_Clear_1-1.jpg 800w\" sizes=\"(max-width: 300px) 100vw, 300px\" \/><\/a><\/figure>\n\n\n\n<figure class=\"wp-block-image size-medium\"><a href=\"https:\/\/www.sansin.com\/wp-content\/uploads\/INT-Clear-Westshore.jpg\"><img decoding=\"async\" width=\"300\" height=\"225\" data-id=\"13099\" src=\"https:\/\/www.sansin.com\/wp-content\/uploads\/INT-Clear-Westshore-300x225.jpg\" alt=\"Westshore\" class=\"wp-image-13099\" srcset=\"https:\/\/www.sansin.com\/wp-content\/uploads\/INT-Clear-Westshore-300x225.jpg 300w, https:\/\/www.sansin.com\/wp-content\/uploads\/INT-Clear-Westshore-150x113.jpg 150w, https:\/\/www.sansin.com\/wp-content\/uploads\/INT-Clear-Westshore-768x576.jpg 768w, https:\/\/www.sansin.com\/wp-content\/uploads\/INT-Clear-Westshore.jpg 800w\" sizes=\"(max-width: 300px) 100vw, 300px\" \/><\/a><\/figure>\n\n\n\n<figure class=\"wp-block-image size-medium\"><a href=\"https:\/\/www.sansin.com\/wp-content\/uploads\/DPR-CONSTRUCTION-PURITY-INTERIOR-WIDE.jpg\"><img decoding=\"async\" width=\"300\" height=\"169\" data-id=\"9972\" src=\"https:\/\/www.sansin.com\/wp-content\/uploads\/DPR-CONSTRUCTION-PURITY-INTERIOR-WIDE-300x169.jpg\" alt=\"Sansin Purity Interior Clear\" class=\"wp-image-9972\" srcset=\"https:\/\/www.sansin.com\/wp-content\/uploads\/DPR-CONSTRUCTION-PURITY-INTERIOR-WIDE-300x169.jpg 300w, https:\/\/www.sansin.com\/wp-content\/uploads\/DPR-CONSTRUCTION-PURITY-INTERIOR-WIDE-150x84.jpg 150w, https:\/\/www.sansin.com\/wp-content\/uploads\/DPR-CONSTRUCTION-PURITY-INTERIOR-WIDE-768x432.jpg 768w, https:\/\/www.sansin.com\/wp-content\/uploads\/DPR-CONSTRUCTION-PURITY-INTERIOR-WIDE.jpg 1000w\" sizes=\"(max-width: 300px) 100vw, 300px\" \/><\/a><\/figure>\n\n\n\n<figure class=\"wp-block-image size-medium\"><a href=\"https:\/\/www.sansin.com\/wp-content\/uploads\/Purity-Interior-Stain-Clear.jpg\"><img decoding=\"async\" width=\"300\" height=\"225\" data-id=\"4645\" src=\"https:\/\/www.sansin.com\/wp-content\/uploads\/Purity-Interior-Stain-Clear-300x225.jpg\" alt=\"Purity Stain\" class=\"wp-image-4645\" srcset=\"https:\/\/www.sansin.com\/wp-content\/uploads\/Purity-Interior-Stain-Clear-300x225.jpg 300w, https:\/\/www.sansin.com\/wp-content\/uploads\/Purity-Interior-Stain-Clear-150x113.jpg 150w, https:\/\/www.sansin.com\/wp-content\/uploads\/Purity-Interior-Stain-Clear.jpg 800w\" sizes=\"(max-width: 300px) 100vw, 300px\" \/><\/a><\/figure>\n<\/figure>\n","protected":false},"excerpt":{"rendered":"<p>Purity Clear de Sansin : fini en deux couches qui r\u00e9v\u00e8le la chaleur naturelle du bois<\/p>\n","protected":false},"featured_media":17703,"template":"","meta":[],"product_brand":[],"product_cat":[85],"product_tag":[],"class_list":{"0":"post-4907","1":"product","2":"type-product","3":"status-publish","4":"has-post-thumbnail","6":"product_cat-produits-fr","7":"","8":"woocommerce-text-align-center","9":"woocommerce-image-align-center","11":"first","12":"instock","13":"shipping-taxable","14":"product-type-simple"},"aioseo_notices":[],"_links":{"self":[{"href":"https:\/\/www.sansin.com\/fr\/wp-json\/wp\/v2\/product\/4907","targetHints":{"allow":["GET"]}}],"collection":[{"href":"https:\/\/www.sansin.com\/fr\/wp-json\/wp\/v2\/product"}],"about":[{"href":"https:\/\/www.sansin.com\/fr\/wp-json\/wp\/v2\/types\/product"}],"wp:featuredmedia":[{"embeddable":true,"href":"https:\/\/www.sansin.com\/fr\/wp-json\/wp\/v2\/media\/17703"}],"wp:attachment":[{"href":"https:\/\/www.sansin.com\/fr\/wp-json\/wp\/v2\/media?parent=4907"}],"wp:term":[{"taxonomy":"product_brand","embeddable":true,"href":"https:\/\/www.sansin.com\/fr\/wp-json\/wp\/v2\/product_brand?post=4907"},{"taxonomy":"product_cat","embeddable":true,"href":"https:\/\/www.sansin.com\/fr\/wp-json\/wp\/v2\/product_cat?post=4907"},{"taxonomy":"product_tag","embeddable":true,"href":"https:\/\/www.sansin.com\/fr\/wp-json\/wp\/v2\/product_tag?post=4907"}],"curies":[{"name":"wp","href":"https:\/\/api.w.org\/{rel}","templated":true}]}}