{"id":4908,"date":"2013-10-28T22:57:29","date_gmt":"2013-10-29T02:57:29","guid":{"rendered":"http:\/\/www.sansin.com\/product\/purity-floor-2\/"},"modified":"2024-06-21T14:42:44","modified_gmt":"2024-06-21T18:42:44","slug":"purity-floor","status":"publish","type":"product","link":"https:\/\/www.sansin.com\/fr\/produit\/purity-floor\/","title":{"rendered":"PURITY FLOOR"},"content":{"rendered":"\n<h2 class=\"wp-block-heading\">Rev\u00eatement ultra-r\u00e9sistant pour planchers, de cat\u00e9gorie gymnase<\/h2>\n\n\n\n<p>Purity Floor fait ressortir le ton et le caract\u00e8re naturel de vos planchers en bois. Durable et r\u00e9sistant aux produits chimiques et aux \u00e9gratignures, il est ce qui se fait de mieux en mati\u00e8re d\u2019esth\u00e9tique et de protection des surfaces en bois de toutes les essences, y compris de bois tendres comme le pin. Propos\u00e9 en lustre satin\u00e9 ou brillant, Purity Floor met en valeur le fil et la personnalit\u00e9 des planchers.<\/p>\n\n\n\n<p>Quelle que soit votre exp\u00e9rience, vous parviendrez facilement \u00e0 un fini de qualit\u00e9 professionnelle. Au cours de l\u2019application, Purity Floor s\u2019\u00e9tire extr\u00eamement bien, cr\u00e9e rapidement une protection et s\u00e8che en un fini lisse et impeccable. Et puisqu\u2019il se nettoie \u00e0 l\u2019eau et au savon, rien de plus facile que de faire le m\u00e9nage une fois le projet termin\u00e9. Purity Floor est r\u00e9sistant aux rayons ultra-violets, lavable, \u00e9cologique et pauvre en COV.<\/p>\n\n\n\n<p>Pour renforcer la protection anti-UV ou obtenir une couleur sp\u00e9ciale, optez pour une version pigment\u00e9e de Purity Interior Stain lors de la premi\u00e8re couche.<\/p>\n\n\n\n<h2 class=\"wp-block-heading section-heading\">GALERIE DE PHOTOS<\/h2>\n\n\n\n<hr class=\"wp-block-separator has-css-opacity is-style-default\"\/>\n\n\n\n<figure class=\"wp-block-gallery has-nested-images columns-6 is-cropped wp-block-gallery-1 is-layout-flex wp-block-gallery-is-layout-flex\">\n<figure class=\"wp-block-image size-medium\"><a href=\"https:\/\/www.sansin.com\/wp-content\/uploads\/FoundersHall__01_RT-PURITY-FLOOR.jpg\"><img decoding=\"async\" width=\"300\" height=\"225\" data-id=\"20863\" src=\"https:\/\/www.sansin.com\/wp-content\/uploads\/FoundersHall__01_RT-PURITY-FLOOR-300x225.jpg\" alt=\"Project of the Month Feb 2024 image 1\" class=\"wp-image-20863\" srcset=\"https:\/\/www.sansin.com\/wp-content\/uploads\/FoundersHall__01_RT-PURITY-FLOOR-300x225.jpg 300w, https:\/\/www.sansin.com\/wp-content\/uploads\/FoundersHall__01_RT-PURITY-FLOOR-768x576.jpg 768w, https:\/\/www.sansin.com\/wp-content\/uploads\/FoundersHall__01_RT-PURITY-FLOOR-150x113.jpg 150w, https:\/\/www.sansin.com\/wp-content\/uploads\/FoundersHall__01_RT-PURITY-FLOOR.jpg 800w\" sizes=\"(max-width: 300px) 100vw, 300px\" \/><\/a><\/figure>\n\n\n\n<figure class=\"wp-block-image size-medium\"><a href=\"https:\/\/www.sansin.com\/wp-content\/uploads\/FoundersHall__02_RT-PURITY-FLOOR.jpg\"><img decoding=\"async\" width=\"300\" height=\"225\" data-id=\"20867\" src=\"https:\/\/www.sansin.com\/wp-content\/uploads\/FoundersHall__02_RT-PURITY-FLOOR-300x225.jpg\" alt=\"Project of the Month Feb 2024 image 2\" class=\"wp-image-20867\" srcset=\"https:\/\/www.sansin.com\/wp-content\/uploads\/FoundersHall__02_RT-PURITY-FLOOR-300x225.jpg 300w, https:\/\/www.sansin.com\/wp-content\/uploads\/FoundersHall__02_RT-PURITY-FLOOR-768x576.jpg 768w, https:\/\/www.sansin.com\/wp-content\/uploads\/FoundersHall__02_RT-PURITY-FLOOR-150x113.jpg 150w, https:\/\/www.sansin.com\/wp-content\/uploads\/FoundersHall__02_RT-PURITY-FLOOR.jpg 800w\" sizes=\"(max-width: 300px) 100vw, 300px\" \/><\/a><\/figure>\n\n\n\n<figure class=\"wp-block-image size-medium\"><a href=\"https:\/\/www.sansin.com\/wp-content\/uploads\/FoundersHall__03_RT-PURITY-FLOOR.jpg\"><img decoding=\"async\" width=\"300\" height=\"225\" data-id=\"20871\" src=\"https:\/\/www.sansin.com\/wp-content\/uploads\/FoundersHall__03_RT-PURITY-FLOOR-300x225.jpg\" alt=\"Project of the Month Feb 2024 image 3\" class=\"wp-image-20871\" srcset=\"https:\/\/www.sansin.com\/wp-content\/uploads\/FoundersHall__03_RT-PURITY-FLOOR-300x225.jpg 300w, https:\/\/www.sansin.com\/wp-content\/uploads\/FoundersHall__03_RT-PURITY-FLOOR-768x576.jpg 768w, https:\/\/www.sansin.com\/wp-content\/uploads\/FoundersHall__03_RT-PURITY-FLOOR-150x113.jpg 150w, https:\/\/www.sansin.com\/wp-content\/uploads\/FoundersHall__03_RT-PURITY-FLOOR.jpg 800w\" sizes=\"(max-width: 300px) 100vw, 300px\" \/><\/a><\/figure>\n\n\n\n<figure class=\"wp-block-image size-medium\"><a href=\"https:\/\/www.sansin.com\/wp-content\/uploads\/INT-Floor-UBC.jpg\"><img decoding=\"async\" width=\"300\" height=\"225\" data-id=\"13095\" src=\"https:\/\/www.sansin.com\/wp-content\/uploads\/INT-Floor-UBC-300x225.jpg\" alt=\"UBC Floor\" class=\"wp-image-13095\" srcset=\"https:\/\/www.sansin.com\/wp-content\/uploads\/INT-Floor-UBC-300x225.jpg 300w, https:\/\/www.sansin.com\/wp-content\/uploads\/INT-Floor-UBC-150x113.jpg 150w, https:\/\/www.sansin.com\/wp-content\/uploads\/INT-Floor-UBC-768x576.jpg 768w, https:\/\/www.sansin.com\/wp-content\/uploads\/INT-Floor-UBC.jpg 800w\" sizes=\"(max-width: 300px) 100vw, 300px\" \/><\/a><\/figure>\n\n\n\n<figure class=\"wp-block-image size-medium\"><a href=\"https:\/\/www.sansin.com\/wp-content\/uploads\/Home_Floor-Satin.jpg\"><img decoding=\"async\" width=\"300\" height=\"225\" data-id=\"6469\" src=\"https:\/\/www.sansin.com\/wp-content\/uploads\/Home_Floor-Satin-300x225.jpg\" alt=\"Satin Floor\" class=\"wp-image-6469\" srcset=\"https:\/\/www.sansin.com\/wp-content\/uploads\/Home_Floor-Satin-300x225.jpg 300w, https:\/\/www.sansin.com\/wp-content\/uploads\/Home_Floor-Satin-150x113.jpg 150w, https:\/\/www.sansin.com\/wp-content\/uploads\/Home_Floor-Satin.jpg 800w\" sizes=\"(max-width: 300px) 100vw, 300px\" \/><\/a><\/figure>\n\n\n\n<figure class=\"wp-block-image size-medium\"><a href=\"https:\/\/www.sansin.com\/wp-content\/uploads\/INT-Floor-loghome3.jpg\"><img decoding=\"async\" width=\"300\" height=\"225\" data-id=\"13471\" src=\"https:\/\/www.sansin.com\/wp-content\/uploads\/INT-Floor-loghome3-300x225.jpg\" alt=\"Log home floor\" class=\"wp-image-13471\" srcset=\"https:\/\/www.sansin.com\/wp-content\/uploads\/INT-Floor-loghome3-300x225.jpg 300w, https:\/\/www.sansin.com\/wp-content\/uploads\/INT-Floor-loghome3-150x113.jpg 150w, https:\/\/www.sansin.com\/wp-content\/uploads\/INT-Floor-loghome3-768x576.jpg 768w, https:\/\/www.sansin.com\/wp-content\/uploads\/INT-Floor-loghome3.jpg 800w\" sizes=\"(max-width: 300px) 100vw, 300px\" \/><\/a><\/figure>\n<\/figure>\n","protected":false},"excerpt":{"rendered":"<p>Purity Floor de Sansin : rev\u00eatement ultra-r\u00e9sistant pour planchers, de cat\u00e9gorie gymnase.<\/p>\n","protected":false},"featured_media":8504,"template":"","meta":[],"product_brand":[],"product_cat":[85],"product_tag":[],"class_list":{"0":"post-4908","1":"product","2":"type-product","3":"status-publish","4":"has-post-thumbnail","6":"product_cat-produits-fr","7":"","8":"woocommerce-text-align-center","9":"woocommerce-image-align-center","11":"first","12":"instock","13":"shipping-taxable","14":"product-type-simple"},"aioseo_notices":[],"_links":{"self":[{"href":"https:\/\/www.sansin.com\/fr\/wp-json\/wp\/v2\/product\/4908","targetHints":{"allow":["GET"]}}],"collection":[{"href":"https:\/\/www.sansin.com\/fr\/wp-json\/wp\/v2\/product"}],"about":[{"href":"https:\/\/www.sansin.com\/fr\/wp-json\/wp\/v2\/types\/product"}],"wp:featuredmedia":[{"embeddable":true,"href":"https:\/\/www.sansin.com\/fr\/wp-json\/wp\/v2\/media\/8504"}],"wp:attachment":[{"href":"https:\/\/www.sansin.com\/fr\/wp-json\/wp\/v2\/media?parent=4908"}],"wp:term":[{"taxonomy":"product_brand","embeddable":true,"href":"https:\/\/www.sansin.com\/fr\/wp-json\/wp\/v2\/product_brand?post=4908"},{"taxonomy":"product_cat","embeddable":true,"href":"https:\/\/www.sansin.com\/fr\/wp-json\/wp\/v2\/product_cat?post=4908"},{"taxonomy":"product_tag","embeddable":true,"href":"https:\/\/www.sansin.com\/fr\/wp-json\/wp\/v2\/product_tag?post=4908"}],"curies":[{"name":"wp","href":"https:\/\/api.w.org\/{rel}","templated":true}]}}