{"id":4910,"date":"2013-10-28T23:15:31","date_gmt":"2013-10-29T03:15:31","guid":{"rendered":"http:\/\/www.sansin.com\/product\/purity-glacier-2\/"},"modified":"2024-06-21T15:01:43","modified_gmt":"2024-06-21T19:01:43","slug":"purity-glacier","status":"publish","type":"product","link":"https:\/\/www.sansin.com\/fr\/produit\/purity-glacier\/","title":{"rendered":"PURITY GLACIER"},"content":{"rendered":"\n<h2 class=\"wp-block-heading\">Un rev\u00eatement transparent pour les surfaces int\u00e9rieures en bois expos\u00e9es \u00e0 l&rsquo;usure. <\/h2>\n\n\n\n<p>Si vous avez besoin d\u2019un rev\u00eatement robuste qui ne jaunit pas et qui reproduit la beaut\u00e9 et la transparence du verre, optez pour Purity Glacier. Id\u00e9al pour les surfaces expos\u00e9es \u00e0 l\u2019usure comme les armoires, les \u00e9tag\u00e8res, les portes, les meubles et m\u00eame les sols, Purity Glacier se d\u00e9cline en versions transparentes ou opaques. Purity Glacier donne un fini laqu\u00e9 qui surpasse tous les crit\u00e8res de la KCMA et red\u00e9finit le charme de votre bois en ajoutant \u00e0 son caract\u00e8re et \u00e0 sa dimension.<\/p>\n\n\n\n<p>R\u00e9sistant aux rayons ultra-violets, Purity Glacier est \u00e9cologique, lavable, pauvre en COV, riche en mati\u00e8res pulv\u00e9rulentes, ininflammable, et il se nettoie facilement \u00e0 l\u2019eau et au savon. Offert en mat, satin\u00e9 et lustr\u00e9.<\/p>\n\n\n\n<p>Pour renforcer la protection anti-UV ou pour obtenir une couleur sp\u00e9ciale, optez pour une version pigment\u00e9e de Purity Interior Stain lors de la premi\u00e8re couche.<\/p>\n\n\n\n<h2 class=\"wp-block-heading section-heading\">GALERIE DE PHOTOS<\/h2>\n\n\n\n<hr class=\"wp-block-separator has-css-opacity is-style-default\"\/>\n\n\n\n<figure class=\"wp-block-gallery has-nested-images columns-6 is-cropped wp-block-gallery-1 is-layout-flex wp-block-gallery-is-layout-flex\">\n<figure class=\"wp-block-image\"><a href=\"https:\/\/www.sansin.com\/wp-content\/uploads\/Lakefront-Home-Glacier-2jpg.jpg\"><img decoding=\"async\" width=\"800\" height=\"600\" data-id=\"22071\" src=\"https:\/\/www.sansin.com\/wp-content\/uploads\/Lakefront-Home-Glacier-2jpg.jpg\" alt=\"Lakefront Home Glacier image 3\" class=\"wp-image-22071\" srcset=\"https:\/\/www.sansin.com\/wp-content\/uploads\/Lakefront-Home-Glacier-2jpg.jpg 800w, https:\/\/www.sansin.com\/wp-content\/uploads\/Lakefront-Home-Glacier-2jpg-300x225.jpg 300w, https:\/\/www.sansin.com\/wp-content\/uploads\/Lakefront-Home-Glacier-2jpg-768x576.jpg 768w, https:\/\/www.sansin.com\/wp-content\/uploads\/Lakefront-Home-Glacier-2jpg-150x113.jpg 150w\" sizes=\"(max-width: 800px) 100vw, 800px\" \/><\/a><\/figure>\n\n\n\n<figure class=\"wp-block-image\"><a href=\"https:\/\/www.sansin.com\/wp-content\/uploads\/Lakefront-Home-Glacier-1.jpg\"><img decoding=\"async\" width=\"800\" height=\"600\" data-id=\"22069\" src=\"https:\/\/www.sansin.com\/wp-content\/uploads\/Lakefront-Home-Glacier-1.jpg\" alt=\"Lakefront Home Glacier image 2\" class=\"wp-image-22069\" srcset=\"https:\/\/www.sansin.com\/wp-content\/uploads\/Lakefront-Home-Glacier-1.jpg 800w, https:\/\/www.sansin.com\/wp-content\/uploads\/Lakefront-Home-Glacier-1-300x225.jpg 300w, https:\/\/www.sansin.com\/wp-content\/uploads\/Lakefront-Home-Glacier-1-768x576.jpg 768w, https:\/\/www.sansin.com\/wp-content\/uploads\/Lakefront-Home-Glacier-1-150x113.jpg 150w\" sizes=\"(max-width: 800px) 100vw, 800px\" \/><\/a><\/figure>\n\n\n\n<figure class=\"wp-block-image\"><a href=\"https:\/\/www.sansin.com\/wp-content\/uploads\/Lakefront-Home-Glacier.jpg\"><img decoding=\"async\" width=\"800\" height=\"600\" data-id=\"22067\" src=\"https:\/\/www.sansin.com\/wp-content\/uploads\/Lakefront-Home-Glacier.jpg\" alt=\"Lakefront Home Glacier image 1\" class=\"wp-image-22067\" srcset=\"https:\/\/www.sansin.com\/wp-content\/uploads\/Lakefront-Home-Glacier.jpg 800w, https:\/\/www.sansin.com\/wp-content\/uploads\/Lakefront-Home-Glacier-300x225.jpg 300w, https:\/\/www.sansin.com\/wp-content\/uploads\/Lakefront-Home-Glacier-768x576.jpg 768w, https:\/\/www.sansin.com\/wp-content\/uploads\/Lakefront-Home-Glacier-150x113.jpg 150w\" sizes=\"(max-width: 800px) 100vw, 800px\" \/><\/a><\/figure>\n\n\n\n<figure class=\"wp-block-image size-medium\"><a href=\"https:\/\/www.sansin.com\/wp-content\/uploads\/CAMM_MicroChalet-Glacier-1.jpg\"><img decoding=\"async\" width=\"300\" height=\"225\" data-id=\"21709\" src=\"https:\/\/www.sansin.com\/wp-content\/uploads\/CAMM_MicroChalet-Glacier-1-300x225.jpg\" alt=\"April 2024 POTM image\" class=\"wp-image-21709\" srcset=\"https:\/\/www.sansin.com\/wp-content\/uploads\/CAMM_MicroChalet-Glacier-1-300x225.jpg 300w, https:\/\/www.sansin.com\/wp-content\/uploads\/CAMM_MicroChalet-Glacier-1-768x576.jpg 768w, https:\/\/www.sansin.com\/wp-content\/uploads\/CAMM_MicroChalet-Glacier-1-150x113.jpg 150w, https:\/\/www.sansin.com\/wp-content\/uploads\/CAMM_MicroChalet-Glacier-1.jpg 800w\" sizes=\"(max-width: 300px) 100vw, 300px\" \/><\/a><\/figure>\n\n\n\n<figure class=\"wp-block-image size-medium\"><a href=\"https:\/\/www.sansin.com\/wp-content\/uploads\/INT-Glacier-modernhome1.jpg\"><img decoding=\"async\" width=\"300\" height=\"225\" data-id=\"13110\" src=\"https:\/\/www.sansin.com\/wp-content\/uploads\/INT-Glacier-modernhome1-300x225.jpg\" alt=\"Glacier\" class=\"wp-image-13110\" srcset=\"https:\/\/www.sansin.com\/wp-content\/uploads\/INT-Glacier-modernhome1-300x225.jpg 300w, https:\/\/www.sansin.com\/wp-content\/uploads\/INT-Glacier-modernhome1-150x113.jpg 150w, https:\/\/www.sansin.com\/wp-content\/uploads\/INT-Glacier-modernhome1-768x576.jpg 768w, https:\/\/www.sansin.com\/wp-content\/uploads\/INT-Glacier-modernhome1.jpg 800w\" sizes=\"(max-width: 300px) 100vw, 300px\" \/><\/a><\/figure>\n\n\n\n<figure class=\"wp-block-image size-medium\"><a href=\"https:\/\/www.sansin.com\/wp-content\/uploads\/Moore-Home_Stain-Glacier.jpg\"><img decoding=\"async\" width=\"300\" height=\"225\" data-id=\"4644\" src=\"https:\/\/www.sansin.com\/wp-content\/uploads\/Moore-Home_Stain-Glacier-300x225.jpg\" alt=\"Moore Home\" class=\"wp-image-4644\" srcset=\"https:\/\/www.sansin.com\/wp-content\/uploads\/Moore-Home_Stain-Glacier-300x225.jpg 300w, https:\/\/www.sansin.com\/wp-content\/uploads\/Moore-Home_Stain-Glacier-150x113.jpg 150w, https:\/\/www.sansin.com\/wp-content\/uploads\/Moore-Home_Stain-Glacier.jpg 800w\" sizes=\"(max-width: 300px) 100vw, 300px\" \/><\/a><\/figure>\n\n\n\n<figure class=\"wp-block-image size-medium\"><a href=\"https:\/\/www.sansin.com\/wp-content\/uploads\/Interior-Stain-Clear_2.jpg\"><img decoding=\"async\" width=\"300\" height=\"225\" data-id=\"13546\" src=\"https:\/\/www.sansin.com\/wp-content\/uploads\/Interior-Stain-Clear_2-300x225.jpg\" alt=\"Interior Stain\" class=\"wp-image-13546\" srcset=\"https:\/\/www.sansin.com\/wp-content\/uploads\/Interior-Stain-Clear_2-300x225.jpg 300w, https:\/\/www.sansin.com\/wp-content\/uploads\/Interior-Stain-Clear_2-150x113.jpg 150w, https:\/\/www.sansin.com\/wp-content\/uploads\/Interior-Stain-Clear_2-768x576.jpg 768w, https:\/\/www.sansin.com\/wp-content\/uploads\/Interior-Stain-Clear_2.jpg 800w\" sizes=\"(max-width: 300px) 100vw, 300px\" \/><\/a><\/figure>\n\n\n\n<figure class=\"wp-block-image size-medium\"><a href=\"https:\/\/www.sansin.com\/wp-content\/uploads\/Interior-Stain-Clear.jpg\"><img decoding=\"async\" width=\"300\" height=\"225\" data-id=\"4642\" src=\"https:\/\/www.sansin.com\/wp-content\/uploads\/Interior-Stain-Clear-300x225.jpg\" alt=\"Purity Stain and Glacier\" class=\"wp-image-4642\" srcset=\"https:\/\/www.sansin.com\/wp-content\/uploads\/Interior-Stain-Clear-300x225.jpg 300w, https:\/\/www.sansin.com\/wp-content\/uploads\/Interior-Stain-Clear-150x113.jpg 150w, https:\/\/www.sansin.com\/wp-content\/uploads\/Interior-Stain-Clear.jpg 800w\" sizes=\"(max-width: 300px) 100vw, 300px\" \/><\/a><\/figure>\n<\/figure>\n","protected":false},"excerpt":{"rendered":"<p>Purity Glacier de Sansin : un rev\u00eatement transparent pour les surfaces int\u00e9rieures en bois expos\u00e9es \u00e0 l&rsquo;usure.<\/p>\n","protected":false},"featured_media":8505,"template":"","meta":[],"product_brand":[],"product_cat":[85],"product_tag":[],"class_list":{"0":"post-4910","1":"product","2":"type-product","3":"status-publish","4":"has-post-thumbnail","6":"product_cat-produits-fr","7":"","8":"woocommerce-text-align-center","9":"woocommerce-image-align-center","11":"first","12":"instock","13":"shipping-taxable","14":"product-type-simple"},"aioseo_notices":[],"_links":{"self":[{"href":"https:\/\/www.sansin.com\/fr\/wp-json\/wp\/v2\/product\/4910","targetHints":{"allow":["GET"]}}],"collection":[{"href":"https:\/\/www.sansin.com\/fr\/wp-json\/wp\/v2\/product"}],"about":[{"href":"https:\/\/www.sansin.com\/fr\/wp-json\/wp\/v2\/types\/product"}],"wp:featuredmedia":[{"embeddable":true,"href":"https:\/\/www.sansin.com\/fr\/wp-json\/wp\/v2\/media\/8505"}],"wp:attachment":[{"href":"https:\/\/www.sansin.com\/fr\/wp-json\/wp\/v2\/media?parent=4910"}],"wp:term":[{"taxonomy":"product_brand","embeddable":true,"href":"https:\/\/www.sansin.com\/fr\/wp-json\/wp\/v2\/product_brand?post=4910"},{"taxonomy":"product_cat","embeddable":true,"href":"https:\/\/www.sansin.com\/fr\/wp-json\/wp\/v2\/product_cat?post=4910"},{"taxonomy":"product_tag","embeddable":true,"href":"https:\/\/www.sansin.com\/fr\/wp-json\/wp\/v2\/product_tag?post=4910"}],"curies":[{"name":"wp","href":"https:\/\/api.w.org\/{rel}","templated":true}]}}