{"id":4912,"date":"2013-10-29T11:58:27","date_gmt":"2013-10-29T15:58:27","guid":{"rendered":"http:\/\/www.sansin.com\/product\/purity-natures-oil-2\/"},"modified":"2022-01-19T18:21:35","modified_gmt":"2022-01-19T23:21:35","slug":"purity-natures-oil","status":"publish","type":"product","link":"https:\/\/www.sansin.com\/fr\/produit\/purity-natures-oil\/","title":{"rendered":"PURITY NATURE&rsquo;S OIL"},"content":{"rendered":"\n<h2 class=\"wp-block-heading\">Huile p\u00e9n\u00e9trante pour les armoires et les int\u00e9rieurs.<\/h2>\n\n\n\n<p>Pour donner un fini naturel \u00e0 votre int\u00e9rieur, choisissez Nature\u2019s Oil. Quoi de plus chaud ou de plus invitant que la sensation du bois poli \u00e0 la main? Il suffit d\u2019appliquer cette huile p\u00e9n\u00e9trante en une seule couche et de polir votre bois pour obtenir un lustre riche et uniforme qui r\u00e9v\u00e8le son fil et son caract\u00e8re.<\/p>\n\n\n\n<p>Purity Nature\u2019s Oil est \u00e9cologique, pauvre en COV, riche en mati\u00e8res pulv\u00e9rulentes et ininflammable.<\/p>\n\n\n\n<p>Gr\u00e2ce \u00e0 son temps de reprise, vous pouvez le travailler longtemps, jusqu\u2019\u00e0 obtenir l\u2019aspect souhait\u00e9. Il est possible d\u2019appliquer une deuxi\u00e8me couche de Nature\u2019s Oil \u00e0 tout moment pour entretenir le lustre mat du bois.<\/p>\n\n\n\n<h2 class=\"section-heading wp-block-heading\">GALERIE DE PHOTOS<\/h2>\n\n\n\n<hr class=\"wp-block-separator is-style-default\"\/>\n\n\n\n<div class=\"wp-block-columns is-layout-flex wp-container-core-columns-is-layout-9d6595d7 wp-block-columns-is-layout-flex\">\n<div class=\"wp-block-column is-layout-flow wp-block-column-is-layout-flow\">\n<figure class=\"wp-block-gallery columns-3 wp-block-gallery-1 is-layout-flex wp-block-gallery-is-layout-flex\"><ul class=\"blocks-gallery-grid\"><li class=\"blocks-gallery-item\"><figure><a href=\"https:\/\/www.sansin.com\/wp-content\/uploads\/ETerra-Study_NaturesOil.jpg\"><img decoding=\"async\" width=\"800\" height=\"600\" src=\"https:\/\/www.sansin.com\/wp-content\/uploads\/ETerra-Study_NaturesOil.jpg\" alt=\"E'Terra Study_NaturesOil\" data-id=\"11584\" data-full-url=\"https:\/\/www.sansin.com\/wp-content\/uploads\/ETerra-Study_NaturesOil.jpg\" data-link=\"https:\/\/www.sansin.com\/?attachment_id=11584#main\" class=\"wp-image-11585\" srcset=\"https:\/\/www.sansin.com\/wp-content\/uploads\/ETerra-Study_NaturesOil.jpg 800w, https:\/\/www.sansin.com\/wp-content\/uploads\/ETerra-Study_NaturesOil-300x225.jpg 300w, https:\/\/www.sansin.com\/wp-content\/uploads\/ETerra-Study_NaturesOil-768x576.jpg 768w, https:\/\/www.sansin.com\/wp-content\/uploads\/ETerra-Study_NaturesOil-150x113.jpg 150w\" sizes=\"(max-width: 800px) 100vw, 800px\" \/><\/a><\/figure><\/li><li class=\"blocks-gallery-item\"><figure><a href=\"https:\/\/www.sansin.com\/wp-content\/uploads\/Silva-PrivateHome-UK-NatOil.jpg\"><img decoding=\"async\" width=\"800\" height=\"600\" src=\"https:\/\/www.sansin.com\/wp-content\/uploads\/Silva-PrivateHome-UK-NatOil.jpg\" alt=\"Private Home UK - Natural Oil\" data-id=\"11586\" data-full-url=\"https:\/\/www.sansin.com\/wp-content\/uploads\/Silva-PrivateHome-UK-NatOil.jpg\" data-link=\"https:\/\/www.sansin.com\/?attachment_id=11586#main\" class=\"wp-image-11587\" srcset=\"https:\/\/www.sansin.com\/wp-content\/uploads\/Silva-PrivateHome-UK-NatOil.jpg 800w, https:\/\/www.sansin.com\/wp-content\/uploads\/Silva-PrivateHome-UK-NatOil-300x225.jpg 300w, https:\/\/www.sansin.com\/wp-content\/uploads\/Silva-PrivateHome-UK-NatOil-768x576.jpg 768w, https:\/\/www.sansin.com\/wp-content\/uploads\/Silva-PrivateHome-UK-NatOil-150x113.jpg 150w\" sizes=\"(max-width: 800px) 100vw, 800px\" \/><\/a><\/figure><\/li><li class=\"blocks-gallery-item\"><figure><a href=\"https:\/\/www.sansin.com\/wp-content\/uploads\/Silva-PrivateHome-UK-NatOil-3.jpg\"><img decoding=\"async\" width=\"800\" height=\"600\" src=\"https:\/\/www.sansin.com\/wp-content\/uploads\/Silva-PrivateHome-UK-NatOil-3.jpg\" alt=\"Private Home UK Nature's Oil 3\" data-id=\"11588\" data-full-url=\"https:\/\/www.sansin.com\/wp-content\/uploads\/Silva-PrivateHome-UK-NatOil-3.jpg\" data-link=\"https:\/\/www.sansin.com\/?attachment_id=11588#main\" class=\"wp-image-11589\" srcset=\"https:\/\/www.sansin.com\/wp-content\/uploads\/Silva-PrivateHome-UK-NatOil-3.jpg 800w, https:\/\/www.sansin.com\/wp-content\/uploads\/Silva-PrivateHome-UK-NatOil-3-300x225.jpg 300w, https:\/\/www.sansin.com\/wp-content\/uploads\/Silva-PrivateHome-UK-NatOil-3-768x576.jpg 768w, https:\/\/www.sansin.com\/wp-content\/uploads\/Silva-PrivateHome-UK-NatOil-3-150x113.jpg 150w\" sizes=\"(max-width: 800px) 100vw, 800px\" \/><\/a><\/figure><\/li><\/ul><\/figure>\n<\/div>\n\n\n\n<div class=\"wp-block-column is-layout-flow wp-block-column-is-layout-flow\"><\/div>\n<\/div>\n","protected":false},"excerpt":{"rendered":"<p>Purity Nature&rsquo;s Oil de Sansin : huile p\u00e9n\u00e9trante pour les armoires et les int\u00e9rieurs.<\/p>\n","protected":false},"featured_media":11330,"template":"","meta":[],"product_brand":[],"product_cat":[85],"product_tag":[],"class_list":{"0":"post-4912","1":"product","2":"type-product","3":"status-publish","4":"has-post-thumbnail","6":"product_cat-produits-fr","7":"","8":"woocommerce-text-align-center","9":"woocommerce-image-align-center","11":"first","12":"instock","13":"shipping-taxable","14":"product-type-simple"},"aioseo_notices":[],"_links":{"self":[{"href":"https:\/\/www.sansin.com\/fr\/wp-json\/wp\/v2\/product\/4912","targetHints":{"allow":["GET"]}}],"collection":[{"href":"https:\/\/www.sansin.com\/fr\/wp-json\/wp\/v2\/product"}],"about":[{"href":"https:\/\/www.sansin.com\/fr\/wp-json\/wp\/v2\/types\/product"}],"wp:featuredmedia":[{"embeddable":true,"href":"https:\/\/www.sansin.com\/fr\/wp-json\/wp\/v2\/media\/11330"}],"wp:attachment":[{"href":"https:\/\/www.sansin.com\/fr\/wp-json\/wp\/v2\/media?parent=4912"}],"wp:term":[{"taxonomy":"product_brand","embeddable":true,"href":"https:\/\/www.sansin.com\/fr\/wp-json\/wp\/v2\/product_brand?post=4912"},{"taxonomy":"product_cat","embeddable":true,"href":"https:\/\/www.sansin.com\/fr\/wp-json\/wp\/v2\/product_cat?post=4912"},{"taxonomy":"product_tag","embeddable":true,"href":"https:\/\/www.sansin.com\/fr\/wp-json\/wp\/v2\/product_tag?post=4912"}],"curies":[{"name":"wp","href":"https:\/\/api.w.org\/{rel}","templated":true}]}}