{"id":4913,"date":"2013-10-28T19:56:59","date_gmt":"2013-10-28T19:56:59","guid":{"rendered":"http:\/\/www.sansin.com\/product\/roof-tec-2\/"},"modified":"2022-01-20T10:05:29","modified_gmt":"2022-01-20T15:05:29","slug":"roof-tec","status":"publish","type":"product","link":"https:\/\/www.sansin.com\/fr\/produit\/roof-tec\/","title":{"rendered":"ROOF-TEC"},"content":{"rendered":"\n<h2 class=\"wp-block-heading\">Rev\u00eatement en deux couches qui prolonge la vie et l&rsquo;aspect des toits en bardeaux de c\u00e8dre.<\/h2>\n\n\n\n<p>Pour les bardeaux de c\u00e8dre, Roof-Tec de Sansin est le seul rev\u00eatement qui rehausse la splendeur naturelle du bois tout en assurant une protection sans \u00e9gale contre le vieillissement et le pourrissement. Extr\u00eamement hydrofuge et r\u00e9sistant aux rayons ultra-violets, Roof-Tec, contrairement \u00e0 la plupart des rev\u00eatements \u00e0 base d\u2019eau et de solvants, ne contient pas de cires de paraffine, tr\u00e8s vuln\u00e9rables aux rayons ultra-violets. \u00c9tant donn\u00e9 que les toits sont davantage expos\u00e9s au soleil que les surfaces verticales, il est particuli\u00e8rement important de prot\u00e9ger vos bardeaux de c\u00e8dre \u00e0 l\u2019aide d\u2019un rev\u00eatement capable de supporter tant le soleil que la pluie.<\/p>\n\n\n\n<p>Roof-Tec est propos\u00e9 en deux versions. La formule normale de Roof-Tec a \u00e9t\u00e9 con\u00e7ue pour assurer une protection sup\u00e9rieure contre les rayons ultra-violets et est disponible dans une grande vari\u00e9t\u00e9 de couleurs. Si vous souhaitez conserver l\u2019aspect blanchi du c\u00e8dre vieilli, optez pour Roof-Tec CSP, dont les qualit\u00e9s hydrofuges et de protection contre le pourrissement sont tout aussi exceptionnelles, mais qui donne au bois une couleur gris argent\u00e9 plus uniforme, plus rapidement.<\/p>\n\n\n\n<h2 class=\"section-heading wp-block-heading\">GALERIE DE PHOTOS<\/h2>\n\n\n\n<hr class=\"wp-block-separator is-style-default\"\/>\n\n\n\n<div class=\"wp-block-columns is-layout-flex wp-container-core-columns-is-layout-9d6595d7 wp-block-columns-is-layout-flex\">\n<div class=\"wp-block-column is-layout-flow wp-block-column-is-layout-flow\">\n<figure class=\"wp-block-gallery columns-1 wp-block-gallery-1 is-layout-flex wp-block-gallery-is-layout-flex\"><ul class=\"blocks-gallery-grid\"><li class=\"blocks-gallery-item\"><figure><a href=\"https:\/\/www.sansin.com\/wp-content\/uploads\/main_photo_roofs.jpg\"><img decoding=\"async\" width=\"420\" height=\"280\" src=\"https:\/\/www.sansin.com\/wp-content\/uploads\/main_photo_roofs.jpg\" alt=\"Roof\" data-id=\"13586\" data-full-url=\"https:\/\/www.sansin.com\/wp-content\/uploads\/main_photo_roofs.jpg\" data-link=\"https:\/\/www.sansin.com\/main_photo_roofs\/\" class=\"wp-image-13587\" srcset=\"https:\/\/www.sansin.com\/wp-content\/uploads\/main_photo_roofs.jpg 420w, https:\/\/www.sansin.com\/wp-content\/uploads\/main_photo_roofs-150x100.jpg 150w, https:\/\/www.sansin.com\/wp-content\/uploads\/main_photo_roofs-300x200.jpg 300w\" sizes=\"(max-width: 420px) 100vw, 420px\" \/><\/a><\/figure><\/li><\/ul><\/figure>\n<\/div>\n\n\n\n<div class=\"wp-block-column is-layout-flow wp-block-column-is-layout-flow\"><\/div>\n\n\n\n<div class=\"wp-block-column is-layout-flow wp-block-column-is-layout-flow\"><\/div>\n<\/div>\n","protected":false},"excerpt":{"rendered":"<p>Roof-Tec de Sansin : fini \u00e0 deux couches qui prolonge la vie et la beaut\u00e9 des toits de bardeaux de c\u00e8dre.<\/p>\n","protected":false},"featured_media":8497,"template":"","meta":[],"product_brand":[],"product_cat":[85],"product_tag":[],"class_list":{"0":"post-4913","1":"product","2":"type-product","3":"status-publish","4":"has-post-thumbnail","6":"product_cat-produits-fr","7":"","8":"woocommerce-text-align-center","9":"woocommerce-image-align-center","11":"first","12":"instock","13":"shipping-taxable","14":"product-type-simple"},"aioseo_notices":[],"_links":{"self":[{"href":"https:\/\/www.sansin.com\/fr\/wp-json\/wp\/v2\/product\/4913","targetHints":{"allow":["GET"]}}],"collection":[{"href":"https:\/\/www.sansin.com\/fr\/wp-json\/wp\/v2\/product"}],"about":[{"href":"https:\/\/www.sansin.com\/fr\/wp-json\/wp\/v2\/types\/product"}],"wp:featuredmedia":[{"embeddable":true,"href":"https:\/\/www.sansin.com\/fr\/wp-json\/wp\/v2\/media\/8497"}],"wp:attachment":[{"href":"https:\/\/www.sansin.com\/fr\/wp-json\/wp\/v2\/media?parent=4913"}],"wp:term":[{"taxonomy":"product_brand","embeddable":true,"href":"https:\/\/www.sansin.com\/fr\/wp-json\/wp\/v2\/product_brand?post=4913"},{"taxonomy":"product_cat","embeddable":true,"href":"https:\/\/www.sansin.com\/fr\/wp-json\/wp\/v2\/product_cat?post=4913"},{"taxonomy":"product_tag","embeddable":true,"href":"https:\/\/www.sansin.com\/fr\/wp-json\/wp\/v2\/product_tag?post=4913"}],"curies":[{"name":"wp","href":"https:\/\/api.w.org\/{rel}","templated":true}]}}