{"id":4917,"date":"2013-08-29T19:58:08","date_gmt":"2013-08-29T19:58:08","guid":{"rendered":"http:\/\/www.sansin.com\/product\/sdf-top-coat-2\/"},"modified":"2024-06-21T15:29:29","modified_gmt":"2024-06-21T19:29:29","slug":"sdf-top-coat","status":"publish","type":"product","link":"https:\/\/www.sansin.com\/fr\/produit\/sdf-top-coat\/","title":{"rendered":"SDF TOPCOAT"},"content":{"rendered":"\n<h2 class=\"wp-block-heading\">Une protection am\u00e9lior\u00e9e dans une couleur transparente ou opaque.<\/h2>\n\n\n\n<p>SDF Topcoat de Sansin est une couche de finition durable \u00e0 appliquer sur une couche de fond SDF et destin\u00e9e aux supports comme les parements, les grumes et le bois d&rsquo;\u0153uvre. Ses nombreuses mati\u00e8res pulv\u00e9rulentes formeront un fini satin\u00e9 extr\u00eamement r\u00e9sistant \u00e0 l&rsquo;humidit\u00e9 et au vieillissement.<\/p>\n\n\n\n<p>Tr\u00e8s r\u00e9sistant \u00e0 l&rsquo;usure, SDF Topcoat ne se d\u00e9colore pas au fil du temps et renforce la protection anti-UV ainsi que la splendeur de vos finis SDF de Sansin. Gr\u00e2ce \u00e0 sa teneur \u00e9lev\u00e9e en mati\u00e8res pulv\u00e9rulentes, il am\u00e9liorera l&rsquo;aspect de votre couche de fond par sa couleur superbement satur\u00e9e et son riche fini. Pour en savoir davantage, consultez un distributeur ou un repr\u00e9sentant du service \u00e0 la client\u00e8le de Sansin.<\/p>\n\n\n\n<p>PRODUITS CONNEXES: <a href=\"\/?p=4915\">SDF<\/a><\/p>\n\n\n\n<h2 class=\"wp-block-heading section-heading\">GALERIE DE PHOTOS<\/h2>\n\n\n\n<hr class=\"wp-block-separator has-css-opacity is-style-default\"\/>\n\n\n\n<figure class=\"wp-block-gallery has-nested-images columns-4 is-cropped wp-block-gallery-1 is-layout-flex wp-block-gallery-is-layout-flex\">\n<figure class=\"wp-block-image size-medium\"><a href=\"https:\/\/www.sansin.com\/wp-content\/uploads\/ICCU_Idaho_SDF-1-1.jpg\"><img decoding=\"async\" width=\"300\" height=\"225\" data-id=\"21956\" src=\"https:\/\/www.sansin.com\/wp-content\/uploads\/ICCU_Idaho_SDF-1-1-300x225.jpg\" alt=\"ICCU Idaho\" class=\"wp-image-21956\" srcset=\"https:\/\/www.sansin.com\/wp-content\/uploads\/ICCU_Idaho_SDF-1-1-300x225.jpg 300w, https:\/\/www.sansin.com\/wp-content\/uploads\/ICCU_Idaho_SDF-1-1-768x576.jpg 768w, https:\/\/www.sansin.com\/wp-content\/uploads\/ICCU_Idaho_SDF-1-1-150x113.jpg 150w, https:\/\/www.sansin.com\/wp-content\/uploads\/ICCU_Idaho_SDF-1-1.jpg 800w\" sizes=\"(max-width: 300px) 100vw, 300px\" \/><\/a><\/figure>\n\n\n\n<figure class=\"wp-block-image size-medium\"><a href=\"https:\/\/www.sansin.com\/wp-content\/uploads\/ICCU_Idaho_SDF-2-1.jpg\"><img decoding=\"async\" width=\"300\" height=\"225\" data-id=\"21958\" src=\"https:\/\/www.sansin.com\/wp-content\/uploads\/ICCU_Idaho_SDF-2-1-300x225.jpg\" alt=\"ICCU Idaho\" class=\"wp-image-21958\" srcset=\"https:\/\/www.sansin.com\/wp-content\/uploads\/ICCU_Idaho_SDF-2-1-300x225.jpg 300w, https:\/\/www.sansin.com\/wp-content\/uploads\/ICCU_Idaho_SDF-2-1-768x576.jpg 768w, https:\/\/www.sansin.com\/wp-content\/uploads\/ICCU_Idaho_SDF-2-1-150x113.jpg 150w, https:\/\/www.sansin.com\/wp-content\/uploads\/ICCU_Idaho_SDF-2-1.jpg 800w\" sizes=\"(max-width: 300px) 100vw, 300px\" \/><\/a><\/figure>\n\n\n\n<figure class=\"wp-block-image size-medium\"><a href=\"https:\/\/www.sansin.com\/wp-content\/uploads\/CATALYST-BUILDING-KP-12-SDF-TOPCOAT.jpg\"><img decoding=\"async\" width=\"300\" height=\"225\" data-id=\"11370\" src=\"https:\/\/www.sansin.com\/wp-content\/uploads\/CATALYST-BUILDING-KP-12-SDF-TOPCOAT-300x225.jpg\" alt=\"CATALYST BUILDING\" class=\"wp-image-11370\" srcset=\"https:\/\/www.sansin.com\/wp-content\/uploads\/CATALYST-BUILDING-KP-12-SDF-TOPCOAT-300x225.jpg 300w, https:\/\/www.sansin.com\/wp-content\/uploads\/CATALYST-BUILDING-KP-12-SDF-TOPCOAT-768x576.jpg 768w, https:\/\/www.sansin.com\/wp-content\/uploads\/CATALYST-BUILDING-KP-12-SDF-TOPCOAT-150x113.jpg 150w, https:\/\/www.sansin.com\/wp-content\/uploads\/CATALYST-BUILDING-KP-12-SDF-TOPCOAT.jpg 800w\" sizes=\"(max-width: 300px) 100vw, 300px\" \/><\/a><\/figure>\n\n\n\n<figure class=\"wp-block-image size-medium\"><a href=\"https:\/\/www.sansin.com\/wp-content\/uploads\/DEER-HAVEN-DECK-KP-12-SDF-TOPCOAT.jpg\"><img decoding=\"async\" width=\"300\" height=\"225\" data-id=\"11372\" src=\"https:\/\/www.sansin.com\/wp-content\/uploads\/DEER-HAVEN-DECK-KP-12-SDF-TOPCOAT-300x225.jpg\" alt=\"DEER HAVEN DECK\" class=\"wp-image-11372\" srcset=\"https:\/\/www.sansin.com\/wp-content\/uploads\/DEER-HAVEN-DECK-KP-12-SDF-TOPCOAT-300x225.jpg 300w, https:\/\/www.sansin.com\/wp-content\/uploads\/DEER-HAVEN-DECK-KP-12-SDF-TOPCOAT-768x576.jpg 768w, https:\/\/www.sansin.com\/wp-content\/uploads\/DEER-HAVEN-DECK-KP-12-SDF-TOPCOAT-150x113.jpg 150w, https:\/\/www.sansin.com\/wp-content\/uploads\/DEER-HAVEN-DECK-KP-12-SDF-TOPCOAT.jpg 800w\" sizes=\"(max-width: 300px) 100vw, 300px\" \/><\/a><\/figure>\n<\/figure>\n","protected":false},"excerpt":{"rendered":"<p>SDF Topcoat de Sansin : une protection am\u00e9lior\u00e9e dans un fini satin\u00e9<\/p>\n","protected":false},"featured_media":20757,"template":"","meta":[],"product_brand":[],"product_cat":[85],"product_tag":[],"class_list":{"0":"post-4917","1":"product","2":"type-product","3":"status-publish","4":"has-post-thumbnail","6":"product_cat-produits-fr","7":"","8":"woocommerce-text-align-center","9":"woocommerce-image-align-center","11":"first","12":"instock","13":"shipping-taxable","14":"product-type-simple"},"aioseo_notices":[],"_links":{"self":[{"href":"https:\/\/www.sansin.com\/fr\/wp-json\/wp\/v2\/product\/4917","targetHints":{"allow":["GET"]}}],"collection":[{"href":"https:\/\/www.sansin.com\/fr\/wp-json\/wp\/v2\/product"}],"about":[{"href":"https:\/\/www.sansin.com\/fr\/wp-json\/wp\/v2\/types\/product"}],"wp:featuredmedia":[{"embeddable":true,"href":"https:\/\/www.sansin.com\/fr\/wp-json\/wp\/v2\/media\/20757"}],"wp:attachment":[{"href":"https:\/\/www.sansin.com\/fr\/wp-json\/wp\/v2\/media?parent=4917"}],"wp:term":[{"taxonomy":"product_brand","embeddable":true,"href":"https:\/\/www.sansin.com\/fr\/wp-json\/wp\/v2\/product_brand?post=4917"},{"taxonomy":"product_cat","embeddable":true,"href":"https:\/\/www.sansin.com\/fr\/wp-json\/wp\/v2\/product_cat?post=4917"},{"taxonomy":"product_tag","embeddable":true,"href":"https:\/\/www.sansin.com\/fr\/wp-json\/wp\/v2\/product_tag?post=4917"}],"curies":[{"name":"wp","href":"https:\/\/api.w.org\/{rel}","templated":true}]}}