{"id":4919,"date":"2013-10-28T17:16:01","date_gmt":"2013-10-28T17:16:01","guid":{"rendered":"http:\/\/www.sansin.com\/product\/timber-tec-2\/"},"modified":"2022-01-20T10:13:10","modified_gmt":"2022-01-20T15:13:10","slug":"timber-tec","status":"publish","type":"product","link":"https:\/\/www.sansin.com\/fr\/produit\/timber-tec\/","title":{"rendered":"TIMBER-TEC"},"content":{"rendered":"\n<h2 class=\"wp-block-heading\">Traitement de puissance industrielle pour bois de jardin.[<\/h2>\n\n\n\n<p>Pourquoi risquer la d\u00e9coloration et les traces bleut\u00e9es lorsque vous pouvez prot\u00e9ger votre bois sans vous ruiner avec Timber-Tec? Rien de pire que d\u2019arriver sur le chantier le lundi matin pour constater que des champignons ont bleui votre magnifique structure en bois. Il existe d\u00e9sormais une mani\u00e8re facile et abordable d\u2019\u00e9viter \u00e7a! Non seulement Timber-Tec prot\u00e8ge contre les effets n\u00e9fastes des rayons ultra-violets et repousse l\u2019eau (ce qui aide le bois \u00e0 s\u00e9cher), mais il r\u00e9duit \u00e9galement la d\u00e9coloration durant les travaux. Il s\u2019applique autant sur le bois vert que sur le bois s\u00e9ch\u00e9, ce qui renforce la stabilit\u00e9 dimensionnelle de l\u2019ensemble et permet au bois de s\u2019adapter progressivement au degr\u00e9 d\u2019humidit\u00e9 ambiant.<\/p>\n\n\n\n<p>Timber-Tec C-20 est un traitement concentr\u00e9, transparent et p\u00e9n\u00e9trant pour les grumes et le bois d\u2019\u0153uvre dont il prot\u00e8ge la surface contre les taches et la d\u00e9coloration. Id\u00e9al pour les travaux d\u2019une dur\u00e9e normale de 4 \u00e0 8 semaines.<\/p>\n\n\n\n<p>Timber-Tec M-30 est un traitement concentr\u00e9, laiteux et p\u00e9n\u00e9trant pour les grumes et le bois d\u2019\u0153uvre dont il prot\u00e8ge la surface contre la d\u00e9gradation, les taches et la d\u00e9coloration. Id\u00e9al pour les travaux plus longs dans des zones tr\u00e8s expos\u00e9es au soleil.<\/p>\n\n\n\n<p>Timber-Tec T-40 est un traitement pr\u00eat \u00e0 l\u2019emploi laiteux et p\u00e9n\u00e9trant pour les grumes et le bois d\u2019\u0153uvre. Extr\u00eamement hydrofuge, il prot\u00e8ge leur surface contre les taches et la d\u00e9coloration. Id\u00e9al pour les travaux de dur\u00e9e normale \u00e0 longue dans des milieux tr\u00e8s humides.<\/p>\n\n\n\n<p class=\"legal\"><em>VEUILLEZ NOTER&nbsp;: l&rsquo;\u00e9tiquette peut ne pas appara\u00eetre exactement telle qu&rsquo;indiqu\u00e9e.<\/em><\/p>\n","protected":false},"excerpt":{"rendered":"<p>Timber-Tec de Sansin : traitement de puissance industrielle pour bois de jardin<\/p>\n","protected":false},"featured_media":11339,"template":"","meta":[],"product_brand":[],"product_cat":[85],"product_tag":[],"class_list":{"0":"post-4919","1":"product","2":"type-product","3":"status-publish","4":"has-post-thumbnail","6":"product_cat-produits-fr","7":"","8":"woocommerce-text-align-center","9":"woocommerce-image-align-center","11":"first","12":"instock","13":"shipping-taxable","14":"product-type-simple"},"aioseo_notices":[],"_links":{"self":[{"href":"https:\/\/www.sansin.com\/fr\/wp-json\/wp\/v2\/product\/4919","targetHints":{"allow":["GET"]}}],"collection":[{"href":"https:\/\/www.sansin.com\/fr\/wp-json\/wp\/v2\/product"}],"about":[{"href":"https:\/\/www.sansin.com\/fr\/wp-json\/wp\/v2\/types\/product"}],"wp:featuredmedia":[{"embeddable":true,"href":"https:\/\/www.sansin.com\/fr\/wp-json\/wp\/v2\/media\/11339"}],"wp:attachment":[{"href":"https:\/\/www.sansin.com\/fr\/wp-json\/wp\/v2\/media?parent=4919"}],"wp:term":[{"taxonomy":"product_brand","embeddable":true,"href":"https:\/\/www.sansin.com\/fr\/wp-json\/wp\/v2\/product_brand?post=4919"},{"taxonomy":"product_cat","embeddable":true,"href":"https:\/\/www.sansin.com\/fr\/wp-json\/wp\/v2\/product_cat?post=4919"},{"taxonomy":"product_tag","embeddable":true,"href":"https:\/\/www.sansin.com\/fr\/wp-json\/wp\/v2\/product_tag?post=4919"}],"curies":[{"name":"wp","href":"https:\/\/api.w.org\/{rel}","templated":true}]}}